{"id":9667,"date":"2023-01-07T11:38:27","date_gmt":"2023-01-07T16:38:27","guid":{"rendered":"https:\/\/naillycosmetics.com\/?post_type=product&#038;p=9667"},"modified":"2026-03-04T17:48:18","modified_gmt":"2026-03-04T22:48:18","slug":"staleks-classic-30-2-cuticle-remover-tool","status":"publish","type":"product","link":"https:\/\/naillycosmetics.com\/fr\/produit\/staleks-classic-30-2-cuticle-remover-tool\/","title":{"rendered":"Pince \u00e0 manucure Staleks Classic 30 Type 2"},"content":{"rendered":"<div class=\"elementor-element elementor-element-ccfb871 elementor-widget elementor-widget-heading\" data-id=\"ccfb871\" data-element_type=\"widget\" data-widget_type=\"heading.default\">\n<div class=\"elementor-widget-container\">\n<p>Outil professionnel classique pour enlever les cuticules.<\/p>\n<p class=\"elementor-heading-title elementor-size-default\">Qualit\u00e9 des produits Staleks<\/p>\n<\/div>\n<\/div>\n<div class=\"elementor-element elementor-element-145f648 u-links-anim-ul elementor-widget elementor-widget-text-editor\" data-id=\"145f648\" data-element_type=\"widget\" data-widget_type=\"text-editor.default\">\n<div class=\"elementor-widget-container\">\n<p>Staleks se consacre \u00e0 la qualit\u00e9 de ses produits. Le cycle de production comprend des processus d'assurance qualit\u00e9 \u00e0 l'entr\u00e9e et \u00e0 la sortie. La qualit\u00e9 des mati\u00e8res premi\u00e8res entrantes est v\u00e9rifi\u00e9e dans les laboratoires certifi\u00e9s o\u00f9 les aspects physiques et chimiques de l'acier sont analys\u00e9s. L'acier inoxydable de qualit\u00e9 m\u00e9dicale import\u00e9 d'Espagne est utilis\u00e9 pour la fabrication de tous les instruments. Ce type d'acier est exceptionnellement r\u00e9sistant \u00e0 la corrosion et poss\u00e8de une duret\u00e9 in\u00e9gal\u00e9e, ce qui garantit un tranchant durable. L'acier est utilis\u00e9 \u00e0 la fois pour les gammes professionnelles et domestiques de nos instruments.<\/p>\n<p>L'assurance qualit\u00e9 des produits est assur\u00e9e par le d\u00e9partement CQ. Les sp\u00e9cialistes du contr\u00f4le qualit\u00e9 v\u00e9rifient que tous les produits sont conformes aux r\u00e9glementations et aux normes. Si des d\u00e9fauts sont constat\u00e9s, l'instrument est renvoy\u00e9 pour \u00eatre retravaill\u00e9. Cette approche m\u00e9ticuleuse garantit que seuls des produits de haute qualit\u00e9 r\u00e9pondant \u00e0 toutes les normes sont mis sur le march\u00e9.<\/p>\n<p>Staleks a mis en place ISO 9001:2015, un syst\u00e8me efficace de gestion de la qualit\u00e9 conforme aux normes internationales. La gestion comp\u00e9tente du cycle de travail est le facteur cl\u00e9 de la fabrication de produits de qualit\u00e9 sup\u00e9rieure.<\/p>\n<p>Outil de meilleure qualit\u00e9 pour enlever les cuticules.<\/p>\n<\/div>\n<\/div>\n<p>&nbsp;<\/p>","protected":false},"excerpt":{"rendered":"<p>Outil professionnel classique pour enlever les cuticules.<\/p>\n<p>Staleks se consacre \u00e0 la qualit\u00e9 de ses produits. L'acier utilis\u00e9 pour la production des embouts est exceptionnellement r\u00e9sistant \u00e0 la corrosion et d'une duret\u00e9 in\u00e9gal\u00e9e, ce qui garantit un tranchant durable.<\/p>\n<p>Nous nous sommes associ\u00e9s \u00e0 Staleks au Canada pour fournir un ensemble complet de produits professionnels afin de rendre le travail du technicien de l'ongle compl\u00e8tement id\u00e9al.<\/p>","protected":false},"featured_media":26340,"comment_status":"open","ping_status":"closed","template":"","meta":{"jetpack_post_was_ever_published":false,"jetpack_publicize_message":"","jetpack_publicize_feature_enabled":true,"jetpack_social_post_already_shared":false,"jetpack_social_options":{"image_generator_settings":{"template":"highway","default_image_id":0,"font":"","enabled":false},"version":2}},"product_brand":[931],"product_cat":[362],"product_tag":[606,363],"class_list":{"0":"post-9667","1":"product","2":"type-product","3":"status-publish","4":"has-post-thumbnail","6":"product_brand-staleks","7":"product_cat-staleks-cuticle-pushers","8":"product_tag-cuticle-pushers","9":"product_tag-staleks-classic-series","10":"product_shipping_class-cardboard-box","11":"pa_size-type-2","13":"first","14":"instock","15":"taxable","16":"shipping-taxable","17":"purchasable","18":"product-type-simple"},"jetpack_publicize_connections":[],"jetpack-related-posts":[{"id":9705,"url":"https:\/\/naillycosmetics.com\/fr\/produit\/staleks-bcare-30-2-cuticle-pusher-tool\/","url_meta":{"origin":9667,"position":0},"title":"Staleks Beauty &amp; Care 30 Type 2 Pusher","author":"Serge Sahakian","date":"janvier 7, 2023","format":false,"excerpt":"Outil professionnel classique de manucure pour repousser les cuticules. Staleks se consacre \u00e0 la qualit\u00e9 de ses produits. L'acier utilis\u00e9 pour la production des embouts est exceptionnellement r\u00e9sistant \u00e0 la corrosion et d'une duret\u00e9 in\u00e9gal\u00e9e, garantissant un tranchant durable. Nous nous sommes associ\u00e9s \u00e0 Staleks au Canada pour fournir un ensemble complet de produits professionnels \u00e0...","rel":"","context":"Article similaire","block_context":{"text":"Article similaire","link":""},"img":{"alt_text":"Staleks High Quality Cuticle Pusher Tool Beauty and Care 30 Type 2","src":"https:\/\/i0.wp.com\/naillycosmetics.com\/wp-content\/uploads\/2026\/02\/staleks-beauty-care-30-type-2_.png?fit=750%2C1000&ssl=1&resize=350%2C200","width":350,"height":200,"srcset":"https:\/\/i0.wp.com\/naillycosmetics.com\/wp-content\/uploads\/2026\/02\/staleks-beauty-care-30-type-2_.png?fit=750%2C1000&ssl=1&resize=350%2C200 1x, https:\/\/i0.wp.com\/naillycosmetics.com\/wp-content\/uploads\/2026\/02\/staleks-beauty-care-30-type-2_.png?fit=750%2C1000&ssl=1&resize=525%2C300 1.5x, https:\/\/i0.wp.com\/naillycosmetics.com\/wp-content\/uploads\/2026\/02\/staleks-beauty-care-30-type-2_.png?fit=750%2C1000&ssl=1&resize=700%2C400 2x"},"classes":[]},{"id":10354,"url":"https:\/\/naillycosmetics.com\/fr\/produit\/staleks-classic-cuticle-nail-nipper-10\/","url_meta":{"origin":9667,"position":1},"title":"Staleks Classic 10 Pince \u00e0 cuticules","author":"Serge Sahakian","date":"f\u00e9vrier 1, 2023","format":false,"excerpt":"Pince \u00e0 cuticules classique de haute qualit\u00e9. Staleks se consacre \u00e0 la qualit\u00e9 de ses produits. L'acier utilis\u00e9 pour la production des embouts est exceptionnellement r\u00e9sistant \u00e0 la corrosion et d'une duret\u00e9 in\u00e9gal\u00e9e, garantissant un tranchant durable. Nous nous sommes associ\u00e9s \u00e0 Staleks au Canada pour fournir un ensemble complet de produits professionnels \u00e0...","rel":"","context":"Article similaire","block_context":{"text":"Article similaire","link":""},"img":{"alt_text":"Staleks Cuticle Nail Nipper Classic 10 8mm","src":"https:\/\/i0.wp.com\/naillycosmetics.com\/wp-content\/uploads\/2023\/02\/Staleks-Classic-10-8mm-1.webp?fit=750%2C1000&ssl=1&resize=350%2C200","width":350,"height":200,"srcset":"https:\/\/i0.wp.com\/naillycosmetics.com\/wp-content\/uploads\/2023\/02\/Staleks-Classic-10-8mm-1.webp?fit=750%2C1000&ssl=1&resize=350%2C200 1x, https:\/\/i0.wp.com\/naillycosmetics.com\/wp-content\/uploads\/2023\/02\/Staleks-Classic-10-8mm-1.webp?fit=750%2C1000&ssl=1&resize=525%2C300 1.5x, https:\/\/i0.wp.com\/naillycosmetics.com\/wp-content\/uploads\/2023\/02\/Staleks-Classic-10-8mm-1.webp?fit=750%2C1000&ssl=1&resize=700%2C400 2x"},"classes":[]},{"id":10448,"url":"https:\/\/naillycosmetics.com\/fr\/produit\/staleks-curved-cuticle-scissors-classic-11\/","url_meta":{"origin":9667,"position":2},"title":"Staleks Classic 11 Type 1 Ciseaux \u00e0 cuticules","author":"Serge Sahakian","date":"f\u00e9vrier 4, 2023","format":false,"excerpt":"Ciseaux \u00e0 cuticules courb\u00e9s professionnels de haute qualit\u00e9. Staleks se consacre \u00e0 la qualit\u00e9 de ses produits. L'acier utilis\u00e9 pour la production des embouts est exceptionnellement r\u00e9sistant \u00e0 la corrosion et d'une duret\u00e9 in\u00e9gal\u00e9e, garantissant un tranchant durable. Nous nous sommes associ\u00e9s \u00e0 Staleks au Canada pour fournir un ensemble complet de produits professionnels...","rel":"","context":"Article similaire","block_context":{"text":"Article similaire","link":""},"img":{"alt_text":"Staleks Best Classic 11 Curved Cuticle Scissors Type 1","src":"https:\/\/i0.wp.com\/naillycosmetics.com\/wp-content\/uploads\/2026\/02\/staleks-best-classic-11-curved-cuticle-scissors-type-1.webp?fit=750%2C1000&ssl=1&resize=350%2C200","width":350,"height":200,"srcset":"https:\/\/i0.wp.com\/naillycosmetics.com\/wp-content\/uploads\/2026\/02\/staleks-best-classic-11-curved-cuticle-scissors-type-1.webp?fit=750%2C1000&ssl=1&resize=350%2C200 1x, https:\/\/i0.wp.com\/naillycosmetics.com\/wp-content\/uploads\/2026\/02\/staleks-best-classic-11-curved-cuticle-scissors-type-1.webp?fit=750%2C1000&ssl=1&resize=525%2C300 1.5x, https:\/\/i0.wp.com\/naillycosmetics.com\/wp-content\/uploads\/2026\/02\/staleks-best-classic-11-curved-cuticle-scissors-type-1.webp?fit=750%2C1000&ssl=1&resize=700%2C400 2x"},"classes":[]},{"id":10469,"url":"https:\/\/naillycosmetics.com\/fr\/produit\/staleks-best-cuticle-scissors-classic-21\/","url_meta":{"origin":9667,"position":3},"title":"Staleks Classic 21 Type 1 Ciseaux \u00e0 cuticules","author":"Serge Sahakian","date":"f\u00e9vrier 4, 2023","format":false,"excerpt":"Professional High Quality Best Cuticle Scissors. Staleks dedicates itself to the product quality. The Steel used for the production of the bits is exceptionally resistant to corrosion and has unmatched hardness, ensuring long-lasting sharpness. We have Partnered with Staleks in Canada to provide a Full Professional Package of Products to\u2026","rel":"","context":"Article similaire","block_context":{"text":"Article similaire","link":""},"img":{"alt_text":"Staleks Best Cuticle Scissors Classic 21 Type 1","src":"https:\/\/i0.wp.com\/naillycosmetics.com\/wp-content\/uploads\/2026\/02\/staleks-best-cuticle-scissors-classic-21-type-1.webp?fit=750%2C1000&ssl=1&resize=350%2C200","width":350,"height":200,"srcset":"https:\/\/i0.wp.com\/naillycosmetics.com\/wp-content\/uploads\/2026\/02\/staleks-best-cuticle-scissors-classic-21-type-1.webp?fit=750%2C1000&ssl=1&resize=350%2C200 1x, https:\/\/i0.wp.com\/naillycosmetics.com\/wp-content\/uploads\/2026\/02\/staleks-best-cuticle-scissors-classic-21-type-1.webp?fit=750%2C1000&ssl=1&resize=525%2C300 1.5x, https:\/\/i0.wp.com\/naillycosmetics.com\/wp-content\/uploads\/2026\/02\/staleks-best-cuticle-scissors-classic-21-type-1.webp?fit=750%2C1000&ssl=1&resize=700%2C400 2x"},"classes":[]},{"id":14469,"url":"https:\/\/naillycosmetics.com\/fr\/produit\/one-spring-classic-cuticle-nail-nipper\/","url_meta":{"origin":9667,"position":4},"title":"Staleks Classic 12 pinces \u00e0 cuticules","author":"Serge Sahakian","date":"juillet 10, 2023","format":false,"excerpt":"One Spring Classic Cuticle Nail Nipper. Staleks dedicates itself to the product quality. The Steel used for the production of the bits is exceptionally resistant to corrosion and has unmatched hardness, ensuring long-lasting sharpness. We have Partnered with Staleks in Canada to provide a Full Professional Package of Products to\u2026","rel":"","context":"Article similaire","block_context":{"text":"Article similaire","link":""},"img":{"alt_text":"Staleks One Spring Classic Cuticle Nail Nipper Classic 12","src":"https:\/\/i0.wp.com\/naillycosmetics.com\/wp-content\/uploads\/2023\/07\/staleks-one-spring-classic-cuticle-nail-nipper-classic-12-.webp?fit=750%2C1000&ssl=1&resize=350%2C200","width":350,"height":200,"srcset":"https:\/\/i0.wp.com\/naillycosmetics.com\/wp-content\/uploads\/2023\/07\/staleks-one-spring-classic-cuticle-nail-nipper-classic-12-.webp?fit=750%2C1000&ssl=1&resize=350%2C200 1x, https:\/\/i0.wp.com\/naillycosmetics.com\/wp-content\/uploads\/2023\/07\/staleks-one-spring-classic-cuticle-nail-nipper-classic-12-.webp?fit=750%2C1000&ssl=1&resize=525%2C300 1.5x, https:\/\/i0.wp.com\/naillycosmetics.com\/wp-content\/uploads\/2023\/07\/staleks-one-spring-classic-cuticle-nail-nipper-classic-12-.webp?fit=750%2C1000&ssl=1&resize=700%2C400 2x"},"classes":[]}],"jetpack_sharing_enabled":true,"_links":{"self":[{"href":"https:\/\/naillycosmetics.com\/fr\/wp-json\/wp\/v2\/product\/9667","targetHints":{"allow":["GET"]}}],"collection":[{"href":"https:\/\/naillycosmetics.com\/fr\/wp-json\/wp\/v2\/product"}],"about":[{"href":"https:\/\/naillycosmetics.com\/fr\/wp-json\/wp\/v2\/types\/product"}],"replies":[{"embeddable":true,"href":"https:\/\/naillycosmetics.com\/fr\/wp-json\/wp\/v2\/comments?post=9667"}],"wp:featuredmedia":[{"embeddable":true,"href":"https:\/\/naillycosmetics.com\/fr\/wp-json\/wp\/v2\/media\/26340"}],"wp:attachment":[{"href":"https:\/\/naillycosmetics.com\/fr\/wp-json\/wp\/v2\/media?parent=9667"}],"wp:term":[{"taxonomy":"product_brand","embeddable":true,"href":"https:\/\/naillycosmetics.com\/fr\/wp-json\/wp\/v2\/product_brand?post=9667"},{"taxonomy":"product_cat","embeddable":true,"href":"https:\/\/naillycosmetics.com\/fr\/wp-json\/wp\/v2\/product_cat?post=9667"},{"taxonomy":"product_tag","embeddable":true,"href":"https:\/\/naillycosmetics.com\/fr\/wp-json\/wp\/v2\/product_tag?post=9667"}],"curies":[{"name":"wp","href":"https:\/\/api.w.org\/{rel}","templated":true}]}}