{"id":6882,"date":"2022-10-04T19:50:30","date_gmt":"2022-10-04T23:50:30","guid":{"rendered":"https:\/\/naillycosmetics.com\/product\/victoria-vynn-pure-creamy-hybrid-gel-polish-color-no-81\/"},"modified":"2026-02-19T18:46:24","modified_gmt":"2026-02-19T23:46:24","slug":"top-pastel-violet-nails-081-floral-whisper","status":"publish","type":"product","link":"https:\/\/naillycosmetics.com\/fr\/produit\/top-pastel-violet-nails-081-floral-whisper\/","title":{"rendered":"Victoria VYNN Pure Creamy Hybrid Gel Polish No. 081 Floral Whisper"},"content":{"rendered":"<p>Le syst\u00e8me Pure Creamy Hybrid comprend des vernis gel hybrides cr\u00e9meux d'une couverture et d'une durabilit\u00e9 excellentes. Il s'agit d'une formule avec un indice de s\u00e9curit\u00e9 \u00e9lev\u00e9, sans odeur irritante et qui peut \u00eatre enlev\u00e9e avec de l'alcool cosm\u00e9tique. Le pinceau court et plat, con\u00e7u sp\u00e9cialement pour la ligne de produits Pure, facilite une application uniforme. Le syst\u00e8me permet de r\u00e9aliser des manucures hybrides ultra fines. Durcissement uniquement dans des lampes LED !<\/p>\n<p>D\u00e9licats ongles violet pastel ! Victoria VYNN Pure Creamy Hybrid High Pigment Gel Polish 081 Floral Whisper est un violet adouci par une goutte de rose qui est discret, f\u00e9minin et timide. A ne pas manquer.<\/p>\n<p>Les vernis hybrides Pure r\u00e9pondent aux attentes des femmes du monde entier ! Nous cr\u00e9ons nos collections en fonction des derni\u00e8res tendances, nous r\u00e9pondons aux besoins de nos clientes et nous mettons en valeur la beaut\u00e9 de leurs mains !<\/p>","protected":false},"excerpt":{"rendered":"<h1 style=\"font-size: 18px\">D\u00e9licats ongles violet pastel !<\/h1>\n<p>Victoria VYNN Pure Creamy Hybrid High Pigment Gel Polish 081 Floral Whisper est un violet adouci par une goutte de rose qui est discret, f\u00e9minin et timide. A ne pas manquer. Le plus grand distributeur canadien de fournitures professionnelles pour les ongles. Achetez en toute confiance !<\/p>\n<p>Sp\u00e9cifications du produit :<\/p>\n<p><a href=\"https:\/\/victoriavynn.ca\/wp-content\/uploads\/2022\/12\/CREAMY-FORMULA-1.webp\"><img loading=\"lazy\" decoding=\"async\" class=\"size-full wp-image-8777 alignleft\" src=\"https:\/\/victoriavynn.ca\/wp-content\/uploads\/2022\/12\/CREAMY-FORMULA-1.webp\" alt=\"CREAMY GEL POLISH\" width=\"125\" height=\"150\" \/><\/a> <img loading=\"lazy\" decoding=\"async\" class=\"size-full wp-image-8778 alignleft\" src=\"https:\/\/victoriavynn.ca\/wp-content\/uploads\/2022\/12\/FLAT-SHORT-BRUSH.webp\" alt=\"CREAMY GEL POLISH\" width=\"125\" height=\"150\" \/><img loading=\"lazy\" decoding=\"async\" class=\"size-full wp-image-8779 alignleft\" src=\"https:\/\/victoriavynn.ca\/wp-content\/uploads\/2022\/12\/FOR-LED-LAMP.webp\" alt=\"CREAMY GEL POLISH\" width=\"125\" height=\"150\" \/><a href=\"https:\/\/victoriavynn.ca\/wp-content\/uploads\/2019\/11\/SALON-QUALITY.webp\"><img loading=\"lazy\" decoding=\"async\" class=\"size-full wp-image-8772 alignleft\" src=\"https:\/\/victoriavynn.ca\/wp-content\/uploads\/2019\/11\/SALON-QUALITY.webp\" alt=\"GEL NAIL BUILDER\" width=\"125\" height=\"150\" \/><\/a><\/p>\n<p>&nbsp;<\/p>\n<p>&nbsp;<\/p>\n<p>&nbsp;<\/p>\n<p>&nbsp;<\/p>\n<p>&nbsp;<\/p>\n<p>&nbsp;<\/p>\n<p>&nbsp;<\/p>\n<p style=\"text-align: left\">Disponibilit\u00e9 du stock :<\/p>","protected":false},"featured_media":26394,"comment_status":"open","ping_status":"closed","template":"","meta":{"jetpack_post_was_ever_published":false,"jetpack_publicize_message":"","jetpack_publicize_feature_enabled":true,"jetpack_social_post_already_shared":true,"jetpack_social_options":{"image_generator_settings":{"template":"highway","default_image_id":0,"font":"","enabled":false},"version":2}},"product_brand":[932],"product_cat":[48],"product_tag":[103,961],"class_list":{"0":"post-6882","1":"product","2":"type-product","3":"status-publish","4":"has-post-thumbnail","6":"product_brand-victoria-vynn","7":"product_cat-hybrid-gel-nail-colors","8":"product_tag-creamy-gel-polish","9":"product_tag-spring-summer-pure-creamy-hybrid-colors","10":"product_shipping_class-cardboard-box","11":"pa_size-8ml","13":"first","14":"instock","15":"taxable","16":"shipping-taxable","17":"purchasable","18":"product-type-simple"},"jetpack_publicize_connections":[],"jetpack-related-posts":[{"id":4369,"url":"https:\/\/naillycosmetics.com\/fr\/produit\/unique-violet-gel-nails-051-sugar-plum\/","url_meta":{"origin":6882,"position":0},"title":"Victoria VYNN Pure Creamy Hybrid Gel Polish No. 051 Sugar Plum","author":"Serge Sahakian","date":"septembre 2, 2022","format":false,"excerpt":"Des ongles uniques en gel violet ! Victoria VYNN Pure Creamy Hybrid High Pigment Gel Polish 051 Sugar Plum est un violet d\u00e9licat avec un accent brun ressemblant \u00e0 de la confiture de prunes. Le premier distributeur canadien de fournitures professionnelles pour les ongles. Achetez en toute confiance ! Sp\u00e9cifications du produit :               Disponibilit\u00e9 du stock :","rel":"","context":"Article similaire","block_context":{"text":"Article similaire","link":""},"img":{"alt_text":"Special Violet Gel Nails Victoria VYNN Pure Creamy Hybrid 051 Sugar Plum","src":"https:\/\/i0.wp.com\/naillycosmetics.com\/wp-content\/uploads\/2026\/02\/special-violet-gel-nails-victoria-vynn-pure-creamy-hybrid-051-sugar-plum-1-2.webp?fit=750%2C1000&ssl=1&resize=350%2C200","width":350,"height":200,"srcset":"https:\/\/i0.wp.com\/naillycosmetics.com\/wp-content\/uploads\/2026\/02\/special-violet-gel-nails-victoria-vynn-pure-creamy-hybrid-051-sugar-plum-1-2.webp?fit=750%2C1000&ssl=1&resize=350%2C200 1x, https:\/\/i0.wp.com\/naillycosmetics.com\/wp-content\/uploads\/2026\/02\/special-violet-gel-nails-victoria-vynn-pure-creamy-hybrid-051-sugar-plum-1-2.webp?fit=750%2C1000&ssl=1&resize=525%2C300 1.5x, https:\/\/i0.wp.com\/naillycosmetics.com\/wp-content\/uploads\/2026\/02\/special-violet-gel-nails-victoria-vynn-pure-creamy-hybrid-051-sugar-plum-1-2.webp?fit=750%2C1000&ssl=1&resize=700%2C400 2x"},"classes":[]},{"id":7972,"url":"https:\/\/naillycosmetics.com\/fr\/produit\/violet-gel-polish-235-heather-road\/","url_meta":{"origin":6882,"position":1},"title":"Victoria VYNN Pure Creamy Hybrid Gel Polish No. 235 Heather Road","author":"Serge Sahakian","date":"novembre 30, 2022","format":false,"excerpt":"Victoria VYNN Hybrid Pure Creamy Violet Gel Polish Heather Road No. 235 is a heather violet. Canada's Leading Distributor of Professional Nail Supplies. Buy with Confidence! Collection: Pure Creamy Hybrid Voyage Collection Product Specifications: \u00a0 \u00a0 \u00a0 \u00a0 \u00a0 \u00a0 \u00a0 Stock Availability:","rel":"","context":"Article similaire","block_context":{"text":"Article similaire","link":""},"img":{"alt_text":"violet gel polish","src":"https:\/\/i0.wp.com\/naillycosmetics.com\/wp-content\/uploads\/2026\/02\/235.webp?fit=750%2C1000&ssl=1&resize=350%2C200","width":350,"height":200,"srcset":"https:\/\/i0.wp.com\/naillycosmetics.com\/wp-content\/uploads\/2026\/02\/235.webp?fit=750%2C1000&ssl=1&resize=350%2C200 1x, https:\/\/i0.wp.com\/naillycosmetics.com\/wp-content\/uploads\/2026\/02\/235.webp?fit=750%2C1000&ssl=1&resize=525%2C300 1.5x, https:\/\/i0.wp.com\/naillycosmetics.com\/wp-content\/uploads\/2026\/02\/235.webp?fit=750%2C1000&ssl=1&resize=700%2C400 2x"},"classes":[]},{"id":4269,"url":"https:\/\/naillycosmetics.com\/fr\/produit\/victoria-vynn-violet-pink-gel-polish-127\/","url_meta":{"origin":6882,"position":2},"title":"Victoria VYNN Pure Creamy Hybrid Gel Polish No. 127 Rose Madder","author":"Serge Sahakian","date":"septembre 2, 2022","format":false,"excerpt":"Le meilleur vernis en gel rose violet merveilleux ! Victoria VYNN Pure Creamy Hybrid High Pigment Gel Polish 127 Rose Madder est un rose profond et d\u00e9cisif avec une goutte de violet. Le premier distributeur canadien de fournitures professionnelles pour les ongles. Achetez en toute confiance ! Sp\u00e9cifications du produit :               Disponibilit\u00e9 du stock :","rel":"","context":"Article similaire","block_context":{"text":"Article similaire","link":""},"img":{"alt_text":"Victoria VYNN Pure Violet Pink Gel Polish Rose Madder No. 127 Pure Creamy","src":"https:\/\/i0.wp.com\/naillycosmetics.com\/wp-content\/uploads\/2026\/02\/victoria-vynn-pure-violet-pink-gel-polish-rose-madder-no.-127-pure-creamy.webp?fit=750%2C1000&ssl=1&resize=350%2C200","width":350,"height":200,"srcset":"https:\/\/i0.wp.com\/naillycosmetics.com\/wp-content\/uploads\/2026\/02\/victoria-vynn-pure-violet-pink-gel-polish-rose-madder-no.-127-pure-creamy.webp?fit=750%2C1000&ssl=1&resize=350%2C200 1x, https:\/\/i0.wp.com\/naillycosmetics.com\/wp-content\/uploads\/2026\/02\/victoria-vynn-pure-violet-pink-gel-polish-rose-madder-no.-127-pure-creamy.webp?fit=750%2C1000&ssl=1&resize=525%2C300 1.5x, https:\/\/i0.wp.com\/naillycosmetics.com\/wp-content\/uploads\/2026\/02\/victoria-vynn-pure-violet-pink-gel-polish-rose-madder-no.-127-pure-creamy.webp?fit=750%2C1000&ssl=1&resize=700%2C400 2x"},"classes":[]},{"id":4425,"url":"https:\/\/naillycosmetics.com\/fr\/produit\/pastel-light-purple-nails-018-milky-lilac\/","url_meta":{"origin":6882,"position":3},"title":"Victoria VYNN Pure Creamy Hybrid Gel Polish No. 018 Milky Lilac","author":"Serge Sahakian","date":"septembre 2, 2022","format":false,"excerpt":"Wonderful Pastel Light Purple Nails ! The pastel, ethereal Milky Lilac violet highlights the tan and adds freshness to any design. This is How Victoria VYNN Pure Creamy Hybrid High Pigment Gel Polish Milky Lilac No. 018 is described! Canada's Leading Distributor of Professional Nail Supplies. Buy with Confidence! Product\u2026","rel":"","context":"Article similaire","block_context":{"text":"Article similaire","link":""},"img":{"alt_text":"delicate pastel light purple nails Victoria VYNN Pure Creamy Hybrid 018 Milky Lilac","src":"https:\/\/i0.wp.com\/naillycosmetics.com\/wp-content\/uploads\/2026\/02\/delicate-pastel-light-purple-nails-victoria-vynn-pure-creamy-hybrid-018-milky-lilac-.webp?fit=750%2C1000&ssl=1&resize=350%2C200","width":350,"height":200,"srcset":"https:\/\/i0.wp.com\/naillycosmetics.com\/wp-content\/uploads\/2026\/02\/delicate-pastel-light-purple-nails-victoria-vynn-pure-creamy-hybrid-018-milky-lilac-.webp?fit=750%2C1000&ssl=1&resize=350%2C200 1x, https:\/\/i0.wp.com\/naillycosmetics.com\/wp-content\/uploads\/2026\/02\/delicate-pastel-light-purple-nails-victoria-vynn-pure-creamy-hybrid-018-milky-lilac-.webp?fit=750%2C1000&ssl=1&resize=525%2C300 1.5x, https:\/\/i0.wp.com\/naillycosmetics.com\/wp-content\/uploads\/2026\/02\/delicate-pastel-light-purple-nails-victoria-vynn-pure-creamy-hybrid-018-milky-lilac-.webp?fit=750%2C1000&ssl=1&resize=700%2C400 2x"},"classes":[]},{"id":4267,"url":"https:\/\/naillycosmetics.com\/fr\/produit\/victoria-vynn-dark-fuchsia-gel-polish-128\/","url_meta":{"origin":6882,"position":4},"title":"Victoria VYNN Pure Creamy Hybrid Gel Polish No. 128 Dark Fuchsia","author":"Serge Sahakian","date":"septembre 2, 2022","format":false,"excerpt":"The Best Magnificent Dark Fuchsia Gel Polish! Victoria VYNN Pure Creamy Hybrid High Pigment Gel Polish 128 Dark Fuchsia is a Deep, decisive Fuchsia with a drop of violet. Canada's Leading Distributor of Professional Nail Supplies. Buy with Confidence! Product Specifications: \u00a0 \u00a0 \u00a0 \u00a0 \u00a0 \u00a0 \u00a0 Stock Availability:","rel":"","context":"Article similaire","block_context":{"text":"Article similaire","link":""},"img":{"alt_text":"Victoria VYNN Pure Dark Fuchsia Gel Polish Pure Creamy No. 128","src":"https:\/\/i0.wp.com\/naillycosmetics.com\/wp-content\/uploads\/2026\/02\/victoria-vynn-pure-dark-fuchsia-gel-polish-pure-creamy-no.-128-.webp?fit=750%2C1000&ssl=1&resize=350%2C200","width":350,"height":200,"srcset":"https:\/\/i0.wp.com\/naillycosmetics.com\/wp-content\/uploads\/2026\/02\/victoria-vynn-pure-dark-fuchsia-gel-polish-pure-creamy-no.-128-.webp?fit=750%2C1000&ssl=1&resize=350%2C200 1x, https:\/\/i0.wp.com\/naillycosmetics.com\/wp-content\/uploads\/2026\/02\/victoria-vynn-pure-dark-fuchsia-gel-polish-pure-creamy-no.-128-.webp?fit=750%2C1000&ssl=1&resize=525%2C300 1.5x, https:\/\/i0.wp.com\/naillycosmetics.com\/wp-content\/uploads\/2026\/02\/victoria-vynn-pure-dark-fuchsia-gel-polish-pure-creamy-no.-128-.webp?fit=750%2C1000&ssl=1&resize=700%2C400 2x"},"classes":[]},{"id":6884,"url":"https:\/\/naillycosmetics.com\/fr\/produit\/victoria-vynn-sparkling-burgundy-nails-130\/","url_meta":{"origin":6882,"position":5},"title":"Victoria VYNN Pure Creamy Hybrid Gel Polish No. 130 Tawny Port","author":"Serge Sahakian","date":"octobre 4, 2022","format":false,"excerpt":"Le meilleur vernis en gel scintillant pour les ongles bourgogne ! Victoria VYNN Pure Creamy Hybrid High Pigment Gel Polish 130 Tawny Port est une teinte bordeaux originale avec des paillettes violettes et des millions de particules roses. Le premier distributeur canadien de fournitures professionnelles pour les ongles. Achetez en toute confiance ! Sp\u00e9cifications du produit :          ...","rel":"","context":"Article similaire","block_context":{"text":"Article similaire","link":""},"img":{"alt_text":"Victoria vynn pure creamy sparkling burgundy nails tawny port no. 130","src":"https:\/\/i0.wp.com\/naillycosmetics.com\/wp-content\/uploads\/2026\/02\/victoria-vynn-pure-creamy-sparkling-burgundy-nails-tawny-port-no.-130.webp?fit=750%2C1000&ssl=1&resize=350%2C200","width":350,"height":200,"srcset":"https:\/\/i0.wp.com\/naillycosmetics.com\/wp-content\/uploads\/2026\/02\/victoria-vynn-pure-creamy-sparkling-burgundy-nails-tawny-port-no.-130.webp?fit=750%2C1000&ssl=1&resize=350%2C200 1x, https:\/\/i0.wp.com\/naillycosmetics.com\/wp-content\/uploads\/2026\/02\/victoria-vynn-pure-creamy-sparkling-burgundy-nails-tawny-port-no.-130.webp?fit=750%2C1000&ssl=1&resize=525%2C300 1.5x, https:\/\/i0.wp.com\/naillycosmetics.com\/wp-content\/uploads\/2026\/02\/victoria-vynn-pure-creamy-sparkling-burgundy-nails-tawny-port-no.-130.webp?fit=750%2C1000&ssl=1&resize=700%2C400 2x"},"classes":[]}],"jetpack_sharing_enabled":true,"_links":{"self":[{"href":"https:\/\/naillycosmetics.com\/fr\/wp-json\/wp\/v2\/product\/6882","targetHints":{"allow":["GET"]}}],"collection":[{"href":"https:\/\/naillycosmetics.com\/fr\/wp-json\/wp\/v2\/product"}],"about":[{"href":"https:\/\/naillycosmetics.com\/fr\/wp-json\/wp\/v2\/types\/product"}],"replies":[{"embeddable":true,"href":"https:\/\/naillycosmetics.com\/fr\/wp-json\/wp\/v2\/comments?post=6882"}],"wp:featuredmedia":[{"embeddable":true,"href":"https:\/\/naillycosmetics.com\/fr\/wp-json\/wp\/v2\/media\/26394"}],"wp:attachment":[{"href":"https:\/\/naillycosmetics.com\/fr\/wp-json\/wp\/v2\/media?parent=6882"}],"wp:term":[{"taxonomy":"product_brand","embeddable":true,"href":"https:\/\/naillycosmetics.com\/fr\/wp-json\/wp\/v2\/product_brand?post=6882"},{"taxonomy":"product_cat","embeddable":true,"href":"https:\/\/naillycosmetics.com\/fr\/wp-json\/wp\/v2\/product_cat?post=6882"},{"taxonomy":"product_tag","embeddable":true,"href":"https:\/\/naillycosmetics.com\/fr\/wp-json\/wp\/v2\/product_tag?post=6882"}],"curies":[{"name":"wp","href":"https:\/\/api.w.org\/{rel}","templated":true}]}}