{"id":6745,"date":"2022-09-28T23:37:37","date_gmt":"2022-09-29T03:37:37","guid":{"rendered":"https:\/\/naillycosmetics.com\/product\/victoria-vynn-gel-polish-no-323-quartz-bellatrix\/"},"modified":"2026-04-06T13:22:48","modified_gmt":"2026-04-06T17:22:48","slug":"reflective-gel-polish-323-quartz-bellatrix","status":"publish","type":"product","link":"https:\/\/naillycosmetics.com\/fr\/produit\/reflective-gel-polish-323-quartz-bellatrix\/","title":{"rendered":"Victoria VYNN Salon Gel Polish No. 323 Quartz Bellatrix"},"content":{"rendered":"<p>Jouez une fois de plus avec les cristaux sur vos ongles. De la poussi\u00e8re d'\u00e9toile tremp\u00e9e dans des teintes nobles. Notre vernis gel r\u00e9fl\u00e9chissant or rose 323 Quartz Bellatrix<b>\u00a0<\/b>est un rose vif scintillant d'argent.<\/p>\n<p>D\u00e9couvrez nos \u00e9tonnantes teintes de gel polonais r\u00e9fl\u00e9chissant les paillettes. <a href=\"https:\/\/victoriavynn.ca\/tags\/reflective-gel-polish\/\" target=\"_blank\" rel=\"noopener\">Cliquez ici<\/a>.<\/p>\n<p>Le syst\u00e8me Gel Polish comprend des vernis hybrides classiques et durables durcis dans des lampes UV et LED. Le syst\u00e8me contient des bases et des tops aux propri\u00e9t\u00e9s, \u00e0 la durabilit\u00e9 et \u00e0 la finition diff\u00e9rentes.<\/p>\n<p>Nous r\u00e9pondons aux besoins de nos clients en offrant une riche vari\u00e9t\u00e9 de couleurs avec des vernis hybrides de diff\u00e9rentes couvertures et effets, dans plus de 200 couleurs.<\/p>\n<p>Victoria VYNN Gel Polish Color est une ligne de vernis hybrides \u00e0 s\u00e9chage l\u00e9ger, qui est utilis\u00e9e dans deux types de coiffage : Syst\u00e8me hybride en 3 \u00e9tapes et Syst\u00e8me Soak Off en 4 \u00e9tapes. Gel Polish Color impressionne par la qualit\u00e9 du coiffage et les applications possibles - une palette de couleurs, deux types de coiffage.<\/p>\n<p>Sp\u00e9cifications du produit :<\/p>\n<ul>\n<li>A utiliser pour les manucures hybrides et les manucures Soak Off.<\/li>\n<li>Formule laque-gel.<\/li>\n<li>Deux couches fines assurent une couverture parfaite et une profondeur de couleur.<\/li>\n<li>Il s'\u00e9tale uniform\u00e9ment, sans traces.<\/li>\n<li>Une large gamme de couleurs : \u00e9maux, paillettes, pastels, n\u00e9ons, semi-transparents et couleurs fran\u00e7aises.<\/li>\n<\/ul>","protected":false},"excerpt":{"rendered":"<p>Notre Gel Polish R\u00e9fl\u00e9chissant Or Rose 323 Quartz Bellatrix<b>\u00a0<\/b>est un rose vif scintillant d'argent.<\/p>\n<p>Victoria VYNN Gel Polish Color, la meilleure vente au Canada, est une ligne de vernis hybrides photopolym\u00e9risables, qui est utilis\u00e9e dans deux types de coiffage : Syst\u00e8me hybride en 3 \u00e9tapes et Syst\u00e8me Soak Off en 4 \u00e9tapes. Gel Polish Color impressionne par la qualit\u00e9 du coiffage et des applications possibles - une palette de couleurs, deux types de coiffage.<\/p>\n<p>Collection : <a href=\"https:\/\/victoriavynn.ca\/tags\/in-space-more-more-collection\/\">Dans l'espace More &amp; More<\/a><\/p>\n<p><a href=\"https:\/\/victoriavynn.ca\/tags\/in-space-more-more-collection\/\"><img loading=\"lazy\" decoding=\"async\" class=\"alignnone wp-image-9157 size-full\" src=\"https:\/\/victoriavynn.ca\/wp-content\/uploads\/2022\/09\/reflective-gel-polish.-.webp\" alt=\"reflective gel polish.\" width=\"800\" height=\"220\" srcset=\"https:\/\/i0.wp.com\/naillycosmetics.com\/wp-content\/uploads\/2022\/09\/reflective-gel-polish.-.webp?w=800&amp;ssl=1 800w, https:\/\/i0.wp.com\/naillycosmetics.com\/wp-content\/uploads\/2022\/09\/reflective-gel-polish.-.webp?resize=416%2C114&amp;ssl=1 416w, https:\/\/i0.wp.com\/naillycosmetics.com\/wp-content\/uploads\/2022\/09\/reflective-gel-polish.-.webp?resize=300%2C83&amp;ssl=1 300w, https:\/\/i0.wp.com\/naillycosmetics.com\/wp-content\/uploads\/2022\/09\/reflective-gel-polish.-.webp?resize=768%2C211&amp;ssl=1 768w\" sizes=\"auto, (max-width: 800px) 100vw, 800px\" \/><\/a><\/p>\n<p>Plus de vernis gel r\u00e9fl\u00e9chissants ? <a href=\"https:\/\/victoriavynn.ca\/tags\/reflective-gel-polish\/\">Cliquez ici<\/a><\/p>\n<p style=\"text-align: left\">Sp\u00e9cifications du produit :<\/p>\n<p style=\"text-align: left\" data-wp-editing=\"1\"><img loading=\"lazy\" decoding=\"async\" class=\"size-full wp-image-9152 alignleft\" src=\"https:\/\/victoriavynn.ca\/wp-content\/uploads\/2022\/09\/FLAT-CLASSIC-BRUSH.webp\" alt=\"\" width=\"125\" height=\"150\" \/> <img loading=\"lazy\" decoding=\"async\" class=\"size-full wp-image-9151 alignleft\" src=\"https:\/\/victoriavynn.ca\/wp-content\/uploads\/2022\/09\/DIFFERENT-FINISHING-EFFECTS.webp\" alt=\"\" width=\"125\" height=\"150\" \/><img loading=\"lazy\" decoding=\"async\" class=\"size-full wp-image-8772 alignleft\" src=\"https:\/\/victoriavynn.ca\/wp-content\/uploads\/2019\/11\/SALON-QUALITY.webp\" alt=\"GEL NAIL BUILDER\" width=\"125\" height=\"150\" \/> <img loading=\"lazy\" decoding=\"async\" class=\"size-full wp-image-8758 alignleft\" src=\"https:\/\/victoriavynn.ca\/wp-content\/uploads\/2020\/03\/FOR-UV-LED-LAMPS.webp\" alt=\"rubber base coat\" width=\"125\" height=\"150\" \/><\/p>\n<p>&nbsp;<\/p>\n<p>&nbsp;<\/p>\n<p>&nbsp;<\/p>\n<p>&nbsp;<\/p>\n<p style=\"text-align: left\">Disponibilit\u00e9 du stock :<\/p>","protected":false},"featured_media":26414,"comment_status":"open","ping_status":"closed","template":"","meta":{"jetpack_post_was_ever_published":false,"jetpack_publicize_message":"","jetpack_publicize_feature_enabled":true,"jetpack_social_post_already_shared":true,"jetpack_social_options":{"image_generator_settings":{"template":"highway","default_image_id":0,"font":"","enabled":false},"version":2}},"product_brand":[932],"product_cat":[51],"product_tag":[69,315,316,960],"class_list":{"0":"post-6745","1":"product","2":"type-product","3":"status-publish","4":"has-post-thumbnail","6":"product_brand-victoria-vynn","7":"product_cat-professional-nail-colours-gel","8":"product_tag-gel-polish-colors","9":"product_tag-in-space-more-more-collection","10":"product_tag-reflective-gel-polish","11":"product_tag-spring-summer-gel-polish-colors","12":"product_shipping_class-cardboard-box","13":"pa_size-8ml","15":"first","16":"instock","17":"taxable","18":"shipping-taxable","19":"purchasable","20":"product-type-simple"},"jetpack_publicize_connections":[],"jetpack-related-posts":[],"jetpack_sharing_enabled":true,"_links":{"self":[{"href":"https:\/\/naillycosmetics.com\/fr\/wp-json\/wp\/v2\/product\/6745","targetHints":{"allow":["GET"]}}],"collection":[{"href":"https:\/\/naillycosmetics.com\/fr\/wp-json\/wp\/v2\/product"}],"about":[{"href":"https:\/\/naillycosmetics.com\/fr\/wp-json\/wp\/v2\/types\/product"}],"replies":[{"embeddable":true,"href":"https:\/\/naillycosmetics.com\/fr\/wp-json\/wp\/v2\/comments?post=6745"}],"wp:featuredmedia":[{"embeddable":true,"href":"https:\/\/naillycosmetics.com\/fr\/wp-json\/wp\/v2\/media\/26414"}],"wp:attachment":[{"href":"https:\/\/naillycosmetics.com\/fr\/wp-json\/wp\/v2\/media?parent=6745"}],"wp:term":[{"taxonomy":"product_brand","embeddable":true,"href":"https:\/\/naillycosmetics.com\/fr\/wp-json\/wp\/v2\/product_brand?post=6745"},{"taxonomy":"product_cat","embeddable":true,"href":"https:\/\/naillycosmetics.com\/fr\/wp-json\/wp\/v2\/product_cat?post=6745"},{"taxonomy":"product_tag","embeddable":true,"href":"https:\/\/naillycosmetics.com\/fr\/wp-json\/wp\/v2\/product_tag?post=6745"}],"curies":[{"name":"wp","href":"https:\/\/api.w.org\/{rel}","templated":true}]}}