{"id":5259,"date":"2022-09-04T21:51:14","date_gmt":"2022-09-05T01:51:14","guid":{"rendered":"https:\/\/naillycosmetics.com\/index.php\/product\/victoria-vynn-salon-gel-polish-color-no-005\/"},"modified":"2026-03-14T14:36:56","modified_gmt":"2026-03-14T18:36:56","slug":"gel-polish-005-wedding-pink","status":"publish","type":"product","link":"https:\/\/naillycosmetics.com\/fr\/produit\/gel-polish-005-wedding-pink\/","title":{"rendered":"Victoria VYNN Salon Gel Polish No. 005 Wedding Pink"},"content":{"rendered":"<p>Le syst\u00e8me Gel Polish comprend des vernis hybrides classiques et durables durcis dans des lampes UV et LED. Le syst\u00e8me contient des bases et des tops aux propri\u00e9t\u00e9s, \u00e0 la durabilit\u00e9 et \u00e0 la finition diff\u00e9rentes.<\/p>\n<p>Nous r\u00e9pondons aux besoins de nos clients en offrant une riche vari\u00e9t\u00e9 de couleurs avec des vernis hybrides de diff\u00e9rentes couvertures et effets, dans plus de 200 couleurs.<\/p>\n<p>La conception d'un mariage avec un d\u00e9licat rose de mariage sera extr\u00eamement sophistiqu\u00e9e.<\/p>\n<p>Victoria VYNN Gel Polish Color est une ligne de vernis hybrides \u00e0 s\u00e9chage l\u00e9ger, qui est utilis\u00e9e dans deux types de coiffage : Syst\u00e8me hybride en 3 \u00e9tapes et Syst\u00e8me Soak Off en 4 \u00e9tapes. Gel Polish Color impressionne par la qualit\u00e9 du coiffage et les applications possibles - une palette de couleurs, deux types de coiffage.<\/p>\n<p>Sp\u00e9cifications du produit :<\/p>\n<ul>\n<li>A utiliser pour les manucures hybrides et les manucures Soak Off.<\/li>\n<li>Formule laque-gel.<\/li>\n<li>Deux couches fines assurent une couverture parfaite et une profondeur de couleur.<\/li>\n<li>Il s'\u00e9tale uniform\u00e9ment, sans traces.<\/li>\n<li>Une large gamme de couleurs : \u00e9maux, paillettes, pastels, n\u00e9ons, semi-transparents et couleurs fran\u00e7aises.<\/li>\n<\/ul>","protected":false},"excerpt":{"rendered":"<p>La conception d'un mariage avec un d\u00e9licat rose de mariage sera extr\u00eamement sophistiqu\u00e9e.<\/p>\n<p>Victoria VYNN Gel Polish Color, la meilleure vente au Canada, est une ligne de vernis hybrides photopolym\u00e9risables, qui est utilis\u00e9e dans deux types de coiffage : Syst\u00e8me hybride en 3 \u00e9tapes et Syst\u00e8me Soak Off en 4 \u00e9tapes. Gel Polish Color impressionne par la qualit\u00e9 du coiffage et des applications possibles - une palette de couleurs, deux types de coiffage.<\/p>","protected":false},"featured_media":6303,"comment_status":"open","ping_status":"closed","template":"","meta":{"jetpack_post_was_ever_published":false,"jetpack_publicize_message":"","jetpack_publicize_feature_enabled":true,"jetpack_social_post_already_shared":true,"jetpack_social_options":{"image_generator_settings":{"template":"highway","default_image_id":0,"font":"","enabled":false},"version":2}},"product_brand":[932],"product_cat":[51],"product_tag":[967,69,960],"class_list":{"0":"post-5259","1":"product","2":"type-product","3":"status-publish","4":"has-post-thumbnail","6":"product_brand-victoria-vynn","7":"product_cat-professional-nail-colours-gel","8":"product_tag-basic-french-gel-polish","9":"product_tag-gel-polish-colors","10":"product_tag-spring-summer-gel-polish-colors","11":"product_shipping_class-cardboard-box","12":"pa_size-8ml","14":"first","15":"instock","16":"taxable","17":"shipping-taxable","18":"purchasable","19":"product-type-simple"},"jetpack_publicize_connections":[],"jetpack-related-posts":[{"id":4761,"url":"https:\/\/naillycosmetics.com\/fr\/produit\/victoria-vynn-gel-polish-color-251\/","url_meta":{"origin":5259,"position":0},"title":"Victoria VYNN Salon Gel Polish No. 251 Dazzle Pink","author":"Serge Sahakian","date":"septembre 4, 2022","format":false,"excerpt":"Dazzle Pink est une nuance extr\u00eamement f\u00e9minine - c'est l'essence m\u00eame du rose. Victoria VYNN Gel Polish Color, la meilleure vente au Canada, est une gamme de vernis hybrides \u00e0 s\u00e9chage l\u00e9ger, qui est utilis\u00e9e dans deux types de coiffage : Le syst\u00e8me hybride en 3 \u00e9tapes et le syst\u00e8me Soak Off en 4 \u00e9tapes. Gel Polish Color impressionne par sa...","rel":"","context":"Article similaire","block_context":{"text":"Article similaire","link":""},"img":{"alt_text":"","src":"https:\/\/i0.wp.com\/naillycosmetics.com\/wp-content\/uploads\/2026\/02\/gp_251.jpg?fit=753%2C753&ssl=1&resize=350%2C200","width":350,"height":200,"srcset":"https:\/\/i0.wp.com\/naillycosmetics.com\/wp-content\/uploads\/2026\/02\/gp_251.jpg?fit=753%2C753&ssl=1&resize=350%2C200 1x, https:\/\/i0.wp.com\/naillycosmetics.com\/wp-content\/uploads\/2026\/02\/gp_251.jpg?fit=753%2C753&ssl=1&resize=525%2C300 1.5x, https:\/\/i0.wp.com\/naillycosmetics.com\/wp-content\/uploads\/2026\/02\/gp_251.jpg?fit=753%2C753&ssl=1&resize=700%2C400 2x"},"classes":[]},{"id":6751,"url":"https:\/\/naillycosmetics.com\/fr\/produit\/gel-polish-322-pink-antares\/","url_meta":{"origin":5259,"position":1},"title":"Victoria VYNN Salon Gel Polish No. 322 Pink Antares","author":"Serge Sahakian","date":"septembre 28, 2022","format":false,"excerpt":"Pink Antares est un rose scintillant avec de l'argent. Victoria VYNN Gel Polish Color, la meilleure vente au Canada, est une ligne de vernis hybrides \u00e0 s\u00e9chage l\u00e9ger, qui est utilis\u00e9e dans deux types de coiffage : Syst\u00e8me hybride en 3 \u00e9tapes et Syst\u00e8me Soak Off en 4 \u00e9tapes. Gel Polish Color impressionne par la qualit\u00e9 du coiffage et la possibilit\u00e9...","rel":"","context":"Article similaire","block_context":{"text":"Article similaire","link":""},"img":{"alt_text":"Salon Gel Polish 322 Pink Antares","src":"https:\/\/i0.wp.com\/naillycosmetics.com\/wp-content\/uploads\/2026\/02\/salon-gel-polish-322-pink-antares.png?fit=1000%2C1000&ssl=1&resize=350%2C200","width":350,"height":200,"srcset":"https:\/\/i0.wp.com\/naillycosmetics.com\/wp-content\/uploads\/2026\/02\/salon-gel-polish-322-pink-antares.png?fit=1000%2C1000&ssl=1&resize=350%2C200 1x, https:\/\/i0.wp.com\/naillycosmetics.com\/wp-content\/uploads\/2026\/02\/salon-gel-polish-322-pink-antares.png?fit=1000%2C1000&ssl=1&resize=525%2C300 1.5x, https:\/\/i0.wp.com\/naillycosmetics.com\/wp-content\/uploads\/2026\/02\/salon-gel-polish-322-pink-antares.png?fit=1000%2C1000&ssl=1&resize=700%2C400 2x"},"classes":[]},{"id":4685,"url":"https:\/\/naillycosmetics.com\/fr\/produit\/victoria-vynn-gel-polish-color-200\/","url_meta":{"origin":5259,"position":2},"title":"Victoria VYNN Salon Gel Polish No. 200 Society Pink","author":"Serge Sahakian","date":"septembre 4, 2022","format":false,"excerpt":"The very creamy Society Pink blends perfectly with almost any skin tone. Canada's Best Selling Victoria VYNN Gel Polish Color is a light-curable line of hybrid varnishes, which is used in two types of styling: 3-stage Hybrid System and 4-stage Soak Off System. Gel Polish Color impresses with the quality\u2026","rel":"","context":"Article similaire","block_context":{"text":"Article similaire","link":""},"img":{"alt_text":"","src":"https:\/\/i0.wp.com\/naillycosmetics.com\/wp-content\/uploads\/2026\/02\/gel-polish-color-no-200-society-pink.jpg?fit=753%2C753&ssl=1&resize=350%2C200","width":350,"height":200,"srcset":"https:\/\/i0.wp.com\/naillycosmetics.com\/wp-content\/uploads\/2026\/02\/gel-polish-color-no-200-society-pink.jpg?fit=753%2C753&ssl=1&resize=350%2C200 1x, https:\/\/i0.wp.com\/naillycosmetics.com\/wp-content\/uploads\/2026\/02\/gel-polish-color-no-200-society-pink.jpg?fit=753%2C753&ssl=1&resize=525%2C300 1.5x, https:\/\/i0.wp.com\/naillycosmetics.com\/wp-content\/uploads\/2026\/02\/gel-polish-color-no-200-society-pink.jpg?fit=753%2C753&ssl=1&resize=700%2C400 2x"},"classes":[]},{"id":4891,"url":"https:\/\/naillycosmetics.com\/fr\/produit\/gel-polish-062-hot-pink\/","url_meta":{"origin":5259,"position":3},"title":"Victoria VYNN Salon Gel Polish No. 062 Hot Pink","author":"Serge Sahakian","date":"septembre 4, 2022","format":false,"excerpt":"Hot Pink attire l'attention non seulement des fans de rose vif. Victoria VYNN Gel Polish Color, la meilleure vente au Canada, est une gamme de vernis hybrides \u00e0 s\u00e9chage l\u00e9ger, qui s'utilise dans deux types de coiffage : Syst\u00e8me hybride en 3 \u00e9tapes et Syst\u00e8me Soak Off en 4 \u00e9tapes. Gel Polish Color impressionne par sa qualit\u00e9...","rel":"","context":"Article similaire","block_context":{"text":"Article similaire","link":""},"img":{"alt_text":"Salon gel Polish 062 Hot Pink","src":"https:\/\/i0.wp.com\/naillycosmetics.com\/wp-content\/uploads\/2026\/02\/salon-gel-polish-062-bottle.png?fit=1000%2C1000&ssl=1&resize=350%2C200","width":350,"height":200,"srcset":"https:\/\/i0.wp.com\/naillycosmetics.com\/wp-content\/uploads\/2026\/02\/salon-gel-polish-062-bottle.png?fit=1000%2C1000&ssl=1&resize=350%2C200 1x, https:\/\/i0.wp.com\/naillycosmetics.com\/wp-content\/uploads\/2026\/02\/salon-gel-polish-062-bottle.png?fit=1000%2C1000&ssl=1&resize=525%2C300 1.5x, https:\/\/i0.wp.com\/naillycosmetics.com\/wp-content\/uploads\/2026\/02\/salon-gel-polish-062-bottle.png?fit=1000%2C1000&ssl=1&resize=700%2C400 2x"},"classes":[]},{"id":5193,"url":"https:\/\/naillycosmetics.com\/fr\/produit\/victoria-vynn-salon-gel-polish-color-no-198\/","url_meta":{"origin":5259,"position":4},"title":"Victoria VYNN Salon Gel Polish No. 198 Pink Twice","author":"Serge Sahakian","date":"septembre 4, 2022","format":false,"excerpt":"The candy pink of the Pink Twice brings to mind carefree childhood. Let yourself be transferred back to this magical world. Canada's Best Selling Victoria VYNN Gel Polish Color is a light-curable line of hybrid varnishes, which is used in two types of styling: 3-stage Hybrid System and 4-stage Soak\u2026","rel":"","context":"Article similaire","block_context":{"text":"Article similaire","link":""},"img":{"alt_text":"","src":"https:\/\/i0.wp.com\/naillycosmetics.com\/wp-content\/uploads\/2026\/02\/gel-polish-color-no-198-pink-twice-1.jpg?fit=753%2C753&ssl=1&resize=350%2C200","width":350,"height":200,"srcset":"https:\/\/i0.wp.com\/naillycosmetics.com\/wp-content\/uploads\/2026\/02\/gel-polish-color-no-198-pink-twice-1.jpg?fit=753%2C753&ssl=1&resize=350%2C200 1x, https:\/\/i0.wp.com\/naillycosmetics.com\/wp-content\/uploads\/2026\/02\/gel-polish-color-no-198-pink-twice-1.jpg?fit=753%2C753&ssl=1&resize=525%2C300 1.5x, https:\/\/i0.wp.com\/naillycosmetics.com\/wp-content\/uploads\/2026\/02\/gel-polish-color-no-198-pink-twice-1.jpg?fit=753%2C753&ssl=1&resize=700%2C400 2x"},"classes":[]},{"id":5251,"url":"https:\/\/naillycosmetics.com\/fr\/produit\/gel-polish-142-pin-up-pink\/","url_meta":{"origin":5259,"position":5},"title":"Victoria VYNN Salon Gel Polish No. 142 Pin Up Pink","author":"Serge Sahakian","date":"septembre 4, 2022","format":false,"excerpt":"Les adeptes du rose ne passeront pas inaper\u00e7ues devant le Pin Up Pink, r\u00e9solument f\u00e9minin. Victoria VYNN Gel Polish Color, la meilleure vente au Canada, est une gamme de vernis hybrides \u00e0 s\u00e9chage l\u00e9ger, qui s'utilise dans deux types de coiffage : Syst\u00e8me hybride en 3 \u00e9tapes et Syst\u00e8me Soak Off en 4 \u00e9tapes. Gel Polish Color impressionne par sa...","rel":"","context":"Article similaire","block_context":{"text":"Article similaire","link":""},"img":{"alt_text":"","src":"https:\/\/i0.wp.com\/naillycosmetics.com\/wp-content\/uploads\/2022\/09\/gel-polish-142-pin-up-pink-1.jpeg?fit=753%2C753&ssl=1&resize=350%2C200","width":350,"height":200,"srcset":"https:\/\/i0.wp.com\/naillycosmetics.com\/wp-content\/uploads\/2022\/09\/gel-polish-142-pin-up-pink-1.jpeg?fit=753%2C753&ssl=1&resize=350%2C200 1x, https:\/\/i0.wp.com\/naillycosmetics.com\/wp-content\/uploads\/2022\/09\/gel-polish-142-pin-up-pink-1.jpeg?fit=753%2C753&ssl=1&resize=525%2C300 1.5x, https:\/\/i0.wp.com\/naillycosmetics.com\/wp-content\/uploads\/2022\/09\/gel-polish-142-pin-up-pink-1.jpeg?fit=753%2C753&ssl=1&resize=700%2C400 2x"},"classes":[]}],"jetpack_sharing_enabled":true,"_links":{"self":[{"href":"https:\/\/naillycosmetics.com\/fr\/wp-json\/wp\/v2\/product\/5259","targetHints":{"allow":["GET"]}}],"collection":[{"href":"https:\/\/naillycosmetics.com\/fr\/wp-json\/wp\/v2\/product"}],"about":[{"href":"https:\/\/naillycosmetics.com\/fr\/wp-json\/wp\/v2\/types\/product"}],"replies":[{"embeddable":true,"href":"https:\/\/naillycosmetics.com\/fr\/wp-json\/wp\/v2\/comments?post=5259"}],"wp:featuredmedia":[{"embeddable":true,"href":"https:\/\/naillycosmetics.com\/fr\/wp-json\/wp\/v2\/media\/6303"}],"wp:attachment":[{"href":"https:\/\/naillycosmetics.com\/fr\/wp-json\/wp\/v2\/media?parent=5259"}],"wp:term":[{"taxonomy":"product_brand","embeddable":true,"href":"https:\/\/naillycosmetics.com\/fr\/wp-json\/wp\/v2\/product_brand?post=5259"},{"taxonomy":"product_cat","embeddable":true,"href":"https:\/\/naillycosmetics.com\/fr\/wp-json\/wp\/v2\/product_cat?post=5259"},{"taxonomy":"product_tag","embeddable":true,"href":"https:\/\/naillycosmetics.com\/fr\/wp-json\/wp\/v2\/product_tag?post=5259"}],"curies":[{"name":"wp","href":"https:\/\/api.w.org\/{rel}","templated":true}]}}