{"id":5037,"date":"2022-09-04T12:52:57","date_gmt":"2022-09-04T16:52:57","guid":{"rendered":"https:\/\/naillycosmetics.com\/index.php\/product\/victoria-vynn-iq-nail-polish-no-018-dusty-apricot\/"},"modified":"2026-02-18T15:14:15","modified_gmt":"2026-02-18T20:14:15","slug":"vegan-nail-polish-iq-018-dusty-apricot","status":"publish","type":"product","link":"https:\/\/naillycosmetics.com\/fr\/produit\/vegan-nail-polish-iq-018-dusty-apricot\/","title":{"rendered":"Victoria VYNN iQ Vernis \u00e0 ongles No. 018 Abricot poussi\u00e9reux"},"content":{"rendered":"<p>Le tr\u00e8s d\u00e9licat beige Dusty Apricot a \u00e9t\u00e9 inspir\u00e9 par la couleur Pure Creamy Hybrid 074.<\/p>\n<p>Avec les couleurs du vernis \u00e0 ongles Victoria VYNN iQ Vegan, vous pouvez profiter de l'effet pendant 10 jours, comme apr\u00e8s une visite dans un salon de coiffure ! La formule riche en ingr\u00e9dients v\u00e9g\u00e9taliens de haute qualit\u00e9 assure une adh\u00e9sion durable \u00e0 la plaque de l'ongle et garantit une manucure de qualit\u00e9 salon.<\/p>\n<p>Toutes les couleurs du vernis \u00e0 ongles iQ Salon Vegan sont les \u00e9quivalents des teintes les plus populaires des vernis gel hybrides et des vernis hybrides Pure Creamy.<\/p>\n<p>Vous aimez jouer avec les couleurs et changer fr\u00e9quemment de motifs sur vos ongles ! Choisissez la formule intelligente des vernis \u00e0 ongles iQ et la composition unique qui garantit une adh\u00e9sion \u00e0 long terme \u00e0 la plaque de l'ongle et une durabilit\u00e9 extr\u00eame !<\/p>","protected":false},"excerpt":{"rendered":"<p>Le tr\u00e8s d\u00e9licat beige Dusty Apricot a \u00e9t\u00e9 inspir\u00e9 par la couleur Pure Creamy Hybrid 074. Avec les couleurs du vernis \u00e0 ongles Victoria VYNN iQ Vegan, vous pouvez profiter de l'effet pendant 10 jours, comme apr\u00e8s une visite dans un salon de coiffure ! La formule riche en ingr\u00e9dients v\u00e9g\u00e9taliens de haute qualit\u00e9 assure une adh\u00e9sion durable \u00e0 la plaque de l'ongle et garantit une manucure de qualit\u00e9 salon.<\/p>\n<p>Sp\u00e9cifications du produit :<\/p>\n<p><img loading=\"lazy\" decoding=\"async\" class=\"size-full wp-image-9090 alignleft\" src=\"https:\/\/victoriavynn.ca\/wp-content\/uploads\/2022\/09\/VEGAN-FORMULA.webp\" alt=\"VEGAN NAIL POLISH\" width=\"125\" height=\"150\" \/> <img loading=\"lazy\" decoding=\"async\" class=\"size-full wp-image-9091 alignleft\" src=\"https:\/\/victoriavynn.ca\/wp-content\/uploads\/2022\/09\/FAN-BRUSH.webp\" alt=\"VEGAN NAIL POLISH\" width=\"125\" height=\"150\" \/><\/p>\n<p><img loading=\"lazy\" decoding=\"async\" class=\"size-full wp-image-9070 alignleft\" src=\"https:\/\/victoriavynn.ca\/wp-content\/uploads\/2020\/03\/HIGHLY-DURABLE.webp\" alt=\"\" width=\"125\" height=\"150\" \/><img loading=\"lazy\" decoding=\"async\" class=\"size-full wp-image-9089 alignleft\" src=\"https:\/\/victoriavynn.ca\/wp-content\/uploads\/2022\/09\/MATCHING-COLORS.webp\" alt=\"VEGAN NAIL POLISH\" width=\"125\" height=\"150\" \/><\/p>\n<p>&nbsp;<\/p>\n<p>&nbsp;<\/p>\n<p>&nbsp;<\/p>\n<p>&nbsp;<\/p>\n<p>&nbsp;<\/p>","protected":false},"featured_media":26843,"comment_status":"open","ping_status":"closed","template":"","meta":{"jetpack_post_was_ever_published":false,"jetpack_publicize_message":"","jetpack_publicize_feature_enabled":true,"jetpack_social_post_already_shared":true,"jetpack_social_options":{"image_generator_settings":{"template":"highway","default_image_id":0,"font":"","enabled":false},"version":2}},"product_brand":[932],"product_cat":[50],"product_tag":[97],"class_list":{"0":"post-5037","1":"product","2":"type-product","3":"status-publish","4":"has-post-thumbnail","6":"product_brand-victoria-vynn","7":"product_cat-vegan-nail-colors","8":"product_tag-iq-nail-polish-colors","9":"product_shipping_class-cardboard-box","10":"pa_size-9ml","12":"first","13":"instock","14":"taxable","15":"shipping-taxable","16":"purchasable","17":"product-type-simple"},"jetpack_publicize_connections":[],"jetpack-related-posts":[{"id":3735,"url":"https:\/\/naillycosmetics.com\/fr\/?attachment_id=3735","url_meta":{"origin":5037,"position":0},"title":"204","author":"Serge Sahakian","date":"ao\u00fbt 25, 2022","format":false,"excerpt":"","rel":"","context":"Article similaire","block_context":{"text":"Article similaire","link":""},"img":{"alt_text":"","src":"https:\/\/i0.wp.com\/naillycosmetics.com\/wp-content\/uploads\/2020\/02\/204.png?fit=400%2C400&ssl=1&resize=350%2C200","width":350,"height":200},"classes":[]},{"id":5009,"url":"https:\/\/naillycosmetics.com\/fr\/produit\/vegan-nail-polish-iq-032-new-moorland\/","url_meta":{"origin":5037,"position":1},"title":"Victoria VYNN iQ Vernis \u00e0 ongles No. 032 New Moorland","author":"Serge Sahakian","date":"septembre 4, 2022","format":false,"excerpt":"The New Moorland violet has been delicately warmed with beige to match Pure Creamy Hybrid 154. With the Victoria VYNN iQ Vegan Nail Polish colors you may enjoy the effect for 10 days as if after visit to a salon! The formula rich in high-quality vegan ingredients ensures long-lasting adhesion\u2026","rel":"","context":"Article similaire","block_context":{"text":"Article similaire","link":""},"img":{"alt_text":"iq-vegan-nail-polish-032-","src":"https:\/\/i0.wp.com\/naillycosmetics.com\/wp-content\/uploads\/2026\/02\/iq-vegan-nail-polish-032-.webp?fit=750%2C1000&ssl=1&resize=350%2C200","width":350,"height":200,"srcset":"https:\/\/i0.wp.com\/naillycosmetics.com\/wp-content\/uploads\/2026\/02\/iq-vegan-nail-polish-032-.webp?fit=750%2C1000&ssl=1&resize=350%2C200 1x, https:\/\/i0.wp.com\/naillycosmetics.com\/wp-content\/uploads\/2026\/02\/iq-vegan-nail-polish-032-.webp?fit=750%2C1000&ssl=1&resize=525%2C300 1.5x, https:\/\/i0.wp.com\/naillycosmetics.com\/wp-content\/uploads\/2026\/02\/iq-vegan-nail-polish-032-.webp?fit=750%2C1000&ssl=1&resize=700%2C400 2x"},"classes":[]},{"id":5003,"url":"https:\/\/naillycosmetics.com\/fr\/produit\/vegan-nail-polish-iq-035-sweet-lies\/","url_meta":{"origin":5037,"position":2},"title":"Victoria VYNN iQ Vernis \u00e0 ongles No. 035 Sweet Lies","author":"Serge Sahakian","date":"septembre 4, 2022","format":false,"excerpt":"Beige, pastel Sweet Lies ressemble \u00e0 une nuance de cappuccino similaire \u00e0 Pure Creamy Hybrid 176. Avec les couleurs du vernis \u00e0 ongles Victoria VYNN iQ Vegan, vous pouvez profiter de l'effet pendant 10 jours, comme apr\u00e8s une visite dans un salon de coiffure ! La formule riche en ingr\u00e9dients v\u00e9g\u00e9taliens de haute qualit\u00e9 assure une adh\u00e9rence de longue dur\u00e9e...","rel":"","context":"Article similaire","block_context":{"text":"Article similaire","link":""},"img":{"alt_text":"iq-vegan-nail-polish-035-","src":"https:\/\/i0.wp.com\/naillycosmetics.com\/wp-content\/uploads\/2026\/02\/iq-vegan-nail-polish-035-.webp?fit=750%2C1000&ssl=1&resize=350%2C200","width":350,"height":200,"srcset":"https:\/\/i0.wp.com\/naillycosmetics.com\/wp-content\/uploads\/2026\/02\/iq-vegan-nail-polish-035-.webp?fit=750%2C1000&ssl=1&resize=350%2C200 1x, https:\/\/i0.wp.com\/naillycosmetics.com\/wp-content\/uploads\/2026\/02\/iq-vegan-nail-polish-035-.webp?fit=750%2C1000&ssl=1&resize=525%2C300 1.5x, https:\/\/i0.wp.com\/naillycosmetics.com\/wp-content\/uploads\/2026\/02\/iq-vegan-nail-polish-035-.webp?fit=750%2C1000&ssl=1&resize=700%2C400 2x"},"classes":[]},{"id":4555,"url":"https:\/\/naillycosmetics.com\/fr\/produit\/dark-grey-nail-polish-004-dusty-fog\/","url_meta":{"origin":5037,"position":3},"title":"Victoria VYNN iQ Vernis \u00e0 ongles No. 004 Dusty Fog","author":"Serge Sahakian","date":"septembre 4, 2022","format":false,"excerpt":"Le vernis \u00e0 ongles gris moyen fonc\u00e9 Dusty Fog avec une touche de violet correspond au Gel Polish 206. Il a son \u00e9quivalent dans la collection Gel Polish 006. Avec les couleurs du vernis \u00e0 ongles Victoria VYNN iQ, vous pouvez profiter de l'effet pendant 10 jours, comme apr\u00e8s une visite...","rel":"","context":"Article similaire","block_context":{"text":"Article similaire","link":""},"img":{"alt_text":"dark grey nail polish","src":"https:\/\/i0.wp.com\/naillycosmetics.com\/wp-content\/uploads\/2026\/02\/dark-grey-nail-polish.png?fit=750%2C1000&ssl=1&resize=350%2C200","width":350,"height":200,"srcset":"https:\/\/i0.wp.com\/naillycosmetics.com\/wp-content\/uploads\/2026\/02\/dark-grey-nail-polish.png?fit=750%2C1000&ssl=1&resize=350%2C200 1x, https:\/\/i0.wp.com\/naillycosmetics.com\/wp-content\/uploads\/2026\/02\/dark-grey-nail-polish.png?fit=750%2C1000&ssl=1&resize=525%2C300 1.5x, https:\/\/i0.wp.com\/naillycosmetics.com\/wp-content\/uploads\/2026\/02\/dark-grey-nail-polish.png?fit=750%2C1000&ssl=1&resize=700%2C400 2x"},"classes":[]},{"id":17732,"url":"https:\/\/naillycosmetics.com\/fr\/?attachment_id=17732","url_meta":{"origin":5037,"position":4},"title":"Article sans titre","author":"Serge Sahakian","date":"avril 29, 2024","format":false,"excerpt":"","rel":"","context":"Article similaire","block_context":{"text":"Article similaire","link":""},"img":{"alt_text":"","src":"https:\/\/i0.wp.com\/naillycosmetics.com\/wp-content\/uploads\/2024\/04\/staleks-pointed-bud-red-2.5.jpg?fit=750%2C1000&ssl=1&resize=350%2C200","width":350,"height":200,"srcset":"https:\/\/i0.wp.com\/naillycosmetics.com\/wp-content\/uploads\/2024\/04\/staleks-pointed-bud-red-2.5.jpg?fit=750%2C1000&ssl=1&resize=350%2C200 1x, https:\/\/i0.wp.com\/naillycosmetics.com\/wp-content\/uploads\/2024\/04\/staleks-pointed-bud-red-2.5.jpg?fit=750%2C1000&ssl=1&resize=525%2C300 1.5x, https:\/\/i0.wp.com\/naillycosmetics.com\/wp-content\/uploads\/2024\/04\/staleks-pointed-bud-red-2.5.jpg?fit=750%2C1000&ssl=1&resize=700%2C400 2x"},"classes":[]},{"id":3722,"url":"https:\/\/naillycosmetics.com\/fr\/?attachment_id=3722","url_meta":{"origin":5037,"position":5},"title":"220","author":"Serge Sahakian","date":"ao\u00fbt 25, 2022","format":false,"excerpt":"","rel":"","context":"Article similaire","block_context":{"text":"Article similaire","link":""},"img":{"alt_text":"","src":"https:\/\/i0.wp.com\/naillycosmetics.com\/wp-content\/uploads\/2020\/02\/220.png?fit=400%2C400&ssl=1&resize=350%2C200","width":350,"height":200},"classes":[]}],"jetpack_sharing_enabled":true,"_links":{"self":[{"href":"https:\/\/naillycosmetics.com\/fr\/wp-json\/wp\/v2\/product\/5037","targetHints":{"allow":["GET"]}}],"collection":[{"href":"https:\/\/naillycosmetics.com\/fr\/wp-json\/wp\/v2\/product"}],"about":[{"href":"https:\/\/naillycosmetics.com\/fr\/wp-json\/wp\/v2\/types\/product"}],"replies":[{"embeddable":true,"href":"https:\/\/naillycosmetics.com\/fr\/wp-json\/wp\/v2\/comments?post=5037"}],"wp:featuredmedia":[{"embeddable":true,"href":"https:\/\/naillycosmetics.com\/fr\/wp-json\/wp\/v2\/media\/26843"}],"wp:attachment":[{"href":"https:\/\/naillycosmetics.com\/fr\/wp-json\/wp\/v2\/media?parent=5037"}],"wp:term":[{"taxonomy":"product_brand","embeddable":true,"href":"https:\/\/naillycosmetics.com\/fr\/wp-json\/wp\/v2\/product_brand?post=5037"},{"taxonomy":"product_cat","embeddable":true,"href":"https:\/\/naillycosmetics.com\/fr\/wp-json\/wp\/v2\/product_cat?post=5037"},{"taxonomy":"product_tag","embeddable":true,"href":"https:\/\/naillycosmetics.com\/fr\/wp-json\/wp\/v2\/product_tag?post=5037"}],"curies":[{"name":"wp","href":"https:\/\/api.w.org\/{rel}","templated":true}]}}