{"id":5031,"date":"2022-09-04T12:52:53","date_gmt":"2022-09-04T16:52:53","guid":{"rendered":"https:\/\/naillycosmetics.com\/index.php\/product\/victoria-vynn-iq-nail-polish-no-021-high-flights\/"},"modified":"2026-02-18T15:14:30","modified_gmt":"2026-02-18T20:14:30","slug":"vegan-nail-polish-iq-021-high-flights","status":"publish","type":"product","link":"https:\/\/naillycosmetics.com\/fr\/produit\/vegan-nail-polish-iq-021-high-flights\/","title":{"rendered":"Victoria VYNN iQ Vernis \u00e0 ongles No. 021 High Flights"},"content":{"rendered":"<p>Le corail d\u00e9licat de High Flights est l'\u00e9quivalent en couleur du Gel Polish hybride 252.<\/p>\n<p>Avec les couleurs du vernis \u00e0 ongles Victoria VYNN iQ Vegan, vous pouvez profiter de l'effet pendant 10 jours, comme apr\u00e8s une visite dans un salon de coiffure ! La formule riche en ingr\u00e9dients v\u00e9g\u00e9taliens de haute qualit\u00e9 assure une adh\u00e9sion durable \u00e0 la plaque de l'ongle et garantit une manucure de qualit\u00e9 salon.<\/p>\n<p>Toutes les couleurs du vernis \u00e0 ongles iQ Salon Vegan sont les \u00e9quivalents des teintes les plus populaires des vernis gel hybrides et des vernis hybrides Pure Creamy.<\/p>\n<p>Vous aimez jouer avec les couleurs et changer fr\u00e9quemment de motifs sur vos ongles ! Choisissez la formule intelligente des vernis \u00e0 ongles iQ et la composition unique qui garantit une adh\u00e9sion \u00e0 long terme \u00e0 la plaque de l'ongle et une durabilit\u00e9 extr\u00eame !<\/p><p><\/p>","protected":false},"excerpt":{"rendered":"<p>Le corail d\u00e9licat de High Flights est l'\u00e9quivalent de la couleur du vernis gel hybride 252. Avec les couleurs du vernis \u00e0 ongles Victoria VYNN iQ Vegan, vous pouvez profiter de l'effet pendant 10 jours, comme apr\u00e8s une visite dans un salon de coiffure ! La formule riche en ingr\u00e9dients v\u00e9g\u00e9taliens de haute qualit\u00e9 assure une adh\u00e9sion durable \u00e0 la plaque de l'ongle et garantit une manucure de qualit\u00e9 salon. Sp\u00e9cifications du produit : <img loading=\"lazy\" decoding=\"async\" class=\"size-full wp-image-9090 alignleft\" src=\"https:\/\/victoriavynn.ca\/wp-content\/uploads\/2022\/09\/VEGAN-FORMULA.webp\" alt=\"VEGAN NAIL POLISH\" width=\"125\" height=\"150\" \/> <img loading=\"lazy\" decoding=\"async\" class=\"size-full wp-image-9091 alignleft\" src=\"https:\/\/victoriavynn.ca\/wp-content\/uploads\/2022\/09\/FAN-BRUSH.webp\" alt=\"VEGAN NAIL POLISH\" width=\"125\" height=\"150\" \/> <img loading=\"lazy\" decoding=\"async\" class=\"size-full wp-image-9070 alignleft\" src=\"https:\/\/victoriavynn.ca\/wp-content\/uploads\/2020\/03\/HIGHLY-DURABLE.webp\" alt=\"\" width=\"125\" height=\"150\" \/><img loading=\"lazy\" decoding=\"async\" class=\"size-full wp-image-9089 alignleft\" src=\"https:\/\/victoriavynn.ca\/wp-content\/uploads\/2022\/09\/MATCHING-COLORS.webp\" alt=\"VEGAN NAIL POLISH\" width=\"125\" height=\"150\" \/> \u00a0 \u00a0 \u00a0 \u00a0 \u00a0<\/p>","protected":false},"featured_media":26853,"comment_status":"open","ping_status":"closed","template":"","meta":{"jetpack_post_was_ever_published":false,"jetpack_publicize_message":"","jetpack_publicize_feature_enabled":true,"jetpack_social_post_already_shared":true,"jetpack_social_options":{"image_generator_settings":{"template":"highway","default_image_id":0,"font":"","enabled":false},"version":2}},"product_brand":[932],"product_cat":[50],"product_tag":[97],"class_list":{"0":"post-5031","1":"product","2":"type-product","3":"status-publish","4":"has-post-thumbnail","6":"product_brand-victoria-vynn","7":"product_cat-vegan-nail-colors","8":"product_tag-iq-nail-polish-colors","9":"product_shipping_class-cardboard-box","10":"pa_size-9ml","12":"first","13":"instock","14":"taxable","15":"shipping-taxable","16":"purchasable","17":"product-type-simple"},"jetpack_publicize_connections":[],"jetpack-related-posts":[{"id":3751,"url":"https:\/\/naillycosmetics.com\/fr\/?attachment_id=3751","url_meta":{"origin":5031,"position":0},"title":"307","author":"Serge Sahakian","date":"ao\u00fbt 25, 2022","format":false,"excerpt":"","rel":"","context":"Article similaire","block_context":{"text":"Article similaire","link":""},"img":{"alt_text":"","src":"https:\/\/i0.wp.com\/naillycosmetics.com\/wp-content\/uploads\/2020\/02\/307.png?fit=400%2C400&ssl=1&resize=350%2C200","width":350,"height":200},"classes":[]},{"id":5005,"url":"https:\/\/naillycosmetics.com\/fr\/produit\/vegan-nail-polish-iq-034-dare-to-dream\/","url_meta":{"origin":5031,"position":1},"title":"Victoria VYNN iQ Vernis \u00e0 ongles No. 034 Dare to Dream","author":"Serge Sahakian","date":"septembre 4, 2022","format":false,"excerpt":"Dare to Dream est un rose d\u00e9licat et poudr\u00e9 - l'\u00e9quivalent du vernis \u00e0 ongles 198. Avec les couleurs du vernis \u00e0 ongles Victoria VYNN iQ Vegan, vous pouvez profiter de l'effet pendant 10 jours, comme apr\u00e8s une visite dans un salon de coiffure ! La formule riche en ingr\u00e9dients v\u00e9g\u00e9taliens de haute qualit\u00e9 assure une adh\u00e9rence de longue dur\u00e9e...","rel":"","context":"Article similaire","block_context":{"text":"Article similaire","link":""},"img":{"alt_text":"iq-vegan-nail-polish-034-","src":"https:\/\/i0.wp.com\/naillycosmetics.com\/wp-content\/uploads\/2026\/02\/iq-vegan-nail-polish-034-.webp?fit=750%2C1000&ssl=1&resize=350%2C200","width":350,"height":200,"srcset":"https:\/\/i0.wp.com\/naillycosmetics.com\/wp-content\/uploads\/2026\/02\/iq-vegan-nail-polish-034-.webp?fit=750%2C1000&ssl=1&resize=350%2C200 1x, https:\/\/i0.wp.com\/naillycosmetics.com\/wp-content\/uploads\/2026\/02\/iq-vegan-nail-polish-034-.webp?fit=750%2C1000&ssl=1&resize=525%2C300 1.5x, https:\/\/i0.wp.com\/naillycosmetics.com\/wp-content\/uploads\/2026\/02\/iq-vegan-nail-polish-034-.webp?fit=750%2C1000&ssl=1&resize=700%2C400 2x"},"classes":[]},{"id":5023,"url":"https:\/\/naillycosmetics.com\/fr\/produit\/vegan-nail-polish-iq-025-delicate-flirty\/","url_meta":{"origin":5031,"position":2},"title":"Victoria VYNN iQ Vernis \u00e0 ongles No. 025 Delicate Flirty","author":"Serge Sahakian","date":"septembre 4, 2022","format":false,"excerpt":"La nuance chaude du rose Delicate Flirty est tr\u00e8s similaire \u00e0 la couleur du vernis gel hybride 148. Avec les couleurs du vernis \u00e0 ongles Victoria VYNN iQ Vegan, vous pouvez profiter de l'effet pendant 10 jours comme apr\u00e8s une visite au salon ! La formule riche en ingr\u00e9dients v\u00e9g\u00e9taliens de haute qualit\u00e9 assure...","rel":"","context":"Article similaire","block_context":{"text":"Article similaire","link":""},"img":{"alt_text":"iq-vegan-nail-polish-025-","src":"https:\/\/i0.wp.com\/naillycosmetics.com\/wp-content\/uploads\/2026\/02\/iq-vegan-nail-polish-025-1-1.webp?fit=750%2C1000&ssl=1&resize=350%2C200","width":350,"height":200,"srcset":"https:\/\/i0.wp.com\/naillycosmetics.com\/wp-content\/uploads\/2026\/02\/iq-vegan-nail-polish-025-1-1.webp?fit=750%2C1000&ssl=1&resize=350%2C200 1x, https:\/\/i0.wp.com\/naillycosmetics.com\/wp-content\/uploads\/2026\/02\/iq-vegan-nail-polish-025-1-1.webp?fit=750%2C1000&ssl=1&resize=525%2C300 1.5x, https:\/\/i0.wp.com\/naillycosmetics.com\/wp-content\/uploads\/2026\/02\/iq-vegan-nail-polish-025-1-1.webp?fit=750%2C1000&ssl=1&resize=700%2C400 2x"},"classes":[]},{"id":5027,"url":"https:\/\/naillycosmetics.com\/fr\/produit\/vegan-nail-polish-iq-023-dragon-fruit\/","url_meta":{"origin":5031,"position":3},"title":"Victoria VYNN iQ Vernis \u00e0 ongles No. 023 Fruit du dragon","author":"Serge Sahakian","date":"septembre 4, 2022","format":false,"excerpt":"Le corail, le fruit du dragon n\u00e9on se marient bien avec le Pure Creamy Hybrid 124. Avec les couleurs du vernis \u00e0 ongles Victoria VYNN iQ Vegan, vous pouvez profiter de l'effet pendant 10 jours, comme apr\u00e8s une visite dans un salon de coiffure ! La formule riche en ingr\u00e9dients v\u00e9g\u00e9taliens de haute qualit\u00e9 assure une adh\u00e9sion durable \u00e0 la plaque de l'ongle et...","rel":"","context":"Article similaire","block_context":{"text":"Article similaire","link":""},"img":{"alt_text":"iq-vegan-nail-polish-023-","src":"https:\/\/i0.wp.com\/naillycosmetics.com\/wp-content\/uploads\/2026\/02\/iq-vegan-nail-polish-023-.webp?fit=750%2C1000&ssl=1&resize=350%2C200","width":350,"height":200,"srcset":"https:\/\/i0.wp.com\/naillycosmetics.com\/wp-content\/uploads\/2026\/02\/iq-vegan-nail-polish-023-.webp?fit=750%2C1000&ssl=1&resize=350%2C200 1x, https:\/\/i0.wp.com\/naillycosmetics.com\/wp-content\/uploads\/2026\/02\/iq-vegan-nail-polish-023-.webp?fit=750%2C1000&ssl=1&resize=525%2C300 1.5x, https:\/\/i0.wp.com\/naillycosmetics.com\/wp-content\/uploads\/2026\/02\/iq-vegan-nail-polish-023-.webp?fit=750%2C1000&ssl=1&resize=700%2C400 2x"},"classes":[]},{"id":5021,"url":"https:\/\/naillycosmetics.com\/fr\/produit\/vegan-nail-polish-iq-026-feeling-happy\/","url_meta":{"origin":5031,"position":4},"title":"Victoria VYNN iQ Vernis \u00e0 ongles No. 026 Feeling Happy","author":"Serge Sahakian","date":"septembre 4, 2022","format":false,"excerpt":"Feeling Happy est une nuance de rose bonbon et l'\u00e9quivalent du vernis \u00e0 ongles 149. Avec les couleurs du vernis \u00e0 ongles Victoria VYNN iQ Vegan, vous pouvez profiter de l'effet pendant 10 jours, comme apr\u00e8s une visite au salon ! La formule riche en ingr\u00e9dients v\u00e9g\u00e9taliens de haute qualit\u00e9 assure une adh\u00e9rence de longue dur\u00e9e...","rel":"","context":"Article similaire","block_context":{"text":"Article similaire","link":""},"img":{"alt_text":"iq-vegan-nail-polish-026-","src":"https:\/\/i0.wp.com\/naillycosmetics.com\/wp-content\/uploads\/2026\/02\/iq-vegan-nail-polish-026-.webp?fit=750%2C1000&ssl=1&resize=350%2C200","width":350,"height":200,"srcset":"https:\/\/i0.wp.com\/naillycosmetics.com\/wp-content\/uploads\/2026\/02\/iq-vegan-nail-polish-026-.webp?fit=750%2C1000&ssl=1&resize=350%2C200 1x, https:\/\/i0.wp.com\/naillycosmetics.com\/wp-content\/uploads\/2026\/02\/iq-vegan-nail-polish-026-.webp?fit=750%2C1000&ssl=1&resize=525%2C300 1.5x, https:\/\/i0.wp.com\/naillycosmetics.com\/wp-content\/uploads\/2026\/02\/iq-vegan-nail-polish-026-.webp?fit=750%2C1000&ssl=1&resize=700%2C400 2x"},"classes":[]}],"jetpack_sharing_enabled":true,"_links":{"self":[{"href":"https:\/\/naillycosmetics.com\/fr\/wp-json\/wp\/v2\/product\/5031","targetHints":{"allow":["GET"]}}],"collection":[{"href":"https:\/\/naillycosmetics.com\/fr\/wp-json\/wp\/v2\/product"}],"about":[{"href":"https:\/\/naillycosmetics.com\/fr\/wp-json\/wp\/v2\/types\/product"}],"replies":[{"embeddable":true,"href":"https:\/\/naillycosmetics.com\/fr\/wp-json\/wp\/v2\/comments?post=5031"}],"wp:featuredmedia":[{"embeddable":true,"href":"https:\/\/naillycosmetics.com\/fr\/wp-json\/wp\/v2\/media\/26853"}],"wp:attachment":[{"href":"https:\/\/naillycosmetics.com\/fr\/wp-json\/wp\/v2\/media?parent=5031"}],"wp:term":[{"taxonomy":"product_brand","embeddable":true,"href":"https:\/\/naillycosmetics.com\/fr\/wp-json\/wp\/v2\/product_brand?post=5031"},{"taxonomy":"product_cat","embeddable":true,"href":"https:\/\/naillycosmetics.com\/fr\/wp-json\/wp\/v2\/product_cat?post=5031"},{"taxonomy":"product_tag","embeddable":true,"href":"https:\/\/naillycosmetics.com\/fr\/wp-json\/wp\/v2\/product_tag?post=5031"}],"curies":[{"name":"wp","href":"https:\/\/api.w.org\/{rel}","templated":true}]}}