{"id":5027,"date":"2022-09-04T12:52:52","date_gmt":"2022-09-04T16:52:52","guid":{"rendered":"https:\/\/naillycosmetics.com\/index.php\/product\/victoria-vynn-iq-nail-polish-no-023-dragon-fruit\/"},"modified":"2026-02-18T15:14:38","modified_gmt":"2026-02-18T20:14:38","slug":"vegan-nail-polish-iq-023-dragon-fruit","status":"publish","type":"product","link":"https:\/\/naillycosmetics.com\/fr\/produit\/vegan-nail-polish-iq-023-dragon-fruit\/","title":{"rendered":"Victoria VYNN iQ Vernis \u00e0 ongles No. 023 Fruit du dragon"},"content":{"rendered":"<p>Le fruit du dragon corail et n\u00e9on se marie bien avec le Pure Creamy Hybrid 124.<\/p>\n<p>Avec les couleurs du vernis \u00e0 ongles Victoria VYNN iQ Vegan, vous pouvez profiter de l'effet pendant 10 jours, comme apr\u00e8s une visite dans un salon de coiffure ! La formule riche en ingr\u00e9dients v\u00e9g\u00e9taliens de haute qualit\u00e9 assure une adh\u00e9sion durable \u00e0 la plaque de l'ongle et garantit une manucure de qualit\u00e9 salon.<\/p>\n<p>Toutes les couleurs du vernis \u00e0 ongles iQ Salon Vegan sont les \u00e9quivalents des teintes les plus populaires des vernis gel hybrides et des vernis hybrides Pure Creamy.<\/p>\n<p>Vous aimez jouer avec les couleurs et changer fr\u00e9quemment de motifs sur vos ongles ! Choisissez la formule intelligente des vernis \u00e0 ongles iQ et la composition unique qui garantit une adh\u00e9sion \u00e0 long terme \u00e0 la plaque de l'ongle et une durabilit\u00e9 extr\u00eame !<\/p>","protected":false},"excerpt":{"rendered":"<p>Le fruit du dragon corail et n\u00e9on se marie bien avec le Pure Creamy Hybrid 124.<\/p>\n<p>Avec les couleurs du vernis \u00e0 ongles Victoria VYNN iQ Vegan, vous pouvez profiter de l'effet pendant 10 jours, comme apr\u00e8s une visite dans un salon de coiffure ! La formule riche en ingr\u00e9dients v\u00e9g\u00e9taliens de haute qualit\u00e9 assure une adh\u00e9sion durable \u00e0 la plaque de l'ongle et garantit une manucure de qualit\u00e9 salon.<\/p>\n<p>Sp\u00e9cifications du produit :<\/p>\n<p><img loading=\"lazy\" decoding=\"async\" class=\"size-full wp-image-9090 alignleft\" src=\"https:\/\/victoriavynn.ca\/wp-content\/uploads\/2022\/09\/VEGAN-FORMULA.webp\" alt=\"VEGAN NAIL POLISH\" width=\"125\" height=\"150\" \/> <img loading=\"lazy\" decoding=\"async\" class=\"size-full wp-image-9091 alignleft\" src=\"https:\/\/victoriavynn.ca\/wp-content\/uploads\/2022\/09\/FAN-BRUSH.webp\" alt=\"VEGAN NAIL POLISH\" width=\"125\" height=\"150\" \/><\/p>\n<p><img loading=\"lazy\" decoding=\"async\" class=\"size-full wp-image-9070 alignleft\" src=\"https:\/\/victoriavynn.ca\/wp-content\/uploads\/2020\/03\/HIGHLY-DURABLE.webp\" alt=\"\" width=\"125\" height=\"150\" \/><img loading=\"lazy\" decoding=\"async\" class=\"size-full wp-image-9089 alignleft\" src=\"https:\/\/victoriavynn.ca\/wp-content\/uploads\/2022\/09\/MATCHING-COLORS.webp\" alt=\"VEGAN NAIL POLISH\" width=\"125\" height=\"150\" \/><\/p>\n<p>&nbsp;<\/p>\n<p>&nbsp;<\/p>\n<p>&nbsp;<\/p>\n<p>&nbsp;<\/p>\n<p>&nbsp;<\/p>","protected":false},"featured_media":26856,"comment_status":"open","ping_status":"closed","template":"","meta":{"jetpack_post_was_ever_published":false,"jetpack_publicize_message":"","jetpack_publicize_feature_enabled":true,"jetpack_social_post_already_shared":true,"jetpack_social_options":{"image_generator_settings":{"template":"highway","default_image_id":0,"font":"","enabled":false},"version":2}},"product_brand":[932],"product_cat":[50],"product_tag":[97],"class_list":{"0":"post-5027","1":"product","2":"type-product","3":"status-publish","4":"has-post-thumbnail","6":"product_brand-victoria-vynn","7":"product_cat-vegan-nail-colors","8":"product_tag-iq-nail-polish-colors","9":"product_shipping_class-cardboard-box","10":"pa_size-9ml","12":"first","13":"instock","14":"taxable","15":"shipping-taxable","16":"purchasable","17":"product-type-simple"},"jetpack_publicize_connections":[],"jetpack-related-posts":[{"id":17677,"url":"https:\/\/naillycosmetics.com\/fr\/?post_type=shop_coupon&p=17677","url_meta":{"origin":5027,"position":0},"title":"aw-86penq4yfm","author":"Serge Sahakian","date":"avril 12, 2024","format":false,"excerpt":"Generated by AutomateWoo","rel":"","context":"Article similaire","block_context":{"text":"Article similaire","link":""},"img":{"alt_text":"","src":"","width":0,"height":0},"classes":[]},{"id":5031,"url":"https:\/\/naillycosmetics.com\/fr\/produit\/vegan-nail-polish-iq-021-high-flights\/","url_meta":{"origin":5027,"position":1},"title":"Victoria VYNN iQ Vernis \u00e0 ongles No. 021 High Flights","author":"Serge Sahakian","date":"septembre 4, 2022","format":false,"excerpt":"Le corail d\u00e9licat de High Flights est l'\u00e9quivalent de la couleur du vernis gel hybride 252. Avec les couleurs du vernis \u00e0 ongles Victoria VYNN iQ Vegan, vous pouvez profiter de l'effet pendant 10 jours, comme apr\u00e8s une visite au salon ! La formule riche en ingr\u00e9dients v\u00e9g\u00e9taliens de haute qualit\u00e9 assure une adh\u00e9rence de longue dur\u00e9e...","rel":"","context":"Article similaire","block_context":{"text":"Article similaire","link":""},"img":{"alt_text":"victoria vynn iq no. 21","src":"https:\/\/i0.wp.com\/naillycosmetics.com\/wp-content\/uploads\/2026\/02\/victoria-vynn-iq-no.-21.webp?fit=750%2C1000&ssl=1&resize=350%2C200","width":350,"height":200,"srcset":"https:\/\/i0.wp.com\/naillycosmetics.com\/wp-content\/uploads\/2026\/02\/victoria-vynn-iq-no.-21.webp?fit=750%2C1000&ssl=1&resize=350%2C200 1x, https:\/\/i0.wp.com\/naillycosmetics.com\/wp-content\/uploads\/2026\/02\/victoria-vynn-iq-no.-21.webp?fit=750%2C1000&ssl=1&resize=525%2C300 1.5x, https:\/\/i0.wp.com\/naillycosmetics.com\/wp-content\/uploads\/2026\/02\/victoria-vynn-iq-no.-21.webp?fit=750%2C1000&ssl=1&resize=700%2C400 2x"},"classes":[]},{"id":5033,"url":"https:\/\/naillycosmetics.com\/fr\/produit\/vegan-nail-polish-iq-020-city-graffiti\/","url_meta":{"origin":5027,"position":2},"title":"Victoria VYNN iQ Vernis \u00e0 ongles n\u00b0 020 City Graffiti","author":"Serge Sahakian","date":"septembre 4, 2022","format":false,"excerpt":"City Graffiti is a pastel yellow reminiscent of Pure Creamy Hybrid 172. With the Victoria VYNN iQ Vegan Nail Polish colors you may enjoy the effect for 10 days as if after visit to a salon! The formula rich in high-quality vegan ingredients ensures long-lasting adhesion to the nail plate\u2026","rel":"","context":"Article similaire","block_context":{"text":"Article similaire","link":""},"img":{"alt_text":"iq-vegan-nail-polish-020-","src":"https:\/\/i0.wp.com\/naillycosmetics.com\/wp-content\/uploads\/2026\/02\/iq-vegan-nail-polish-020-1-1.webp?fit=750%2C1000&ssl=1&resize=350%2C200","width":350,"height":200,"srcset":"https:\/\/i0.wp.com\/naillycosmetics.com\/wp-content\/uploads\/2026\/02\/iq-vegan-nail-polish-020-1-1.webp?fit=750%2C1000&ssl=1&resize=350%2C200 1x, https:\/\/i0.wp.com\/naillycosmetics.com\/wp-content\/uploads\/2026\/02\/iq-vegan-nail-polish-020-1-1.webp?fit=750%2C1000&ssl=1&resize=525%2C300 1.5x, https:\/\/i0.wp.com\/naillycosmetics.com\/wp-content\/uploads\/2026\/02\/iq-vegan-nail-polish-020-1-1.webp?fit=750%2C1000&ssl=1&resize=700%2C400 2x"},"classes":[]},{"id":5047,"url":"https:\/\/naillycosmetics.com\/fr\/produit\/vegan-rocky-rose-nail-polish-iq-013\/","url_meta":{"origin":5027,"position":3},"title":"Victoria VYNN iQ Vernis \u00e0 ongles No. 013 Rocky Rose","author":"Serge Sahakian","date":"septembre 4, 2022","format":false,"excerpt":"Notre vernis \u00e0 ongles Vegan Rocky Rose est un rose chaud qui s'accorde parfaitement avec Pure Creamy Hybrid 126. Avec les couleurs du vernis \u00e0 ongles Victoria VYNN iQ, vous pouvez profiter de l'effet pendant 10 jours comme apr\u00e8s une visite dans un salon de coiffure ! La formule riche en produits v\u00e9g\u00e9taliens de haute qualit\u00e9...","rel":"","context":"Article similaire","block_context":{"text":"Article similaire","link":""},"img":{"alt_text":"rocky rose nail polish","src":"https:\/\/i0.wp.com\/naillycosmetics.com\/wp-content\/uploads\/2026\/02\/rocky-rose-nail-polish.png?fit=750%2C1000&ssl=1&resize=350%2C200","width":350,"height":200,"srcset":"https:\/\/i0.wp.com\/naillycosmetics.com\/wp-content\/uploads\/2026\/02\/rocky-rose-nail-polish.png?fit=750%2C1000&ssl=1&resize=350%2C200 1x, https:\/\/i0.wp.com\/naillycosmetics.com\/wp-content\/uploads\/2026\/02\/rocky-rose-nail-polish.png?fit=750%2C1000&ssl=1&resize=525%2C300 1.5x, https:\/\/i0.wp.com\/naillycosmetics.com\/wp-content\/uploads\/2026\/02\/rocky-rose-nail-polish.png?fit=750%2C1000&ssl=1&resize=700%2C400 2x"},"classes":[]},{"id":5037,"url":"https:\/\/naillycosmetics.com\/fr\/produit\/vegan-nail-polish-iq-018-dusty-apricot\/","url_meta":{"origin":5027,"position":4},"title":"Victoria VYNN iQ Vernis \u00e0 ongles No. 018 Abricot poussi\u00e9reux","author":"Serge Sahakian","date":"septembre 4, 2022","format":false,"excerpt":"Le beige Dusty Apricot tr\u00e8s d\u00e9licat a \u00e9t\u00e9 inspir\u00e9 par la couleur Pure Creamy Hybrid 074. Avec les couleurs du vernis \u00e0 ongles Victoria VYNN iQ Vegan, vous pouvez profiter de l'effet pendant 10 jours comme apr\u00e8s une visite dans un salon de coiffure ! La formule riche en ingr\u00e9dients v\u00e9g\u00e9taliens de haute qualit\u00e9 assure une adh\u00e9rence...","rel":"","context":"Article similaire","block_context":{"text":"Article similaire","link":""},"img":{"alt_text":"victoria vynn iq nail polish no. 018","src":"https:\/\/i0.wp.com\/naillycosmetics.com\/wp-content\/uploads\/2026\/02\/victoria-vynn-iq-nail-polish-no.-018.webp?fit=750%2C1000&ssl=1&resize=350%2C200","width":350,"height":200,"srcset":"https:\/\/i0.wp.com\/naillycosmetics.com\/wp-content\/uploads\/2026\/02\/victoria-vynn-iq-nail-polish-no.-018.webp?fit=750%2C1000&ssl=1&resize=350%2C200 1x, https:\/\/i0.wp.com\/naillycosmetics.com\/wp-content\/uploads\/2026\/02\/victoria-vynn-iq-nail-polish-no.-018.webp?fit=750%2C1000&ssl=1&resize=525%2C300 1.5x, https:\/\/i0.wp.com\/naillycosmetics.com\/wp-content\/uploads\/2026\/02\/victoria-vynn-iq-nail-polish-no.-018.webp?fit=750%2C1000&ssl=1&resize=700%2C400 2x"},"classes":[]},{"id":5001,"url":"https:\/\/naillycosmetics.com\/fr\/produit\/vegan-incognito-black-nail-polish-036\/","url_meta":{"origin":5027,"position":5},"title":"Victoria VYNN iQ Vernis \u00e0 ongles No. 036 Incognito Black","author":"Serge Sahakian","date":"septembre 4, 2022","format":false,"excerpt":"Le vernis \u00e0 ongles noir de jais Incognito Black correspond \u00e0 la fois \u00e0 l'hybride cr\u00e9meux pur 036 et au vernis \u00e0 ongles gel 262. Avec les couleurs du vernis \u00e0 ongles Victoria VYNN iQ, vous pouvez profiter de l'effet pendant 10 jours comme apr\u00e8s une visite dans un salon de coiffure ! La formule riche en ingr\u00e9dients v\u00e9g\u00e9taliens de haute qualit\u00e9...","rel":"","context":"Article similaire","block_context":{"text":"Article similaire","link":""},"img":{"alt_text":"black nail polish","src":"https:\/\/i0.wp.com\/naillycosmetics.com\/wp-content\/uploads\/2026\/02\/black-nail-polish.png?fit=750%2C1000&ssl=1&resize=350%2C200","width":350,"height":200,"srcset":"https:\/\/i0.wp.com\/naillycosmetics.com\/wp-content\/uploads\/2026\/02\/black-nail-polish.png?fit=750%2C1000&ssl=1&resize=350%2C200 1x, https:\/\/i0.wp.com\/naillycosmetics.com\/wp-content\/uploads\/2026\/02\/black-nail-polish.png?fit=750%2C1000&ssl=1&resize=525%2C300 1.5x, https:\/\/i0.wp.com\/naillycosmetics.com\/wp-content\/uploads\/2026\/02\/black-nail-polish.png?fit=750%2C1000&ssl=1&resize=700%2C400 2x"},"classes":[]}],"jetpack_sharing_enabled":true,"_links":{"self":[{"href":"https:\/\/naillycosmetics.com\/fr\/wp-json\/wp\/v2\/product\/5027","targetHints":{"allow":["GET"]}}],"collection":[{"href":"https:\/\/naillycosmetics.com\/fr\/wp-json\/wp\/v2\/product"}],"about":[{"href":"https:\/\/naillycosmetics.com\/fr\/wp-json\/wp\/v2\/types\/product"}],"replies":[{"embeddable":true,"href":"https:\/\/naillycosmetics.com\/fr\/wp-json\/wp\/v2\/comments?post=5027"}],"wp:featuredmedia":[{"embeddable":true,"href":"https:\/\/naillycosmetics.com\/fr\/wp-json\/wp\/v2\/media\/26856"}],"wp:attachment":[{"href":"https:\/\/naillycosmetics.com\/fr\/wp-json\/wp\/v2\/media?parent=5027"}],"wp:term":[{"taxonomy":"product_brand","embeddable":true,"href":"https:\/\/naillycosmetics.com\/fr\/wp-json\/wp\/v2\/product_brand?post=5027"},{"taxonomy":"product_cat","embeddable":true,"href":"https:\/\/naillycosmetics.com\/fr\/wp-json\/wp\/v2\/product_cat?post=5027"},{"taxonomy":"product_tag","embeddable":true,"href":"https:\/\/naillycosmetics.com\/fr\/wp-json\/wp\/v2\/product_tag?post=5027"}],"curies":[{"name":"wp","href":"https:\/\/api.w.org\/{rel}","templated":true}]}}