{"id":4933,"date":"2022-09-04T12:41:31","date_gmt":"2022-09-04T16:41:31","guid":{"rendered":"https:\/\/naillycosmetics.com\/index.php\/product\/victoria-vynn-gel-polish-color-228\/"},"modified":"2026-04-06T13:17:46","modified_gmt":"2026-04-06T17:17:46","slug":"victoria-vynn-gel-polish-color-228","status":"publish","type":"product","link":"https:\/\/naillycosmetics.com\/fr\/produit\/victoria-vynn-gel-polish-color-228\/","title":{"rendered":"Victoria VYNN Salon Gel Polish No. 228 Carat Topaz Diamond"},"content":{"rendered":"<p>Le syst\u00e8me Gel Polish comprend des vernis hybrides classiques et durables durcis dans des lampes UV et LED. Le syst\u00e8me contient des bases et des tops aux propri\u00e9t\u00e9s, \u00e0 la durabilit\u00e9 et \u00e0 la finition diff\u00e9rentes. Nous r\u00e9pondons aux besoins de nos clients en offrant une riche vari\u00e9t\u00e9 de couleurs avec des vernis hybrides de diff\u00e9rentes couvertures et effets, dans plus de 200 couleurs. L'\u00e9blouissante ligne Carat Collection a \u00e9t\u00e9 cr\u00e9\u00e9e pour les bijoux et les designs \u00e9l\u00e9gants. Vous pouvez utiliser le vernis Carat pour couvrir toute la plaque, seulement les pointes ou l'utiliser pour faire des d\u00e9tails \u00e9tincelants. Carat Topaz Diamond est une couleur bleue avec des paillettes multicolores. Victoria VYNN Gel Polish Color est une ligne de vernis hybrides photopolym\u00e9risables, utilis\u00e9s dans deux types de coiffage : Syst\u00e8me hybride en 3 \u00e9tapes et Syst\u00e8me Soak Off en 4 \u00e9tapes. Gel Polish Color impressionne par la qualit\u00e9 du coiffage et les applications possibles - une palette de couleurs, deux types de coiffage.<\/p>\n<p>Sp\u00e9cifications du produit :<\/p>\n<ul>\n<li>A utiliser pour les manucures hybrides et les manucures Soak Off.<\/li>\n<li>Formule laque-gel.<\/li>\n<li>Deux couches fines assurent une couverture parfaite et une profondeur de couleur.<\/li>\n<li>Il s'\u00e9tale uniform\u00e9ment, sans traces.<\/li>\n<li>Une large gamme de couleurs : \u00e9maux, paillettes, pastels, n\u00e9ons, semi-transparents et couleurs fran\u00e7aises.<\/li>\n<\/ul>","protected":false},"excerpt":{"rendered":"<p>L'\u00e9blouissante ligne Carat Collection a \u00e9t\u00e9 cr\u00e9\u00e9e pour les bijoux, les designs \u00e9l\u00e9gants. Vous pouvez utiliser le vernis Carat pour couvrir toute la plaque, seulement les pointes ou l'utiliser pour faire des d\u00e9tails \u00e9tincelants. Le diamant Carat Topaz est de couleur bleue avec des paillettes multicolores.<\/p>\n<p>Victoria VYNN Gel Polish Color, la meilleure vente au Canada, est une ligne de vernis hybrides \u00e0 s\u00e9chage l\u00e9ger, qui est utilis\u00e9e dans deux types de coiffage : Syst\u00e8me hybride en 3 \u00e9tapes et Syst\u00e8me Soak Off en 4 \u00e9tapes. Gel Polish Color impressionne par la qualit\u00e9 du coiffage et des applications possibles - une palette de couleurs, deux types de coiffage.<\/p>","protected":false},"featured_media":26897,"comment_status":"open","ping_status":"closed","template":"","meta":{"jetpack_post_was_ever_published":false,"jetpack_publicize_message":"","jetpack_publicize_feature_enabled":true,"jetpack_social_post_already_shared":true,"jetpack_social_options":{"image_generator_settings":{"template":"highway","default_image_id":0,"font":"","enabled":false},"version":2}},"product_brand":[932],"product_cat":[51],"product_tag":[958,69,966],"class_list":{"0":"post-4933","1":"product","2":"type-product","3":"status-publish","4":"has-post-thumbnail","6":"product_brand-victoria-vynn","7":"product_cat-professional-nail-colours-gel","8":"product_tag-autumn-winter-gp-colors","9":"product_tag-gel-polish-colors","10":"product_tag-glitter-gel-polish","11":"product_shipping_class-cardboard-box","13":"first","14":"instock","15":"taxable","16":"shipping-taxable","17":"purchasable","18":"product-type-simple"},"jetpack_publicize_connections":[],"jetpack-related-posts":[{"id":4925,"url":"https:\/\/naillycosmetics.com\/fr\/produit\/victoria-vynn-gel-polish-color-223\/","url_meta":{"origin":4933,"position":0},"title":"Victoria VYNN Salon Gel Polish No. 223 Carat Rose Diamond","author":"Serge Sahakian","date":"septembre 4, 2022","format":false,"excerpt":"L'\u00e9blouissante ligne Carat Collection a \u00e9t\u00e9 cr\u00e9\u00e9e pour les bijoux, les designs \u00e9l\u00e9gants. Vous pouvez utiliser le vernis Carat pour couvrir toute la plaque, seulement les pointes ou l'utiliser pour r\u00e9aliser des d\u00e9tails \u00e9tincelants. Carat Rose Diamond est un rose avec des paillettes multicolores. Victoria VYNN Gel Polish Color est une ligne de vernis photopolym\u00e9risable...","rel":"","context":"Article similaire","block_context":{"text":"Article similaire","link":""},"img":{"alt_text":"gel polish 223","src":"https:\/\/i0.wp.com\/naillycosmetics.com\/wp-content\/uploads\/2026\/02\/gel-polish-223.png?fit=1000%2C1000&ssl=1&resize=350%2C200","width":350,"height":200,"srcset":"https:\/\/i0.wp.com\/naillycosmetics.com\/wp-content\/uploads\/2026\/02\/gel-polish-223.png?fit=1000%2C1000&ssl=1&resize=350%2C200 1x, https:\/\/i0.wp.com\/naillycosmetics.com\/wp-content\/uploads\/2026\/02\/gel-polish-223.png?fit=1000%2C1000&ssl=1&resize=525%2C300 1.5x, https:\/\/i0.wp.com\/naillycosmetics.com\/wp-content\/uploads\/2026\/02\/gel-polish-223.png?fit=1000%2C1000&ssl=1&resize=700%2C400 2x"},"classes":[]},{"id":4935,"url":"https:\/\/naillycosmetics.com\/fr\/produit\/victoria-vynn-gel-polish-color-229\/","url_meta":{"origin":4933,"position":1},"title":"Victoria VYNN Salon Gel Polish No. 229 Carat Opal Diamond","author":"Serge Sahakian","date":"septembre 4, 2022","format":false,"excerpt":"L'\u00e9blouissante ligne Carat Collection a \u00e9t\u00e9 cr\u00e9\u00e9e pour les bijoux, les designs \u00e9l\u00e9gants. Vous pouvez utiliser le vernis Carat pour couvrir toute la plaque, seulement les pointes ou l'utiliser pour faire des d\u00e9tails \u00e9tincelants. Le diamant opale Carat le plus vendu au Canada est violet avec des paillettes multicolores. Victoria VYNN Gel Polish Color est un vernis photopolym\u00e9risable...","rel":"","context":"Article similaire","block_context":{"text":"Article similaire","link":""},"img":{"alt_text":"","src":"https:\/\/i0.wp.com\/naillycosmetics.com\/wp-content\/uploads\/2026\/02\/gel-polish-229-carat-opal-diamond.jpeg?fit=753%2C753&ssl=1&resize=350%2C200","width":350,"height":200,"srcset":"https:\/\/i0.wp.com\/naillycosmetics.com\/wp-content\/uploads\/2026\/02\/gel-polish-229-carat-opal-diamond.jpeg?fit=753%2C753&ssl=1&resize=350%2C200 1x, https:\/\/i0.wp.com\/naillycosmetics.com\/wp-content\/uploads\/2026\/02\/gel-polish-229-carat-opal-diamond.jpeg?fit=753%2C753&ssl=1&resize=525%2C300 1.5x, https:\/\/i0.wp.com\/naillycosmetics.com\/wp-content\/uploads\/2026\/02\/gel-polish-229-carat-opal-diamond.jpeg?fit=753%2C753&ssl=1&resize=700%2C400 2x"},"classes":[]},{"id":4931,"url":"https:\/\/naillycosmetics.com\/fr\/produit\/victoria-vynn-gel-polish-color-227\/","url_meta":{"origin":4933,"position":2},"title":"Victoria VYNN Salon Gel Polish No. 227 Carat Emerald Diamond","author":"Serge Sahakian","date":"septembre 4, 2022","format":false,"excerpt":"L'\u00e9blouissante ligne Carat Collection a \u00e9t\u00e9 cr\u00e9\u00e9e pour les bijoux, les designs \u00e9l\u00e9gants. Vous pouvez utiliser le vernis Carat pour recouvrir toute la plaque, seulement les pointes ou l'utiliser pour r\u00e9aliser des d\u00e9tails \u00e9tincelants. Le diamant Carat Emerald est vert \u00e9meraude avec des paillettes multicolores. La couleur Victoria VYNN Gel Polish la plus vendue au Canada est...","rel":"","context":"Article similaire","block_context":{"text":"Article similaire","link":""},"img":{"alt_text":"","src":"https:\/\/i0.wp.com\/naillycosmetics.com\/wp-content\/uploads\/2026\/02\/gel-polish_227-carat.jpg?fit=753%2C753&ssl=1&resize=350%2C200","width":350,"height":200,"srcset":"https:\/\/i0.wp.com\/naillycosmetics.com\/wp-content\/uploads\/2026\/02\/gel-polish_227-carat.jpg?fit=753%2C753&ssl=1&resize=350%2C200 1x, https:\/\/i0.wp.com\/naillycosmetics.com\/wp-content\/uploads\/2026\/02\/gel-polish_227-carat.jpg?fit=753%2C753&ssl=1&resize=525%2C300 1.5x, https:\/\/i0.wp.com\/naillycosmetics.com\/wp-content\/uploads\/2026\/02\/gel-polish_227-carat.jpg?fit=753%2C753&ssl=1&resize=700%2C400 2x"},"classes":[]},{"id":4929,"url":"https:\/\/naillycosmetics.com\/fr\/produit\/silver-glitter-gel-nail-polish-225\/","url_meta":{"origin":4933,"position":3},"title":"Victoria VYNN Salon Gel Polish No. 225 Carat Silver Diamond","author":"Serge Sahakian","date":"septembre 4, 2022","format":false,"excerpt":"L'\u00e9blouissante ligne Carat Collection a \u00e9t\u00e9 cr\u00e9\u00e9e pour les bijoux, les designs \u00e9l\u00e9gants. Vous pouvez utiliser le vernis Carat pour recouvrir toute la plaque, seulement les pointes ou l'utiliser pour r\u00e9aliser des d\u00e9tails \u00e9tincelants. Carat Silver Diamond est un argent avec des paillettes multicolores. Victoria VYNN Gel Polish Color, la meilleure vente au Canada, est un vernis...","rel":"","context":"Article similaire","block_context":{"text":"Article similaire","link":""},"img":{"alt_text":"silver glitter gel nail polish","src":"https:\/\/i0.wp.com\/naillycosmetics.com\/wp-content\/uploads\/2026\/02\/gel-polish-225.png?fit=1000%2C1000&ssl=1&resize=350%2C200","width":350,"height":200,"srcset":"https:\/\/i0.wp.com\/naillycosmetics.com\/wp-content\/uploads\/2026\/02\/gel-polish-225.png?fit=1000%2C1000&ssl=1&resize=350%2C200 1x, https:\/\/i0.wp.com\/naillycosmetics.com\/wp-content\/uploads\/2026\/02\/gel-polish-225.png?fit=1000%2C1000&ssl=1&resize=525%2C300 1.5x, https:\/\/i0.wp.com\/naillycosmetics.com\/wp-content\/uploads\/2026\/02\/gel-polish-225.png?fit=1000%2C1000&ssl=1&resize=700%2C400 2x"},"classes":[]},{"id":5189,"url":"https:\/\/naillycosmetics.com\/fr\/produit\/victoria-vynn-salon-gel-polish-color-no-230\/","url_meta":{"origin":4933,"position":4},"title":"Victoria VYNN Salon Gel Polish No. 230 Carat Coral Diamond","author":"Serge Sahakian","date":"septembre 4, 2022","format":false,"excerpt":"Le fard \u00e0 joues Flaming Shape parfait vous est d\u00e9di\u00e9 si vous recherchez une teinte douce et pastel qui met en valeur votre bronzage de mani\u00e8re fiable. La meilleure vente de Victoria VYNN Gel Polish Color au Canada est une ligne de vernis hybrides photopolym\u00e9risables, qui est utilis\u00e9e dans deux types de coiffage : Syst\u00e8me hybride \u00e0 3 \u00e9tapes et...","rel":"","context":"Article similaire","block_context":{"text":"Article similaire","link":""},"img":{"alt_text":"","src":"https:\/\/i0.wp.com\/naillycosmetics.com\/wp-content\/uploads\/2026\/02\/gel-polish_230-carat-1.jpg?fit=753%2C753&ssl=1&resize=350%2C200","width":350,"height":200,"srcset":"https:\/\/i0.wp.com\/naillycosmetics.com\/wp-content\/uploads\/2026\/02\/gel-polish_230-carat-1.jpg?fit=753%2C753&ssl=1&resize=350%2C200 1x, https:\/\/i0.wp.com\/naillycosmetics.com\/wp-content\/uploads\/2026\/02\/gel-polish_230-carat-1.jpg?fit=753%2C753&ssl=1&resize=525%2C300 1.5x, https:\/\/i0.wp.com\/naillycosmetics.com\/wp-content\/uploads\/2026\/02\/gel-polish_230-carat-1.jpg?fit=753%2C753&ssl=1&resize=700%2C400 2x"},"classes":[]},{"id":5139,"url":"https:\/\/naillycosmetics.com\/fr\/produit\/victoria-vynn-salon-gel-polish-color-no-267\/","url_meta":{"origin":4933,"position":5},"title":"Victoria VYNN Salon Gel Polish No. 267 Crystal Topaz","author":"Serge Sahakian","date":"septembre 4, 2022","format":false,"excerpt":"Magnetic hybrid varnish from the Cat Eye collection guarantees a fashionable design with an elegant effect of magnetic dust, the location of which on the nail can be controlled with a magnet. Cat Eye Crystal Topaz - beige with a touch of silver. Canada's Best Selling Victoria VYNN Gel Polish\u2026","rel":"","context":"Article similaire","block_context":{"text":"Article similaire","link":""},"img":{"alt_text":"","src":"https:\/\/i0.wp.com\/naillycosmetics.com\/wp-content\/uploads\/2026\/02\/vynn_gp_267_s-1.jpg?fit=753%2C753&ssl=1&resize=350%2C200","width":350,"height":200,"srcset":"https:\/\/i0.wp.com\/naillycosmetics.com\/wp-content\/uploads\/2026\/02\/vynn_gp_267_s-1.jpg?fit=753%2C753&ssl=1&resize=350%2C200 1x, https:\/\/i0.wp.com\/naillycosmetics.com\/wp-content\/uploads\/2026\/02\/vynn_gp_267_s-1.jpg?fit=753%2C753&ssl=1&resize=525%2C300 1.5x, https:\/\/i0.wp.com\/naillycosmetics.com\/wp-content\/uploads\/2026\/02\/vynn_gp_267_s-1.jpg?fit=753%2C753&ssl=1&resize=700%2C400 2x"},"classes":[]}],"jetpack_sharing_enabled":true,"_links":{"self":[{"href":"https:\/\/naillycosmetics.com\/fr\/wp-json\/wp\/v2\/product\/4933","targetHints":{"allow":["GET"]}}],"collection":[{"href":"https:\/\/naillycosmetics.com\/fr\/wp-json\/wp\/v2\/product"}],"about":[{"href":"https:\/\/naillycosmetics.com\/fr\/wp-json\/wp\/v2\/types\/product"}],"replies":[{"embeddable":true,"href":"https:\/\/naillycosmetics.com\/fr\/wp-json\/wp\/v2\/comments?post=4933"}],"wp:featuredmedia":[{"embeddable":true,"href":"https:\/\/naillycosmetics.com\/fr\/wp-json\/wp\/v2\/media\/26897"}],"wp:attachment":[{"href":"https:\/\/naillycosmetics.com\/fr\/wp-json\/wp\/v2\/media?parent=4933"}],"wp:term":[{"taxonomy":"product_brand","embeddable":true,"href":"https:\/\/naillycosmetics.com\/fr\/wp-json\/wp\/v2\/product_brand?post=4933"},{"taxonomy":"product_cat","embeddable":true,"href":"https:\/\/naillycosmetics.com\/fr\/wp-json\/wp\/v2\/product_cat?post=4933"},{"taxonomy":"product_tag","embeddable":true,"href":"https:\/\/naillycosmetics.com\/fr\/wp-json\/wp\/v2\/product_tag?post=4933"}],"curies":[{"name":"wp","href":"https:\/\/api.w.org\/{rel}","templated":true}]}}