{"id":492,"date":"2019-11-24T21:23:32","date_gmt":"2019-11-25T02:23:32","guid":{"rendered":"https:\/\/naillycosmetics.com\/?post_type=product&#038;p=492"},"modified":"2026-04-09T20:58:45","modified_gmt":"2026-04-10T00:58:45","slug":"nail-gel-builder-uv-led","status":"publish","type":"product","link":"https:\/\/naillycosmetics.com\/fr\/produit\/nail-gel-builder-uv-led\/","title":{"rendered":"Victoria VYNN Salon Build Gel UV\/LED (Builder Gel)"},"content":{"rendered":"<div class=\"et_pb_row_inner et_pb_row_inner_4\">\n<div class=\"et_pb_column et_pb_column_4_4 et_pb_column_inner et_pb_column_inner_6 et-last-child\">\n<div class=\"et_pb_module et_pb_text et_pb_text_14 et_pb_bg_layout_light et_pb_text_align_left\">\n<div class=\"et_pb_text_inner\">\n<div class=\"description\">\n<div class=\"title witle-width-2\"><\/div>\n<div class=\"text\">Le gel autonivelant et flexible pour clous de construction, gr\u00e2ce \u00e0 ses propri\u00e9t\u00e9s inhabituelles, offrira un confort de travail exceptionnel, qui deviendra d\u00e9sormais facile et rapide. Prenez le gel de construction Build Gel et constatez par vous-m\u00eame la rapidit\u00e9 avec laquelle il r\u00e9pondra \u00e0 vos attentes : un design beau et durable.<\/div>\n<div><\/div>\n<\/div>\n<p>Victoria VYNN Nail Gel Builder UV\/LED est disponible en 16 couleurs. Il offre un confort lors de l'application et permet d'obtenir rapidement et facilement l'effet d\u00e9sir\u00e9 en modelant la plaque de l'ongle dans une forme classique choisie : carr\u00e9, ovale, amande, amande gothique ou dans des formes innovantes : bord, stiletto, tuyau.<\/p>\n<p>L'offre \u00e9tendue de Nail Gel Builder comprend des gels incolores avec une couleur d\u00e9licate et diff\u00e9rents degr\u00e9s de couverture. Les couleurs se m\u00e9langent parfaitement entre elles, ce qui permet d'obtenir encore plus de nuances. Pour obtenir l'effet des ongles naturels, il n'est pas n\u00e9cessaire d'appliquer un vernis color\u00e9, il suffit de faire briller avec un top coat.<\/p>\n<p>Victoria VYNN, la marque de vernis gel la plus vendue au Canada, fournit aux techniciens et professionnels de l'ongle des produits de haute qualit\u00e9 pour cr\u00e9er des finitions d'art de l'ongle \u00e9tonnantes. Visitez notre site fr\u00e9quemment pour de nouveaux produits !<\/p>\n<\/div>\n<\/div>\n<\/div>\n<\/div>\n<div class=\"et_pb_row_inner et_pb_row_inner_5 et_pb_row_1-4_1-4\">\n<div class=\"et_pb_column et_pb_column_1_4 et_pb_column_inner et_pb_column_inner_8\">\n<div class=\"et_pb_module et_pb_text et_pb_text_16 et_pb_bg_layout_light et_pb_text_align_left\">\n<div class=\"et_pb_text_inner\">\n<div class=\"et_pb_section et_pb_section_8 my-row4 et_section_specialty\">\n<div class=\"et_pb_row et_pb_gutters3\">\n<div class=\"et_pb_column_inner et_pb_column_1_2 et_pb_column_14 et_pb_specialty_column et_pb_css_mix_blend_mode_passthrough\">\n<div class=\"et_pb_row_inner et_pb_row_inner_5 et_pb_row_1-4_1-4\">\n<div class=\"et_pb_column_inner et_pb_column_1_4 et_pb_column_inner et_pb_column_inner_8\">\n<div class=\"et_pb_module et_pb_text et_pb_text_16 et_pb_bg_layout_light et_pb_text_align_left\">\n<div class=\"et_pb_text_inner\">\n<ul>\n<li>Densit\u00e9 moyenne<\/li>\n<li>Auto-nivelant et flexible<\/li>\n<li>Facile \u00e0 limer et \u00e0 ajuster<\/li>\n<li>Sans acide<\/li>\n<li>Sans odeur<\/li>\n<\/ul>\n<\/div>\n<\/div>\n<\/div>\n<\/div>\n<\/div>\n<\/div>\n<\/div>\n<\/div>\n<\/div>\n<\/div>\n<\/div>","protected":false},"excerpt":{"rendered":"<p style=\"text-align: left;\">Victoria VYNN Nail Gel Builder UV\/LED est disponible en 16 couleurs. Il offre un confort lors de l'application et permet d'obtenir rapidement et facilement l'effet d\u00e9sir\u00e9 en modelant la plaque de l'ongle dans une forme classique choisie : carr\u00e9, ovale, amande, amande gothique ou dans des formes innovantes : bord, stiletto, tuyau.<\/p>\n<p>Sp\u00e9cifications du produit :<\/p>\n<p><a href=\"http:\/\/naillycosmetics.com\/wp-content\/uploads\/2019\/11\/SALON-QUALITY.webp\"><img loading=\"lazy\" decoding=\"async\" class=\"size-full wp-image-8772 alignleft\" src=\"http:\/\/naillycosmetics.com\/wp-content\/uploads\/2019\/11\/SALON-QUALITY.webp\" alt=\"GEL NAIL BUILDER\" width=\"125\" height=\"150\" \/><\/a> <a href=\"http:\/\/naillycosmetics.com\/wp-content\/uploads\/2019\/11\/THREE-PHASE-SYSTEM.webp\"><img loading=\"lazy\" decoding=\"async\" class=\"size-full wp-image-8773 alignleft\" src=\"http:\/\/naillycosmetics.com\/wp-content\/uploads\/2019\/11\/THREE-PHASE-SYSTEM.webp\" alt=\"GEL NAIL BUILDER\" width=\"125\" height=\"150\" \/><\/a><a href=\"http:\/\/naillycosmetics.com\/wp-content\/uploads\/2020\/03\/FOR-UV-LED-LAMPS.webp\"><img loading=\"lazy\" decoding=\"async\" class=\"size-full wp-image-8758 alignleft\" src=\"http:\/\/naillycosmetics.com\/wp-content\/uploads\/2020\/03\/FOR-UV-LED-LAMPS.webp\" alt=\"rubber base coat\" width=\"125\" height=\"150\" \/><\/a><img loading=\"lazy\" decoding=\"async\" class=\"size-full wp-image-8756 alignleft\" src=\"http:\/\/naillycosmetics.com\/wp-content\/uploads\/2020\/03\/SELF-LEVELING.webp\" alt=\"rubber base coat\" width=\"125\" height=\"150\" \/><\/p>\n<p>&nbsp;<\/p>\n<p>&nbsp;<\/p>\n<p>&nbsp;<\/p>","protected":false},"featured_media":11497,"comment_status":"open","ping_status":"closed","template":"","meta":{"jetpack_post_was_ever_published":false,"jetpack_publicize_message":"","jetpack_publicize_feature_enabled":true,"jetpack_social_post_already_shared":false,"jetpack_social_options":{"image_generator_settings":{"template":"highway","default_image_id":0,"font":"","enabled":false},"version":2}},"product_brand":[932],"product_cat":[948],"product_tag":[91,976],"class_list":{"0":"post-492","1":"product","2":"type-product","3":"status-publish","4":"has-post-thumbnail","6":"product_brand-victoria-vynn","7":"product_cat-hard-nail-gel","8":"product_tag-builder-gel-colors","9":"product_tag-hard-gel","10":"product_shipping_class-cardboard-box","11":"pa_size-15ml","12":"pa_size-200ml","13":"pa_size-50ml","15":"first","16":"instock","17":"taxable","18":"shipping-taxable","19":"purchasable","20":"product-type-variable","21":"wvs-archive-product-wrapper"},"jetpack_publicize_connections":[],"jetpack-related-posts":[{"id":28697,"url":"https:\/\/naillycosmetics.com\/fr\/produit\/victoria-vynn-insta-gel\/","url_meta":{"origin":492,"position":0},"title":"Victoria VYNN Insta Gel","author":"Serge Sahakian","date":"mars 23, 2026","format":false,"excerpt":"Victoria VYNN Insta Gel is designed for fast, efficient application, helping nail technicians deliver quick, flawless, and glossy results with reduced service time. Product Specifications: \u00a0 \u00a0 \u00a0 \u00a0 \u00a0 \u00a0","rel":"","context":"Article similaire","block_context":{"text":"Article similaire","link":""},"img":{"alt_text":"","src":"https:\/\/i0.wp.com\/naillycosmetics.com\/wp-content\/uploads\/2026\/03\/victoria-vynn-insta-gel-01.webp?fit=750%2C1000&ssl=1&resize=350%2C200","width":350,"height":200,"srcset":"https:\/\/i0.wp.com\/naillycosmetics.com\/wp-content\/uploads\/2026\/03\/victoria-vynn-insta-gel-01.webp?fit=750%2C1000&ssl=1&resize=350%2C200 1x, https:\/\/i0.wp.com\/naillycosmetics.com\/wp-content\/uploads\/2026\/03\/victoria-vynn-insta-gel-01.webp?fit=750%2C1000&ssl=1&resize=525%2C300 1.5x, https:\/\/i0.wp.com\/naillycosmetics.com\/wp-content\/uploads\/2026\/03\/victoria-vynn-insta-gel-01.webp?fit=750%2C1000&ssl=1&resize=700%2C400 2x"},"classes":[]},{"id":1202,"url":"https:\/\/naillycosmetics.com\/fr\/produit\/acrylic-gel-canada-master-gel-60g\/","url_meta":{"origin":492,"position":1},"title":"Victoria VYNN Master Gel (Acrygel)","author":"Serge Sahakian","date":"mars 15, 2020","format":false,"excerpt":"Best Selling Acrylic Gel in Canada! Victoria VYNN Master Gel is a 2 in 1 a combination of the benefits of acrylic and gel. The unique acrygel formula guarantees comfort of work, full control over the product, without time pressure. Provides a durable and flexible manicure. Product Specifications: \u00a0 \u00a0\u2026","rel":"","context":"Article similaire","block_context":{"text":"Article similaire","link":""},"img":{"alt_text":"acrygel master gel","src":"https:\/\/i0.wp.com\/naillycosmetics.com\/wp-content\/uploads\/2020\/03\/master-gel-.webp?fit=750%2C1000&ssl=1&resize=350%2C200","width":350,"height":200,"srcset":"https:\/\/i0.wp.com\/naillycosmetics.com\/wp-content\/uploads\/2020\/03\/master-gel-.webp?fit=750%2C1000&ssl=1&resize=350%2C200 1x, https:\/\/i0.wp.com\/naillycosmetics.com\/wp-content\/uploads\/2020\/03\/master-gel-.webp?fit=750%2C1000&ssl=1&resize=525%2C300 1.5x, https:\/\/i0.wp.com\/naillycosmetics.com\/wp-content\/uploads\/2020\/03\/master-gel-.webp?fit=750%2C1000&ssl=1&resize=700%2C400 2x"},"classes":[]},{"id":27719,"url":"https:\/\/naillycosmetics.com\/fr\/produit\/mega-rubber-base-coat-gel-victoria-vynn\/","url_meta":{"origin":492,"position":2},"title":"Victoria VYNN Mega Rubber Base Coat","author":"Serge Sahakian","date":"mars 17, 2020","format":false,"excerpt":"La Mega Rubber Base Coat est une couche de base en caoutchouc multifonctionnelle, flexible et durable. La formule et les propri\u00e9t\u00e9s exceptionnelles de la Mega Base Coat permettent d'\u00e9tendre la plaque de l'ongle jusqu'\u00e0 7 mm et de renforcer la plaque de l'ongle naturel. Gr\u00e2ce \u00e0 sa consistance \u00e9paisse et autonivelante, elle...","rel":"","context":"Article similaire","block_context":{"text":"Article similaire","link":""},"img":{"alt_text":"mega rubber base coat gel clear","src":"https:\/\/i0.wp.com\/naillycosmetics.com\/wp-content\/uploads\/2026\/02\/mega-rubber-base-gel-clear.webp?fit=750%2C1000&ssl=1&resize=350%2C200","width":350,"height":200,"srcset":"https:\/\/i0.wp.com\/naillycosmetics.com\/wp-content\/uploads\/2026\/02\/mega-rubber-base-gel-clear.webp?fit=750%2C1000&ssl=1&resize=350%2C200 1x, https:\/\/i0.wp.com\/naillycosmetics.com\/wp-content\/uploads\/2026\/02\/mega-rubber-base-gel-clear.webp?fit=750%2C1000&ssl=1&resize=525%2C300 1.5x, https:\/\/i0.wp.com\/naillycosmetics.com\/wp-content\/uploads\/2026\/02\/mega-rubber-base-gel-clear.webp?fit=750%2C1000&ssl=1&resize=700%2C400 2x"},"classes":[]},{"id":23943,"url":"https:\/\/naillycosmetics.com\/fr\/produit\/victoria-vynn-nail-tech-essentials-set-14-pack\/","url_meta":{"origin":492,"position":3},"title":"Victoria VYNN Nail Tech Essentials Set 14 Pack","author":"Serge Sahakian","date":"f\u00e9vrier 11, 2026","format":false,"excerpt":"What\u2019s Inside the Set? \u00a0Nail Prep & Foundation Salon Nail Prep 15ml Tape Bond 8ml Mega Base Clear 8ml Gel Polish No. 214 Top Oh! My Gloss 8ml \u00a0Builder & Sculpting System Salon Build Gel Base 15ml Mousse Gel Coral Soft No.3 15ml Master Gel Milky White No.2 60g Master\u2026","rel":"","context":"Article similaire","block_context":{"text":"Article similaire","link":""},"img":{"alt_text":"BUILD GEL SET new","src":"https:\/\/i0.wp.com\/naillycosmetics.com\/wp-content\/uploads\/2026\/02\/build-gel-set-new-11.webp?fit=750%2C1000&ssl=1&resize=350%2C200","width":350,"height":200,"srcset":"https:\/\/i0.wp.com\/naillycosmetics.com\/wp-content\/uploads\/2026\/02\/build-gel-set-new-11.webp?fit=750%2C1000&ssl=1&resize=350%2C200 1x, https:\/\/i0.wp.com\/naillycosmetics.com\/wp-content\/uploads\/2026\/02\/build-gel-set-new-11.webp?fit=750%2C1000&ssl=1&resize=525%2C300 1.5x, https:\/\/i0.wp.com\/naillycosmetics.com\/wp-content\/uploads\/2026\/02\/build-gel-set-new-11.webp?fit=750%2C1000&ssl=1&resize=700%2C400 2x"},"classes":[]},{"id":11380,"url":"https:\/\/naillycosmetics.com\/fr\/produit\/victoria-vynn-soft-gel-tips-led-lamp\/","url_meta":{"origin":492,"position":4},"title":"Victoria VYNN Soft Gel Tips Lampe LED","author":"Serge Sahakian","date":"avril 13, 2023","format":false,"excerpt":"Soft Gel Tips LED LAMP with spot light for the initial polymerization of gel, connecting the tip to the natural plate. Designed for use on single nails extended by SOFT GEL TIPS. The led lamp are packed in dedicated boxes. Product Specifications: \u00a0 \u00a0 \u00a0 \u00a0 \u00a0 \u00a0 \u00a0","rel":"","context":"Article similaire","block_context":{"text":"Article similaire","link":""},"img":{"alt_text":"Victoria VYNN Soft Gel Tips LED Lamp","src":"https:\/\/i0.wp.com\/naillycosmetics.com\/wp-content\/uploads\/2026\/02\/victoria-vynn-soft-gel-tips-led-lamp-1-1.webp?fit=750%2C1000&ssl=1&resize=350%2C200","width":350,"height":200,"srcset":"https:\/\/i0.wp.com\/naillycosmetics.com\/wp-content\/uploads\/2026\/02\/victoria-vynn-soft-gel-tips-led-lamp-1-1.webp?fit=750%2C1000&ssl=1&resize=350%2C200 1x, https:\/\/i0.wp.com\/naillycosmetics.com\/wp-content\/uploads\/2026\/02\/victoria-vynn-soft-gel-tips-led-lamp-1-1.webp?fit=750%2C1000&ssl=1&resize=525%2C300 1.5x, https:\/\/i0.wp.com\/naillycosmetics.com\/wp-content\/uploads\/2026\/02\/victoria-vynn-soft-gel-tips-led-lamp-1-1.webp?fit=750%2C1000&ssl=1&resize=700%2C400 2x"},"classes":[]},{"id":22932,"url":"https:\/\/naillycosmetics.com\/fr\/produit\/victoria-vynn-liquid-polygel-color-chart-01-06\/","url_meta":{"origin":492,"position":5},"title":"Victoria VYNN Liquid Polygel Color Chart 01-06","author":"Serge Sahakian","date":"octobre 18, 2025","format":false,"excerpt":"Discover all six dreamy shades of Victoria Vynn Liquid PolyGel \u2014 from soft milky tones to delicate pinks. Each color delivers salon-perfect strength, flexibility, and a natural, flawless finish.\u2728 The ultimate hybrid system for effortless beauty in every shade.","rel":"","context":"Article similaire","block_context":{"text":"Article similaire","link":""},"img":{"alt_text":"liquid plygel color chart","src":"https:\/\/i0.wp.com\/naillycosmetics.com\/wp-content\/uploads\/2026\/02\/liquid-plygel-color-chart.webp?fit=750%2C1000&ssl=1&resize=350%2C200","width":350,"height":200,"srcset":"https:\/\/i0.wp.com\/naillycosmetics.com\/wp-content\/uploads\/2026\/02\/liquid-plygel-color-chart.webp?fit=750%2C1000&ssl=1&resize=350%2C200 1x, https:\/\/i0.wp.com\/naillycosmetics.com\/wp-content\/uploads\/2026\/02\/liquid-plygel-color-chart.webp?fit=750%2C1000&ssl=1&resize=525%2C300 1.5x, https:\/\/i0.wp.com\/naillycosmetics.com\/wp-content\/uploads\/2026\/02\/liquid-plygel-color-chart.webp?fit=750%2C1000&ssl=1&resize=700%2C400 2x"},"classes":[]}],"jetpack_sharing_enabled":true,"_links":{"self":[{"href":"https:\/\/naillycosmetics.com\/fr\/wp-json\/wp\/v2\/product\/492","targetHints":{"allow":["GET"]}}],"collection":[{"href":"https:\/\/naillycosmetics.com\/fr\/wp-json\/wp\/v2\/product"}],"about":[{"href":"https:\/\/naillycosmetics.com\/fr\/wp-json\/wp\/v2\/types\/product"}],"replies":[{"embeddable":true,"href":"https:\/\/naillycosmetics.com\/fr\/wp-json\/wp\/v2\/comments?post=492"}],"wp:featuredmedia":[{"embeddable":true,"href":"https:\/\/naillycosmetics.com\/fr\/wp-json\/wp\/v2\/media\/11497"}],"wp:attachment":[{"href":"https:\/\/naillycosmetics.com\/fr\/wp-json\/wp\/v2\/media?parent=492"}],"wp:term":[{"taxonomy":"product_brand","embeddable":true,"href":"https:\/\/naillycosmetics.com\/fr\/wp-json\/wp\/v2\/product_brand?post=492"},{"taxonomy":"product_cat","embeddable":true,"href":"https:\/\/naillycosmetics.com\/fr\/wp-json\/wp\/v2\/product_cat?post=492"},{"taxonomy":"product_tag","embeddable":true,"href":"https:\/\/naillycosmetics.com\/fr\/wp-json\/wp\/v2\/product_tag?post=492"}],"curies":[{"name":"wp","href":"https:\/\/api.w.org\/{rel}","templated":true}]}}