{"id":4715,"date":"2022-09-04T12:30:44","date_gmt":"2022-09-04T16:30:44","guid":{"rendered":"https:\/\/naillycosmetics.com\/index.php\/product\/victoria-vynn-gel-polish-color-214\/"},"modified":"2026-04-06T13:32:56","modified_gmt":"2026-04-06T17:32:56","slug":"christmas-gel-polish-214-merry-christmas","status":"publish","type":"product","link":"https:\/\/naillycosmetics.com\/fr\/produit\/christmas-gel-polish-214-merry-christmas\/","title":{"rendered":"Victoria VYNN Salon Gel Polish No. 214 Merry Christmas"},"content":{"rendered":"<p>Le syst\u00e8me Gel Polish comprend des vernis hybrides classiques et durables durcis dans des lampes UV et LED. Le syst\u00e8me contient des bases et des tops aux propri\u00e9t\u00e9s, \u00e0 la durabilit\u00e9 et \u00e0 la finition diff\u00e9rentes.<\/p>\n<p>Nous r\u00e9pondons aux besoins de nos clients en offrant une riche vari\u00e9t\u00e9 de couleurs avec des vernis hybrides de diff\u00e9rentes couvertures et effets, dans plus de 200 couleurs.<\/p>\n<p>Merry Christmas Gel Polish est un rouge pur, ardent et intemporel qui conviendra non seulement aux occasions sp\u00e9ciales.<\/p>\n<p>Victoria VYNN Gel Polish Color est une ligne de vernis hybrides \u00e0 s\u00e9chage l\u00e9ger, qui est utilis\u00e9e dans deux types de coiffage : Syst\u00e8me hybride en 3 \u00e9tapes et Syst\u00e8me Soak Off en 4 \u00e9tapes. Gel Polish Color impressionne par la qualit\u00e9 du coiffage et les applications possibles - une palette de couleurs, deux types de coiffage.<\/p>\n<p>Sp\u00e9cifications du produit :<\/p>\n<ul>\n<li>A utiliser pour les manucures hybrides et les manucures Soak Off.<\/li>\n<li>Formule laque-gel.<\/li>\n<li>Deux couches fines assurent une couverture parfaite et une profondeur de couleur.<\/li>\n<li>Il s'\u00e9tale uniform\u00e9ment, sans traces.<\/li>\n<li>Une large gamme de couleurs : \u00e9maux, paillettes, pastels, n\u00e9ons, semi-transparents et couleurs fran\u00e7aises.<\/li>\n<\/ul>","protected":false},"excerpt":{"rendered":"<p>Merry Christmas Gel Polish est un rouge pur, ardent et intemporel qui convient non seulement aux occasions sp\u00e9ciales.<\/p>\n<p>Victoria VYNN Gel Polish Color, la meilleure vente au Canada, est une ligne de vernis hybrides \u00e0 s\u00e9chage l\u00e9ger, qui est utilis\u00e9e dans deux types de coiffage : Syst\u00e8me hybride en 3 \u00e9tapes et Syst\u00e8me Soak Off en 4 \u00e9tapes. Gel Polish Color impressionne par la qualit\u00e9 du coiffage et des applications possibles - une palette de couleurs, deux types de coiffage.<\/p>","protected":false},"featured_media":24514,"comment_status":"open","ping_status":"closed","template":"","meta":{"jetpack_post_was_ever_published":false,"jetpack_publicize_message":"","jetpack_publicize_feature_enabled":true,"jetpack_social_post_already_shared":true,"jetpack_social_options":{"image_generator_settings":{"template":"highway","default_image_id":0,"font":"","enabled":false},"version":2}},"product_brand":[932],"product_cat":[51],"product_tag":[968,69,960],"class_list":{"0":"post-4715","1":"product","2":"type-product","3":"status-publish","4":"has-post-thumbnail","6":"product_brand-victoria-vynn","7":"product_cat-professional-nail-colours-gel","8":"product_tag-classic-red-gel-polish","9":"product_tag-gel-polish-colors","10":"product_tag-spring-summer-gel-polish-colors","11":"product_shipping_class-cardboard-box","12":"pa_size-8ml","14":"first","15":"instock","16":"taxable","17":"shipping-taxable","18":"purchasable","19":"product-type-simple"},"jetpack_publicize_connections":[],"jetpack-related-posts":[{"id":16587,"url":"https:\/\/naillycosmetics.com\/fr\/produit\/stunning-blue-cat-eye-gel-polish-356\/","url_meta":{"origin":4715,"position":0},"title":"Victoria VYNN Gel Polish No. 356 Cat Eye Night Flash","author":"Serge Sahakian","date":"d\u00e9cembre 11, 2023","format":false,"excerpt":"Superbe Gel Polish bleu pour yeux de chat !  Victoria VYNN Salon Gel Polish No. 356 - Night Flash est la couleur multidimensionnelle stup\u00e9fiante pour les yeux de chat bleu marine. Le premier distributeur canadien de fournitures professionnelles pour les ongles. Achetez en toute confiance ! Collection : Christmas Salon Gel Polish Sp\u00e9cifications du produit : \u00a0 \u00a0 \u00a0 \u00a0 \u00a0","rel":"","context":"Article similaire","block_context":{"text":"Article similaire","link":""},"img":{"alt_text":"stunning blue cat eye gel polish victoria vynn cat eye gel polish 356 night flash","src":"https:\/\/i0.wp.com\/naillycosmetics.com\/wp-content\/uploads\/2026\/02\/stunning-blue-cat-eye-gel-polish-victoria-vynn-cat-eye-gel-polish-356-night-flash-1.webp?fit=750%2C1000&ssl=1&resize=350%2C200","width":350,"height":200,"srcset":"https:\/\/i0.wp.com\/naillycosmetics.com\/wp-content\/uploads\/2026\/02\/stunning-blue-cat-eye-gel-polish-victoria-vynn-cat-eye-gel-polish-356-night-flash-1.webp?fit=750%2C1000&ssl=1&resize=350%2C200 1x, https:\/\/i0.wp.com\/naillycosmetics.com\/wp-content\/uploads\/2026\/02\/stunning-blue-cat-eye-gel-polish-victoria-vynn-cat-eye-gel-polish-356-night-flash-1.webp?fit=750%2C1000&ssl=1&resize=525%2C300 1.5x, https:\/\/i0.wp.com\/naillycosmetics.com\/wp-content\/uploads\/2026\/02\/stunning-blue-cat-eye-gel-polish-victoria-vynn-cat-eye-gel-polish-356-night-flash-1.webp?fit=750%2C1000&ssl=1&resize=700%2C400 2x"},"classes":[]},{"id":16589,"url":"https:\/\/naillycosmetics.com\/fr\/produit\/beautiful-purple-cat-eye-gel-polish-357\/","url_meta":{"origin":4715,"position":1},"title":"Victoria VYNN Gel Polish No. 357 Cat Eye Party Flash","author":"Serge Sahakian","date":"d\u00e9cembre 11, 2023","format":false,"excerpt":"Beautiful Purple Cat Eye Gel Polish! \u00a0Victoria VYNN Salon Gel Polish No. 357 - Party Flash has a beautiful diverse purple shade.\u00a0Canada's Leading Distributor of Professional Nail Supplies. Buy with Confidence! Collection: Christmas Salon Gel Polish Product Specifications: \u00a0 \u00a0 \u00a0 \u00a0 \u00a0","rel":"","context":"Article similaire","block_context":{"text":"Article similaire","link":""},"img":{"alt_text":"beautiful purple cat eye gel polish victoria vynn party flash no. 357","src":"https:\/\/i0.wp.com\/naillycosmetics.com\/wp-content\/uploads\/2026\/02\/beautiful-purple-cat-eye-gel-polish-victoria-vynn-party-flash-no.-357-1.webp?fit=750%2C1000&ssl=1&resize=350%2C200","width":350,"height":200,"srcset":"https:\/\/i0.wp.com\/naillycosmetics.com\/wp-content\/uploads\/2026\/02\/beautiful-purple-cat-eye-gel-polish-victoria-vynn-party-flash-no.-357-1.webp?fit=750%2C1000&ssl=1&resize=350%2C200 1x, https:\/\/i0.wp.com\/naillycosmetics.com\/wp-content\/uploads\/2026\/02\/beautiful-purple-cat-eye-gel-polish-victoria-vynn-party-flash-no.-357-1.webp?fit=750%2C1000&ssl=1&resize=525%2C300 1.5x, https:\/\/i0.wp.com\/naillycosmetics.com\/wp-content\/uploads\/2026\/02\/beautiful-purple-cat-eye-gel-polish-victoria-vynn-party-flash-no.-357-1.webp?fit=750%2C1000&ssl=1&resize=700%2C400 2x"},"classes":[]},{"id":16583,"url":"https:\/\/naillycosmetics.com\/fr\/produit\/catchy-cat-eye-gel-polish-354-aurora-shine\/","url_meta":{"origin":4715,"position":2},"title":"Victoria VYNN Gel Polish No. 354 Cat Eye Aurora Shine","author":"Serge Sahakian","date":"d\u00e9cembre 11, 2023","format":false,"excerpt":"Amazing Catchy Cat Eye Gel Polish! \u00a0Victoria VYNN Salon Gel Polish No. 354 - Aurora Shine is an ambiguous pink shade.. Canada's Leading Distributor of Professional Nail Supplies. Buy with Confidence! Collection: Christmas Salon Gel Polish Product Specifications: \u00a0 \u00a0 \u00a0 \u00a0 \u00a0","rel":"","context":"Article similaire","block_context":{"text":"Article similaire","link":""},"img":{"alt_text":"best catchy cat eye gel polish victoira vynn gel polish 354 aurora shine","src":"https:\/\/i0.wp.com\/naillycosmetics.com\/wp-content\/uploads\/2026\/02\/best-catchy-cat-eye-gel-polish-victoira-vynn-gel-polish-354-aurora-shine-1.webp?fit=750%2C1000&ssl=1&resize=350%2C200","width":350,"height":200,"srcset":"https:\/\/i0.wp.com\/naillycosmetics.com\/wp-content\/uploads\/2026\/02\/best-catchy-cat-eye-gel-polish-victoira-vynn-gel-polish-354-aurora-shine-1.webp?fit=750%2C1000&ssl=1&resize=350%2C200 1x, https:\/\/i0.wp.com\/naillycosmetics.com\/wp-content\/uploads\/2026\/02\/best-catchy-cat-eye-gel-polish-victoira-vynn-gel-polish-354-aurora-shine-1.webp?fit=750%2C1000&ssl=1&resize=525%2C300 1.5x, https:\/\/i0.wp.com\/naillycosmetics.com\/wp-content\/uploads\/2026\/02\/best-catchy-cat-eye-gel-polish-victoira-vynn-gel-polish-354-aurora-shine-1.webp?fit=750%2C1000&ssl=1&resize=700%2C400 2x"},"classes":[]},{"id":4687,"url":"https:\/\/naillycosmetics.com\/fr\/produit\/victoria-vynn-gel-polish-color-201\/","url_meta":{"origin":4715,"position":3},"title":"Victoria VYNN Salon Gel Polish No. 201 Peach Desire","author":"Serge Sahakian","date":"septembre 4, 2022","format":false,"excerpt":"The milky Peach Desire is a must for any nail stylist in the collection of hybrid varnishes. Canada's Best Selling Victoria VYNN Gel Polish Color is a light-curable line of hybrid varnishes, which is used in two types of styling: 3-stage Hybrid System and 4-stage Soak Off System. Gel Polish\u2026","rel":"","context":"Article similaire","block_context":{"text":"Article similaire","link":""},"img":{"alt_text":"","src":"https:\/\/i0.wp.com\/naillycosmetics.com\/wp-content\/uploads\/2026\/02\/gel-polish-color-no-201-peach-desire.jpg?fit=753%2C753&ssl=1&resize=350%2C200","width":350,"height":200,"srcset":"https:\/\/i0.wp.com\/naillycosmetics.com\/wp-content\/uploads\/2026\/02\/gel-polish-color-no-201-peach-desire.jpg?fit=753%2C753&ssl=1&resize=350%2C200 1x, https:\/\/i0.wp.com\/naillycosmetics.com\/wp-content\/uploads\/2026\/02\/gel-polish-color-no-201-peach-desire.jpg?fit=753%2C753&ssl=1&resize=525%2C300 1.5x, https:\/\/i0.wp.com\/naillycosmetics.com\/wp-content\/uploads\/2026\/02\/gel-polish-color-no-201-peach-desire.jpg?fit=753%2C753&ssl=1&resize=700%2C400 2x"},"classes":[]},{"id":5061,"url":"https:\/\/naillycosmetics.com\/fr\/produit\/victoria-vynn-salon-gel-polish-color-no-316\/","url_meta":{"origin":4715,"position":4},"title":"Victoria VYNN Salon Gel Polish No. 316 Lemon Tree","author":"Serge Sahakian","date":"septembre 4, 2022","format":false,"excerpt":"Green-yellow color of fresh lime with white particles. Canada's Best Selling Victoria VYNN Gel Polish Color is a light-curable line of hybrid varnishes, which is used in two types of styling: 3-stage Hybrid System and 4-stage Soak Off System. Gel Polish Color impresses with the quality of styling and possible\u2026","rel":"","context":"Article similaire","block_context":{"text":"Article similaire","link":""},"img":{"alt_text":"","src":"https:\/\/i0.wp.com\/naillycosmetics.com\/wp-content\/uploads\/2026\/02\/gel-polish-316-lemon-tree-1.jpeg?fit=753%2C753&ssl=1&resize=350%2C200","width":350,"height":200,"srcset":"https:\/\/i0.wp.com\/naillycosmetics.com\/wp-content\/uploads\/2026\/02\/gel-polish-316-lemon-tree-1.jpeg?fit=753%2C753&ssl=1&resize=350%2C200 1x, https:\/\/i0.wp.com\/naillycosmetics.com\/wp-content\/uploads\/2026\/02\/gel-polish-316-lemon-tree-1.jpeg?fit=753%2C753&ssl=1&resize=525%2C300 1.5x, https:\/\/i0.wp.com\/naillycosmetics.com\/wp-content\/uploads\/2026\/02\/gel-polish-316-lemon-tree-1.jpeg?fit=753%2C753&ssl=1&resize=700%2C400 2x"},"classes":[]},{"id":5229,"url":"https:\/\/naillycosmetics.com\/fr\/produit\/victoria-vynn-salon-gel-polish-color-no-158\/","url_meta":{"origin":4715,"position":5},"title":"Victoria VYNN Salon Gel Polish No. 158 Coral Joy","author":"Serge Sahakian","date":"septembre 4, 2022","format":false,"excerpt":"La teinte du rouge noble de Coral Joy retiendra bien des regards. Victoria VYNN Gel Polish Color, la meilleure vente au Canada, est une gamme de vernis hybrides \u00e0 s\u00e9chage l\u00e9ger, qui est utilis\u00e9e dans deux types de coiffage : Syst\u00e8me hybride en 3 \u00e9tapes et Syst\u00e8me Soak Off en 4 \u00e9tapes. Gel Polish Color impressionne avec...","rel":"","context":"Article similaire","block_context":{"text":"Article similaire","link":""},"img":{"alt_text":"","src":"https:\/\/i0.wp.com\/naillycosmetics.com\/wp-content\/uploads\/2026\/02\/gel-polish-158-coral-joy-1.jpeg?fit=753%2C753&ssl=1&resize=350%2C200","width":350,"height":200,"srcset":"https:\/\/i0.wp.com\/naillycosmetics.com\/wp-content\/uploads\/2026\/02\/gel-polish-158-coral-joy-1.jpeg?fit=753%2C753&ssl=1&resize=350%2C200 1x, https:\/\/i0.wp.com\/naillycosmetics.com\/wp-content\/uploads\/2026\/02\/gel-polish-158-coral-joy-1.jpeg?fit=753%2C753&ssl=1&resize=525%2C300 1.5x, https:\/\/i0.wp.com\/naillycosmetics.com\/wp-content\/uploads\/2026\/02\/gel-polish-158-coral-joy-1.jpeg?fit=753%2C753&ssl=1&resize=700%2C400 2x"},"classes":[]}],"jetpack_sharing_enabled":true,"_links":{"self":[{"href":"https:\/\/naillycosmetics.com\/fr\/wp-json\/wp\/v2\/product\/4715","targetHints":{"allow":["GET"]}}],"collection":[{"href":"https:\/\/naillycosmetics.com\/fr\/wp-json\/wp\/v2\/product"}],"about":[{"href":"https:\/\/naillycosmetics.com\/fr\/wp-json\/wp\/v2\/types\/product"}],"replies":[{"embeddable":true,"href":"https:\/\/naillycosmetics.com\/fr\/wp-json\/wp\/v2\/comments?post=4715"}],"wp:featuredmedia":[{"embeddable":true,"href":"https:\/\/naillycosmetics.com\/fr\/wp-json\/wp\/v2\/media\/24514"}],"wp:attachment":[{"href":"https:\/\/naillycosmetics.com\/fr\/wp-json\/wp\/v2\/media?parent=4715"}],"wp:term":[{"taxonomy":"product_brand","embeddable":true,"href":"https:\/\/naillycosmetics.com\/fr\/wp-json\/wp\/v2\/product_brand?post=4715"},{"taxonomy":"product_cat","embeddable":true,"href":"https:\/\/naillycosmetics.com\/fr\/wp-json\/wp\/v2\/product_cat?post=4715"},{"taxonomy":"product_tag","embeddable":true,"href":"https:\/\/naillycosmetics.com\/fr\/wp-json\/wp\/v2\/product_tag?post=4715"}],"curies":[{"name":"wp","href":"https:\/\/api.w.org\/{rel}","templated":true}]}}