{"id":4577,"date":"2022-09-04T16:28:32","date_gmt":"2022-09-04T20:28:32","guid":{"rendered":"https:\/\/naillycosmetics.com\/index.php\/product\/victoria-vynn-gel-polish-color-111\/"},"modified":"2026-03-14T14:39:00","modified_gmt":"2026-03-14T18:39:00","slug":"gel-polish-111-gold-foil","status":"publish","type":"product","link":"https:\/\/naillycosmetics.com\/fr\/produit\/gel-polish-111-gold-foil\/","title":{"rendered":"Victoria VYNN Salon Gel Polish No. 111 Gold Foil"},"content":{"rendered":"<p>Le syst\u00e8me Gel Polish comprend des vernis hybrides classiques et durables durcis dans des lampes UV et LED. Le syst\u00e8me contient des bases et des tops aux propri\u00e9t\u00e9s, \u00e0 la durabilit\u00e9 et \u00e0 la finition diff\u00e9rentes.<\/p>\n<p>Nous r\u00e9pondons aux besoins de nos clients en offrant une riche vari\u00e9t\u00e9 de couleurs avec des vernis hybrides de diff\u00e9rentes couvertures et effets, dans plus de 200 couleurs.<\/p>\n<p>Une masse transparente de feuilles d'or avec des paillettes dor\u00e9es de formes asym\u00e9triques enrichira chaque dessin.<\/p>\n<p>Victoria VYNN Gel Polish Color est une ligne de vernis hybrides \u00e0 s\u00e9chage l\u00e9ger, qui est utilis\u00e9e dans deux types de coiffage : Syst\u00e8me hybride en 3 \u00e9tapes et Syst\u00e8me Soak Off en 4 \u00e9tapes. Gel Polish Color impressionne par la qualit\u00e9 du coiffage et les applications possibles - une palette de couleurs, deux types de coiffage.<\/p>\n<p>Sp\u00e9cifications du produit :<\/p>\n<ul>\n<li>A utiliser pour les manucures hybrides et les manucures Soak Off.<\/li>\n<li>Formule laque-gel.<\/li>\n<li>Deux couches fines assurent une couverture parfaite et une profondeur de couleur.<\/li>\n<li>Il s'\u00e9tale uniform\u00e9ment, sans traces.<\/li>\n<li>Une large gamme de couleurs : \u00e9maux, paillettes, pastels, n\u00e9ons, semi-transparents et couleurs fran\u00e7aises.<\/li>\n<\/ul>","protected":false},"excerpt":{"rendered":"<p>Une masse transparente de feuilles d'or avec des paillettes dor\u00e9es de formes asym\u00e9triques enrichira chaque dessin.<\/p>\n<p>Victoria VYNN Gel Polish Color, la meilleure vente au Canada, est une ligne de vernis hybrides \u00e0 s\u00e9chage l\u00e9ger, qui est utilis\u00e9e dans deux types de coiffage : Syst\u00e8me hybride en 3 \u00e9tapes et Syst\u00e8me Soak Off en 4 \u00e9tapes. Gel Polish Color impressionne par la qualit\u00e9 du coiffage et des applications possibles - une palette de couleurs, deux types de coiffage.<\/p>","protected":false},"featured_media":26664,"comment_status":"open","ping_status":"closed","template":"","meta":{"jetpack_post_was_ever_published":false,"jetpack_publicize_message":"","jetpack_publicize_feature_enabled":true,"jetpack_social_post_already_shared":true,"jetpack_social_options":{"image_generator_settings":{"template":"highway","default_image_id":0,"font":"","enabled":false},"version":2}},"product_brand":[932],"product_cat":[51],"product_tag":[969,69,960],"class_list":{"0":"post-4577","1":"product","2":"type-product","3":"status-publish","4":"has-post-thumbnail","6":"product_brand-victoria-vynn","7":"product_cat-professional-nail-colours-gel","8":"product_tag-confetti-gel-polish","9":"product_tag-gel-polish-colors","10":"product_tag-spring-summer-gel-polish-colors","11":"product_shipping_class-cardboard-box","12":"pa_size-8ml","14":"first","15":"instock","16":"taxable","17":"shipping-taxable","18":"purchasable","19":"product-type-simple"},"jetpack_publicize_connections":[],"jetpack-related-posts":[{"id":4575,"url":"https:\/\/naillycosmetics.com\/fr\/produit\/gel-polish-110-silver-foil\/","url_meta":{"origin":4577,"position":0},"title":"Victoria VYNN Salon Gel Polish No. 110 Silver Foil","author":"Serge Sahakian","date":"septembre 4, 2022","format":false,"excerpt":"Silver Foil, i.e. silver flakes with irregular shapes in a transparent mass, are perfect for jewelry decorations. Canada's Best Selling Victoria VYNN Gel Polish Color is a light-curable line of hybrid varnishes, which is used in two types of styling: 3-stage Hybrid System and 4-stage Soak Off System. Gel Polish\u2026","rel":"","context":"Article similaire","block_context":{"text":"Article similaire","link":""},"img":{"alt_text":"Salon Gel Polish 110 Silver Foil","src":"https:\/\/i0.wp.com\/naillycosmetics.com\/wp-content\/uploads\/2026\/02\/salon-gel-polish-110-silver-foil.png?fit=1000%2C1000&ssl=1&resize=350%2C200","width":350,"height":200,"srcset":"https:\/\/i0.wp.com\/naillycosmetics.com\/wp-content\/uploads\/2026\/02\/salon-gel-polish-110-silver-foil.png?fit=1000%2C1000&ssl=1&resize=350%2C200 1x, https:\/\/i0.wp.com\/naillycosmetics.com\/wp-content\/uploads\/2026\/02\/salon-gel-polish-110-silver-foil.png?fit=1000%2C1000&ssl=1&resize=525%2C300 1.5x, https:\/\/i0.wp.com\/naillycosmetics.com\/wp-content\/uploads\/2026\/02\/salon-gel-polish-110-silver-foil.png?fit=1000%2C1000&ssl=1&resize=700%2C400 2x"},"classes":[]},{"id":5081,"url":"https:\/\/naillycosmetics.com\/fr\/produit\/victoria-vynn-salon-gel-polish-color-no-304\/","url_meta":{"origin":4577,"position":1},"title":"Victoria VYNN Salon Gel Polish No. 304 Glamor in Gold","author":"Serge Sahakian","date":"septembre 4, 2022","format":false,"excerpt":"Glamor in Gold will take care of the luxurious, golden glow of each design. Canada's Best Selling Victoria VYNN Gel Polish Color is a light-curable line of hybrid varnishes, which is used in two types of styling: 3-stage Hybrid System and 4-stage Soak Off System. Gel Polish Color impresses with\u2026","rel":"","context":"Article similaire","block_context":{"text":"Article similaire","link":""},"img":{"alt_text":"","src":"https:\/\/i0.wp.com\/naillycosmetics.com\/wp-content\/uploads\/2026\/02\/gel-polish-304-glamor-in-gold-1.jpeg?fit=753%2C753&ssl=1&resize=350%2C200","width":350,"height":200,"srcset":"https:\/\/i0.wp.com\/naillycosmetics.com\/wp-content\/uploads\/2026\/02\/gel-polish-304-glamor-in-gold-1.jpeg?fit=753%2C753&ssl=1&resize=350%2C200 1x, https:\/\/i0.wp.com\/naillycosmetics.com\/wp-content\/uploads\/2026\/02\/gel-polish-304-glamor-in-gold-1.jpeg?fit=753%2C753&ssl=1&resize=525%2C300 1.5x, https:\/\/i0.wp.com\/naillycosmetics.com\/wp-content\/uploads\/2026\/02\/gel-polish-304-glamor-in-gold-1.jpeg?fit=753%2C753&ssl=1&resize=700%2C400 2x"},"classes":[]},{"id":5089,"url":"https:\/\/naillycosmetics.com\/fr\/produit\/victoria-vynn-salon-gel-polish-color-no-300\/","url_meta":{"origin":4577,"position":2},"title":"Victoria VYNN Salon Gel Polish No. 300 Mimosa Gold","author":"Serge Sahakian","date":"septembre 4, 2022","format":false,"excerpt":"The noble Mimosa Gold has been endowed with an additional portion of gold and silver particles. Canada's Best Selling Victoria VYNN Gel Polish Color is a light-curable line of hybrid varnishes, which is used in two types of styling: 3-stage Hybrid System and 4-stage Soak Off System. Gel Polish Color\u2026","rel":"","context":"Article similaire","block_context":{"text":"Article similaire","link":""},"img":{"alt_text":"","src":"https:\/\/i0.wp.com\/naillycosmetics.com\/wp-content\/uploads\/2026\/02\/gel-polish-300-mimosa-gold-1.jpeg?fit=753%2C753&ssl=1&resize=350%2C200","width":350,"height":200,"srcset":"https:\/\/i0.wp.com\/naillycosmetics.com\/wp-content\/uploads\/2026\/02\/gel-polish-300-mimosa-gold-1.jpeg?fit=753%2C753&ssl=1&resize=350%2C200 1x, https:\/\/i0.wp.com\/naillycosmetics.com\/wp-content\/uploads\/2026\/02\/gel-polish-300-mimosa-gold-1.jpeg?fit=753%2C753&ssl=1&resize=525%2C300 1.5x, https:\/\/i0.wp.com\/naillycosmetics.com\/wp-content\/uploads\/2026\/02\/gel-polish-300-mimosa-gold-1.jpeg?fit=753%2C753&ssl=1&resize=700%2C400 2x"},"classes":[]},{"id":5278,"url":"https:\/\/naillycosmetics.com\/fr\/produit\/gel-polish-056-gold-millionaire\/","url_meta":{"origin":4577,"position":3},"title":"Victoria VYNN Salon Gel Polish No. 056 Gold Millionaire","author":"Serge Sahakian","date":"septembre 4, 2022","format":false,"excerpt":"Gold, very fine glitter will generously spark the design made with the Gold Millionaire color. Canada's Best Selling Victoria VYNN Gel Polish Color is a light-curable line of hybrid varnishes, which is used in two types of styling: 3-stage Hybrid System and 4-stage Soak Off System. Gel Polish Color impresses\u2026","rel":"","context":"Article similaire","block_context":{"text":"Article similaire","link":""},"img":{"alt_text":"Salon Gel Polish 056","src":"https:\/\/i0.wp.com\/naillycosmetics.com\/wp-content\/uploads\/2026\/02\/gel-polish-056.png?fit=1000%2C1000&ssl=1&resize=350%2C200","width":350,"height":200,"srcset":"https:\/\/i0.wp.com\/naillycosmetics.com\/wp-content\/uploads\/2026\/02\/gel-polish-056.png?fit=1000%2C1000&ssl=1&resize=350%2C200 1x, https:\/\/i0.wp.com\/naillycosmetics.com\/wp-content\/uploads\/2026\/02\/gel-polish-056.png?fit=1000%2C1000&ssl=1&resize=525%2C300 1.5x, https:\/\/i0.wp.com\/naillycosmetics.com\/wp-content\/uploads\/2026\/02\/gel-polish-056.png?fit=1000%2C1000&ssl=1&resize=700%2C400 2x"},"classes":[]},{"id":5153,"url":"https:\/\/naillycosmetics.com\/fr\/produit\/victoria-vynn-salon-gel-polish-color-no-260\/","url_meta":{"origin":4577,"position":4},"title":"Victoria VYNN Salon Gel Polish No. 260 Jive","author":"Serge Sahakian","date":"septembre 4, 2022","format":false,"excerpt":"La nuance champagne du beige Jive brille avec de l'or et de l'argent. Elle peut aussi vous s\u00e9duire. Victoria VYNN Gel Polish Color, la meilleure vente au Canada, est une gamme de vernis hybrides photopolym\u00e9risables, qui est utilis\u00e9e dans deux types de coiffage : Syst\u00e8me hybride en 3 \u00e9tapes et Syst\u00e8me Soak Off en 4 \u00e9tapes. Gel Polish Color...","rel":"","context":"Article similaire","block_context":{"text":"Article similaire","link":""},"img":{"alt_text":"","src":"https:\/\/i0.wp.com\/naillycosmetics.com\/wp-content\/uploads\/2026\/02\/gp_260-1.jpg?fit=753%2C753&ssl=1&resize=350%2C200","width":350,"height":200,"srcset":"https:\/\/i0.wp.com\/naillycosmetics.com\/wp-content\/uploads\/2026\/02\/gp_260-1.jpg?fit=753%2C753&ssl=1&resize=350%2C200 1x, https:\/\/i0.wp.com\/naillycosmetics.com\/wp-content\/uploads\/2026\/02\/gp_260-1.jpg?fit=753%2C753&ssl=1&resize=525%2C300 1.5x, https:\/\/i0.wp.com\/naillycosmetics.com\/wp-content\/uploads\/2026\/02\/gp_260-1.jpg?fit=753%2C753&ssl=1&resize=700%2C400 2x"},"classes":[]},{"id":4605,"url":"https:\/\/naillycosmetics.com\/fr\/produit\/gel-polish-13-always-princess\/","url_meta":{"origin":4577,"position":5},"title":"Victoria VYNN Salon Gel Polish No. 013 Always Princess","author":"Serge Sahakian","date":"septembre 4, 2022","format":false,"excerpt":"The always fashionable pink in the color of Always Princess shimmers with very small, gold - pink particles. Canada's Best Selling Victoria VYNN Gel Polish Color is a light-curable line of hybrid varnishes, which is used in two types of styling: 3-stage Hybrid System and 4-stage Soak Off System. Gel\u2026","rel":"","context":"Article similaire","block_context":{"text":"Article similaire","link":""},"img":{"alt_text":"Gel Polish 013","src":"https:\/\/i0.wp.com\/naillycosmetics.com\/wp-content\/uploads\/2026\/02\/gel-polish-013.png?fit=1000%2C1000&ssl=1&resize=350%2C200","width":350,"height":200,"srcset":"https:\/\/i0.wp.com\/naillycosmetics.com\/wp-content\/uploads\/2026\/02\/gel-polish-013.png?fit=1000%2C1000&ssl=1&resize=350%2C200 1x, https:\/\/i0.wp.com\/naillycosmetics.com\/wp-content\/uploads\/2026\/02\/gel-polish-013.png?fit=1000%2C1000&ssl=1&resize=525%2C300 1.5x, https:\/\/i0.wp.com\/naillycosmetics.com\/wp-content\/uploads\/2026\/02\/gel-polish-013.png?fit=1000%2C1000&ssl=1&resize=700%2C400 2x"},"classes":[]}],"jetpack_sharing_enabled":true,"_links":{"self":[{"href":"https:\/\/naillycosmetics.com\/fr\/wp-json\/wp\/v2\/product\/4577","targetHints":{"allow":["GET"]}}],"collection":[{"href":"https:\/\/naillycosmetics.com\/fr\/wp-json\/wp\/v2\/product"}],"about":[{"href":"https:\/\/naillycosmetics.com\/fr\/wp-json\/wp\/v2\/types\/product"}],"replies":[{"embeddable":true,"href":"https:\/\/naillycosmetics.com\/fr\/wp-json\/wp\/v2\/comments?post=4577"}],"wp:featuredmedia":[{"embeddable":true,"href":"https:\/\/naillycosmetics.com\/fr\/wp-json\/wp\/v2\/media\/26664"}],"wp:attachment":[{"href":"https:\/\/naillycosmetics.com\/fr\/wp-json\/wp\/v2\/media?parent=4577"}],"wp:term":[{"taxonomy":"product_brand","embeddable":true,"href":"https:\/\/naillycosmetics.com\/fr\/wp-json\/wp\/v2\/product_brand?post=4577"},{"taxonomy":"product_cat","embeddable":true,"href":"https:\/\/naillycosmetics.com\/fr\/wp-json\/wp\/v2\/product_cat?post=4577"},{"taxonomy":"product_tag","embeddable":true,"href":"https:\/\/naillycosmetics.com\/fr\/wp-json\/wp\/v2\/product_tag?post=4577"}],"curies":[{"name":"wp","href":"https:\/\/api.w.org\/{rel}","templated":true}]}}