{"id":4451,"date":"2022-09-02T18:57:09","date_gmt":"2022-09-02T22:57:09","guid":{"rendered":"https:\/\/naillycosmetics.com\/index.php\/product\/victoria-vynn-pure-creamy-hybrid-color-no-5\/"},"modified":"2026-03-14T19:12:23","modified_gmt":"2026-03-14T23:12:23","slug":"light-rose-gold-gel-nails-005-powdery-rose","status":"publish","type":"product","link":"https:\/\/naillycosmetics.com\/fr\/produit\/light-rose-gold-gel-nails-005-powdery-rose\/","title":{"rendered":"Victoria VYNN Pure Creamy Hybrid Gel Polish No. 005 Powdery Rose"},"content":{"rendered":"<p>Le syst\u00e8me Pure Creamy Hybrid comprend des vernis gel hybrides cr\u00e9meux d'une couverture et d'une durabilit\u00e9 excellentes. Il s'agit d'une formule avec un indice de s\u00e9curit\u00e9 \u00e9lev\u00e9, sans odeur irritante et qui peut \u00eatre enlev\u00e9e avec de l'alcool cosm\u00e9tique. Le pinceau court et plat, con\u00e7u sp\u00e9cialement pour la ligne de produits Pure, facilite une application uniforme. Le syst\u00e8me permet de r\u00e9aliser des manucures hybrides ultra fines. Durcissement uniquement dans des lampes LED !<\/p>\n<p>Charmants ongles en gel or rose clair ! Le vernis \u00e0 ongles en gel Victoria VYNN Pure Creamy Hybrid Rose poudr\u00e9 No. 005 sera parfait pour un design rose dor\u00e9.<\/p>\n<p>Les vernis hybrides Pure r\u00e9pondent aux attentes des femmes du monde entier ! Nous cr\u00e9ons nos collections en fonction des derni\u00e8res tendances, nous r\u00e9pondons aux besoins de nos clientes et nous mettons en valeur la beaut\u00e9 de leurs mains !<\/p>","protected":false},"excerpt":{"rendered":"<p>Charmants ongles en gel or rose clair ! Le vernis \u00e0 ongles en gel Victoria VYNN Pure Creamy Hybrid Powdery Rose No. 005 sera parfait pour le design de l'or rose. Le principal distributeur canadien de fournitures professionnelles pour les ongles. Achetez en toute confiance !<\/p>\n<p>Sp\u00e9cifications du produit :<\/p>\n<p><a href=\"https:\/\/victoriavynn.ca\/wp-content\/uploads\/2022\/12\/CREAMY-FORMULA-1.webp\"><img loading=\"lazy\" decoding=\"async\" class=\"size-full wp-image-8777 alignleft\" src=\"https:\/\/victoriavynn.ca\/wp-content\/uploads\/2022\/12\/CREAMY-FORMULA-1.webp\" alt=\"CREAMY GEL POLISH\" width=\"125\" height=\"150\" \/><\/a> <img loading=\"lazy\" decoding=\"async\" class=\"size-full wp-image-8778 alignleft\" src=\"https:\/\/victoriavynn.ca\/wp-content\/uploads\/2022\/12\/FLAT-SHORT-BRUSH.webp\" alt=\"CREAMY GEL POLISH\" width=\"125\" height=\"150\" \/><img loading=\"lazy\" decoding=\"async\" class=\"size-full wp-image-8779 alignleft\" src=\"https:\/\/victoriavynn.ca\/wp-content\/uploads\/2022\/12\/FOR-LED-LAMP.webp\" alt=\"CREAMY GEL POLISH\" width=\"125\" height=\"150\" \/><a href=\"https:\/\/victoriavynn.ca\/wp-content\/uploads\/2019\/11\/SALON-QUALITY.webp\"><img loading=\"lazy\" decoding=\"async\" class=\"size-full wp-image-8772 alignleft\" src=\"https:\/\/victoriavynn.ca\/wp-content\/uploads\/2019\/11\/SALON-QUALITY.webp\" alt=\"GEL NAIL BUILDER\" width=\"125\" height=\"150\" \/><\/a><\/p>\n<p>&nbsp;<\/p>\n<p>&nbsp;<\/p>\n<p>&nbsp;<\/p>\n<p>&nbsp;<\/p>\n<p>&nbsp;<\/p>\n<p>&nbsp;<\/p>\n<p>&nbsp;<\/p>\n<p style=\"text-align: left\">Disponibilit\u00e9 du stock :<\/p>","protected":false},"featured_media":27032,"comment_status":"open","ping_status":"closed","template":"","meta":{"jetpack_post_was_ever_published":false,"jetpack_publicize_message":"","jetpack_publicize_feature_enabled":true,"jetpack_social_post_already_shared":true,"jetpack_social_options":{"image_generator_settings":{"template":"highway","default_image_id":0,"font":"","enabled":false},"version":2}},"product_brand":[932],"product_cat":[48],"product_tag":[973,103,961],"class_list":{"0":"post-4451","1":"product","2":"type-product","3":"status-publish","4":"has-post-thumbnail","6":"product_brand-victoria-vynn","7":"product_cat-hybrid-gel-nail-colors","8":"product_tag-basic-french-pure-creamy-colors","9":"product_tag-creamy-gel-polish","10":"product_tag-spring-summer-pure-creamy-hybrid-colors","11":"product_shipping_class-cardboard-box","12":"pa_size-8ml","14":"first","15":"instock","16":"taxable","17":"shipping-taxable","18":"purchasable","19":"product-type-simple"},"jetpack_publicize_connections":[],"jetpack-related-posts":[{"id":4331,"url":"https:\/\/naillycosmetics.com\/fr\/produit\/best-powdery-pink-nails-073-powder-pink\/","url_meta":{"origin":4451,"position":0},"title":"Victoria VYNN Pure Creamy Hybrid Gel Polish No. 073 Powder Pink","author":"Serge Sahakian","date":"septembre 2, 2022","format":false,"excerpt":"Des ongles d'un rose poudr\u00e9 charmant ! Victoria VYNN Pure Creamy Hybrid High Pigment Gel Polish 073 Powder Pink garantira un look subtil et charmant \u00e0 vos ongles. Le premier distributeur canadien de fournitures professionnelles pour les ongles. Achetez en toute confiance ! Sp\u00e9cifications du produit :               Disponibilit\u00e9 du stock :","rel":"","context":"Article similaire","block_context":{"text":"Article similaire","link":""},"img":{"alt_text":"best powdery pink nails Victoria VYNN Pure Creamy Hybrid 073 Powder Pink","src":"https:\/\/i0.wp.com\/naillycosmetics.com\/wp-content\/uploads\/2026\/02\/best-powdery-pink-nails-victoria-vynn-pure-creamy-hybrid-073-powder-pink-.webp?fit=750%2C1000&ssl=1&resize=350%2C200","width":350,"height":200,"srcset":"https:\/\/i0.wp.com\/naillycosmetics.com\/wp-content\/uploads\/2026\/02\/best-powdery-pink-nails-victoria-vynn-pure-creamy-hybrid-073-powder-pink-.webp?fit=750%2C1000&ssl=1&resize=350%2C200 1x, https:\/\/i0.wp.com\/naillycosmetics.com\/wp-content\/uploads\/2026\/02\/best-powdery-pink-nails-victoria-vynn-pure-creamy-hybrid-073-powder-pink-.webp?fit=750%2C1000&ssl=1&resize=525%2C300 1.5x, https:\/\/i0.wp.com\/naillycosmetics.com\/wp-content\/uploads\/2026\/02\/best-powdery-pink-nails-victoria-vynn-pure-creamy-hybrid-073-powder-pink-.webp?fit=750%2C1000&ssl=1&resize=700%2C400 2x"},"classes":[]},{"id":4433,"url":"https:\/\/naillycosmetics.com\/fr\/produit\/best-bright-pink-nails-014-rose-time\/","url_meta":{"origin":4451,"position":1},"title":"Victoria VYNN Pure Creamy Hybrid Gel Polish No. 014 Rose Time","author":"Serge Sahakian","date":"septembre 2, 2022","format":false,"excerpt":"Des ongles d'un rose vif et chaud ! Victoria VYNN Pure Creamy Hybrid High Pigment Gel Polish Rose Time No. 014 est un charmant rose vif et d\u00e9cisif. Le plus grand distributeur canadien de fournitures professionnelles pour les ongles. Achetez en toute confiance ! Sp\u00e9cifications du produit :               Disponibilit\u00e9 du stock :","rel":"","context":"Article similaire","block_context":{"text":"Article similaire","link":""},"img":{"alt_text":"best hot bright pink nails victoria vynn pure creamy hybrid 014 rose time","src":"https:\/\/i0.wp.com\/naillycosmetics.com\/wp-content\/uploads\/2026\/02\/best-hot-bright-pink-nails-victoria-vynn-pure-creamy-hybrid-014-rose-time-1-7.webp?fit=750%2C1000&ssl=1&resize=350%2C200","width":350,"height":200,"srcset":"https:\/\/i0.wp.com\/naillycosmetics.com\/wp-content\/uploads\/2026\/02\/best-hot-bright-pink-nails-victoria-vynn-pure-creamy-hybrid-014-rose-time-1-7.webp?fit=750%2C1000&ssl=1&resize=350%2C200 1x, https:\/\/i0.wp.com\/naillycosmetics.com\/wp-content\/uploads\/2026\/02\/best-hot-bright-pink-nails-victoria-vynn-pure-creamy-hybrid-014-rose-time-1-7.webp?fit=750%2C1000&ssl=1&resize=525%2C300 1.5x, https:\/\/i0.wp.com\/naillycosmetics.com\/wp-content\/uploads\/2026\/02\/best-hot-bright-pink-nails-victoria-vynn-pure-creamy-hybrid-014-rose-time-1-7.webp?fit=750%2C1000&ssl=1&resize=700%2C400 2x"},"classes":[]},{"id":4449,"url":"https:\/\/naillycosmetics.com\/fr\/produit\/best-pink-rose-nails-006-graceful-pink\/","url_meta":{"origin":4451,"position":2},"title":"Victoria VYNN Pure Creamy Hybrid Gel Polish No. 006 Graceful Pink","author":"Serge Sahakian","date":"septembre 2, 2022","format":false,"excerpt":"The Best Charming Pink Rose Nails! Victoria VYNN Pure Creamy Hybrid Gel Nail Polish Graceful Pink No. 006 that is pink broken with apricot, will gracefully emphasize the natural color of the nail plate. Canada's Leading Distributor of Professional Nail Supplies. Buy with Confidence! Product Specifications: \u00a0 \u00a0 \u00a0 \u00a0\u2026","rel":"","context":"Article similaire","block_context":{"text":"Article similaire","link":""},"img":{"alt_text":"best charming pink rose nails victoria vynn pure graceful pink 006","src":"https:\/\/i0.wp.com\/naillycosmetics.com\/wp-content\/uploads\/2026\/02\/best-charming-pink-rose-nails-victoria-vynn-pure-gracefull-pink-006.webp?fit=750%2C1000&ssl=1&resize=350%2C200","width":350,"height":200,"srcset":"https:\/\/i0.wp.com\/naillycosmetics.com\/wp-content\/uploads\/2026\/02\/best-charming-pink-rose-nails-victoria-vynn-pure-gracefull-pink-006.webp?fit=750%2C1000&ssl=1&resize=350%2C200 1x, https:\/\/i0.wp.com\/naillycosmetics.com\/wp-content\/uploads\/2026\/02\/best-charming-pink-rose-nails-victoria-vynn-pure-gracefull-pink-006.webp?fit=750%2C1000&ssl=1&resize=525%2C300 1.5x, https:\/\/i0.wp.com\/naillycosmetics.com\/wp-content\/uploads\/2026\/02\/best-charming-pink-rose-nails-victoria-vynn-pure-gracefull-pink-006.webp?fit=750%2C1000&ssl=1&resize=700%2C400 2x"},"classes":[]},{"id":4259,"url":"https:\/\/naillycosmetics.com\/fr\/produit\/light-beige-pink-nails-pure-creamy-135\/","url_meta":{"origin":4451,"position":3},"title":"Victoria VYNN Pure Creamy Hybrid Gel Polish No. 135 Mellow Rose","author":"Serge Sahakian","date":"septembre 2, 2022","format":false,"excerpt":"Le meilleur vernis en gel beige ros\u00e9 pour les ongles ! Victoria VYNN Pure Creamy Hybrid High Pigment Gel Polish 135 Mellow Rose est une teinte beige, fortement domin\u00e9e par le rose, ce qui permettra \u00e0 la couleur de s'adapter parfaitement \u00e0 n'importe quel design. Le plus grand distributeur canadien de fournitures professionnelles pour les ongles. Achetez en toute confiance ! Sp\u00e9cifications du produit :    ...","rel":"","context":"Article similaire","block_context":{"text":"Article similaire","link":""},"img":{"alt_text":"Victoria VYNN Pure Creamy Light Beige Pink Nails 135 Mellow Rose","src":"https:\/\/i0.wp.com\/naillycosmetics.com\/wp-content\/uploads\/2026\/02\/victoria-vynn-pure-creamy-light-beige-pink-nails-135-mellow-rose.webp?fit=750%2C1000&ssl=1&resize=350%2C200","width":350,"height":200,"srcset":"https:\/\/i0.wp.com\/naillycosmetics.com\/wp-content\/uploads\/2026\/02\/victoria-vynn-pure-creamy-light-beige-pink-nails-135-mellow-rose.webp?fit=750%2C1000&ssl=1&resize=350%2C200 1x, https:\/\/i0.wp.com\/naillycosmetics.com\/wp-content\/uploads\/2026\/02\/victoria-vynn-pure-creamy-light-beige-pink-nails-135-mellow-rose.webp?fit=750%2C1000&ssl=1&resize=525%2C300 1.5x, https:\/\/i0.wp.com\/naillycosmetics.com\/wp-content\/uploads\/2026\/02\/victoria-vynn-pure-creamy-light-beige-pink-nails-135-mellow-rose.webp?fit=750%2C1000&ssl=1&resize=700%2C400 2x"},"classes":[]},{"id":4269,"url":"https:\/\/naillycosmetics.com\/fr\/produit\/victoria-vynn-violet-pink-gel-polish-127\/","url_meta":{"origin":4451,"position":4},"title":"Victoria VYNN Pure Creamy Hybrid Gel Polish No. 127 Rose Madder","author":"Serge Sahakian","date":"septembre 2, 2022","format":false,"excerpt":"Le meilleur vernis en gel rose violet merveilleux ! Victoria VYNN Pure Creamy Hybrid High Pigment Gel Polish 127 Rose Madder est un rose profond et d\u00e9cisif avec une goutte de violet. Le premier distributeur canadien de fournitures professionnelles pour les ongles. Achetez en toute confiance ! Sp\u00e9cifications du produit :               Disponibilit\u00e9 du stock :","rel":"","context":"Article similaire","block_context":{"text":"Article similaire","link":""},"img":{"alt_text":"Victoria VYNN Pure Violet Pink Gel Polish Rose Madder No. 127 Pure Creamy","src":"https:\/\/i0.wp.com\/naillycosmetics.com\/wp-content\/uploads\/2026\/02\/victoria-vynn-pure-violet-pink-gel-polish-rose-madder-no.-127-pure-creamy.webp?fit=750%2C1000&ssl=1&resize=350%2C200","width":350,"height":200,"srcset":"https:\/\/i0.wp.com\/naillycosmetics.com\/wp-content\/uploads\/2026\/02\/victoria-vynn-pure-violet-pink-gel-polish-rose-madder-no.-127-pure-creamy.webp?fit=750%2C1000&ssl=1&resize=350%2C200 1x, https:\/\/i0.wp.com\/naillycosmetics.com\/wp-content\/uploads\/2026\/02\/victoria-vynn-pure-violet-pink-gel-polish-rose-madder-no.-127-pure-creamy.webp?fit=750%2C1000&ssl=1&resize=525%2C300 1.5x, https:\/\/i0.wp.com\/naillycosmetics.com\/wp-content\/uploads\/2026\/02\/victoria-vynn-pure-violet-pink-gel-polish-rose-madder-no.-127-pure-creamy.webp?fit=750%2C1000&ssl=1&resize=700%2C400 2x"},"classes":[]},{"id":4389,"url":"https:\/\/naillycosmetics.com\/fr\/produit\/best-gold-glitter-nails-040-walk-of-fame\/","url_meta":{"origin":4451,"position":5},"title":"Victoria VYNN Pure Creamy Hybrid Gel Polish No. 040 Walk of Fame","author":"Serge Sahakian","date":"septembre 2, 2022","format":false,"excerpt":"Glamorous Gold Glitter Nails. Victoria VYNN Pure Creamy Hybrid High Pigment Gel Polish 040 Walk of Fame is bathed in multi-dimensional golden particles. Canada's Leading Distributor of Professional Nail Supplies. Buy with Confidence! Product Specifications: \u00a0 \u00a0 \u00a0 \u00a0 \u00a0 \u00a0 \u00a0 Stock Availability:","rel":"","context":"Article similaire","block_context":{"text":"Article similaire","link":""},"img":{"alt_text":"Charming Gold Glitter Nails Victoria VYNN Pure Creamy Hybrid 040 Walk of Fame","src":"https:\/\/i0.wp.com\/naillycosmetics.com\/wp-content\/uploads\/2026\/02\/charming-gold-glitter-nails-victoria-vynn-pure-creamy-hybrid-040-walk-of-fame-.webp?fit=750%2C1000&ssl=1&resize=350%2C200","width":350,"height":200,"srcset":"https:\/\/i0.wp.com\/naillycosmetics.com\/wp-content\/uploads\/2026\/02\/charming-gold-glitter-nails-victoria-vynn-pure-creamy-hybrid-040-walk-of-fame-.webp?fit=750%2C1000&ssl=1&resize=350%2C200 1x, https:\/\/i0.wp.com\/naillycosmetics.com\/wp-content\/uploads\/2026\/02\/charming-gold-glitter-nails-victoria-vynn-pure-creamy-hybrid-040-walk-of-fame-.webp?fit=750%2C1000&ssl=1&resize=525%2C300 1.5x, https:\/\/i0.wp.com\/naillycosmetics.com\/wp-content\/uploads\/2026\/02\/charming-gold-glitter-nails-victoria-vynn-pure-creamy-hybrid-040-walk-of-fame-.webp?fit=750%2C1000&ssl=1&resize=700%2C400 2x"},"classes":[]}],"jetpack_sharing_enabled":true,"_links":{"self":[{"href":"https:\/\/naillycosmetics.com\/fr\/wp-json\/wp\/v2\/product\/4451","targetHints":{"allow":["GET"]}}],"collection":[{"href":"https:\/\/naillycosmetics.com\/fr\/wp-json\/wp\/v2\/product"}],"about":[{"href":"https:\/\/naillycosmetics.com\/fr\/wp-json\/wp\/v2\/types\/product"}],"replies":[{"embeddable":true,"href":"https:\/\/naillycosmetics.com\/fr\/wp-json\/wp\/v2\/comments?post=4451"}],"wp:featuredmedia":[{"embeddable":true,"href":"https:\/\/naillycosmetics.com\/fr\/wp-json\/wp\/v2\/media\/27032"}],"wp:attachment":[{"href":"https:\/\/naillycosmetics.com\/fr\/wp-json\/wp\/v2\/media?parent=4451"}],"wp:term":[{"taxonomy":"product_brand","embeddable":true,"href":"https:\/\/naillycosmetics.com\/fr\/wp-json\/wp\/v2\/product_brand?post=4451"},{"taxonomy":"product_cat","embeddable":true,"href":"https:\/\/naillycosmetics.com\/fr\/wp-json\/wp\/v2\/product_cat?post=4451"},{"taxonomy":"product_tag","embeddable":true,"href":"https:\/\/naillycosmetics.com\/fr\/wp-json\/wp\/v2\/product_tag?post=4451"}],"curies":[{"name":"wp","href":"https:\/\/api.w.org\/{rel}","templated":true}]}}