{"id":4431,"date":"2022-09-02T18:57:01","date_gmt":"2022-09-02T22:57:01","guid":{"rendered":"https:\/\/naillycosmetics.com\/index.php\/product\/victoria-vynn-pure-creamy-hybrid-color-no-15\/"},"modified":"2026-02-19T18:46:39","modified_gmt":"2026-02-19T23:46:39","slug":"fuchsia-gel-nail-polish-015-fuschsia-dream","status":"publish","type":"product","link":"https:\/\/naillycosmetics.com\/fr\/produit\/fuchsia-gel-nail-polish-015-fuschsia-dream\/","title":{"rendered":"Victoria VYNN Pure Creamy Hybrid Gel Polish No. 015 Fuchsia Dream"},"content":{"rendered":"<p>Le syst\u00e8me Pure Creamy Hybrid comprend des vernis gel hybrides cr\u00e9meux d'une couverture et d'une durabilit\u00e9 excellentes. Il s'agit d'une formule avec un indice de s\u00e9curit\u00e9 \u00e9lev\u00e9, sans odeur irritante et qui peut \u00eatre enlev\u00e9e avec de l'alcool cosm\u00e9tique. Le pinceau court et plat, con\u00e7u sp\u00e9cialement pour la ligne de produits Pure, facilite une application uniforme. Le syst\u00e8me permet de r\u00e9aliser des manucures hybrides ultra fines. Durcissement uniquement dans des lampes LED !<\/p>\n<p>Vernis \u00e0 ongles en gel Fuchsia chaud ! Victoria VYNN Pure Creamy Hybrid High Pigment Gel Polish Fuchsia Dream No. 015 est une nuance de rose funky, irr\u00e9ductible et \u00e0 la mode.<\/p>\n<p>Les vernis hybrides Pure r\u00e9pondent aux attentes des femmes du monde entier ! Nous cr\u00e9ons nos collections en fonction des derni\u00e8res tendances, nous r\u00e9pondons aux besoins de nos clientes et nous mettons en valeur la beaut\u00e9 de leurs mains !<\/p>","protected":false},"excerpt":{"rendered":"<p>Vernis \u00e0 ongles en gel Fuchsia chaud ! Victoria VYNN Pure Creamy Hybrid High Pigment Gel Polish Fuchsia Dream No. 015 est une nuance de rose funky, irr\u00e9ductible et \u00e0 la mode. Le premier distributeur canadien de fournitures professionnelles pour les ongles. Achetez en toute confiance !<\/p>\n<p>Sp\u00e9cifications du produit :<\/p>\n<p><a href=\"https:\/\/victoriavynn.ca\/wp-content\/uploads\/2022\/12\/CREAMY-FORMULA-1.webp\"><img loading=\"lazy\" decoding=\"async\" class=\"size-full wp-image-8777 alignleft\" src=\"https:\/\/victoriavynn.ca\/wp-content\/uploads\/2022\/12\/CREAMY-FORMULA-1.webp\" alt=\"CREAMY GEL POLISH\" width=\"125\" height=\"150\" \/><\/a> <img loading=\"lazy\" decoding=\"async\" class=\"size-full wp-image-8778 alignleft\" src=\"https:\/\/victoriavynn.ca\/wp-content\/uploads\/2022\/12\/FLAT-SHORT-BRUSH.webp\" alt=\"CREAMY GEL POLISH\" width=\"125\" height=\"150\" \/><img loading=\"lazy\" decoding=\"async\" class=\"size-full wp-image-8779 alignleft\" src=\"https:\/\/victoriavynn.ca\/wp-content\/uploads\/2022\/12\/FOR-LED-LAMP.webp\" alt=\"CREAMY GEL POLISH\" width=\"125\" height=\"150\" \/><a href=\"https:\/\/victoriavynn.ca\/wp-content\/uploads\/2019\/11\/SALON-QUALITY.webp\"><img loading=\"lazy\" decoding=\"async\" class=\"size-full wp-image-8772 alignleft\" src=\"https:\/\/victoriavynn.ca\/wp-content\/uploads\/2019\/11\/SALON-QUALITY.webp\" alt=\"GEL NAIL BUILDER\" width=\"125\" height=\"150\" \/><\/a><\/p>\n<p>&nbsp;<\/p>\n<p>&nbsp;<\/p>\n<p>&nbsp;<\/p>\n<p>&nbsp;<\/p>\n<p>&nbsp;<\/p>\n<p>&nbsp;<\/p>\n<p>&nbsp;<\/p>\n<p style=\"text-align: left\">Disponibilit\u00e9 du stock :<\/p>","protected":false},"featured_media":27076,"comment_status":"open","ping_status":"closed","template":"","meta":{"jetpack_post_was_ever_published":false,"jetpack_publicize_message":"","jetpack_publicize_feature_enabled":true,"jetpack_social_post_already_shared":true,"jetpack_social_options":{"image_generator_settings":{"template":"highway","default_image_id":0,"font":"","enabled":false},"version":2}},"product_brand":[932],"product_cat":[48],"product_tag":[103,961],"class_list":{"0":"post-4431","1":"product","2":"type-product","3":"status-publish","4":"has-post-thumbnail","6":"product_brand-victoria-vynn","7":"product_cat-hybrid-gel-nail-colors","8":"product_tag-creamy-gel-polish","9":"product_tag-spring-summer-pure-creamy-hybrid-colors","10":"product_shipping_class-cardboard-box","12":"first","13":"instock","14":"taxable","15":"shipping-taxable","16":"purchasable","17":"product-type-simple"},"jetpack_publicize_connections":[],"jetpack-related-posts":[{"id":4297,"url":"https:\/\/naillycosmetics.com\/fr\/produit\/hot-passionate-fuchsia-gel-polish-pure-103\/","url_meta":{"origin":4431,"position":0},"title":"Victoria VYNN Pure Creamy Hybrid Gel Polish No. 103 Fiery Fuchsia","author":"Serge Sahakian","date":"septembre 2, 2022","format":false,"excerpt":"Gel Polish Fuchsia ardent et passionn\u00e9 ! Victoria VYNN Pure Creamy Hybrid High Pigment Gel Polish 103 Fiery Fuchsia enflamme les \u00e9motions et les passions dormantes. Le premier distributeur canadien de fournitures professionnelles pour les ongles. Achetez en toute confiance ! Sp\u00e9cifications du produit :               Disponibilit\u00e9 du stock :","rel":"","context":"Article similaire","block_context":{"text":"Article similaire","link":""},"img":{"alt_text":"victoria vynn hot passionate fuchsia gel polish pure creamy 103 fiery fuchsia","src":"https:\/\/i0.wp.com\/naillycosmetics.com\/wp-content\/uploads\/2026\/02\/victoria-vynn-hot-passionate-fuchsia-gel-polish-pure-creamy-103-fiery-fuchsia.webp?fit=750%2C1000&ssl=1&resize=350%2C200","width":350,"height":200,"srcset":"https:\/\/i0.wp.com\/naillycosmetics.com\/wp-content\/uploads\/2026\/02\/victoria-vynn-hot-passionate-fuchsia-gel-polish-pure-creamy-103-fiery-fuchsia.webp?fit=750%2C1000&ssl=1&resize=350%2C200 1x, https:\/\/i0.wp.com\/naillycosmetics.com\/wp-content\/uploads\/2026\/02\/victoria-vynn-hot-passionate-fuchsia-gel-polish-pure-creamy-103-fiery-fuchsia.webp?fit=750%2C1000&ssl=1&resize=525%2C300 1.5x, https:\/\/i0.wp.com\/naillycosmetics.com\/wp-content\/uploads\/2026\/02\/victoria-vynn-hot-passionate-fuchsia-gel-polish-pure-creamy-103-fiery-fuchsia.webp?fit=750%2C1000&ssl=1&resize=700%2C400 2x"},"classes":[]},{"id":4267,"url":"https:\/\/naillycosmetics.com\/fr\/produit\/victoria-vynn-dark-fuchsia-gel-polish-128\/","url_meta":{"origin":4431,"position":1},"title":"Victoria VYNN Pure Creamy Hybrid Gel Polish No. 128 Dark Fuchsia","author":"Serge Sahakian","date":"septembre 2, 2022","format":false,"excerpt":"The Best Magnificent Dark Fuchsia Gel Polish! Victoria VYNN Pure Creamy Hybrid High Pigment Gel Polish 128 Dark Fuchsia is a Deep, decisive Fuchsia with a drop of violet. Canada's Leading Distributor of Professional Nail Supplies. Buy with Confidence! Product Specifications: \u00a0 \u00a0 \u00a0 \u00a0 \u00a0 \u00a0 \u00a0 Stock Availability:","rel":"","context":"Article similaire","block_context":{"text":"Article similaire","link":""},"img":{"alt_text":"Victoria VYNN Pure Dark Fuchsia Gel Polish Pure Creamy No. 128","src":"https:\/\/i0.wp.com\/naillycosmetics.com\/wp-content\/uploads\/2026\/02\/victoria-vynn-pure-dark-fuchsia-gel-polish-pure-creamy-no.-128-.webp?fit=750%2C1000&ssl=1&resize=350%2C200","width":350,"height":200,"srcset":"https:\/\/i0.wp.com\/naillycosmetics.com\/wp-content\/uploads\/2026\/02\/victoria-vynn-pure-dark-fuchsia-gel-polish-pure-creamy-no.-128-.webp?fit=750%2C1000&ssl=1&resize=350%2C200 1x, https:\/\/i0.wp.com\/naillycosmetics.com\/wp-content\/uploads\/2026\/02\/victoria-vynn-pure-dark-fuchsia-gel-polish-pure-creamy-no.-128-.webp?fit=750%2C1000&ssl=1&resize=525%2C300 1.5x, https:\/\/i0.wp.com\/naillycosmetics.com\/wp-content\/uploads\/2026\/02\/victoria-vynn-pure-dark-fuchsia-gel-polish-pure-creamy-no.-128-.webp?fit=750%2C1000&ssl=1&resize=700%2C400 2x"},"classes":[]},{"id":5043,"url":"https:\/\/naillycosmetics.com\/fr\/produit\/bright-pink-hot-pink-nails-015-so-cupid\/","url_meta":{"origin":4431,"position":2},"title":"Victoria VYNN iQ Vernis \u00e0 ongles No. 015 So Cupid","author":"Serge Sahakian","date":"septembre 4, 2022","format":false,"excerpt":"Ongles rose vif rose vif Le vernis \u00e0 ongles So Cupid 015 est l'\u00e9quivalent de Pure Creamy Hybrid 102. Avec les couleurs du vernis \u00e0 ongles Victoria VYNN iQ, vous pouvez profiter de l'effet pendant 10 jours, comme apr\u00e8s une visite au salon ! La formule riche en ingr\u00e9dients v\u00e9g\u00e9taliens de haute qualit\u00e9 assure une longue dur\u00e9e...","rel":"","context":"Article similaire","block_context":{"text":"Article similaire","link":""},"img":{"alt_text":"bright pink hot pink nails","src":"https:\/\/i0.wp.com\/naillycosmetics.com\/wp-content\/uploads\/2026\/02\/bright-pink-hot-pink-nails.png?fit=750%2C1000&ssl=1&resize=350%2C200","width":350,"height":200,"srcset":"https:\/\/i0.wp.com\/naillycosmetics.com\/wp-content\/uploads\/2026\/02\/bright-pink-hot-pink-nails.png?fit=750%2C1000&ssl=1&resize=350%2C200 1x, https:\/\/i0.wp.com\/naillycosmetics.com\/wp-content\/uploads\/2026\/02\/bright-pink-hot-pink-nails.png?fit=750%2C1000&ssl=1&resize=525%2C300 1.5x, https:\/\/i0.wp.com\/naillycosmetics.com\/wp-content\/uploads\/2026\/02\/bright-pink-hot-pink-nails.png?fit=750%2C1000&ssl=1&resize=700%2C400 2x"},"classes":[]},{"id":3714,"url":"https:\/\/naillycosmetics.com\/fr\/?attachment_id=3714","url_meta":{"origin":4431,"position":3},"title":"227","author":"Serge Sahakian","date":"ao\u00fbt 25, 2022","format":false,"excerpt":"","rel":"","context":"Article similaire","block_context":{"text":"Article similaire","link":""},"img":{"alt_text":"","src":"https:\/\/i0.wp.com\/naillycosmetics.com\/wp-content\/uploads\/2020\/02\/227.png?fit=400%2C400&ssl=1&resize=350%2C200","width":350,"height":200},"classes":[]},{"id":4327,"url":"https:\/\/naillycosmetics.com\/fr\/produit\/burnt-orange-nails-075-hot-orange\/","url_meta":{"origin":4431,"position":4},"title":"Victoria VYNN Pure Creamy Hybrid Gel Polish No. 075 Hot Orange","author":"Serge Sahakian","date":"septembre 2, 2022","format":false,"excerpt":"Des ongles orange br\u00fbl\u00e9 impressionnants ! Victoria VYNN Pure Creamy Hybrid High Pigment Gel Polish 075 Hot Orange est un orange chaud tentant et s\u00e9duisant. Le principal distributeur canadien de fournitures professionnelles pour les ongles. Achetez en toute confiance ! Sp\u00e9cifications du produit :               Disponibilit\u00e9 du stock :","rel":"","context":"Article similaire","block_context":{"text":"Article similaire","link":""},"img":{"alt_text":"Best Burnt Orange Nails Victoria VYNN Pure Creamy Hybrid 075 Hot Orange","src":"https:\/\/i0.wp.com\/naillycosmetics.com\/wp-content\/uploads\/2026\/02\/best-burn-orange-nails-victoria-vynn-pure-creamy-hybrid-075-hot-orange.webp?fit=750%2C1000&ssl=1&resize=350%2C200","width":350,"height":200,"srcset":"https:\/\/i0.wp.com\/naillycosmetics.com\/wp-content\/uploads\/2026\/02\/best-burn-orange-nails-victoria-vynn-pure-creamy-hybrid-075-hot-orange.webp?fit=750%2C1000&ssl=1&resize=350%2C200 1x, https:\/\/i0.wp.com\/naillycosmetics.com\/wp-content\/uploads\/2026\/02\/best-burn-orange-nails-victoria-vynn-pure-creamy-hybrid-075-hot-orange.webp?fit=750%2C1000&ssl=1&resize=525%2C300 1.5x, https:\/\/i0.wp.com\/naillycosmetics.com\/wp-content\/uploads\/2026\/02\/best-burn-orange-nails-victoria-vynn-pure-creamy-hybrid-075-hot-orange.webp?fit=750%2C1000&ssl=1&resize=700%2C400 2x"},"classes":[]},{"id":4323,"url":"https:\/\/naillycosmetics.com\/fr\/produit\/best-bright-neon-pink-nails-077-hot-shot\/","url_meta":{"origin":4431,"position":5},"title":"Victoria VYNN Pure Creamy Hybrid Gel Polish No. 077 Hot Shot","author":"Serge Sahakian","date":"septembre 2, 2022","format":false,"excerpt":"Les meilleurs ongles rose fluo ! Victoria VYNN Pure Creamy Hybrid High Pigment Gel Polish 077 Hot Shot est un rose vif et chaud qui attire toujours l'attention. Le principal distributeur canadien de fournitures professionnelles pour les ongles. Achetez en toute confiance ! Sp\u00e9cifications du produit :               Disponibilit\u00e9 du stock :","rel":"","context":"Article similaire","block_context":{"text":"Article similaire","link":""},"img":{"alt_text":"Best Bright Neon Pink Nails Victoria VYNN Pure Creamy Hybrid 077 Hot Shot","src":"https:\/\/i0.wp.com\/naillycosmetics.com\/wp-content\/uploads\/2026\/02\/best-bright-neon-pink-nails-victoria-vynn-pure-creamy-hybrid-077-hot-shot.webp?fit=750%2C1000&ssl=1&resize=350%2C200","width":350,"height":200,"srcset":"https:\/\/i0.wp.com\/naillycosmetics.com\/wp-content\/uploads\/2026\/02\/best-bright-neon-pink-nails-victoria-vynn-pure-creamy-hybrid-077-hot-shot.webp?fit=750%2C1000&ssl=1&resize=350%2C200 1x, https:\/\/i0.wp.com\/naillycosmetics.com\/wp-content\/uploads\/2026\/02\/best-bright-neon-pink-nails-victoria-vynn-pure-creamy-hybrid-077-hot-shot.webp?fit=750%2C1000&ssl=1&resize=525%2C300 1.5x, https:\/\/i0.wp.com\/naillycosmetics.com\/wp-content\/uploads\/2026\/02\/best-bright-neon-pink-nails-victoria-vynn-pure-creamy-hybrid-077-hot-shot.webp?fit=750%2C1000&ssl=1&resize=700%2C400 2x"},"classes":[]}],"jetpack_sharing_enabled":true,"_links":{"self":[{"href":"https:\/\/naillycosmetics.com\/fr\/wp-json\/wp\/v2\/product\/4431","targetHints":{"allow":["GET"]}}],"collection":[{"href":"https:\/\/naillycosmetics.com\/fr\/wp-json\/wp\/v2\/product"}],"about":[{"href":"https:\/\/naillycosmetics.com\/fr\/wp-json\/wp\/v2\/types\/product"}],"replies":[{"embeddable":true,"href":"https:\/\/naillycosmetics.com\/fr\/wp-json\/wp\/v2\/comments?post=4431"}],"wp:featuredmedia":[{"embeddable":true,"href":"https:\/\/naillycosmetics.com\/fr\/wp-json\/wp\/v2\/media\/27076"}],"wp:attachment":[{"href":"https:\/\/naillycosmetics.com\/fr\/wp-json\/wp\/v2\/media?parent=4431"}],"wp:term":[{"taxonomy":"product_brand","embeddable":true,"href":"https:\/\/naillycosmetics.com\/fr\/wp-json\/wp\/v2\/product_brand?post=4431"},{"taxonomy":"product_cat","embeddable":true,"href":"https:\/\/naillycosmetics.com\/fr\/wp-json\/wp\/v2\/product_cat?post=4431"},{"taxonomy":"product_tag","embeddable":true,"href":"https:\/\/naillycosmetics.com\/fr\/wp-json\/wp\/v2\/product_tag?post=4431"}],"curies":[{"name":"wp","href":"https:\/\/api.w.org\/{rel}","templated":true}]}}