{"id":4403,"date":"2022-09-02T18:52:19","date_gmt":"2022-09-02T22:52:19","guid":{"rendered":"https:\/\/naillycosmetics.com\/index.php\/product\/victoria-vynn-pure-creamy-hybrid-color-no-32\/"},"modified":"2026-04-06T13:27:48","modified_gmt":"2026-04-06T17:27:48","slug":"best-turquoise-nails-032-turquoise-island","status":"publish","type":"product","link":"https:\/\/naillycosmetics.com\/fr\/produit\/best-turquoise-nails-032-turquoise-island\/","title":{"rendered":"Victoria VYNN Pure Creamy Hybrid Gel Polish No. 032 Turquoise Island"},"content":{"rendered":"<p>Le syst\u00e8me Pure Creamy Hybrid comprend des vernis gel hybrides cr\u00e9meux d'une couverture et d'une durabilit\u00e9 excellentes. Il s'agit d'une formule avec un indice de s\u00e9curit\u00e9 \u00e9lev\u00e9, sans odeur irritante et qui peut \u00eatre enlev\u00e9e avec de l'alcool cosm\u00e9tique. Le pinceau court et plat, con\u00e7u sp\u00e9cialement pour la ligne de produits Pure, facilite une application uniforme. Le syst\u00e8me permet de r\u00e9aliser des manucures hybrides ultra fines. Durcissement uniquement dans des lampes LED !<\/p>\n<p>De magnifiques ongles turquoise pour l'\u00e9t\u00e9 ! Victoria VYNN Pure Creamy Hybrid High Pigment Gel Polish 032 Turquoise Island est un turquoise noble qui \u00e9voque des souvenirs de vacances lointaines.<\/p>\n<p>Les vernis hybrides Pure r\u00e9pondent aux attentes des femmes du monde entier ! Nous cr\u00e9ons nos collections en fonction des derni\u00e8res tendances, nous r\u00e9pondons aux besoins de nos clientes et nous mettons en valeur la beaut\u00e9 de leurs mains !<\/p>","protected":false},"excerpt":{"rendered":"<p>De magnifiques ongles turquoise pour l'\u00e9t\u00e9 ! Victoria VYNN Pure Creamy Hybrid High Pigment Gel Polish 032 Turquoise Island est un turquoise noble qui \u00e9voque des souvenirs de vacances lointaines. Le premier distributeur canadien de fournitures professionnelles pour les ongles. Achetez en toute confiance !<\/p>\n<p>Sp\u00e9cifications du produit :<\/p>\n<p><a href=\"https:\/\/victoriavynn.ca\/wp-content\/uploads\/2022\/12\/CREAMY-FORMULA-1.webp\"><img loading=\"lazy\" decoding=\"async\" class=\"size-full wp-image-8777 alignleft\" src=\"https:\/\/victoriavynn.ca\/wp-content\/uploads\/2022\/12\/CREAMY-FORMULA-1.webp\" alt=\"CREAMY GEL POLISH\" width=\"125\" height=\"150\" \/><\/a> <img loading=\"lazy\" decoding=\"async\" class=\"size-full wp-image-8778 alignleft\" src=\"https:\/\/victoriavynn.ca\/wp-content\/uploads\/2022\/12\/FLAT-SHORT-BRUSH.webp\" alt=\"CREAMY GEL POLISH\" width=\"125\" height=\"150\" \/><img loading=\"lazy\" decoding=\"async\" class=\"size-full wp-image-8779 alignleft\" src=\"https:\/\/victoriavynn.ca\/wp-content\/uploads\/2022\/12\/FOR-LED-LAMP.webp\" alt=\"CREAMY GEL POLISH\" width=\"125\" height=\"150\" \/><a href=\"https:\/\/victoriavynn.ca\/wp-content\/uploads\/2019\/11\/SALON-QUALITY.webp\"><img loading=\"lazy\" decoding=\"async\" class=\"size-full wp-image-8772 alignleft\" src=\"https:\/\/victoriavynn.ca\/wp-content\/uploads\/2019\/11\/SALON-QUALITY.webp\" alt=\"GEL NAIL BUILDER\" width=\"125\" height=\"150\" \/><\/a><\/p>\n<p>&nbsp;<\/p>\n<p>&nbsp;<\/p>\n<p>&nbsp;<\/p>\n<p>&nbsp;<\/p>\n<p>&nbsp;<\/p>\n<p>&nbsp;<\/p>\n<p>&nbsp;<\/p>\n<p style=\"text-align: left\">Disponibilit\u00e9 du stock :<\/p>","protected":false},"featured_media":27137,"comment_status":"open","ping_status":"closed","template":"","meta":{"jetpack_post_was_ever_published":false,"jetpack_publicize_message":"","jetpack_publicize_feature_enabled":true,"jetpack_social_post_already_shared":true,"jetpack_social_options":{"image_generator_settings":{"template":"highway","default_image_id":0,"font":"","enabled":false},"version":2}},"product_brand":[932],"product_cat":[48],"product_tag":[103,961],"class_list":{"0":"post-4403","1":"product","2":"type-product","3":"status-publish","4":"has-post-thumbnail","6":"product_brand-victoria-vynn","7":"product_cat-hybrid-gel-nail-colors","8":"product_tag-creamy-gel-polish","9":"product_tag-spring-summer-pure-creamy-hybrid-colors","10":"product_shipping_class-cardboard-box","11":"pa_size-8ml","13":"first","14":"instock","15":"taxable","16":"shipping-taxable","17":"purchasable","18":"product-type-simple"},"jetpack_publicize_connections":[],"jetpack-related-posts":[{"id":4309,"url":"https:\/\/naillycosmetics.com\/fr\/produit\/best-turquoise-blue-nails-088\/","url_meta":{"origin":4403,"position":0},"title":"Victoria VYNN Pure Creamy Hybrid Gel Polish No. 088 Turquoise Blue","author":"Serge Sahakian","date":"septembre 2, 2022","format":false,"excerpt":"Inspiring Turquoise Blue Nails! Victoria VYNN Pure Creamy Hybrid High Pigment Gel Polish 088\u00a0 Turquoise Blue, having a minimal amount of green, is the perfect summer shade. Canada's Leading Distributor of Professional Nail Supplies. Buy with Confidence! Product Specifications: \u00a0 \u00a0 \u00a0 \u00a0 \u00a0 \u00a0 \u00a0 Stock Availability:","rel":"","context":"Article similaire","block_context":{"text":"Article similaire","link":""},"img":{"alt_text":"Best Turquoise Blue Nails Victoria VYNN Pure Creamy Hybrid 088 Turquoise Blue","src":"https:\/\/i0.wp.com\/naillycosmetics.com\/wp-content\/uploads\/2026\/02\/best-turquoise-blue-nails-victoria-vynn-pure-creamy-hybrid-088-turquoise-blue.webp?fit=750%2C1000&ssl=1&resize=350%2C200","width":350,"height":200,"srcset":"https:\/\/i0.wp.com\/naillycosmetics.com\/wp-content\/uploads\/2026\/02\/best-turquoise-blue-nails-victoria-vynn-pure-creamy-hybrid-088-turquoise-blue.webp?fit=750%2C1000&ssl=1&resize=350%2C200 1x, https:\/\/i0.wp.com\/naillycosmetics.com\/wp-content\/uploads\/2026\/02\/best-turquoise-blue-nails-victoria-vynn-pure-creamy-hybrid-088-turquoise-blue.webp?fit=750%2C1000&ssl=1&resize=525%2C300 1.5x, https:\/\/i0.wp.com\/naillycosmetics.com\/wp-content\/uploads\/2026\/02\/best-turquoise-blue-nails-victoria-vynn-pure-creamy-hybrid-088-turquoise-blue.webp?fit=750%2C1000&ssl=1&resize=700%2C400 2x"},"classes":[]},{"id":4339,"url":"https:\/\/naillycosmetics.com\/fr\/produit\/turquoise-green-nails-068-by-the-bay\/","url_meta":{"origin":4403,"position":1},"title":"Victoria VYNN Pure Creamy Hybrid Gel Polish No. 068 By the Bay","author":"Serge Sahakian","date":"septembre 2, 2022","format":false,"excerpt":"Des ongles verts turquoise impressionnants ! Victoria VYNN Pure Creamy Hybrid High Pigment Gel Polish 068 By The Bay est une teinte verte avec une touche de turquoise qui vous rappellera des vacances tropicales. Le premier distributeur canadien de fournitures professionnelles pour les ongles. Achetez en toute confiance ! Sp\u00e9cifications du produit :        ...","rel":"","context":"Article similaire","block_context":{"text":"Article similaire","link":""},"img":{"alt_text":"Best Turquoise Green Nails Victoria VYNN Pure Creamy Hybrid 068 By the Bay","src":"https:\/\/i0.wp.com\/naillycosmetics.com\/wp-content\/uploads\/2026\/02\/best-turquoise-green-nails-victoria-vynn-pure-creamy-hybrid-068-by-the-bay.webp?fit=750%2C1000&ssl=1&resize=350%2C200","width":350,"height":200,"srcset":"https:\/\/i0.wp.com\/naillycosmetics.com\/wp-content\/uploads\/2026\/02\/best-turquoise-green-nails-victoria-vynn-pure-creamy-hybrid-068-by-the-bay.webp?fit=750%2C1000&ssl=1&resize=350%2C200 1x, https:\/\/i0.wp.com\/naillycosmetics.com\/wp-content\/uploads\/2026\/02\/best-turquoise-green-nails-victoria-vynn-pure-creamy-hybrid-068-by-the-bay.webp?fit=750%2C1000&ssl=1&resize=525%2C300 1.5x, https:\/\/i0.wp.com\/naillycosmetics.com\/wp-content\/uploads\/2026\/02\/best-turquoise-green-nails-victoria-vynn-pure-creamy-hybrid-068-by-the-bay.webp?fit=750%2C1000&ssl=1&resize=700%2C400 2x"},"classes":[]},{"id":4311,"url":"https:\/\/naillycosmetics.com\/fr\/produit\/bright-mint-green-nails-087-light-teal\/","url_meta":{"origin":4403,"position":2},"title":"Victoria VYNN Pure Creamy Hybrid Gel Polish No. 087 Light Teal","author":"Serge Sahakian","date":"septembre 2, 2022","format":false,"excerpt":"Brilliant Mint Green Nails! Victoria VYNN Pure Creamy Hybrid High Pigment Gel Polish 087 Light Teal is bright, holiday, turquoise green. Canada's Leading Distributor of Professional Nail Supplies. Buy with Confidence! Product Specifications: \u00a0 \u00a0 \u00a0 \u00a0 \u00a0 \u00a0 \u00a0 Stock Availability:","rel":"","context":"Article similaire","block_context":{"text":"Article similaire","link":""},"img":{"alt_text":"Best Mint Green Nails Victoria VYNN Pure Creamy Hybrid 087 Light Teal","src":"https:\/\/i0.wp.com\/naillycosmetics.com\/wp-content\/uploads\/2026\/02\/best-mint-green-nails-victoria-vynn-pure-creamy-hybrid-087-light-teal.webp?fit=750%2C1000&ssl=1&resize=350%2C200","width":350,"height":200,"srcset":"https:\/\/i0.wp.com\/naillycosmetics.com\/wp-content\/uploads\/2026\/02\/best-mint-green-nails-victoria-vynn-pure-creamy-hybrid-087-light-teal.webp?fit=750%2C1000&ssl=1&resize=350%2C200 1x, https:\/\/i0.wp.com\/naillycosmetics.com\/wp-content\/uploads\/2026\/02\/best-mint-green-nails-victoria-vynn-pure-creamy-hybrid-087-light-teal.webp?fit=750%2C1000&ssl=1&resize=525%2C300 1.5x, https:\/\/i0.wp.com\/naillycosmetics.com\/wp-content\/uploads\/2026\/02\/best-mint-green-nails-victoria-vynn-pure-creamy-hybrid-087-light-teal.webp?fit=750%2C1000&ssl=1&resize=700%2C400 2x"},"classes":[]},{"id":4359,"url":"https:\/\/naillycosmetics.com\/fr\/produit\/best-purple-gel-nails-056-feel-the-colour\/","url_meta":{"origin":4403,"position":3},"title":"Victoria VYNN Pure Creamy Hybrid Gel Polish No. 056 Feel the Colour (Sentir la couleur)","author":"Serge Sahakian","date":"septembre 2, 2022","format":false,"excerpt":"Magnifiques ongles en gel violet ! Victoria VYNN Pure Creamy Hybrid High Pigment Gel Polish 056 Feel the Colour est la teinte violette qui vous fait ressentir l'\u00e9nergie r\u00e9elle du violet. Le premier distributeur canadien de fournitures professionnelles pour les ongles. Achetez en toute confiance ! Sp\u00e9cifications du produit :               Stock...","rel":"","context":"Article similaire","block_context":{"text":"Article similaire","link":""},"img":{"alt_text":"Best Purple gel nails Victoria VYNN Pure Creamy Hybrid Feel the Colour 056","src":"https:\/\/i0.wp.com\/naillycosmetics.com\/wp-content\/uploads\/2026\/02\/best-purple-gel-nails-victoria-vynn-pure-creamy-hybrid-feel-the-colour-056-1-3.webp?fit=750%2C1000&ssl=1&resize=350%2C200","width":350,"height":200,"srcset":"https:\/\/i0.wp.com\/naillycosmetics.com\/wp-content\/uploads\/2026\/02\/best-purple-gel-nails-victoria-vynn-pure-creamy-hybrid-feel-the-colour-056-1-3.webp?fit=750%2C1000&ssl=1&resize=350%2C200 1x, https:\/\/i0.wp.com\/naillycosmetics.com\/wp-content\/uploads\/2026\/02\/best-purple-gel-nails-victoria-vynn-pure-creamy-hybrid-feel-the-colour-056-1-3.webp?fit=750%2C1000&ssl=1&resize=525%2C300 1.5x, https:\/\/i0.wp.com\/naillycosmetics.com\/wp-content\/uploads\/2026\/02\/best-purple-gel-nails-victoria-vynn-pure-creamy-hybrid-feel-the-colour-056-1-3.webp?fit=750%2C1000&ssl=1&resize=700%2C400 2x"},"classes":[]},{"id":4271,"url":"https:\/\/naillycosmetics.com\/fr\/produit\/victoria-vynn-pure-burnt-pink-gel-polish\/","url_meta":{"origin":4403,"position":4},"title":"Victoria VYNN Pure Creamy Hybrid Gel Polish No. 126 Burnt Pink","author":"Serge Sahakian","date":"septembre 2, 2022","format":false,"excerpt":"Le meilleur et incroyable vernis en gel rose br\u00fbl\u00e9 ! Victoria VYNN Pure Creamy Hybrid High Pigment Gel Polish 126 Burnt Pink est un rose fum\u00e9 avec un soup\u00e7on de rouge qui charme avec l'\u00e9nergie de la f\u00e9minit\u00e9. Le principal distributeur canadien de fournitures professionnelles pour les ongles. Achetez en toute confiance ! Sp\u00e9cifications du produit :        ...","rel":"","context":"Article similaire","block_context":{"text":"Article similaire","link":""},"img":{"alt_text":"Victoria VYNN Pure Burnt Pink Gel Polish No. 126","src":"https:\/\/i0.wp.com\/naillycosmetics.com\/wp-content\/uploads\/2026\/02\/victoria-vynn-pure-burnt-pink-gel-polish-no.-126-.webp?fit=750%2C1000&ssl=1&resize=350%2C200","width":350,"height":200,"srcset":"https:\/\/i0.wp.com\/naillycosmetics.com\/wp-content\/uploads\/2026\/02\/victoria-vynn-pure-burnt-pink-gel-polish-no.-126-.webp?fit=750%2C1000&ssl=1&resize=350%2C200 1x, https:\/\/i0.wp.com\/naillycosmetics.com\/wp-content\/uploads\/2026\/02\/victoria-vynn-pure-burnt-pink-gel-polish-no.-126-.webp?fit=750%2C1000&ssl=1&resize=525%2C300 1.5x, https:\/\/i0.wp.com\/naillycosmetics.com\/wp-content\/uploads\/2026\/02\/victoria-vynn-pure-burnt-pink-gel-polish-no.-126-.webp?fit=750%2C1000&ssl=1&resize=700%2C400 2x"},"classes":[]}],"jetpack_sharing_enabled":true,"_links":{"self":[{"href":"https:\/\/naillycosmetics.com\/fr\/wp-json\/wp\/v2\/product\/4403","targetHints":{"allow":["GET"]}}],"collection":[{"href":"https:\/\/naillycosmetics.com\/fr\/wp-json\/wp\/v2\/product"}],"about":[{"href":"https:\/\/naillycosmetics.com\/fr\/wp-json\/wp\/v2\/types\/product"}],"replies":[{"embeddable":true,"href":"https:\/\/naillycosmetics.com\/fr\/wp-json\/wp\/v2\/comments?post=4403"}],"wp:featuredmedia":[{"embeddable":true,"href":"https:\/\/naillycosmetics.com\/fr\/wp-json\/wp\/v2\/media\/27137"}],"wp:attachment":[{"href":"https:\/\/naillycosmetics.com\/fr\/wp-json\/wp\/v2\/media?parent=4403"}],"wp:term":[{"taxonomy":"product_brand","embeddable":true,"href":"https:\/\/naillycosmetics.com\/fr\/wp-json\/wp\/v2\/product_brand?post=4403"},{"taxonomy":"product_cat","embeddable":true,"href":"https:\/\/naillycosmetics.com\/fr\/wp-json\/wp\/v2\/product_cat?post=4403"},{"taxonomy":"product_tag","embeddable":true,"href":"https:\/\/naillycosmetics.com\/fr\/wp-json\/wp\/v2\/product_tag?post=4403"}],"curies":[{"name":"wp","href":"https:\/\/api.w.org\/{rel}","templated":true}]}}