{"id":4387,"date":"2022-09-02T18:52:12","date_gmt":"2022-09-02T22:52:12","guid":{"rendered":"https:\/\/naillycosmetics.com\/index.php\/product\/victoria-vynn-pure-creamy-hybrid-color-no-41\/"},"modified":"2026-04-16T09:59:17","modified_gmt":"2026-04-16T13:59:17","slug":"best-light-beige-gel-nail-polish-041","status":"publish","type":"product","link":"https:\/\/naillycosmetics.com\/fr\/produit\/best-light-beige-gel-nail-polish-041\/","title":{"rendered":"Victoria VYNN Pure Creamy Hybrid Gel Polish No. 041 Light Beige"},"content":{"rendered":"<p>Le syst\u00e8me Pure Creamy Hybrid comprend des vernis gel hybrides cr\u00e9meux d'une couverture et d'une durabilit\u00e9 excellentes. Il s'agit d'une formule avec un indice de s\u00e9curit\u00e9 \u00e9lev\u00e9, sans odeur irritante et qui peut \u00eatre enlev\u00e9e avec de l'alcool cosm\u00e9tique. Le pinceau court et plat, con\u00e7u sp\u00e9cialement pour la ligne de produits Pure, facilite une application uniforme. Le syst\u00e8me permet de r\u00e9aliser des manucures hybrides ultra fines. Durcissement uniquement dans des lampes LED !<\/p>\n<p>Merveilleux vernis \u00e0 ongles en gel beige clair. Victoria VYNN Pure Creamy Hybrid High Pigment Gel Polish 041 Light Beige sera parfait dans un design nude. Il met parfaitement en valeur tous les tons de peau.<\/p>\n<p>Les vernis hybrides Pure r\u00e9pondent aux attentes des femmes du monde entier ! Nous cr\u00e9ons nos collections en fonction des derni\u00e8res tendances, nous r\u00e9pondons aux besoins de nos clientes et nous mettons en valeur la beaut\u00e9 de leurs mains !<\/p>","protected":false},"excerpt":{"rendered":"<p>Merveilleux vernis \u00e0 ongles en gel beige clair. Victoria VYNN Pure Creamy Hybrid High Pigment Gel Polish 041 Light Beige sera parfait dans un design nude. Il met parfaitement en valeur tous les tons de peau. Le principal distributeur canadien de fournitures professionnelles pour les ongles. Achetez en toute confiance !<\/p>\n<p>Sp\u00e9cifications du produit :<\/p>\n<p><a href=\"https:\/\/victoriavynn.ca\/wp-content\/uploads\/2022\/12\/CREAMY-FORMULA-1.webp\"><img loading=\"lazy\" decoding=\"async\" class=\"size-full wp-image-8777 alignleft\" src=\"https:\/\/victoriavynn.ca\/wp-content\/uploads\/2022\/12\/CREAMY-FORMULA-1.webp\" alt=\"CREAMY GEL POLISH\" width=\"125\" height=\"150\" \/><\/a> <img loading=\"lazy\" decoding=\"async\" class=\"size-full wp-image-8778 alignleft\" src=\"https:\/\/victoriavynn.ca\/wp-content\/uploads\/2022\/12\/FLAT-SHORT-BRUSH.webp\" alt=\"CREAMY GEL POLISH\" width=\"125\" height=\"150\" \/><img loading=\"lazy\" decoding=\"async\" class=\"size-full wp-image-8779 alignleft\" src=\"https:\/\/victoriavynn.ca\/wp-content\/uploads\/2022\/12\/FOR-LED-LAMP.webp\" alt=\"CREAMY GEL POLISH\" width=\"125\" height=\"150\" \/><a href=\"https:\/\/victoriavynn.ca\/wp-content\/uploads\/2019\/11\/SALON-QUALITY.webp\"><img loading=\"lazy\" decoding=\"async\" class=\"size-full wp-image-8772 alignleft\" src=\"https:\/\/victoriavynn.ca\/wp-content\/uploads\/2019\/11\/SALON-QUALITY.webp\" alt=\"GEL NAIL BUILDER\" width=\"125\" height=\"150\" \/><\/a><\/p>\n<p>&nbsp;<\/p>\n<p>&nbsp;<\/p>\n<p>&nbsp;<\/p>\n<p>&nbsp;<\/p>\n<p>&nbsp;<\/p>\n<p>&nbsp;<\/p>\n<p>&nbsp;<\/p>\n<p style=\"text-align: left\">Disponibilit\u00e9 du stock :<\/p>","protected":false},"featured_media":27171,"comment_status":"open","ping_status":"closed","template":"","meta":{"jetpack_post_was_ever_published":false,"jetpack_publicize_message":"","jetpack_publicize_feature_enabled":true,"jetpack_social_post_already_shared":true,"jetpack_social_options":{"image_generator_settings":{"template":"highway","default_image_id":0,"font":"","enabled":false},"version":2}},"product_brand":[932],"product_cat":[48],"product_tag":[103,961],"class_list":{"0":"post-4387","1":"product","2":"type-product","3":"status-publish","4":"has-post-thumbnail","6":"product_brand-victoria-vynn","7":"product_cat-hybrid-gel-nail-colors","8":"product_tag-creamy-gel-polish","9":"product_tag-spring-summer-pure-creamy-hybrid-colors","10":"product_shipping_class-cardboard-box","11":"pa_size-8ml","13":"first","14":"instock","15":"taxable","16":"shipping-taxable","17":"purchasable","18":"product-type-simple"},"jetpack_publicize_connections":[],"jetpack-related-posts":[{"id":8377,"url":"https:\/\/naillycosmetics.com\/fr\/produit\/creamy-beige-gel-polish-231-morning-mist\/","url_meta":{"origin":4387,"position":0},"title":"Victoria VYNN Pure Creamy Hybrid Gel Polish No. 231 Morning Mist","author":"Serge Sahakian","date":"d\u00e9cembre 15, 2022","format":false,"excerpt":"Victoria VYNN Hybrid Pure Creamy Beige Gel Polish Morning Mist No. 231 est un beige tr\u00e8s l\u00e9ger et vaporeux. Achetez en toute confiance ! Collection : Pure Creamy Hybrid Collection Voyage Sp\u00e9cifications du produit :               Disponibilit\u00e9 en stock :","rel":"","context":"Article similaire","block_context":{"text":"Article similaire","link":""},"img":{"alt_text":"creamy beige Gel Polish","src":"https:\/\/i0.wp.com\/naillycosmetics.com\/wp-content\/uploads\/2026\/02\/231.webp?fit=750%2C1000&ssl=1&resize=350%2C200","width":350,"height":200,"srcset":"https:\/\/i0.wp.com\/naillycosmetics.com\/wp-content\/uploads\/2026\/02\/231.webp?fit=750%2C1000&ssl=1&resize=350%2C200 1x, https:\/\/i0.wp.com\/naillycosmetics.com\/wp-content\/uploads\/2026\/02\/231.webp?fit=750%2C1000&ssl=1&resize=525%2C300 1.5x, https:\/\/i0.wp.com\/naillycosmetics.com\/wp-content\/uploads\/2026\/02\/231.webp?fit=750%2C1000&ssl=1&resize=700%2C400 2x"},"classes":[]},{"id":4259,"url":"https:\/\/naillycosmetics.com\/fr\/produit\/light-beige-pink-nails-pure-creamy-135\/","url_meta":{"origin":4387,"position":1},"title":"Victoria VYNN Pure Creamy Hybrid Gel Polish No. 135 Mellow Rose","author":"Serge Sahakian","date":"septembre 2, 2022","format":false,"excerpt":"Le meilleur vernis en gel beige ros\u00e9 pour les ongles ! Victoria VYNN Pure Creamy Hybrid High Pigment Gel Polish 135 Mellow Rose est une teinte beige, fortement domin\u00e9e par le rose, ce qui permettra \u00e0 la couleur de s'adapter parfaitement \u00e0 n'importe quel design. Le plus grand distributeur canadien de fournitures professionnelles pour les ongles. Achetez en toute confiance ! Sp\u00e9cifications du produit :    ...","rel":"","context":"Article similaire","block_context":{"text":"Article similaire","link":""},"img":{"alt_text":"Victoria VYNN Pure Creamy Light Beige Pink Nails 135 Mellow Rose","src":"https:\/\/i0.wp.com\/naillycosmetics.com\/wp-content\/uploads\/2026\/02\/victoria-vynn-pure-creamy-light-beige-pink-nails-135-mellow-rose.webp?fit=750%2C1000&ssl=1&resize=350%2C200","width":350,"height":200,"srcset":"https:\/\/i0.wp.com\/naillycosmetics.com\/wp-content\/uploads\/2026\/02\/victoria-vynn-pure-creamy-light-beige-pink-nails-135-mellow-rose.webp?fit=750%2C1000&ssl=1&resize=350%2C200 1x, https:\/\/i0.wp.com\/naillycosmetics.com\/wp-content\/uploads\/2026\/02\/victoria-vynn-pure-creamy-light-beige-pink-nails-135-mellow-rose.webp?fit=750%2C1000&ssl=1&resize=525%2C300 1.5x, https:\/\/i0.wp.com\/naillycosmetics.com\/wp-content\/uploads\/2026\/02\/victoria-vynn-pure-creamy-light-beige-pink-nails-135-mellow-rose.webp?fit=750%2C1000&ssl=1&resize=700%2C400 2x"},"classes":[]},{"id":8373,"url":"https:\/\/naillycosmetics.com\/fr\/produit\/beige-gel-nails-229-beige-glade\/","url_meta":{"origin":4387,"position":2},"title":"Victoria VYNN Pure Creamy Hybrid Gel Polish No. 229 Beige Glade","author":"Serge Sahakian","date":"d\u00e9cembre 15, 2022","format":false,"excerpt":"Victoria VYNN Hybrid Pure Creamy Beige Glade No. 229 est un glade montagne beige moyen avec une touche de rouge. Le summum des ongles en gel beige. Le plus grand distributeur canadien de fournitures professionnelles pour les ongles. Achetez en toute confiance ! Collection : Pure Creamy Hybrid Collection Voyage Sp\u00e9cifications du produit :               Disponibilit\u00e9 en stock :","rel":"","context":"Article similaire","block_context":{"text":"Article similaire","link":""},"img":{"alt_text":"beige gel nails","src":"https:\/\/i0.wp.com\/naillycosmetics.com\/wp-content\/uploads\/2026\/02\/229-1-1.webp?fit=750%2C1000&ssl=1&resize=350%2C200","width":350,"height":200,"srcset":"https:\/\/i0.wp.com\/naillycosmetics.com\/wp-content\/uploads\/2026\/02\/229-1-1.webp?fit=750%2C1000&ssl=1&resize=350%2C200 1x, https:\/\/i0.wp.com\/naillycosmetics.com\/wp-content\/uploads\/2026\/02\/229-1-1.webp?fit=750%2C1000&ssl=1&resize=525%2C300 1.5x, https:\/\/i0.wp.com\/naillycosmetics.com\/wp-content\/uploads\/2026\/02\/229-1-1.webp?fit=750%2C1000&ssl=1&resize=700%2C400 2x"},"classes":[]},{"id":8375,"url":"https:\/\/naillycosmetics.com\/fr\/produit\/beige-gel-nail-polish-230-sandy-dune\/","url_meta":{"origin":4387,"position":3},"title":"Victoria VYNN Pure Creamy Hybrid Gel Polish No. 230 Sandy Dune","author":"Serge Sahakian","date":"d\u00e9cembre 15, 2022","format":false,"excerpt":"Victoria VYNN Hybrid Pure Creamy Beige Gel Nail Polish Sandy Dune No. 230 est un beige chaud et sablonneux d'une dune c\u00f4ti\u00e8re. Le premier distributeur canadien de fournitures professionnelles pour les ongles. Achetez en toute confiance ! Collection : Pure Creamy Hybrid Collection Voyage Sp\u00e9cifications du produit :               Disponibilit\u00e9 en stock :","rel":"","context":"Article similaire","block_context":{"text":"Article similaire","link":""},"img":{"alt_text":"beige gel nail polish","src":"https:\/\/i0.wp.com\/naillycosmetics.com\/wp-content\/uploads\/2026\/02\/230.webp?fit=750%2C1000&ssl=1&resize=350%2C200","width":350,"height":200,"srcset":"https:\/\/i0.wp.com\/naillycosmetics.com\/wp-content\/uploads\/2026\/02\/230.webp?fit=750%2C1000&ssl=1&resize=350%2C200 1x, https:\/\/i0.wp.com\/naillycosmetics.com\/wp-content\/uploads\/2026\/02\/230.webp?fit=750%2C1000&ssl=1&resize=525%2C300 1.5x, https:\/\/i0.wp.com\/naillycosmetics.com\/wp-content\/uploads\/2026\/02\/230.webp?fit=750%2C1000&ssl=1&resize=700%2C400 2x"},"classes":[]},{"id":4445,"url":"https:\/\/naillycosmetics.com\/fr\/produit\/neutral-beige-nails-008-ginger-tea\/","url_meta":{"origin":4387,"position":4},"title":"Victoria VYNN Pure Creamy Hybrid Gel Polish No. 008 Ginger Tea","author":"Serge Sahakian","date":"septembre 2, 2022","format":false,"excerpt":"Obtenez les plus charmants ongles beige neutre. Victoria VYNN Pure Creamy Hybrid Nude High Pigment Gel Polish Ginger Tea No. 008 correspond \u00e0 la couleur naturelle de la peau. Le plus grand distributeur canadien de fournitures professionnelles pour les ongles. Achetez en toute confiance ! Sp\u00e9cifications du produit :               Disponibilit\u00e9 du stock :","rel":"","context":"Article similaire","block_context":{"text":"Article similaire","link":""},"img":{"alt_text":"Best Neutral Beige Nails Victoria VYNN Pure Creamy Hybrid 008 Ginger Tea","src":"https:\/\/i0.wp.com\/naillycosmetics.com\/wp-content\/uploads\/2026\/02\/best-pink-nude-nails-victoria-vynn-pure-creamy-hybrid-008-ginger-tea.webp?fit=750%2C1000&ssl=1&resize=350%2C200","width":350,"height":200,"srcset":"https:\/\/i0.wp.com\/naillycosmetics.com\/wp-content\/uploads\/2026\/02\/best-pink-nude-nails-victoria-vynn-pure-creamy-hybrid-008-ginger-tea.webp?fit=750%2C1000&ssl=1&resize=350%2C200 1x, https:\/\/i0.wp.com\/naillycosmetics.com\/wp-content\/uploads\/2026\/02\/best-pink-nude-nails-victoria-vynn-pure-creamy-hybrid-008-ginger-tea.webp?fit=750%2C1000&ssl=1&resize=525%2C300 1.5x, https:\/\/i0.wp.com\/naillycosmetics.com\/wp-content\/uploads\/2026\/02\/best-pink-nude-nails-victoria-vynn-pure-creamy-hybrid-008-ginger-tea.webp?fit=750%2C1000&ssl=1&resize=700%2C400 2x"},"classes":[]},{"id":4385,"url":"https:\/\/naillycosmetics.com\/fr\/produit\/cappuccino-gel-nail-polish-042-milk-coffee\/","url_meta":{"origin":4387,"position":5},"title":"Victoria VYNN Pure Creamy Hybrid Gel Polish No. 042 Milk Coffee","author":"Serge Sahakian","date":"septembre 2, 2022","format":false,"excerpt":"Charmant vernis \u00e0 ongles en gel Cappuccino. Victoria VYNN Pure Creamy Hybrid High Pigment Gel Polish 042 Milk Coffee est une couleur beige\/marron qui met parfaitement en valeur le bronzage de la peau des mains. Le premier distributeur canadien de fournitures professionnelles pour les ongles. Achetez en toute confiance ! Sp\u00e9cifications du produit :            ...","rel":"","context":"Article similaire","block_context":{"text":"Article similaire","link":""},"img":{"alt_text":"best cappuccino gel nail polish Victoria VYNN pure creamy hybrid 042 milk coffee","src":"https:\/\/i0.wp.com\/naillycosmetics.com\/wp-content\/uploads\/2026\/02\/best-light-brown-gel-polish-victoria-vynn-pure-creamy-hybrid-042-milk-coffee.webp?fit=750%2C1000&ssl=1&resize=350%2C200","width":350,"height":200,"srcset":"https:\/\/i0.wp.com\/naillycosmetics.com\/wp-content\/uploads\/2026\/02\/best-light-brown-gel-polish-victoria-vynn-pure-creamy-hybrid-042-milk-coffee.webp?fit=750%2C1000&ssl=1&resize=350%2C200 1x, https:\/\/i0.wp.com\/naillycosmetics.com\/wp-content\/uploads\/2026\/02\/best-light-brown-gel-polish-victoria-vynn-pure-creamy-hybrid-042-milk-coffee.webp?fit=750%2C1000&ssl=1&resize=525%2C300 1.5x, https:\/\/i0.wp.com\/naillycosmetics.com\/wp-content\/uploads\/2026\/02\/best-light-brown-gel-polish-victoria-vynn-pure-creamy-hybrid-042-milk-coffee.webp?fit=750%2C1000&ssl=1&resize=700%2C400 2x"},"classes":[]}],"jetpack_sharing_enabled":true,"_links":{"self":[{"href":"https:\/\/naillycosmetics.com\/fr\/wp-json\/wp\/v2\/product\/4387","targetHints":{"allow":["GET"]}}],"collection":[{"href":"https:\/\/naillycosmetics.com\/fr\/wp-json\/wp\/v2\/product"}],"about":[{"href":"https:\/\/naillycosmetics.com\/fr\/wp-json\/wp\/v2\/types\/product"}],"replies":[{"embeddable":true,"href":"https:\/\/naillycosmetics.com\/fr\/wp-json\/wp\/v2\/comments?post=4387"}],"wp:featuredmedia":[{"embeddable":true,"href":"https:\/\/naillycosmetics.com\/fr\/wp-json\/wp\/v2\/media\/27171"}],"wp:attachment":[{"href":"https:\/\/naillycosmetics.com\/fr\/wp-json\/wp\/v2\/media?parent=4387"}],"wp:term":[{"taxonomy":"product_brand","embeddable":true,"href":"https:\/\/naillycosmetics.com\/fr\/wp-json\/wp\/v2\/product_brand?post=4387"},{"taxonomy":"product_cat","embeddable":true,"href":"https:\/\/naillycosmetics.com\/fr\/wp-json\/wp\/v2\/product_cat?post=4387"},{"taxonomy":"product_tag","embeddable":true,"href":"https:\/\/naillycosmetics.com\/fr\/wp-json\/wp\/v2\/product_tag?post=4387"}],"curies":[{"name":"wp","href":"https:\/\/api.w.org\/{rel}","templated":true}]}}