{"id":4371,"date":"2022-09-02T18:47:10","date_gmt":"2022-09-02T22:47:10","guid":{"rendered":"https:\/\/naillycosmetics.com\/index.php\/product\/victoria-vynn-pure-creamy-hybrid-color-no-50\/"},"modified":"2026-02-19T18:42:48","modified_gmt":"2026-02-19T23:42:48","slug":"dirty-pink-nails-050-secret-heart","status":"publish","type":"product","link":"https:\/\/naillycosmetics.com\/fr\/produit\/dirty-pink-nails-050-secret-heart\/","title":{"rendered":"Victoria VYNN Pure Creamy Hybrid Gel Polish No. 050 Secret Heart"},"content":{"rendered":"<p>Le syst\u00e8me Pure Creamy Hybrid comprend des vernis gel hybrides cr\u00e9meux d'une couverture et d'une durabilit\u00e9 excellentes. Il s'agit d'une formule avec un indice de s\u00e9curit\u00e9 \u00e9lev\u00e9, sans odeur irritante et qui peut \u00eatre enlev\u00e9e avec de l'alcool cosm\u00e9tique. Le pinceau court et plat, con\u00e7u sp\u00e9cialement pour la ligne de produits Pure, facilite une application uniforme. Le syst\u00e8me permet de r\u00e9aliser des manucures hybrides ultra fines. Durcissement uniquement dans des lampes LED !<\/p>\n<p>Myst\u00e9rieux ongles rose sale ! Victoria VYNN Pure Creamy Hybrid High Pigment Gel Polish 050 Secret Heart est une teinte myst\u00e9rieuse, discr\u00e8te, rose sale qui convient \u00e0 tous les tons de peau.<\/p>\n<p>Les vernis hybrides Pure r\u00e9pondent aux attentes des femmes du monde entier ! Nous cr\u00e9ons nos collections en fonction des derni\u00e8res tendances, nous r\u00e9pondons aux besoins de nos clientes et nous mettons en valeur la beaut\u00e9 de leurs mains !<\/p>","protected":false},"excerpt":{"rendered":"<p>Myst\u00e9rieux ongles rose sale ! Victoria VYNN Pure Creamy Hybrid High Pigment Gel Polish 050 Secret Heart est une teinte myst\u00e9rieuse, discr\u00e8te, rose sale qui convient \u00e0 tous les tons de peau. Le premier distributeur canadien de fournitures professionnelles pour les ongles. Achetez en toute confiance !<\/p>\n<p>Sp\u00e9cifications du produit :<\/p>\n<p><a href=\"https:\/\/victoriavynn.ca\/wp-content\/uploads\/2022\/12\/CREAMY-FORMULA-1.webp\"><img loading=\"lazy\" decoding=\"async\" class=\"size-full wp-image-8777 alignleft\" src=\"https:\/\/victoriavynn.ca\/wp-content\/uploads\/2022\/12\/CREAMY-FORMULA-1.webp\" alt=\"CREAMY GEL POLISH\" width=\"125\" height=\"150\" \/><\/a> <img loading=\"lazy\" decoding=\"async\" class=\"size-full wp-image-8778 alignleft\" src=\"https:\/\/victoriavynn.ca\/wp-content\/uploads\/2022\/12\/FLAT-SHORT-BRUSH.webp\" alt=\"CREAMY GEL POLISH\" width=\"125\" height=\"150\" \/><img loading=\"lazy\" decoding=\"async\" class=\"size-full wp-image-8779 alignleft\" src=\"https:\/\/victoriavynn.ca\/wp-content\/uploads\/2022\/12\/FOR-LED-LAMP.webp\" alt=\"CREAMY GEL POLISH\" width=\"125\" height=\"150\" \/><a href=\"https:\/\/victoriavynn.ca\/wp-content\/uploads\/2019\/11\/SALON-QUALITY.webp\"><img loading=\"lazy\" decoding=\"async\" class=\"size-full wp-image-8772 alignleft\" src=\"https:\/\/victoriavynn.ca\/wp-content\/uploads\/2019\/11\/SALON-QUALITY.webp\" alt=\"GEL NAIL BUILDER\" width=\"125\" height=\"150\" \/><\/a><\/p>\n<p>&nbsp;<\/p>\n<p>&nbsp;<\/p>\n<p>&nbsp;<\/p>\n<p>&nbsp;<\/p>\n<p>&nbsp;<\/p>\n<p>&nbsp;<\/p>\n<p>&nbsp;<\/p>\n<p style=\"text-align: left\">Disponibilit\u00e9 du stock :<\/p>","protected":false},"featured_media":27196,"comment_status":"open","ping_status":"closed","template":"","meta":{"jetpack_post_was_ever_published":false,"jetpack_publicize_message":"","jetpack_publicize_feature_enabled":true,"jetpack_social_post_already_shared":true,"jetpack_social_options":{"image_generator_settings":{"template":"highway","default_image_id":0,"font":"","enabled":false},"version":2}},"product_brand":[932],"product_cat":[48],"product_tag":[959,103],"class_list":{"0":"post-4371","1":"product","2":"type-product","3":"status-publish","4":"has-post-thumbnail","6":"product_brand-victoria-vynn","7":"product_cat-hybrid-gel-nail-colors","8":"product_tag-autumn-winter-pure-creamy-hybrid-colors","9":"product_tag-creamy-gel-polish","10":"product_shipping_class-cardboard-box","11":"pa_size-8ml","13":"first","14":"instock","15":"taxable","16":"shipping-taxable","17":"purchasable","18":"product-type-simple"},"jetpack_publicize_connections":[],"jetpack-related-posts":[{"id":4361,"url":"https:\/\/naillycosmetics.com\/fr\/produit\/best-pink-gel-nail-polish-055-pink-up\/","url_meta":{"origin":4371,"position":0},"title":"Victoria VYNN Pure Creamy Hybrid Gel Polish No. 055 Pink Up","author":"Serge Sahakian","date":"septembre 2, 2022","format":false,"excerpt":"Vernis \u00e0 ongles en gel d'un rose attrayant ! Victoria VYNN Pure Creamy Hybrid High Pigment Gel Polish 055 Pink Up est une nuance de rose intense qui est tout simplement \u00e9poustouflante. Le premier distributeur canadien de fournitures professionnelles pour les ongles. Achetez en toute confiance ! Sp\u00e9cifications du produit :               Disponibilit\u00e9 du stock :","rel":"","context":"Article similaire","block_context":{"text":"Article similaire","link":""},"img":{"alt_text":"Best Pink Gel Nail Polish Victoira VYNN Pure Creamy Hybrid 055 Pink Up","src":"https:\/\/i0.wp.com\/naillycosmetics.com\/wp-content\/uploads\/2026\/02\/best-pink-gel-nail-polish-victoira-vynn-pure-creamy-hybrid-055-pink-up.webp?fit=750%2C1000&ssl=1&resize=350%2C200","width":350,"height":200,"srcset":"https:\/\/i0.wp.com\/naillycosmetics.com\/wp-content\/uploads\/2026\/02\/best-pink-gel-nail-polish-victoira-vynn-pure-creamy-hybrid-055-pink-up.webp?fit=750%2C1000&ssl=1&resize=350%2C200 1x, https:\/\/i0.wp.com\/naillycosmetics.com\/wp-content\/uploads\/2026\/02\/best-pink-gel-nail-polish-victoira-vynn-pure-creamy-hybrid-055-pink-up.webp?fit=750%2C1000&ssl=1&resize=525%2C300 1.5x, https:\/\/i0.wp.com\/naillycosmetics.com\/wp-content\/uploads\/2026\/02\/best-pink-gel-nail-polish-victoira-vynn-pure-creamy-hybrid-055-pink-up.webp?fit=750%2C1000&ssl=1&resize=700%2C400 2x"},"classes":[]},{"id":8379,"url":"https:\/\/naillycosmetics.com\/fr\/produit\/pink-creamy-gel-nail-polish-232-pink-horizon\/","url_meta":{"origin":4371,"position":1},"title":"Victoria VYNN Pure Creamy Hybrid Gel Polish No. 232 Pink Horizon","author":"Serge Sahakian","date":"d\u00e9cembre 15, 2022","format":false,"excerpt":"Victoria VYNN Hybrid Pure Pink Creamy Gel Nail Polish Pink Horizon No. 232 est un rose vif et frais de l'horizon du soir. Le premier distributeur canadien de fournitures professionnelles pour les ongles. Achetez en toute confiance ! Collection : Pure Creamy Hybrid Collection Voyage Sp\u00e9cifications du produit :               Disponibilit\u00e9 en stock :","rel":"","context":"Article similaire","block_context":{"text":"Article similaire","link":""},"img":{"alt_text":"pink creamy gel nail polish","src":"https:\/\/i0.wp.com\/naillycosmetics.com\/wp-content\/uploads\/2026\/02\/232.webp?fit=750%2C1000&ssl=1&resize=350%2C200","width":350,"height":200,"srcset":"https:\/\/i0.wp.com\/naillycosmetics.com\/wp-content\/uploads\/2026\/02\/232.webp?fit=750%2C1000&ssl=1&resize=350%2C200 1x, https:\/\/i0.wp.com\/naillycosmetics.com\/wp-content\/uploads\/2026\/02\/232.webp?fit=750%2C1000&ssl=1&resize=525%2C300 1.5x, https:\/\/i0.wp.com\/naillycosmetics.com\/wp-content\/uploads\/2026\/02\/232.webp?fit=750%2C1000&ssl=1&resize=700%2C400 2x"},"classes":[]},{"id":4439,"url":"https:\/\/naillycosmetics.com\/fr\/produit\/best-pink-gel-nails-011-gentle-pink\/","url_meta":{"origin":4371,"position":2},"title":"Victoria VYNN Pure Creamy Hybrid Gel Polish No. 011 Gentle Pink","author":"Serge Sahakian","date":"septembre 2, 2022","format":false,"excerpt":"Le plus d\u00e9licat des ongles en gel rose ! Victoria VYNN Pure Creamy Hybrid High Pigment Gel Polish Gentle Pink No. 011 est une combinaison de beige noble avec une d\u00e9licate touche de rose. Le plus grand distributeur canadien de fournitures professionnelles pour les ongles. Achetez en toute confiance ! Sp\u00e9cifications du produit :              ...","rel":"","context":"Article similaire","block_context":{"text":"Article similaire","link":""},"img":{"alt_text":"Most Delicate pink gel nails Victoria VYNN Pure Creamy Hybrid 011 Gentle Pink","src":"https:\/\/i0.wp.com\/naillycosmetics.com\/wp-content\/uploads\/2026\/02\/most-delicate-ping-gel-nails-victoria-vynn-pure-creamy-hybrid-011-gentle-pink-1-3.webp?fit=750%2C1000&ssl=1&resize=350%2C200","width":350,"height":200,"srcset":"https:\/\/i0.wp.com\/naillycosmetics.com\/wp-content\/uploads\/2026\/02\/most-delicate-ping-gel-nails-victoria-vynn-pure-creamy-hybrid-011-gentle-pink-1-3.webp?fit=750%2C1000&ssl=1&resize=350%2C200 1x, https:\/\/i0.wp.com\/naillycosmetics.com\/wp-content\/uploads\/2026\/02\/most-delicate-ping-gel-nails-victoria-vynn-pure-creamy-hybrid-011-gentle-pink-1-3.webp?fit=750%2C1000&ssl=1&resize=525%2C300 1.5x, https:\/\/i0.wp.com\/naillycosmetics.com\/wp-content\/uploads\/2026\/02\/most-delicate-ping-gel-nails-victoria-vynn-pure-creamy-hybrid-011-gentle-pink-1-3.webp?fit=750%2C1000&ssl=1&resize=700%2C400 2x"},"classes":[]},{"id":12797,"url":"https:\/\/naillycosmetics.com\/fr\/produit\/light-creamy-pastel-coral-gel-polish-241\/","url_meta":{"origin":4371,"position":3},"title":"Victoria VYNN Pure Creamy Hybrid Gel Polish No. 241 Former Rouge","author":"Serge Sahakian","date":"juin 9, 2023","format":false,"excerpt":"Victoria VYNN Pure Creamy Hybrid Light Creamy Pastel Coral Gel Polish Former Rouge No. 241 is an ultra-feminine, warm pink that has been appreciated for years by lovers of pink nails. Canada's Leading Distributor of Professional Nail Supplies. Buy with Confidence! Collection: Pure Creamy Hybrid Retro Pastel Product Specifications: \u00a0\u2026","rel":"","context":"Article similaire","block_context":{"text":"Article similaire","link":""},"img":{"alt_text":"Victoria VYNN Pure Creamy Hybrid Light Creamy Pastel Coral Gel Polish Vintage Patina No. 241","src":"https:\/\/i0.wp.com\/naillycosmetics.com\/wp-content\/uploads\/2026\/02\/victoria-vynn-pure-creamy-hybrid-light-creamy-pastel-coral-gel-polish-vintage-patina-no.-241-1.webp?fit=750%2C1000&ssl=1&resize=350%2C200","width":350,"height":200,"srcset":"https:\/\/i0.wp.com\/naillycosmetics.com\/wp-content\/uploads\/2026\/02\/victoria-vynn-pure-creamy-hybrid-light-creamy-pastel-coral-gel-polish-vintage-patina-no.-241-1.webp?fit=750%2C1000&ssl=1&resize=350%2C200 1x, https:\/\/i0.wp.com\/naillycosmetics.com\/wp-content\/uploads\/2026\/02\/victoria-vynn-pure-creamy-hybrid-light-creamy-pastel-coral-gel-polish-vintage-patina-no.-241-1.webp?fit=750%2C1000&ssl=1&resize=525%2C300 1.5x, https:\/\/i0.wp.com\/naillycosmetics.com\/wp-content\/uploads\/2026\/02\/victoria-vynn-pure-creamy-hybrid-light-creamy-pastel-coral-gel-polish-vintage-patina-no.-241-1.webp?fit=750%2C1000&ssl=1&resize=700%2C400 2x"},"classes":[]},{"id":4259,"url":"https:\/\/naillycosmetics.com\/fr\/produit\/light-beige-pink-nails-pure-creamy-135\/","url_meta":{"origin":4371,"position":4},"title":"Victoria VYNN Pure Creamy Hybrid Gel Polish No. 135 Mellow Rose","author":"Serge Sahakian","date":"septembre 2, 2022","format":false,"excerpt":"Le meilleur vernis en gel beige ros\u00e9 pour les ongles ! Victoria VYNN Pure Creamy Hybrid High Pigment Gel Polish 135 Mellow Rose est une teinte beige, fortement domin\u00e9e par le rose, ce qui permettra \u00e0 la couleur de s'adapter parfaitement \u00e0 n'importe quel design. Le plus grand distributeur canadien de fournitures professionnelles pour les ongles. Achetez en toute confiance ! Sp\u00e9cifications du produit :    ...","rel":"","context":"Article similaire","block_context":{"text":"Article similaire","link":""},"img":{"alt_text":"Victoria VYNN Pure Creamy Light Beige Pink Nails 135 Mellow Rose","src":"https:\/\/i0.wp.com\/naillycosmetics.com\/wp-content\/uploads\/2026\/02\/victoria-vynn-pure-creamy-light-beige-pink-nails-135-mellow-rose.webp?fit=750%2C1000&ssl=1&resize=350%2C200","width":350,"height":200,"srcset":"https:\/\/i0.wp.com\/naillycosmetics.com\/wp-content\/uploads\/2026\/02\/victoria-vynn-pure-creamy-light-beige-pink-nails-135-mellow-rose.webp?fit=750%2C1000&ssl=1&resize=350%2C200 1x, https:\/\/i0.wp.com\/naillycosmetics.com\/wp-content\/uploads\/2026\/02\/victoria-vynn-pure-creamy-light-beige-pink-nails-135-mellow-rose.webp?fit=750%2C1000&ssl=1&resize=525%2C300 1.5x, https:\/\/i0.wp.com\/naillycosmetics.com\/wp-content\/uploads\/2026\/02\/victoria-vynn-pure-creamy-light-beige-pink-nails-135-mellow-rose.webp?fit=750%2C1000&ssl=1&resize=700%2C400 2x"},"classes":[]},{"id":4331,"url":"https:\/\/naillycosmetics.com\/fr\/produit\/best-powdery-pink-nails-073-powder-pink\/","url_meta":{"origin":4371,"position":5},"title":"Victoria VYNN Pure Creamy Hybrid Gel Polish No. 073 Powder Pink","author":"Serge Sahakian","date":"septembre 2, 2022","format":false,"excerpt":"Des ongles d'un rose poudr\u00e9 charmant ! Victoria VYNN Pure Creamy Hybrid High Pigment Gel Polish 073 Powder Pink garantira un look subtil et charmant \u00e0 vos ongles. Le premier distributeur canadien de fournitures professionnelles pour les ongles. Achetez en toute confiance ! Sp\u00e9cifications du produit :               Disponibilit\u00e9 du stock :","rel":"","context":"Article similaire","block_context":{"text":"Article similaire","link":""},"img":{"alt_text":"best powdery pink nails Victoria VYNN Pure Creamy Hybrid 073 Powder Pink","src":"https:\/\/i0.wp.com\/naillycosmetics.com\/wp-content\/uploads\/2026\/02\/best-powdery-pink-nails-victoria-vynn-pure-creamy-hybrid-073-powder-pink-.webp?fit=750%2C1000&ssl=1&resize=350%2C200","width":350,"height":200,"srcset":"https:\/\/i0.wp.com\/naillycosmetics.com\/wp-content\/uploads\/2026\/02\/best-powdery-pink-nails-victoria-vynn-pure-creamy-hybrid-073-powder-pink-.webp?fit=750%2C1000&ssl=1&resize=350%2C200 1x, https:\/\/i0.wp.com\/naillycosmetics.com\/wp-content\/uploads\/2026\/02\/best-powdery-pink-nails-victoria-vynn-pure-creamy-hybrid-073-powder-pink-.webp?fit=750%2C1000&ssl=1&resize=525%2C300 1.5x, https:\/\/i0.wp.com\/naillycosmetics.com\/wp-content\/uploads\/2026\/02\/best-powdery-pink-nails-victoria-vynn-pure-creamy-hybrid-073-powder-pink-.webp?fit=750%2C1000&ssl=1&resize=700%2C400 2x"},"classes":[]}],"jetpack_sharing_enabled":true,"_links":{"self":[{"href":"https:\/\/naillycosmetics.com\/fr\/wp-json\/wp\/v2\/product\/4371","targetHints":{"allow":["GET"]}}],"collection":[{"href":"https:\/\/naillycosmetics.com\/fr\/wp-json\/wp\/v2\/product"}],"about":[{"href":"https:\/\/naillycosmetics.com\/fr\/wp-json\/wp\/v2\/types\/product"}],"replies":[{"embeddable":true,"href":"https:\/\/naillycosmetics.com\/fr\/wp-json\/wp\/v2\/comments?post=4371"}],"wp:featuredmedia":[{"embeddable":true,"href":"https:\/\/naillycosmetics.com\/fr\/wp-json\/wp\/v2\/media\/27196"}],"wp:attachment":[{"href":"https:\/\/naillycosmetics.com\/fr\/wp-json\/wp\/v2\/media?parent=4371"}],"wp:term":[{"taxonomy":"product_brand","embeddable":true,"href":"https:\/\/naillycosmetics.com\/fr\/wp-json\/wp\/v2\/product_brand?post=4371"},{"taxonomy":"product_cat","embeddable":true,"href":"https:\/\/naillycosmetics.com\/fr\/wp-json\/wp\/v2\/product_cat?post=4371"},{"taxonomy":"product_tag","embeddable":true,"href":"https:\/\/naillycosmetics.com\/fr\/wp-json\/wp\/v2\/product_tag?post=4371"}],"curies":[{"name":"wp","href":"https:\/\/api.w.org\/{rel}","templated":true}]}}