{"id":4365,"date":"2022-09-02T18:47:07","date_gmt":"2022-09-02T22:47:07","guid":{"rendered":"https:\/\/naillycosmetics.com\/index.php\/product\/victoria-vynn-pure-creamy-hybrid-color-no-53\/"},"modified":"2026-02-19T18:47:01","modified_gmt":"2026-02-19T23:47:01","slug":"best-soft-pink-nails-053-almost-famous","status":"publish","type":"product","link":"https:\/\/naillycosmetics.com\/fr\/produit\/best-soft-pink-nails-053-almost-famous\/","title":{"rendered":"Victoria VYNN Pure Creamy Hybrid Gel Polish No. 053 Almost Famous"},"content":{"rendered":"<p>Le syst\u00e8me Pure Creamy Hybrid comprend des vernis gel hybrides cr\u00e9meux d'une couverture et d'une durabilit\u00e9 excellentes. Il s'agit d'une formule avec un indice de s\u00e9curit\u00e9 \u00e9lev\u00e9, sans odeur irritante et qui peut \u00eatre enlev\u00e9e avec de l'alcool cosm\u00e9tique. Le pinceau court et plat, con\u00e7u sp\u00e9cialement pour la ligne de produits Pure, facilite une application uniforme. Le syst\u00e8me permet de r\u00e9aliser des manucures hybrides ultra fines. Durcissement uniquement dans des lampes LED !<\/p>\n<p>Des ongles d\u00e9licats d'un rose tendre ! Victoria VYNN Pure Creamy Hybrid High Pigment Gel Polish 053 Almost Famous est un rose fonc\u00e9 avec un soup\u00e7on d'orange qui vous rapprochera des noms c\u00e9l\u00e8bres.<\/p>\n<p>Les vernis hybrides Pure r\u00e9pondent aux attentes des femmes du monde entier ! Nous cr\u00e9ons nos collections en fonction des derni\u00e8res tendances, nous r\u00e9pondons aux besoins de nos clientes et nous mettons en valeur la beaut\u00e9 de leurs mains !<\/p>","protected":false},"excerpt":{"rendered":"<h1 style=\"font-size: 18px\">Des ongles d\u00e9licats d'un rose tendre !<\/h1>\n<p>Victoria VYNN Pure Creamy Hybrid High Pigment Gel Polish 053 Almost Famous est un rose fonc\u00e9 avec un soup\u00e7on d'orange qui vous rapprochera des noms c\u00e9l\u00e8bres. Le plus grand distributeur canadien de fournitures professionnelles pour les ongles. Achetez en toute confiance !<\/p>\n<p>Sp\u00e9cifications du produit :<\/p>\n<p><a href=\"https:\/\/victoriavynn.ca\/wp-content\/uploads\/2022\/12\/CREAMY-FORMULA-1.webp\"><img loading=\"lazy\" decoding=\"async\" class=\"size-full wp-image-8777 alignleft\" src=\"https:\/\/victoriavynn.ca\/wp-content\/uploads\/2022\/12\/CREAMY-FORMULA-1.webp\" alt=\"CREAMY GEL POLISH\" width=\"125\" height=\"150\" \/><\/a> <img loading=\"lazy\" decoding=\"async\" class=\"size-full wp-image-8778 alignleft\" src=\"https:\/\/victoriavynn.ca\/wp-content\/uploads\/2022\/12\/FLAT-SHORT-BRUSH.webp\" alt=\"CREAMY GEL POLISH\" width=\"125\" height=\"150\" \/><img loading=\"lazy\" decoding=\"async\" class=\"size-full wp-image-8779 alignleft\" src=\"https:\/\/victoriavynn.ca\/wp-content\/uploads\/2022\/12\/FOR-LED-LAMP.webp\" alt=\"CREAMY GEL POLISH\" width=\"125\" height=\"150\" \/><a href=\"https:\/\/victoriavynn.ca\/wp-content\/uploads\/2019\/11\/SALON-QUALITY.webp\"><img loading=\"lazy\" decoding=\"async\" class=\"size-full wp-image-8772 alignleft\" src=\"https:\/\/victoriavynn.ca\/wp-content\/uploads\/2019\/11\/SALON-QUALITY.webp\" alt=\"GEL NAIL BUILDER\" width=\"125\" height=\"150\" \/><\/a><\/p>\n<p>&nbsp;<\/p>\n<p>&nbsp;<\/p>\n<p>&nbsp;<\/p>\n<p>&nbsp;<\/p>\n<p>&nbsp;<\/p>\n<p>&nbsp;<\/p>\n<p>&nbsp;<\/p>\n<p style=\"text-align: left\">Disponibilit\u00e9 du stock :<\/p>","protected":false},"featured_media":27205,"comment_status":"open","ping_status":"closed","template":"","meta":{"jetpack_post_was_ever_published":false,"jetpack_publicize_message":"","jetpack_publicize_feature_enabled":true,"jetpack_social_post_already_shared":true,"jetpack_social_options":{"image_generator_settings":{"template":"highway","default_image_id":0,"font":"","enabled":false},"version":2}},"product_brand":[932],"product_cat":[48],"product_tag":[103,961],"class_list":{"0":"post-4365","1":"product","2":"type-product","3":"status-publish","4":"has-post-thumbnail","6":"product_brand-victoria-vynn","7":"product_cat-hybrid-gel-nail-colors","8":"product_tag-creamy-gel-polish","9":"product_tag-spring-summer-pure-creamy-hybrid-colors","10":"product_shipping_class-cardboard-box","12":"first","13":"instock","14":"taxable","15":"shipping-taxable","16":"purchasable","17":"product-type-simple"},"jetpack_publicize_connections":[],"jetpack-related-posts":[{"id":4439,"url":"https:\/\/naillycosmetics.com\/fr\/produit\/best-pink-gel-nails-011-gentle-pink\/","url_meta":{"origin":4365,"position":0},"title":"Victoria VYNN Pure Creamy Hybrid Gel Polish No. 011 Gentle Pink","author":"Serge Sahakian","date":"septembre 2, 2022","format":false,"excerpt":"Le plus d\u00e9licat des ongles en gel rose ! Victoria VYNN Pure Creamy Hybrid High Pigment Gel Polish Gentle Pink No. 011 est une combinaison de beige noble avec une d\u00e9licate touche de rose. Le plus grand distributeur canadien de fournitures professionnelles pour les ongles. Achetez en toute confiance ! Sp\u00e9cifications du produit :              ...","rel":"","context":"Article similaire","block_context":{"text":"Article similaire","link":""},"img":{"alt_text":"Most Delicate pink gel nails Victoria VYNN Pure Creamy Hybrid 011 Gentle Pink","src":"https:\/\/i0.wp.com\/naillycosmetics.com\/wp-content\/uploads\/2026\/02\/most-delicate-ping-gel-nails-victoria-vynn-pure-creamy-hybrid-011-gentle-pink-1-3.webp?fit=750%2C1000&ssl=1&resize=350%2C200","width":350,"height":200,"srcset":"https:\/\/i0.wp.com\/naillycosmetics.com\/wp-content\/uploads\/2026\/02\/most-delicate-ping-gel-nails-victoria-vynn-pure-creamy-hybrid-011-gentle-pink-1-3.webp?fit=750%2C1000&ssl=1&resize=350%2C200 1x, https:\/\/i0.wp.com\/naillycosmetics.com\/wp-content\/uploads\/2026\/02\/most-delicate-ping-gel-nails-victoria-vynn-pure-creamy-hybrid-011-gentle-pink-1-3.webp?fit=750%2C1000&ssl=1&resize=525%2C300 1.5x, https:\/\/i0.wp.com\/naillycosmetics.com\/wp-content\/uploads\/2026\/02\/most-delicate-ping-gel-nails-victoria-vynn-pure-creamy-hybrid-011-gentle-pink-1-3.webp?fit=750%2C1000&ssl=1&resize=700%2C400 2x"},"classes":[]},{"id":4299,"url":"https:\/\/naillycosmetics.com\/fr\/produit\/victoria-vynn-natural-pink-gel-polish-102\/","url_meta":{"origin":4365,"position":1},"title":"Victoria VYNN Pure Creamy Hybrid Gel Polish No. 102 Butterfly Wings (ailes de papillon)","author":"Serge Sahakian","date":"septembre 2, 2022","format":false,"excerpt":"Charmant vernis en gel rose naturel. Victoria VYNN Pure Creamy Hybrid High Pigment Gel Polish 102 Butterfly Wings est un rose d\u00e9licat et classique qui s'harmonise parfaitement avec tous les tons de peau. Le principal distributeur canadien de fournitures professionnelles pour les ongles. Achetez en toute confiance ! Sp\u00e9cifications du produit :               Disponibilit\u00e9 du stock :","rel":"","context":"Article similaire","block_context":{"text":"Article similaire","link":""},"img":{"alt_text":"victoria vynn chamring natural pink gel polish pure creamy butterfly wings 102","src":"https:\/\/i0.wp.com\/naillycosmetics.com\/wp-content\/uploads\/2026\/02\/victoria-vynn-chamring-natural-pink-gel-polish-pure-creamy-butterfly-wings-102-.webp?fit=750%2C1000&ssl=1&resize=350%2C200","width":350,"height":200,"srcset":"https:\/\/i0.wp.com\/naillycosmetics.com\/wp-content\/uploads\/2026\/02\/victoria-vynn-chamring-natural-pink-gel-polish-pure-creamy-butterfly-wings-102-.webp?fit=750%2C1000&ssl=1&resize=350%2C200 1x, https:\/\/i0.wp.com\/naillycosmetics.com\/wp-content\/uploads\/2026\/02\/victoria-vynn-chamring-natural-pink-gel-polish-pure-creamy-butterfly-wings-102-.webp?fit=750%2C1000&ssl=1&resize=525%2C300 1.5x, https:\/\/i0.wp.com\/naillycosmetics.com\/wp-content\/uploads\/2026\/02\/victoria-vynn-chamring-natural-pink-gel-polish-pure-creamy-butterfly-wings-102-.webp?fit=750%2C1000&ssl=1&resize=700%2C400 2x"},"classes":[]},{"id":4287,"url":"https:\/\/naillycosmetics.com\/fr\/produit\/victoria-vynn-pure-light-pink-gel-polish\/","url_meta":{"origin":4365,"position":2},"title":"Victoria VYNN Pure Creamy Hybrid Gel Polish No. 114 Dusty Orchid","author":"Serge Sahakian","date":"septembre 2, 2022","format":false,"excerpt":"Le meilleur vernis en gel rose p\u00e2le et d\u00e9licat ! Victoria VYNN Pure Creamy Hybrid High Pigment Gel Polish 114 Dusty Orchid est un rose pastel qui a \u00e9t\u00e9 l\u00e9g\u00e8rement sali, mais qui provoque toujours de la douceur. Le premier distributeur canadien de fournitures professionnelles pour les ongles. Achetez en toute confiance ! Sp\u00e9cifications du produit :            ...","rel":"","context":"Article similaire","block_context":{"text":"Article similaire","link":""},"img":{"alt_text":"victoria vynn pure creamy hybrid light pink gel polish no. 114 dusty orchid","src":"https:\/\/i0.wp.com\/naillycosmetics.com\/wp-content\/uploads\/2026\/02\/victoria-vynn-pure-creamy-hybrid-light-pink-gel-polish-no.-114-dusty-orchid.webp?fit=750%2C1000&ssl=1&resize=350%2C200","width":350,"height":200,"srcset":"https:\/\/i0.wp.com\/naillycosmetics.com\/wp-content\/uploads\/2026\/02\/victoria-vynn-pure-creamy-hybrid-light-pink-gel-polish-no.-114-dusty-orchid.webp?fit=750%2C1000&ssl=1&resize=350%2C200 1x, https:\/\/i0.wp.com\/naillycosmetics.com\/wp-content\/uploads\/2026\/02\/victoria-vynn-pure-creamy-hybrid-light-pink-gel-polish-no.-114-dusty-orchid.webp?fit=750%2C1000&ssl=1&resize=525%2C300 1.5x, https:\/\/i0.wp.com\/naillycosmetics.com\/wp-content\/uploads\/2026\/02\/victoria-vynn-pure-creamy-hybrid-light-pink-gel-polish-no.-114-dusty-orchid.webp?fit=750%2C1000&ssl=1&resize=700%2C400 2x"},"classes":[]},{"id":4395,"url":"https:\/\/naillycosmetics.com\/fr\/produit\/special-pink-sparkly-nails-037-dream-girl\/","url_meta":{"origin":4365,"position":3},"title":"Victoria VYNN Pure Creamy Hybrid Gel Polish No. 037 Dream Girl","author":"Serge Sahakian","date":"septembre 2, 2022","format":false,"excerpt":"Des ongles \u00e9tincelants d'un rose sp\u00e9cial. Victoria VYNN Pure Creamy Hybrid High Pigment Gel Polish 037 Dream Pink capture des particules multicolores dans un rose pastel d\u00e9licat, comme dans un r\u00eave. Le premier distributeur canadien de fournitures professionnelles pour les ongles. Achetez en toute confiance ! Sp\u00e9cifications du produit :               Disponibilit\u00e9 du stock :","rel":"","context":"Article similaire","block_context":{"text":"Article similaire","link":""},"img":{"alt_text":"Special Pink Sparkly Nails Victoria VYNN Gel Polish 037 Dream Girl","src":"https:\/\/i0.wp.com\/naillycosmetics.com\/wp-content\/uploads\/2026\/02\/special-sparkly-pink-nails-victoria-vynn-gel-polish-037-dream-girl-.webp?fit=750%2C1000&ssl=1&resize=350%2C200","width":350,"height":200,"srcset":"https:\/\/i0.wp.com\/naillycosmetics.com\/wp-content\/uploads\/2026\/02\/special-sparkly-pink-nails-victoria-vynn-gel-polish-037-dream-girl-.webp?fit=750%2C1000&ssl=1&resize=350%2C200 1x, https:\/\/i0.wp.com\/naillycosmetics.com\/wp-content\/uploads\/2026\/02\/special-sparkly-pink-nails-victoria-vynn-gel-polish-037-dream-girl-.webp?fit=750%2C1000&ssl=1&resize=525%2C300 1.5x, https:\/\/i0.wp.com\/naillycosmetics.com\/wp-content\/uploads\/2026\/02\/special-sparkly-pink-nails-victoria-vynn-gel-polish-037-dream-girl-.webp?fit=750%2C1000&ssl=1&resize=700%2C400 2x"},"classes":[]},{"id":6882,"url":"https:\/\/naillycosmetics.com\/fr\/produit\/top-pastel-violet-nails-081-floral-whisper\/","url_meta":{"origin":4365,"position":4},"title":"Victoria VYNN Pure Creamy Hybrid Gel Polish No. 081 Floral Whisper","author":"Serge Sahakian","date":"octobre 4, 2022","format":false,"excerpt":"D\u00e9licats ongles violet pastel ! Victoria VYNN Pure Creamy Hybrid High Pigment Gel Polish 081 Floral Whisper est un violet adouci par une goutte de rose qui est discret, f\u00e9minin et timide. Ne le manquez pas. Le plus grand distributeur canadien de fournitures professionnelles pour les ongles. Achetez en toute confiance ! Sp\u00e9cifications du produit :          ...","rel":"","context":"Article similaire","block_context":{"text":"Article similaire","link":""},"img":{"alt_text":"Best Pastel Violet Nails Victoria VYNN Pure Creamy Hybrid 081 Floral Whisper","src":"https:\/\/i0.wp.com\/naillycosmetics.com\/wp-content\/uploads\/2026\/02\/best-pastel-violet-nails-victoira-vynn-pure-creamy-hybrid-081-floral-whisper.webp?fit=750%2C1000&ssl=1&resize=350%2C200","width":350,"height":200,"srcset":"https:\/\/i0.wp.com\/naillycosmetics.com\/wp-content\/uploads\/2026\/02\/best-pastel-violet-nails-victoira-vynn-pure-creamy-hybrid-081-floral-whisper.webp?fit=750%2C1000&ssl=1&resize=350%2C200 1x, https:\/\/i0.wp.com\/naillycosmetics.com\/wp-content\/uploads\/2026\/02\/best-pastel-violet-nails-victoira-vynn-pure-creamy-hybrid-081-floral-whisper.webp?fit=750%2C1000&ssl=1&resize=525%2C300 1.5x, https:\/\/i0.wp.com\/naillycosmetics.com\/wp-content\/uploads\/2026\/02\/best-pastel-violet-nails-victoira-vynn-pure-creamy-hybrid-081-floral-whisper.webp?fit=750%2C1000&ssl=1&resize=700%2C400 2x"},"classes":[]}],"jetpack_sharing_enabled":true,"_links":{"self":[{"href":"https:\/\/naillycosmetics.com\/fr\/wp-json\/wp\/v2\/product\/4365","targetHints":{"allow":["GET"]}}],"collection":[{"href":"https:\/\/naillycosmetics.com\/fr\/wp-json\/wp\/v2\/product"}],"about":[{"href":"https:\/\/naillycosmetics.com\/fr\/wp-json\/wp\/v2\/types\/product"}],"replies":[{"embeddable":true,"href":"https:\/\/naillycosmetics.com\/fr\/wp-json\/wp\/v2\/comments?post=4365"}],"wp:featuredmedia":[{"embeddable":true,"href":"https:\/\/naillycosmetics.com\/fr\/wp-json\/wp\/v2\/media\/27205"}],"wp:attachment":[{"href":"https:\/\/naillycosmetics.com\/fr\/wp-json\/wp\/v2\/media?parent=4365"}],"wp:term":[{"taxonomy":"product_brand","embeddable":true,"href":"https:\/\/naillycosmetics.com\/fr\/wp-json\/wp\/v2\/product_brand?post=4365"},{"taxonomy":"product_cat","embeddable":true,"href":"https:\/\/naillycosmetics.com\/fr\/wp-json\/wp\/v2\/product_cat?post=4365"},{"taxonomy":"product_tag","embeddable":true,"href":"https:\/\/naillycosmetics.com\/fr\/wp-json\/wp\/v2\/product_tag?post=4365"}],"curies":[{"name":"wp","href":"https:\/\/api.w.org\/{rel}","templated":true}]}}