{"id":4329,"date":"2022-09-02T18:42:16","date_gmt":"2022-09-02T22:42:16","guid":{"rendered":"https:\/\/naillycosmetics.com\/index.php\/product\/victoria-vynn-pure-creamy-hybrid-color-no-74\/"},"modified":"2026-02-19T18:47:11","modified_gmt":"2026-02-19T23:47:11","slug":"best-nude-pink-nails-074-toasted-almond","status":"publish","type":"product","link":"https:\/\/naillycosmetics.com\/fr\/produit\/best-nude-pink-nails-074-toasted-almond\/","title":{"rendered":"Victoria VYNN Pure Creamy Hybrid Gel Polish No. 074 Toasted Almond (Amande grill\u00e9e)"},"content":{"rendered":"<p>Le syst\u00e8me Pure Creamy Hybrid comprend des vernis gel hybrides cr\u00e9meux d'une couverture et d'une durabilit\u00e9 excellentes. Il s'agit d'une formule avec un indice de s\u00e9curit\u00e9 \u00e9lev\u00e9, sans odeur irritante et qui peut \u00eatre enlev\u00e9e avec de l'alcool cosm\u00e9tique. Le pinceau court et plat, con\u00e7u sp\u00e9cialement pour la ligne de produits Pure, facilite une application uniforme. Le syst\u00e8me permet de r\u00e9aliser des manucures hybrides ultra fines. Durcissement uniquement dans des lampes LED !<\/p>\n<p>Des ongles rose nude impressionnants ! Victoria VYNN Pure Creamy Hybrid High Pigment Gel Polish 074 Toasted Almond est une magnifique nuance de beige amande qui s'adapte parfaitement \u00e0 tous les tons de peau.<\/p>\n<p>Les vernis hybrides Pure r\u00e9pondent aux attentes des femmes du monde entier ! Nous cr\u00e9ons nos collections en fonction des derni\u00e8res tendances, nous r\u00e9pondons aux besoins de nos clientes et nous mettons en valeur la beaut\u00e9 de leurs mains !<\/p>","protected":false},"excerpt":{"rendered":"<h1 style=\"font-size: 18px\">Des ongles rose nude impressionnants !<\/h1>\n<p>Victoria VYNN Pure Creamy Hybrid High Pigment Gel Polish 074 Toasted Almond est une belle nuance de beige amande qui s'adapte parfaitement \u00e0 tous les tons de peau. Le plus grand distributeur canadien de fournitures professionnelles pour les ongles. Achetez en toute confiance !<\/p>\n<p>Sp\u00e9cifications du produit :<\/p>\n<p><a href=\"https:\/\/victoriavynn.ca\/wp-content\/uploads\/2022\/12\/CREAMY-FORMULA-1.webp\"><img loading=\"lazy\" decoding=\"async\" class=\"size-full wp-image-8777 alignleft\" src=\"https:\/\/victoriavynn.ca\/wp-content\/uploads\/2022\/12\/CREAMY-FORMULA-1.webp\" alt=\"CREAMY GEL POLISH\" width=\"125\" height=\"150\" \/><\/a> <img loading=\"lazy\" decoding=\"async\" class=\"size-full wp-image-8778 alignleft\" src=\"https:\/\/victoriavynn.ca\/wp-content\/uploads\/2022\/12\/FLAT-SHORT-BRUSH.webp\" alt=\"CREAMY GEL POLISH\" width=\"125\" height=\"150\" \/><img loading=\"lazy\" decoding=\"async\" class=\"size-full wp-image-8779 alignleft\" src=\"https:\/\/victoriavynn.ca\/wp-content\/uploads\/2022\/12\/FOR-LED-LAMP.webp\" alt=\"CREAMY GEL POLISH\" width=\"125\" height=\"150\" \/><a href=\"https:\/\/victoriavynn.ca\/wp-content\/uploads\/2019\/11\/SALON-QUALITY.webp\"><img loading=\"lazy\" decoding=\"async\" class=\"size-full wp-image-8772 alignleft\" src=\"https:\/\/victoriavynn.ca\/wp-content\/uploads\/2019\/11\/SALON-QUALITY.webp\" alt=\"GEL NAIL BUILDER\" width=\"125\" height=\"150\" \/><\/a><\/p>\n<p>&nbsp;<\/p>\n<p>&nbsp;<\/p>\n<p>&nbsp;<\/p>\n<p>&nbsp;<\/p>\n<p>&nbsp;<\/p>\n<p>&nbsp;<\/p>\n<p>&nbsp;<\/p>\n<p style=\"text-align: left\">Disponibilit\u00e9 du stock :<\/p>","protected":false},"featured_media":27266,"comment_status":"open","ping_status":"closed","template":"","meta":{"jetpack_post_was_ever_published":false,"jetpack_publicize_message":"","jetpack_publicize_feature_enabled":true,"jetpack_social_post_already_shared":true,"jetpack_social_options":{"image_generator_settings":{"template":"highway","default_image_id":0,"font":"","enabled":false},"version":2}},"product_brand":[932],"product_cat":[48],"product_tag":[103,961],"class_list":{"0":"post-4329","1":"product","2":"type-product","3":"status-publish","4":"has-post-thumbnail","6":"product_brand-victoria-vynn","7":"product_cat-hybrid-gel-nail-colors","8":"product_tag-creamy-gel-polish","9":"product_tag-spring-summer-pure-creamy-hybrid-colors","10":"product_shipping_class-cardboard-box","11":"pa_size-8ml","13":"first","14":"instock","15":"taxable","16":"shipping-taxable","17":"purchasable","18":"product-type-simple"},"jetpack_publicize_connections":[],"jetpack-related-posts":[{"id":4387,"url":"https:\/\/naillycosmetics.com\/fr\/produit\/best-light-beige-gel-nail-polish-041\/","url_meta":{"origin":4329,"position":0},"title":"Victoria VYNN Pure Creamy Hybrid Gel Polish No. 041 Light Beige","author":"Serge Sahakian","date":"septembre 2, 2022","format":false,"excerpt":"Merveilleux vernis \u00e0 ongles en gel beige clair. Victoria VYNN Pure Creamy Hybrid High Pigment Gel Polish 041 Light Beige sera parfait dans un design nude. Il met parfaitement en valeur tous les tons de peau. Le principal distributeur canadien de fournitures professionnelles pour les ongles. Achetez en toute confiance ! Sp\u00e9cifications du produit :               Disponibilit\u00e9 du stock :","rel":"","context":"Article similaire","block_context":{"text":"Article similaire","link":""},"img":{"alt_text":"Best Light Beige Gel Nail Polish Victoria VYNN 041","src":"https:\/\/i0.wp.com\/naillycosmetics.com\/wp-content\/uploads\/2026\/02\/best-light-beige-hybrid-gel-nail-polish-victoria-vynn-041.webp?fit=750%2C1000&ssl=1&resize=350%2C200","width":350,"height":200,"srcset":"https:\/\/i0.wp.com\/naillycosmetics.com\/wp-content\/uploads\/2026\/02\/best-light-beige-hybrid-gel-nail-polish-victoria-vynn-041.webp?fit=750%2C1000&ssl=1&resize=350%2C200 1x, https:\/\/i0.wp.com\/naillycosmetics.com\/wp-content\/uploads\/2026\/02\/best-light-beige-hybrid-gel-nail-polish-victoria-vynn-041.webp?fit=750%2C1000&ssl=1&resize=525%2C300 1.5x, https:\/\/i0.wp.com\/naillycosmetics.com\/wp-content\/uploads\/2026\/02\/best-light-beige-hybrid-gel-nail-polish-victoria-vynn-041.webp?fit=750%2C1000&ssl=1&resize=700%2C400 2x"},"classes":[]},{"id":4445,"url":"https:\/\/naillycosmetics.com\/fr\/produit\/neutral-beige-nails-008-ginger-tea\/","url_meta":{"origin":4329,"position":1},"title":"Victoria VYNN Pure Creamy Hybrid Gel Polish No. 008 Ginger Tea","author":"Serge Sahakian","date":"septembre 2, 2022","format":false,"excerpt":"Obtenez les plus charmants ongles beige neutre. Victoria VYNN Pure Creamy Hybrid Nude High Pigment Gel Polish Ginger Tea No. 008 correspond \u00e0 la couleur naturelle de la peau. Le plus grand distributeur canadien de fournitures professionnelles pour les ongles. Achetez en toute confiance ! Sp\u00e9cifications du produit :               Disponibilit\u00e9 du stock :","rel":"","context":"Article similaire","block_context":{"text":"Article similaire","link":""},"img":{"alt_text":"Best Neutral Beige Nails Victoria VYNN Pure Creamy Hybrid 008 Ginger Tea","src":"https:\/\/i0.wp.com\/naillycosmetics.com\/wp-content\/uploads\/2026\/02\/best-pink-nude-nails-victoria-vynn-pure-creamy-hybrid-008-ginger-tea.webp?fit=750%2C1000&ssl=1&resize=350%2C200","width":350,"height":200,"srcset":"https:\/\/i0.wp.com\/naillycosmetics.com\/wp-content\/uploads\/2026\/02\/best-pink-nude-nails-victoria-vynn-pure-creamy-hybrid-008-ginger-tea.webp?fit=750%2C1000&ssl=1&resize=350%2C200 1x, https:\/\/i0.wp.com\/naillycosmetics.com\/wp-content\/uploads\/2026\/02\/best-pink-nude-nails-victoria-vynn-pure-creamy-hybrid-008-ginger-tea.webp?fit=750%2C1000&ssl=1&resize=525%2C300 1.5x, https:\/\/i0.wp.com\/naillycosmetics.com\/wp-content\/uploads\/2026\/02\/best-pink-nude-nails-victoria-vynn-pure-creamy-hybrid-008-ginger-tea.webp?fit=750%2C1000&ssl=1&resize=700%2C400 2x"},"classes":[]},{"id":4271,"url":"https:\/\/naillycosmetics.com\/fr\/produit\/victoria-vynn-pure-burnt-pink-gel-polish\/","url_meta":{"origin":4329,"position":2},"title":"Victoria VYNN Pure Creamy Hybrid Gel Polish No. 126 Burnt Pink","author":"Serge Sahakian","date":"septembre 2, 2022","format":false,"excerpt":"Le meilleur et incroyable vernis en gel rose br\u00fbl\u00e9 ! Victoria VYNN Pure Creamy Hybrid High Pigment Gel Polish 126 Burnt Pink est un rose fum\u00e9 avec un soup\u00e7on de rouge qui charme avec l'\u00e9nergie de la f\u00e9minit\u00e9. Le principal distributeur canadien de fournitures professionnelles pour les ongles. Achetez en toute confiance ! Sp\u00e9cifications du produit :        ...","rel":"","context":"Article similaire","block_context":{"text":"Article similaire","link":""},"img":{"alt_text":"Victoria VYNN Pure Burnt Pink Gel Polish No. 126","src":"https:\/\/i0.wp.com\/naillycosmetics.com\/wp-content\/uploads\/2026\/02\/victoria-vynn-pure-burnt-pink-gel-polish-no.-126-.webp?fit=750%2C1000&ssl=1&resize=350%2C200","width":350,"height":200,"srcset":"https:\/\/i0.wp.com\/naillycosmetics.com\/wp-content\/uploads\/2026\/02\/victoria-vynn-pure-burnt-pink-gel-polish-no.-126-.webp?fit=750%2C1000&ssl=1&resize=350%2C200 1x, https:\/\/i0.wp.com\/naillycosmetics.com\/wp-content\/uploads\/2026\/02\/victoria-vynn-pure-burnt-pink-gel-polish-no.-126-.webp?fit=750%2C1000&ssl=1&resize=525%2C300 1.5x, https:\/\/i0.wp.com\/naillycosmetics.com\/wp-content\/uploads\/2026\/02\/victoria-vynn-pure-burnt-pink-gel-polish-no.-126-.webp?fit=750%2C1000&ssl=1&resize=700%2C400 2x"},"classes":[]},{"id":12791,"url":"https:\/\/naillycosmetics.com\/fr\/produit\/light-creamy-pink-gel-polish-237-epochal\/","url_meta":{"origin":4329,"position":3},"title":"Victoria VYNN Pure Creamy Hybrid Gel Polish No. 237 Epochal Pink","author":"Serge Sahakian","date":"juin 9, 2023","format":false,"excerpt":"Victoria VYNN Pure Creamy Hybrid Light Creamy Pink Gel Polish Epochal Pink No. 237 is an epochal, whitened pink which never goes out of fashion and it perfectly emphasizes the feminine look. Canada's Leading Distributor of Professional Nail Supplies. Buy with Confidence! Collection: Pure Creamy Hybrid Retro Pastel Product Specifications:\u2026","rel":"","context":"Article similaire","block_context":{"text":"Article similaire","link":""},"img":{"alt_text":"Victoria VYNN Pure Creamy Hybrid Light Creamy Pink Gel Polish 237 Epochal Pink","src":"https:\/\/i0.wp.com\/naillycosmetics.com\/wp-content\/uploads\/2026\/02\/victoria-vynn-pure-creamy-hybrid-light-creamy-pink-gel-polish-237-epochal-pink-1-4.webp?fit=750%2C1000&ssl=1&resize=350%2C200","width":350,"height":200,"srcset":"https:\/\/i0.wp.com\/naillycosmetics.com\/wp-content\/uploads\/2026\/02\/victoria-vynn-pure-creamy-hybrid-light-creamy-pink-gel-polish-237-epochal-pink-1-4.webp?fit=750%2C1000&ssl=1&resize=350%2C200 1x, https:\/\/i0.wp.com\/naillycosmetics.com\/wp-content\/uploads\/2026\/02\/victoria-vynn-pure-creamy-hybrid-light-creamy-pink-gel-polish-237-epochal-pink-1-4.webp?fit=750%2C1000&ssl=1&resize=525%2C300 1.5x, https:\/\/i0.wp.com\/naillycosmetics.com\/wp-content\/uploads\/2026\/02\/victoria-vynn-pure-creamy-hybrid-light-creamy-pink-gel-polish-237-epochal-pink-1-4.webp?fit=750%2C1000&ssl=1&resize=700%2C400 2x"},"classes":[]},{"id":4287,"url":"https:\/\/naillycosmetics.com\/fr\/produit\/victoria-vynn-pure-light-pink-gel-polish\/","url_meta":{"origin":4329,"position":4},"title":"Victoria VYNN Pure Creamy Hybrid Gel Polish No. 114 Dusty Orchid","author":"Serge Sahakian","date":"septembre 2, 2022","format":false,"excerpt":"Le meilleur vernis en gel rose p\u00e2le et d\u00e9licat ! Victoria VYNN Pure Creamy Hybrid High Pigment Gel Polish 114 Dusty Orchid est un rose pastel qui a \u00e9t\u00e9 l\u00e9g\u00e8rement sali, mais qui provoque toujours de la douceur. Le premier distributeur canadien de fournitures professionnelles pour les ongles. Achetez en toute confiance ! Sp\u00e9cifications du produit :            ...","rel":"","context":"Article similaire","block_context":{"text":"Article similaire","link":""},"img":{"alt_text":"victoria vynn pure creamy hybrid light pink gel polish no. 114 dusty orchid","src":"https:\/\/i0.wp.com\/naillycosmetics.com\/wp-content\/uploads\/2026\/02\/victoria-vynn-pure-creamy-hybrid-light-pink-gel-polish-no.-114-dusty-orchid.webp?fit=750%2C1000&ssl=1&resize=350%2C200","width":350,"height":200,"srcset":"https:\/\/i0.wp.com\/naillycosmetics.com\/wp-content\/uploads\/2026\/02\/victoria-vynn-pure-creamy-hybrid-light-pink-gel-polish-no.-114-dusty-orchid.webp?fit=750%2C1000&ssl=1&resize=350%2C200 1x, https:\/\/i0.wp.com\/naillycosmetics.com\/wp-content\/uploads\/2026\/02\/victoria-vynn-pure-creamy-hybrid-light-pink-gel-polish-no.-114-dusty-orchid.webp?fit=750%2C1000&ssl=1&resize=525%2C300 1.5x, https:\/\/i0.wp.com\/naillycosmetics.com\/wp-content\/uploads\/2026\/02\/victoria-vynn-pure-creamy-hybrid-light-pink-gel-polish-no.-114-dusty-orchid.webp?fit=750%2C1000&ssl=1&resize=700%2C400 2x"},"classes":[]},{"id":4299,"url":"https:\/\/naillycosmetics.com\/fr\/produit\/victoria-vynn-natural-pink-gel-polish-102\/","url_meta":{"origin":4329,"position":5},"title":"Victoria VYNN Pure Creamy Hybrid Gel Polish No. 102 Butterfly Wings (ailes de papillon)","author":"Serge Sahakian","date":"septembre 2, 2022","format":false,"excerpt":"Charmant vernis en gel rose naturel. Victoria VYNN Pure Creamy Hybrid High Pigment Gel Polish 102 Butterfly Wings est un rose d\u00e9licat et classique qui s'harmonise parfaitement avec tous les tons de peau. Le principal distributeur canadien de fournitures professionnelles pour les ongles. Achetez en toute confiance ! Sp\u00e9cifications du produit :               Disponibilit\u00e9 du stock :","rel":"","context":"Article similaire","block_context":{"text":"Article similaire","link":""},"img":{"alt_text":"victoria vynn chamring natural pink gel polish pure creamy butterfly wings 102","src":"https:\/\/i0.wp.com\/naillycosmetics.com\/wp-content\/uploads\/2026\/02\/victoria-vynn-chamring-natural-pink-gel-polish-pure-creamy-butterfly-wings-102-.webp?fit=750%2C1000&ssl=1&resize=350%2C200","width":350,"height":200,"srcset":"https:\/\/i0.wp.com\/naillycosmetics.com\/wp-content\/uploads\/2026\/02\/victoria-vynn-chamring-natural-pink-gel-polish-pure-creamy-butterfly-wings-102-.webp?fit=750%2C1000&ssl=1&resize=350%2C200 1x, https:\/\/i0.wp.com\/naillycosmetics.com\/wp-content\/uploads\/2026\/02\/victoria-vynn-chamring-natural-pink-gel-polish-pure-creamy-butterfly-wings-102-.webp?fit=750%2C1000&ssl=1&resize=525%2C300 1.5x, https:\/\/i0.wp.com\/naillycosmetics.com\/wp-content\/uploads\/2026\/02\/victoria-vynn-chamring-natural-pink-gel-polish-pure-creamy-butterfly-wings-102-.webp?fit=750%2C1000&ssl=1&resize=700%2C400 2x"},"classes":[]}],"jetpack_sharing_enabled":true,"_links":{"self":[{"href":"https:\/\/naillycosmetics.com\/fr\/wp-json\/wp\/v2\/product\/4329","targetHints":{"allow":["GET"]}}],"collection":[{"href":"https:\/\/naillycosmetics.com\/fr\/wp-json\/wp\/v2\/product"}],"about":[{"href":"https:\/\/naillycosmetics.com\/fr\/wp-json\/wp\/v2\/types\/product"}],"replies":[{"embeddable":true,"href":"https:\/\/naillycosmetics.com\/fr\/wp-json\/wp\/v2\/comments?post=4329"}],"wp:featuredmedia":[{"embeddable":true,"href":"https:\/\/naillycosmetics.com\/fr\/wp-json\/wp\/v2\/media\/27266"}],"wp:attachment":[{"href":"https:\/\/naillycosmetics.com\/fr\/wp-json\/wp\/v2\/media?parent=4329"}],"wp:term":[{"taxonomy":"product_brand","embeddable":true,"href":"https:\/\/naillycosmetics.com\/fr\/wp-json\/wp\/v2\/product_brand?post=4329"},{"taxonomy":"product_cat","embeddable":true,"href":"https:\/\/naillycosmetics.com\/fr\/wp-json\/wp\/v2\/product_cat?post=4329"},{"taxonomy":"product_tag","embeddable":true,"href":"https:\/\/naillycosmetics.com\/fr\/wp-json\/wp\/v2\/product_tag?post=4329"}],"curies":[{"name":"wp","href":"https:\/\/api.w.org\/{rel}","templated":true}]}}