{"id":4313,"date":"2022-09-02T18:42:08","date_gmt":"2022-09-02T22:42:08","guid":{"rendered":"https:\/\/naillycosmetics.com\/index.php\/product\/victoria-vynn-pure-creamy-hybrid-color-no-83\/"},"modified":"2026-04-06T13:32:56","modified_gmt":"2026-04-06T17:32:56","slug":"best-yellow-gel-nails-083-aloha-beach","status":"publish","type":"product","link":"https:\/\/naillycosmetics.com\/fr\/produit\/best-yellow-gel-nails-083-aloha-beach\/","title":{"rendered":"Victoria VYNN Pure Creamy Hybrid Gel Polish No. 083 Aloha Beach"},"content":{"rendered":"<p>Le syst\u00e8me Pure Creamy Hybrid comprend des vernis gel hybrides cr\u00e9meux d'une couverture et d'une durabilit\u00e9 excellentes. Il s'agit d'une formule avec un indice de s\u00e9curit\u00e9 \u00e9lev\u00e9, sans odeur irritante et qui peut \u00eatre enlev\u00e9e avec de l'alcool cosm\u00e9tique. Le pinceau court et plat, con\u00e7u sp\u00e9cialement pour la ligne de produits Pure, facilite une application uniforme. Le syst\u00e8me permet de r\u00e9aliser des manucures hybrides ultra fines. Durcissement uniquement dans des lampes LED !<\/p>\n<p>Des ongles en gel d'un jaune impressionnant ! Victoria VYNN Pure Creamy Hybrid High Pigment Gel Polish 083 Aloha Beach est \u00e9nergique, mais la forme la plus pure du jaune.<\/p>\n<p>Les vernis hybrides Pure r\u00e9pondent aux attentes des femmes du monde entier ! Nous cr\u00e9ons nos collections en fonction des derni\u00e8res tendances, nous r\u00e9pondons aux besoins de nos clientes et nous mettons en valeur la beaut\u00e9 de leurs mains !<\/p>","protected":false},"excerpt":{"rendered":"<h1 style=\"font-size: 18px\">Impressionnants ongles en gel jaune !<\/h1>\n<p>Victoria VYNN Pure Creamy Hybrid High Pigment Gel Polish 083 Aloha Beach est \u00e9nergique, mais la forme la plus pure du jaune. Le premier distributeur canadien de fournitures professionnelles pour les ongles. Achetez en toute confiance !<\/p>\n<p>Sp\u00e9cifications du produit :<\/p>\n<p><a href=\"https:\/\/victoriavynn.ca\/wp-content\/uploads\/2022\/12\/CREAMY-FORMULA-1.webp\"><img loading=\"lazy\" decoding=\"async\" class=\"size-full wp-image-8777 alignleft\" src=\"https:\/\/victoriavynn.ca\/wp-content\/uploads\/2022\/12\/CREAMY-FORMULA-1.webp\" alt=\"CREAMY GEL POLISH\" width=\"125\" height=\"150\" \/><\/a> <img loading=\"lazy\" decoding=\"async\" class=\"size-full wp-image-8778 alignleft\" src=\"https:\/\/victoriavynn.ca\/wp-content\/uploads\/2022\/12\/FLAT-SHORT-BRUSH.webp\" alt=\"CREAMY GEL POLISH\" width=\"125\" height=\"150\" \/><img loading=\"lazy\" decoding=\"async\" class=\"size-full wp-image-8779 alignleft\" src=\"https:\/\/victoriavynn.ca\/wp-content\/uploads\/2022\/12\/FOR-LED-LAMP.webp\" alt=\"CREAMY GEL POLISH\" width=\"125\" height=\"150\" \/><a href=\"https:\/\/victoriavynn.ca\/wp-content\/uploads\/2019\/11\/SALON-QUALITY.webp\"><img loading=\"lazy\" decoding=\"async\" class=\"size-full wp-image-8772 alignleft\" src=\"https:\/\/victoriavynn.ca\/wp-content\/uploads\/2019\/11\/SALON-QUALITY.webp\" alt=\"GEL NAIL BUILDER\" width=\"125\" height=\"150\" \/><\/a><\/p>\n<p>&nbsp;<\/p>\n<p>&nbsp;<\/p>\n<p>&nbsp;<\/p>\n<p>&nbsp;<\/p>\n<p>&nbsp;<\/p>\n<p>&nbsp;<\/p>\n<p>&nbsp;<\/p>\n<p style=\"text-align: left\">Disponibilit\u00e9 du stock :<\/p>","protected":false},"featured_media":27292,"comment_status":"open","ping_status":"closed","template":"","meta":{"jetpack_post_was_ever_published":false,"jetpack_publicize_message":"","jetpack_publicize_feature_enabled":true,"jetpack_social_post_already_shared":true,"jetpack_social_options":{"image_generator_settings":{"template":"highway","default_image_id":0,"font":"","enabled":false},"version":2}},"product_brand":[932],"product_cat":[48],"product_tag":[103,961],"class_list":{"0":"post-4313","1":"product","2":"type-product","3":"status-publish","4":"has-post-thumbnail","6":"product_brand-victoria-vynn","7":"product_cat-hybrid-gel-nail-colors","8":"product_tag-creamy-gel-polish","9":"product_tag-spring-summer-pure-creamy-hybrid-colors","10":"product_shipping_class-cardboard-box","11":"pa_size-8ml","13":"first","14":"instock","15":"taxable","16":"shipping-taxable","17":"purchasable","18":"product-type-simple"},"jetpack_publicize_connections":[],"jetpack-related-posts":[{"id":4339,"url":"https:\/\/naillycosmetics.com\/fr\/produit\/turquoise-green-nails-068-by-the-bay\/","url_meta":{"origin":4313,"position":0},"title":"Victoria VYNN Pure Creamy Hybrid Gel Polish No. 068 By the Bay","author":"Serge Sahakian","date":"septembre 2, 2022","format":false,"excerpt":"Des ongles verts turquoise impressionnants ! Victoria VYNN Pure Creamy Hybrid High Pigment Gel Polish 068 By The Bay est une teinte verte avec une touche de turquoise qui vous rappellera des vacances tropicales. Le premier distributeur canadien de fournitures professionnelles pour les ongles. Achetez en toute confiance ! Sp\u00e9cifications du produit :        ...","rel":"","context":"Article similaire","block_context":{"text":"Article similaire","link":""},"img":{"alt_text":"Best Turquoise Green Nails Victoria VYNN Pure Creamy Hybrid 068 By the Bay","src":"https:\/\/i0.wp.com\/naillycosmetics.com\/wp-content\/uploads\/2026\/02\/best-turquoise-green-nails-victoria-vynn-pure-creamy-hybrid-068-by-the-bay.webp?fit=750%2C1000&ssl=1&resize=350%2C200","width":350,"height":200,"srcset":"https:\/\/i0.wp.com\/naillycosmetics.com\/wp-content\/uploads\/2026\/02\/best-turquoise-green-nails-victoria-vynn-pure-creamy-hybrid-068-by-the-bay.webp?fit=750%2C1000&ssl=1&resize=350%2C200 1x, https:\/\/i0.wp.com\/naillycosmetics.com\/wp-content\/uploads\/2026\/02\/best-turquoise-green-nails-victoria-vynn-pure-creamy-hybrid-068-by-the-bay.webp?fit=750%2C1000&ssl=1&resize=525%2C300 1.5x, https:\/\/i0.wp.com\/naillycosmetics.com\/wp-content\/uploads\/2026\/02\/best-turquoise-green-nails-victoria-vynn-pure-creamy-hybrid-068-by-the-bay.webp?fit=750%2C1000&ssl=1&resize=700%2C400 2x"},"classes":[]},{"id":4329,"url":"https:\/\/naillycosmetics.com\/fr\/produit\/best-nude-pink-nails-074-toasted-almond\/","url_meta":{"origin":4313,"position":1},"title":"Victoria VYNN Pure Creamy Hybrid Gel Polish No. 074 Toasted Almond (Amande grill\u00e9e)","author":"Serge Sahakian","date":"septembre 2, 2022","format":false,"excerpt":"Des ongles rose nude impressionnants ! Victoria VYNN Pure Creamy Hybrid High Pigment Gel Polish 074 Toasted Almond est une magnifique nuance de beige amande qui convient parfaitement \u00e0 tous les tons de peau. Le plus grand distributeur canadien de fournitures professionnelles pour les ongles. Achetez en toute confiance ! Sp\u00e9cifications du produit :               Stock...","rel":"","context":"Article similaire","block_context":{"text":"Article similaire","link":""},"img":{"alt_text":"best nude pink nails Victoria VYNN Pure Creamy Hybrid Toasted Almond 074","src":"https:\/\/i0.wp.com\/naillycosmetics.com\/wp-content\/uploads\/2026\/02\/best-nude-pink-nails-victoria-vynn-pure-creamy-hybrid-toasted-almond-074.webp?fit=750%2C1000&ssl=1&resize=350%2C200","width":350,"height":200,"srcset":"https:\/\/i0.wp.com\/naillycosmetics.com\/wp-content\/uploads\/2026\/02\/best-nude-pink-nails-victoria-vynn-pure-creamy-hybrid-toasted-almond-074.webp?fit=750%2C1000&ssl=1&resize=350%2C200 1x, https:\/\/i0.wp.com\/naillycosmetics.com\/wp-content\/uploads\/2026\/02\/best-nude-pink-nails-victoria-vynn-pure-creamy-hybrid-toasted-almond-074.webp?fit=750%2C1000&ssl=1&resize=525%2C300 1.5x, https:\/\/i0.wp.com\/naillycosmetics.com\/wp-content\/uploads\/2026\/02\/best-nude-pink-nails-victoria-vynn-pure-creamy-hybrid-toasted-almond-074.webp?fit=750%2C1000&ssl=1&resize=700%2C400 2x"},"classes":[]},{"id":4327,"url":"https:\/\/naillycosmetics.com\/fr\/produit\/burnt-orange-nails-075-hot-orange\/","url_meta":{"origin":4313,"position":2},"title":"Victoria VYNN Pure Creamy Hybrid Gel Polish No. 075 Hot Orange","author":"Serge Sahakian","date":"septembre 2, 2022","format":false,"excerpt":"Des ongles orange br\u00fbl\u00e9 impressionnants ! Victoria VYNN Pure Creamy Hybrid High Pigment Gel Polish 075 Hot Orange est un orange chaud tentant et s\u00e9duisant. Le principal distributeur canadien de fournitures professionnelles pour les ongles. Achetez en toute confiance ! Sp\u00e9cifications du produit :               Disponibilit\u00e9 du stock :","rel":"","context":"Article similaire","block_context":{"text":"Article similaire","link":""},"img":{"alt_text":"Best Burnt Orange Nails Victoria VYNN Pure Creamy Hybrid 075 Hot Orange","src":"https:\/\/i0.wp.com\/naillycosmetics.com\/wp-content\/uploads\/2026\/02\/best-burn-orange-nails-victoria-vynn-pure-creamy-hybrid-075-hot-orange.webp?fit=750%2C1000&ssl=1&resize=350%2C200","width":350,"height":200,"srcset":"https:\/\/i0.wp.com\/naillycosmetics.com\/wp-content\/uploads\/2026\/02\/best-burn-orange-nails-victoria-vynn-pure-creamy-hybrid-075-hot-orange.webp?fit=750%2C1000&ssl=1&resize=350%2C200 1x, https:\/\/i0.wp.com\/naillycosmetics.com\/wp-content\/uploads\/2026\/02\/best-burn-orange-nails-victoria-vynn-pure-creamy-hybrid-075-hot-orange.webp?fit=750%2C1000&ssl=1&resize=525%2C300 1.5x, https:\/\/i0.wp.com\/naillycosmetics.com\/wp-content\/uploads\/2026\/02\/best-burn-orange-nails-victoria-vynn-pure-creamy-hybrid-075-hot-orange.webp?fit=750%2C1000&ssl=1&resize=700%2C400 2x"},"classes":[]},{"id":4281,"url":"https:\/\/naillycosmetics.com\/fr\/produit\/victoria-vynn-sky-blue-nails-pure-117\/","url_meta":{"origin":4313,"position":3},"title":"Victoria VYNN Pure Creamy Hybrid Gel Polish No. 117 Sky Blue","author":"Serge Sahakian","date":"septembre 2, 2022","format":false,"excerpt":"Le meilleur vernis en gel pour ongles bleu ciel ! Victoria VYNN Pure Creamy Hybrid High Pigment Gel Polish 117 Sky Blue captive avec la forme la plus pure du bleu. Le plus grand distributeur canadien de fournitures professionnelles pour les ongles. Achetez en toute confiance ! Sp\u00e9cifications du produit :               Disponibilit\u00e9 du stock :","rel":"","context":"Article similaire","block_context":{"text":"Article similaire","link":""},"img":{"alt_text":"victoria vynn best sky blue nails pure 117","src":"https:\/\/i0.wp.com\/naillycosmetics.com\/wp-content\/uploads\/2026\/02\/victoria-vynn-best-sky-blue-nails-pure-117.webp?fit=750%2C1000&ssl=1&resize=350%2C200","width":350,"height":200,"srcset":"https:\/\/i0.wp.com\/naillycosmetics.com\/wp-content\/uploads\/2026\/02\/victoria-vynn-best-sky-blue-nails-pure-117.webp?fit=750%2C1000&ssl=1&resize=350%2C200 1x, https:\/\/i0.wp.com\/naillycosmetics.com\/wp-content\/uploads\/2026\/02\/victoria-vynn-best-sky-blue-nails-pure-117.webp?fit=750%2C1000&ssl=1&resize=525%2C300 1.5x, https:\/\/i0.wp.com\/naillycosmetics.com\/wp-content\/uploads\/2026\/02\/victoria-vynn-best-sky-blue-nails-pure-117.webp?fit=750%2C1000&ssl=1&resize=700%2C400 2x"},"classes":[]},{"id":4295,"url":"https:\/\/naillycosmetics.com\/fr\/produit\/victoria-vynn-pinky-red-nails-pure-104\/","url_meta":{"origin":4313,"position":4},"title":"Victoria VYNN Pure Creamy Hybrid Gel Polish No. 104 Tropical Smoothie","author":"Serge Sahakian","date":"septembre 2, 2022","format":false,"excerpt":"Charmant vernis en gel rouge ros\u00e9 pour les ongles ! Victoria VYNN Pure Creamy Hybrid High Pigment Gel Polish 104 Tropical Smoothie est un rouge m\u00e9lang\u00e9 \u00e0 un peu de rose qui donne de l'\u00e9nergie tout au long de la journ\u00e9e. Le principal distributeur canadien de fournitures professionnelles pour les ongles. Achetez en toute confiance ! Sp\u00e9cifications du produit :               Stock...","rel":"","context":"Article similaire","block_context":{"text":"Article similaire","link":""},"img":{"alt_text":"victoria vynn pinky red nails pure creamy 104 tropical smoothie","src":"https:\/\/i0.wp.com\/naillycosmetics.com\/wp-content\/uploads\/2026\/02\/victoria-vynn-pinky-red-nails-pure-creamy-104-tropical-smoothie.webp?fit=750%2C1000&ssl=1&resize=350%2C200","width":350,"height":200,"srcset":"https:\/\/i0.wp.com\/naillycosmetics.com\/wp-content\/uploads\/2026\/02\/victoria-vynn-pinky-red-nails-pure-creamy-104-tropical-smoothie.webp?fit=750%2C1000&ssl=1&resize=350%2C200 1x, https:\/\/i0.wp.com\/naillycosmetics.com\/wp-content\/uploads\/2026\/02\/victoria-vynn-pinky-red-nails-pure-creamy-104-tropical-smoothie.webp?fit=750%2C1000&ssl=1&resize=525%2C300 1.5x, https:\/\/i0.wp.com\/naillycosmetics.com\/wp-content\/uploads\/2026\/02\/victoria-vynn-pinky-red-nails-pure-creamy-104-tropical-smoothie.webp?fit=750%2C1000&ssl=1&resize=700%2C400 2x"},"classes":[]},{"id":4431,"url":"https:\/\/naillycosmetics.com\/fr\/produit\/fuchsia-gel-nail-polish-015-fuschsia-dream\/","url_meta":{"origin":4313,"position":5},"title":"Victoria VYNN Pure Creamy Hybrid Gel Polish No. 015 Fuchsia Dream","author":"Serge Sahakian","date":"septembre 2, 2022","format":false,"excerpt":"Vernis \u00e0 ongles en gel Fuchsia chaud ! Victoria VYNN Pure Creamy Hybrid High Pigment Gel Polish Fuchsia Dream No. 015 est une nuance de rose funky, irr\u00e9ductible et \u00e0 la mode. Le premier distributeur canadien de fournitures professionnelles pour les ongles. Achetez en toute confiance ! Sp\u00e9cifications du produit :               Disponibilit\u00e9 en stock :","rel":"","context":"Article similaire","block_context":{"text":"Article similaire","link":""},"img":{"alt_text":"Hot Fuchsia Gel Nail Polish Victoria VYNN Pure Creamy Hybrid 015 Fuchsia Dream","src":"https:\/\/i0.wp.com\/naillycosmetics.com\/wp-content\/uploads\/2026\/02\/hot-fuchsia-gel-nail-polish-victoria-vynn-pure-creamy-hybrid-015-fuchsia-dream.webp?fit=750%2C1000&ssl=1&resize=350%2C200","width":350,"height":200,"srcset":"https:\/\/i0.wp.com\/naillycosmetics.com\/wp-content\/uploads\/2026\/02\/hot-fuchsia-gel-nail-polish-victoria-vynn-pure-creamy-hybrid-015-fuchsia-dream.webp?fit=750%2C1000&ssl=1&resize=350%2C200 1x, https:\/\/i0.wp.com\/naillycosmetics.com\/wp-content\/uploads\/2026\/02\/hot-fuchsia-gel-nail-polish-victoria-vynn-pure-creamy-hybrid-015-fuchsia-dream.webp?fit=750%2C1000&ssl=1&resize=525%2C300 1.5x, https:\/\/i0.wp.com\/naillycosmetics.com\/wp-content\/uploads\/2026\/02\/hot-fuchsia-gel-nail-polish-victoria-vynn-pure-creamy-hybrid-015-fuchsia-dream.webp?fit=750%2C1000&ssl=1&resize=700%2C400 2x"},"classes":[]}],"jetpack_sharing_enabled":true,"_links":{"self":[{"href":"https:\/\/naillycosmetics.com\/fr\/wp-json\/wp\/v2\/product\/4313","targetHints":{"allow":["GET"]}}],"collection":[{"href":"https:\/\/naillycosmetics.com\/fr\/wp-json\/wp\/v2\/product"}],"about":[{"href":"https:\/\/naillycosmetics.com\/fr\/wp-json\/wp\/v2\/types\/product"}],"replies":[{"embeddable":true,"href":"https:\/\/naillycosmetics.com\/fr\/wp-json\/wp\/v2\/comments?post=4313"}],"wp:featuredmedia":[{"embeddable":true,"href":"https:\/\/naillycosmetics.com\/fr\/wp-json\/wp\/v2\/media\/27292"}],"wp:attachment":[{"href":"https:\/\/naillycosmetics.com\/fr\/wp-json\/wp\/v2\/media?parent=4313"}],"wp:term":[{"taxonomy":"product_brand","embeddable":true,"href":"https:\/\/naillycosmetics.com\/fr\/wp-json\/wp\/v2\/product_brand?post=4313"},{"taxonomy":"product_cat","embeddable":true,"href":"https:\/\/naillycosmetics.com\/fr\/wp-json\/wp\/v2\/product_cat?post=4313"},{"taxonomy":"product_tag","embeddable":true,"href":"https:\/\/naillycosmetics.com\/fr\/wp-json\/wp\/v2\/product_tag?post=4313"}],"curies":[{"name":"wp","href":"https:\/\/api.w.org\/{rel}","templated":true}]}}