{"id":4291,"date":"2022-09-02T18:37:38","date_gmt":"2022-09-02T22:37:38","guid":{"rendered":"https:\/\/naillycosmetics.com\/index.php\/product\/victoria-vynn-pure-creamy-hybrid-color-no-106\/"},"modified":"2026-02-19T18:47:24","modified_gmt":"2026-02-19T23:47:24","slug":"victoria-vynn-red-orange-nails-pure-106","status":"publish","type":"product","link":"https:\/\/naillycosmetics.com\/fr\/produit\/victoria-vynn-red-orange-nails-pure-106\/","title":{"rendered":"Victoria VYNN Pure Creamy Hybrid Gel Polish No. 106 Birthday Cake"},"content":{"rendered":"<p>Le syst\u00e8me Pure Creamy Hybrid comprend des vernis gel hybrides cr\u00e9meux d'une couverture et d'une durabilit\u00e9 excellentes. Il s'agit d'une formule avec un indice de s\u00e9curit\u00e9 \u00e9lev\u00e9, sans odeur irritante et qui peut \u00eatre enlev\u00e9e avec de l'alcool cosm\u00e9tique. Le pinceau court et plat, con\u00e7u sp\u00e9cialement pour la ligne de produits Pure, facilite une application uniforme. Le syst\u00e8me permet de r\u00e9aliser des manucures hybrides ultra fines. Durcissement uniquement dans des lampes LED !<\/p>\n<p>Des ongles naturellement rouges et orang\u00e9s ! Victoria VYNN Pure Creamy Hybrid High Pigment Gel Polish 106 Birthday Cake est une nuance de rouge l\u00e9g\u00e8rement teint\u00e9e d'orange.<\/p>\n<p>Les vernis hybrides Pure r\u00e9pondent aux attentes des femmes du monde entier ! Nous cr\u00e9ons nos collections en fonction des derni\u00e8res tendances, nous r\u00e9pondons aux besoins de nos clientes et nous mettons en valeur la beaut\u00e9 de leurs mains !<\/p>","protected":false},"excerpt":{"rendered":"<p>Ongles naturels rouge-orange !<\/p>\n<p>Victoria VYNN Pure Creamy Hybrid High Pigment Gel Polish 106 Birthday Cake est une nuance de rouge l\u00e9g\u00e8rement teint\u00e9e d'orange. Le principal distributeur canadien de fournitures professionnelles pour les ongles. Achetez en toute confiance !<\/p>\n<p>Sp\u00e9cifications du produit :<\/p>\n<p><a href=\"https:\/\/victoriavynn.ca\/wp-content\/uploads\/2022\/12\/CREAMY-FORMULA-1.webp\"><img loading=\"lazy\" decoding=\"async\" class=\"size-full wp-image-8777 alignleft\" src=\"https:\/\/victoriavynn.ca\/wp-content\/uploads\/2022\/12\/CREAMY-FORMULA-1.webp\" alt=\"CREAMY GEL POLISH\" width=\"125\" height=\"150\" \/><\/a> <img loading=\"lazy\" decoding=\"async\" class=\"size-full wp-image-8778 alignleft\" src=\"https:\/\/victoriavynn.ca\/wp-content\/uploads\/2022\/12\/FLAT-SHORT-BRUSH.webp\" alt=\"CREAMY GEL POLISH\" width=\"125\" height=\"150\" \/><img loading=\"lazy\" decoding=\"async\" class=\"size-full wp-image-8779 alignleft\" src=\"https:\/\/victoriavynn.ca\/wp-content\/uploads\/2022\/12\/FOR-LED-LAMP.webp\" alt=\"CREAMY GEL POLISH\" width=\"125\" height=\"150\" \/><a href=\"https:\/\/victoriavynn.ca\/wp-content\/uploads\/2019\/11\/SALON-QUALITY.webp\"><img loading=\"lazy\" decoding=\"async\" class=\"size-full wp-image-8772 alignleft\" src=\"https:\/\/victoriavynn.ca\/wp-content\/uploads\/2019\/11\/SALON-QUALITY.webp\" alt=\"GEL NAIL BUILDER\" width=\"125\" height=\"150\" \/><\/a><\/p>\n<p>&nbsp;<\/p>\n<p>&nbsp;<\/p>\n<p>&nbsp;<\/p>\n<p>&nbsp;<\/p>\n<p>&nbsp;<\/p>\n<p>&nbsp;<\/p>\n<p>&nbsp;<\/p>\n<p style=\"text-align: left\">Disponibilit\u00e9 du stock :<\/p>","protected":false},"featured_media":27337,"comment_status":"open","ping_status":"closed","template":"","meta":{"jetpack_post_was_ever_published":false,"jetpack_publicize_message":"","jetpack_publicize_feature_enabled":true,"jetpack_social_post_already_shared":true,"jetpack_social_options":{"image_generator_settings":{"template":"highway","default_image_id":0,"font":"","enabled":false},"version":2}},"product_brand":[932],"product_cat":[48],"product_tag":[103,961],"class_list":{"0":"post-4291","1":"product","2":"type-product","3":"status-publish","4":"has-post-thumbnail","6":"product_brand-victoria-vynn","7":"product_cat-hybrid-gel-nail-colors","8":"product_tag-creamy-gel-polish","9":"product_tag-spring-summer-pure-creamy-hybrid-colors","10":"product_shipping_class-cardboard-box","12":"first","13":"instock","14":"taxable","15":"shipping-taxable","16":"purchasable","17":"product-type-simple"},"jetpack_publicize_connections":[],"jetpack-related-posts":[{"id":4423,"url":"https:\/\/naillycosmetics.com\/fr\/produit\/best-perfect-orange-gel-nails-019\/","url_meta":{"origin":4291,"position":0},"title":"Victoria VYNN Pure Creamy Hybrid Gel Polish No. 019 Perfect Orange","author":"Serge Sahakian","date":"septembre 2, 2022","format":false,"excerpt":"Son nom dit tout, Perfect Orange Gel Nails ! Victoria VYNN Pure Creamy Hybrid High Pigment Gel Polish 019 Perfect Orange est l'orange absolu - d\u00e9cisif et \u00e9nergique. Le premier distributeur canadien de fournitures professionnelles pour les ongles. Achetez en toute confiance ! Sp\u00e9cifications du produit :               Disponibilit\u00e9 du stock :","rel":"","context":"Article similaire","block_context":{"text":"Article similaire","link":""},"img":{"alt_text":"Perfect Orange Gel Nails Victoria VYNN Pure Creamy Hybrid 019 Perfect Orange","src":"https:\/\/i0.wp.com\/naillycosmetics.com\/wp-content\/uploads\/2026\/02\/perfect-orange-gel-nails-victoria-vynn-pure-creamy-hybrid-019-perfect-orange-.webp?fit=750%2C1000&ssl=1&resize=350%2C200","width":350,"height":200,"srcset":"https:\/\/i0.wp.com\/naillycosmetics.com\/wp-content\/uploads\/2026\/02\/perfect-orange-gel-nails-victoria-vynn-pure-creamy-hybrid-019-perfect-orange-.webp?fit=750%2C1000&ssl=1&resize=350%2C200 1x, https:\/\/i0.wp.com\/naillycosmetics.com\/wp-content\/uploads\/2026\/02\/perfect-orange-gel-nails-victoria-vynn-pure-creamy-hybrid-019-perfect-orange-.webp?fit=750%2C1000&ssl=1&resize=525%2C300 1.5x, https:\/\/i0.wp.com\/naillycosmetics.com\/wp-content\/uploads\/2026\/02\/perfect-orange-gel-nails-victoria-vynn-pure-creamy-hybrid-019-perfect-orange-.webp?fit=750%2C1000&ssl=1&resize=700%2C400 2x"},"classes":[]},{"id":4277,"url":"https:\/\/naillycosmetics.com\/fr\/produit\/marigold-orange-nails-gel-polish-pure-123\/","url_meta":{"origin":4291,"position":1},"title":"Victoria VYNN Pure Creamy Hybrid Gel Polish No. 123 Deep Marigold","author":"Serge Sahakian","date":"septembre 2, 2022","format":false,"excerpt":"Le meilleur vernis en gel pour ongles Marigold Orange ! Victoria VYNN Pure Creamy Hybrid High Pigment Gel Polish 123 Deep Marigold est une teinte orange pure qui a \u00e9t\u00e9 tir\u00e9e de la couleur des p\u00e9tales de souci. Le premier distributeur canadien de fournitures professionnelles pour les ongles. Achetez en toute confiance ! Sp\u00e9cifications du produit :        ...","rel":"","context":"Article similaire","block_context":{"text":"Article similaire","link":""},"img":{"alt_text":"Victoria VYNN Pure Marigold Orange Nails Gel Polish no. 123 Deep Marigold","src":"https:\/\/i0.wp.com\/naillycosmetics.com\/wp-content\/uploads\/2026\/02\/victoria-vynn-pure-marigold-orange-nails-gel-polish-no.-123-deep-marigold-.webp?fit=750%2C1000&ssl=1&resize=350%2C200","width":350,"height":200,"srcset":"https:\/\/i0.wp.com\/naillycosmetics.com\/wp-content\/uploads\/2026\/02\/victoria-vynn-pure-marigold-orange-nails-gel-polish-no.-123-deep-marigold-.webp?fit=750%2C1000&ssl=1&resize=350%2C200 1x, https:\/\/i0.wp.com\/naillycosmetics.com\/wp-content\/uploads\/2026\/02\/victoria-vynn-pure-marigold-orange-nails-gel-polish-no.-123-deep-marigold-.webp?fit=750%2C1000&ssl=1&resize=525%2C300 1.5x, https:\/\/i0.wp.com\/naillycosmetics.com\/wp-content\/uploads\/2026\/02\/victoria-vynn-pure-marigold-orange-nails-gel-polish-no.-123-deep-marigold-.webp?fit=750%2C1000&ssl=1&resize=700%2C400 2x"},"classes":[]},{"id":16080,"url":"https:\/\/naillycosmetics.com\/fr\/produit\/victoria-vynn-pure-red-fall-nails-249\/","url_meta":{"origin":4291,"position":2},"title":"Victoria VYNN Pure Creamy Hybrid Gel Polish No. 249 Fiery Leaf (Feuille de feu)","author":"Serge Sahakian","date":"octobre 19, 2023","format":false,"excerpt":"Ongles rouges d'automne ! Pr\u00e9parez-vous pour l'automne avec de superbes ongles rouges en gel : Une tendance incontournable. La couleur id\u00e9ale des ongles d'automne rouge orang\u00e9.  Embrassez le temps douillet et montrez votre c\u00f4t\u00e9 \u00e9l\u00e9gant avec cette audacieuse et belle couleur d'ongles d'automne en gel rouge. Collection : Pure Creamy...","rel":"","context":"Article similaire","block_context":{"text":"Article similaire","link":""},"img":{"alt_text":"victoria vynn pure creamy hybrid red fall nails earthy collection no. 249 fierry leaf","src":"https:\/\/i0.wp.com\/naillycosmetics.com\/wp-content\/uploads\/2026\/02\/victoria-vynn-pure-creamy-hybrid-fall-2023-earthy-collection-no.-249-fierry-leaf-1.webp?fit=750%2C1000&ssl=1&resize=350%2C200","width":350,"height":200,"srcset":"https:\/\/i0.wp.com\/naillycosmetics.com\/wp-content\/uploads\/2026\/02\/victoria-vynn-pure-creamy-hybrid-fall-2023-earthy-collection-no.-249-fierry-leaf-1.webp?fit=750%2C1000&ssl=1&resize=350%2C200 1x, https:\/\/i0.wp.com\/naillycosmetics.com\/wp-content\/uploads\/2026\/02\/victoria-vynn-pure-creamy-hybrid-fall-2023-earthy-collection-no.-249-fierry-leaf-1.webp?fit=750%2C1000&ssl=1&resize=525%2C300 1.5x, https:\/\/i0.wp.com\/naillycosmetics.com\/wp-content\/uploads\/2026\/02\/victoria-vynn-pure-creamy-hybrid-fall-2023-earthy-collection-no.-249-fierry-leaf-1.webp?fit=750%2C1000&ssl=1&resize=700%2C400 2x"},"classes":[]},{"id":4327,"url":"https:\/\/naillycosmetics.com\/fr\/produit\/burnt-orange-nails-075-hot-orange\/","url_meta":{"origin":4291,"position":3},"title":"Victoria VYNN Pure Creamy Hybrid Gel Polish No. 075 Hot Orange","author":"Serge Sahakian","date":"septembre 2, 2022","format":false,"excerpt":"Des ongles orange br\u00fbl\u00e9 impressionnants ! Victoria VYNN Pure Creamy Hybrid High Pigment Gel Polish 075 Hot Orange est un orange chaud tentant et s\u00e9duisant. Le principal distributeur canadien de fournitures professionnelles pour les ongles. Achetez en toute confiance ! Sp\u00e9cifications du produit :               Disponibilit\u00e9 du stock :","rel":"","context":"Article similaire","block_context":{"text":"Article similaire","link":""},"img":{"alt_text":"Best Burnt Orange Nails Victoria VYNN Pure Creamy Hybrid 075 Hot Orange","src":"https:\/\/i0.wp.com\/naillycosmetics.com\/wp-content\/uploads\/2026\/02\/best-burn-orange-nails-victoria-vynn-pure-creamy-hybrid-075-hot-orange.webp?fit=750%2C1000&ssl=1&resize=350%2C200","width":350,"height":200,"srcset":"https:\/\/i0.wp.com\/naillycosmetics.com\/wp-content\/uploads\/2026\/02\/best-burn-orange-nails-victoria-vynn-pure-creamy-hybrid-075-hot-orange.webp?fit=750%2C1000&ssl=1&resize=350%2C200 1x, https:\/\/i0.wp.com\/naillycosmetics.com\/wp-content\/uploads\/2026\/02\/best-burn-orange-nails-victoria-vynn-pure-creamy-hybrid-075-hot-orange.webp?fit=750%2C1000&ssl=1&resize=525%2C300 1.5x, https:\/\/i0.wp.com\/naillycosmetics.com\/wp-content\/uploads\/2026\/02\/best-burn-orange-nails-victoria-vynn-pure-creamy-hybrid-075-hot-orange.webp?fit=750%2C1000&ssl=1&resize=700%2C400 2x"},"classes":[]},{"id":4293,"url":"https:\/\/naillycosmetics.com\/fr\/produit\/victoria-vynn-coca-cola-red-nails-pure-105\/","url_meta":{"origin":4291,"position":4},"title":"Victoria VYNN Pure Creamy Hybrid Gel Polish No. 105 California Poppy","author":"Serge Sahakian","date":"septembre 2, 2022","format":false,"excerpt":"Des ongles naturels rouge Coca Cola ! Victoria VYNN Pure Creamy Hybrid High Pigment Gel Polish 105 California Poppy est un rouge l\u00e9g\u00e8rement chaud. Le premier distributeur canadien de fournitures professionnelles pour les ongles. Achetez en toute confiance ! Sp\u00e9cifications du produit :               Disponibilit\u00e9 du stock :","rel":"","context":"Article similaire","block_context":{"text":"Article similaire","link":""},"img":{"alt_text":"victoria vynn coca cola red nail pure creamy no. 105 california poppy","src":"https:\/\/i0.wp.com\/naillycosmetics.com\/wp-content\/uploads\/2026\/02\/victoria-vynn-coca-cola-red-nail-pure-creamy-no.-105-california-poppy.webp?fit=750%2C1000&ssl=1&resize=350%2C200","width":350,"height":200,"srcset":"https:\/\/i0.wp.com\/naillycosmetics.com\/wp-content\/uploads\/2026\/02\/victoria-vynn-coca-cola-red-nail-pure-creamy-no.-105-california-poppy.webp?fit=750%2C1000&ssl=1&resize=350%2C200 1x, https:\/\/i0.wp.com\/naillycosmetics.com\/wp-content\/uploads\/2026\/02\/victoria-vynn-coca-cola-red-nail-pure-creamy-no.-105-california-poppy.webp?fit=750%2C1000&ssl=1&resize=525%2C300 1.5x, https:\/\/i0.wp.com\/naillycosmetics.com\/wp-content\/uploads\/2026\/02\/victoria-vynn-coca-cola-red-nail-pure-creamy-no.-105-california-poppy.webp?fit=750%2C1000&ssl=1&resize=700%2C400 2x"},"classes":[]},{"id":4421,"url":"https:\/\/naillycosmetics.com\/fr\/produit\/coral-orange-gel-polish-020-coral-parrot\/","url_meta":{"origin":4291,"position":5},"title":"Victoria VYNN Pure Creamy Hybrid Gel Polish No. 020 Coral Parrot","author":"Serge Sahakian","date":"septembre 2, 2022","format":false,"excerpt":"Wonderful Coral Orange Gel Polish! Victoria VYNN Pure Creamy Hybrid High Pigment Gel Polish 020 Coral Parrot is a perfect blend of orange with a shade of coral. Canada's Leading Distributor of Professional Nail Supplies. Buy with Confidence! Product Specifications: \u00a0 \u00a0 \u00a0 \u00a0 \u00a0 \u00a0 \u00a0 Stock Availability:","rel":"","context":"Article similaire","block_context":{"text":"Article similaire","link":""},"img":{"alt_text":"Best Coral Orange Gel Polish Victoria VYNN Pure Creamy Hybrid 020 Coral Parrot","src":"https:\/\/i0.wp.com\/naillycosmetics.com\/wp-content\/uploads\/2026\/02\/best-coral-orange-gel-polish-victoria-vynn-pure-creamy-hybrid-020-coral-parrot-1-1.webp?fit=750%2C1000&ssl=1&resize=350%2C200","width":350,"height":200,"srcset":"https:\/\/i0.wp.com\/naillycosmetics.com\/wp-content\/uploads\/2026\/02\/best-coral-orange-gel-polish-victoria-vynn-pure-creamy-hybrid-020-coral-parrot-1-1.webp?fit=750%2C1000&ssl=1&resize=350%2C200 1x, https:\/\/i0.wp.com\/naillycosmetics.com\/wp-content\/uploads\/2026\/02\/best-coral-orange-gel-polish-victoria-vynn-pure-creamy-hybrid-020-coral-parrot-1-1.webp?fit=750%2C1000&ssl=1&resize=525%2C300 1.5x, https:\/\/i0.wp.com\/naillycosmetics.com\/wp-content\/uploads\/2026\/02\/best-coral-orange-gel-polish-victoria-vynn-pure-creamy-hybrid-020-coral-parrot-1-1.webp?fit=750%2C1000&ssl=1&resize=700%2C400 2x"},"classes":[]}],"jetpack_sharing_enabled":true,"_links":{"self":[{"href":"https:\/\/naillycosmetics.com\/fr\/wp-json\/wp\/v2\/product\/4291","targetHints":{"allow":["GET"]}}],"collection":[{"href":"https:\/\/naillycosmetics.com\/fr\/wp-json\/wp\/v2\/product"}],"about":[{"href":"https:\/\/naillycosmetics.com\/fr\/wp-json\/wp\/v2\/types\/product"}],"replies":[{"embeddable":true,"href":"https:\/\/naillycosmetics.com\/fr\/wp-json\/wp\/v2\/comments?post=4291"}],"wp:featuredmedia":[{"embeddable":true,"href":"https:\/\/naillycosmetics.com\/fr\/wp-json\/wp\/v2\/media\/27337"}],"wp:attachment":[{"href":"https:\/\/naillycosmetics.com\/fr\/wp-json\/wp\/v2\/media?parent=4291"}],"wp:term":[{"taxonomy":"product_brand","embeddable":true,"href":"https:\/\/naillycosmetics.com\/fr\/wp-json\/wp\/v2\/product_brand?post=4291"},{"taxonomy":"product_cat","embeddable":true,"href":"https:\/\/naillycosmetics.com\/fr\/wp-json\/wp\/v2\/product_cat?post=4291"},{"taxonomy":"product_tag","embeddable":true,"href":"https:\/\/naillycosmetics.com\/fr\/wp-json\/wp\/v2\/product_tag?post=4291"}],"curies":[{"name":"wp","href":"https:\/\/api.w.org\/{rel}","templated":true}]}}