{"id":4275,"date":"2022-09-02T18:37:31","date_gmt":"2022-09-02T22:37:31","guid":{"rendered":"https:\/\/naillycosmetics.com\/index.php\/product\/victoria-vynn-pure-creamy-hybrid-color-no-124\/"},"modified":"2026-02-19T18:47:31","modified_gmt":"2026-02-19T23:47:31","slug":"best-shocking-coral-gel-polish-124","status":"publish","type":"product","link":"https:\/\/naillycosmetics.com\/fr\/produit\/best-shocking-coral-gel-polish-124\/","title":{"rendered":"Victoria VYNN Pure Creamy Hybrid Gel Polish No. 124 Shocking Coral"},"content":{"rendered":"<p>Le syst\u00e8me Pure Creamy Hybrid comprend des vernis gel hybrides cr\u00e9meux d'une couverture et d'une durabilit\u00e9 excellentes. Il s'agit d'une formule avec un indice de s\u00e9curit\u00e9 \u00e9lev\u00e9, sans odeur irritante et qui peut \u00eatre enlev\u00e9e avec de l'alcool cosm\u00e9tique. Le pinceau court et plat, con\u00e7u sp\u00e9cialement pour la ligne de produits Pure, facilite une application uniforme. Le syst\u00e8me permet de r\u00e9aliser des manucures hybrides ultra fines. Durcissement uniquement dans des lampes LED !<\/p>\n<p>Le meilleur vernis en gel Shocking Coral ! Victoria VYNN Pure Creamy Hybrid High Pigment Gel Polish 124 Shocking Coral est d'une couleur orange avec un soup\u00e7on de rose.<\/p>\n<p>Les vernis hybrides Pure r\u00e9pondent aux attentes des femmes du monde entier ! Nous cr\u00e9ons nos collections en fonction des derni\u00e8res tendances, nous r\u00e9pondons aux besoins de nos clientes et nous mettons en valeur la beaut\u00e9 de leurs mains !<\/p>","protected":false},"excerpt":{"rendered":"<p>Le meilleur vernis en gel Shocking Coral !<\/p>\n<p>Victoria VYNN Pure Creamy Hybrid High Pigment Gel Polish 124 Shocking Coral est un m\u00e9lange d'orange et de rose. Le principal distributeur canadien de fournitures professionnelles pour les ongles. Achetez en toute confiance !<\/p>\n<p>Sp\u00e9cifications du produit :<\/p>\n<p><a href=\"https:\/\/victoriavynn.ca\/wp-content\/uploads\/2022\/12\/CREAMY-FORMULA-1.webp\"><img loading=\"lazy\" decoding=\"async\" class=\"size-full wp-image-8777 alignleft\" src=\"https:\/\/victoriavynn.ca\/wp-content\/uploads\/2022\/12\/CREAMY-FORMULA-1.webp\" alt=\"CREAMY GEL POLISH\" width=\"125\" height=\"150\" \/><\/a> <img loading=\"lazy\" decoding=\"async\" class=\"size-full wp-image-8778 alignleft\" src=\"https:\/\/victoriavynn.ca\/wp-content\/uploads\/2022\/12\/FLAT-SHORT-BRUSH.webp\" alt=\"CREAMY GEL POLISH\" width=\"125\" height=\"150\" \/><img loading=\"lazy\" decoding=\"async\" class=\"size-full wp-image-8779 alignleft\" src=\"https:\/\/victoriavynn.ca\/wp-content\/uploads\/2022\/12\/FOR-LED-LAMP.webp\" alt=\"CREAMY GEL POLISH\" width=\"125\" height=\"150\" \/><a href=\"https:\/\/victoriavynn.ca\/wp-content\/uploads\/2019\/11\/SALON-QUALITY.webp\"><img loading=\"lazy\" decoding=\"async\" class=\"size-full wp-image-8772 alignleft\" src=\"https:\/\/victoriavynn.ca\/wp-content\/uploads\/2019\/11\/SALON-QUALITY.webp\" alt=\"GEL NAIL BUILDER\" width=\"125\" height=\"150\" \/><\/a><\/p>\n<p>&nbsp;<\/p>\n<p>&nbsp;<\/p>\n<p>&nbsp;<\/p>\n<p>&nbsp;<\/p>\n<p>&nbsp;<\/p>\n<p>&nbsp;<\/p>\n<p>&nbsp;<\/p>\n<p style=\"text-align: left\">Disponibilit\u00e9 du stock :<\/p>","protected":false},"featured_media":27388,"comment_status":"open","ping_status":"closed","template":"","meta":{"jetpack_post_was_ever_published":false,"jetpack_publicize_message":"","jetpack_publicize_feature_enabled":true,"jetpack_social_post_already_shared":true,"jetpack_social_options":{"image_generator_settings":{"template":"highway","default_image_id":0,"font":"","enabled":false},"version":2}},"product_brand":[932],"product_cat":[48],"product_tag":[103,961],"class_list":{"0":"post-4275","1":"product","2":"type-product","3":"status-publish","4":"has-post-thumbnail","6":"product_brand-victoria-vynn","7":"product_cat-hybrid-gel-nail-colors","8":"product_tag-creamy-gel-polish","9":"product_tag-spring-summer-pure-creamy-hybrid-colors","10":"product_shipping_class-cardboard-box","12":"first","13":"instock","14":"taxable","15":"shipping-taxable","16":"purchasable","17":"product-type-simple"},"jetpack_publicize_connections":[],"jetpack-related-posts":[{"id":19242,"url":"https:\/\/naillycosmetics.com\/fr\/victoria-vynn-catalogue-download\/just-base-color-chart\/","url_meta":{"origin":4275,"position":0},"title":"Tableau des couleurs Just Base","author":"Serge Sahakian","date":"octobre 11, 2024","format":false,"excerpt":"Tableau des couleurs Just Base","rel":"","context":"Article similaire","block_context":{"text":"Article similaire","link":""},"img":{"alt_text":"Just Base Color Chart","src":"https:\/\/i0.wp.com\/naillycosmetics.com\/wp-content\/uploads\/2024\/10\/just-base-color-chart.webp?fit=950%2C950&ssl=1&resize=350%2C200","width":350,"height":200,"srcset":"https:\/\/i0.wp.com\/naillycosmetics.com\/wp-content\/uploads\/2024\/10\/just-base-color-chart.webp?fit=950%2C950&ssl=1&resize=350%2C200 1x, https:\/\/i0.wp.com\/naillycosmetics.com\/wp-content\/uploads\/2024\/10\/just-base-color-chart.webp?fit=950%2C950&ssl=1&resize=525%2C300 1.5x, https:\/\/i0.wp.com\/naillycosmetics.com\/wp-content\/uploads\/2024\/10\/just-base-color-chart.webp?fit=950%2C950&ssl=1&resize=700%2C400 2x"},"classes":[]},{"id":4421,"url":"https:\/\/naillycosmetics.com\/fr\/produit\/coral-orange-gel-polish-020-coral-parrot\/","url_meta":{"origin":4275,"position":1},"title":"Victoria VYNN Pure Creamy Hybrid Gel Polish No. 020 Coral Parrot","author":"Serge Sahakian","date":"septembre 2, 2022","format":false,"excerpt":"Wonderful Coral Orange Gel Polish! Victoria VYNN Pure Creamy Hybrid High Pigment Gel Polish 020 Coral Parrot is a perfect blend of orange with a shade of coral. Canada's Leading Distributor of Professional Nail Supplies. Buy with Confidence! Product Specifications: \u00a0 \u00a0 \u00a0 \u00a0 \u00a0 \u00a0 \u00a0 Stock Availability:","rel":"","context":"Article similaire","block_context":{"text":"Article similaire","link":""},"img":{"alt_text":"Best Coral Orange Gel Polish Victoria VYNN Pure Creamy Hybrid 020 Coral Parrot","src":"https:\/\/i0.wp.com\/naillycosmetics.com\/wp-content\/uploads\/2026\/02\/best-coral-orange-gel-polish-victoria-vynn-pure-creamy-hybrid-020-coral-parrot-1-1.webp?fit=750%2C1000&ssl=1&resize=350%2C200","width":350,"height":200,"srcset":"https:\/\/i0.wp.com\/naillycosmetics.com\/wp-content\/uploads\/2026\/02\/best-coral-orange-gel-polish-victoria-vynn-pure-creamy-hybrid-020-coral-parrot-1-1.webp?fit=750%2C1000&ssl=1&resize=350%2C200 1x, https:\/\/i0.wp.com\/naillycosmetics.com\/wp-content\/uploads\/2026\/02\/best-coral-orange-gel-polish-victoria-vynn-pure-creamy-hybrid-020-coral-parrot-1-1.webp?fit=750%2C1000&ssl=1&resize=525%2C300 1.5x, https:\/\/i0.wp.com\/naillycosmetics.com\/wp-content\/uploads\/2026\/02\/best-coral-orange-gel-polish-victoria-vynn-pure-creamy-hybrid-020-coral-parrot-1-1.webp?fit=750%2C1000&ssl=1&resize=700%2C400 2x"},"classes":[]},{"id":12797,"url":"https:\/\/naillycosmetics.com\/fr\/produit\/light-creamy-pastel-coral-gel-polish-241\/","url_meta":{"origin":4275,"position":2},"title":"Victoria VYNN Pure Creamy Hybrid Gel Polish No. 241 Former Rouge","author":"Serge Sahakian","date":"juin 9, 2023","format":false,"excerpt":"Victoria VYNN Pure Creamy Hybrid Light Creamy Pastel Coral Gel Polish Former Rouge No. 241 is an ultra-feminine, warm pink that has been appreciated for years by lovers of pink nails. Canada's Leading Distributor of Professional Nail Supplies. Buy with Confidence! Collection: Pure Creamy Hybrid Retro Pastel Product Specifications: \u00a0\u2026","rel":"","context":"Article similaire","block_context":{"text":"Article similaire","link":""},"img":{"alt_text":"Victoria VYNN Pure Creamy Hybrid Light Creamy Pastel Coral Gel Polish Vintage Patina No. 241","src":"https:\/\/i0.wp.com\/naillycosmetics.com\/wp-content\/uploads\/2026\/02\/victoria-vynn-pure-creamy-hybrid-light-creamy-pastel-coral-gel-polish-vintage-patina-no.-241-1.webp?fit=750%2C1000&ssl=1&resize=350%2C200","width":350,"height":200,"srcset":"https:\/\/i0.wp.com\/naillycosmetics.com\/wp-content\/uploads\/2026\/02\/victoria-vynn-pure-creamy-hybrid-light-creamy-pastel-coral-gel-polish-vintage-patina-no.-241-1.webp?fit=750%2C1000&ssl=1&resize=350%2C200 1x, https:\/\/i0.wp.com\/naillycosmetics.com\/wp-content\/uploads\/2026\/02\/victoria-vynn-pure-creamy-hybrid-light-creamy-pastel-coral-gel-polish-vintage-patina-no.-241-1.webp?fit=750%2C1000&ssl=1&resize=525%2C300 1.5x, https:\/\/i0.wp.com\/naillycosmetics.com\/wp-content\/uploads\/2026\/02\/victoria-vynn-pure-creamy-hybrid-light-creamy-pastel-coral-gel-polish-vintage-patina-no.-241-1.webp?fit=750%2C1000&ssl=1&resize=700%2C400 2x"},"classes":[]},{"id":4325,"url":"https:\/\/naillycosmetics.com\/fr\/produit\/candy-coral-pink-nails-076-candy-bloom\/","url_meta":{"origin":4275,"position":3},"title":"Victoria VYNN Pure Creamy Hybrid Gel Polish No. 076 Candy Bloom","author":"Serge Sahakian","date":"septembre 2, 2022","format":false,"excerpt":"Beautiful Candy Coral Pink Nails! Victoria VYNN Pure Creamy Hybrid High Pigment Gel Polish 076 Candy Bloom is a sweet and extremely feminine coral shade of Coral Pink which\u00a0looks wonderful on any length of nails. Canada's Leading Distributor of Professional Nail Supplies. Buy with Confidence! Product Specifications: \u00a0 \u00a0 \u00a0\u2026","rel":"","context":"Article similaire","block_context":{"text":"Article similaire","link":""},"img":{"alt_text":"Best Candy Coral Pink Nails Victoria VYNN Pure Creamy Hybrid 076 Candy Bloom","src":"https:\/\/i0.wp.com\/naillycosmetics.com\/wp-content\/uploads\/2026\/02\/best-cabdy-coral-pink-nails-victoria-vynn-pure-creamy-hybrid-076-candy-bloom.webp?fit=750%2C1000&ssl=1&resize=350%2C200","width":350,"height":200,"srcset":"https:\/\/i0.wp.com\/naillycosmetics.com\/wp-content\/uploads\/2026\/02\/best-cabdy-coral-pink-nails-victoria-vynn-pure-creamy-hybrid-076-candy-bloom.webp?fit=750%2C1000&ssl=1&resize=350%2C200 1x, https:\/\/i0.wp.com\/naillycosmetics.com\/wp-content\/uploads\/2026\/02\/best-cabdy-coral-pink-nails-victoria-vynn-pure-creamy-hybrid-076-candy-bloom.webp?fit=750%2C1000&ssl=1&resize=525%2C300 1.5x, https:\/\/i0.wp.com\/naillycosmetics.com\/wp-content\/uploads\/2026\/02\/best-cabdy-coral-pink-nails-victoria-vynn-pure-creamy-hybrid-076-candy-bloom.webp?fit=750%2C1000&ssl=1&resize=700%2C400 2x"},"classes":[]},{"id":4233,"url":"https:\/\/naillycosmetics.com\/fr\/produit\/victoria-vynn-pure-creamy-hybrid-color-no-151\/","url_meta":{"origin":4275,"position":4},"title":"Victoria VYNN Pure Creamy Hybrid Gel Polish No. 151 Coral Neon","author":"Serge Sahakian","date":"septembre 2, 2022","format":false,"excerpt":"Victoria VYNN Pure Creamy Hybrid Salon Color Coat","rel":"","context":"Article similaire","block_context":{"text":"Article similaire","link":""},"img":{"alt_text":"","src":"https:\/\/i0.wp.com\/naillycosmetics.com\/wp-content\/uploads\/2026\/02\/151-pure.jpg?fit=753%2C753&ssl=1&resize=350%2C200","width":350,"height":200,"srcset":"https:\/\/i0.wp.com\/naillycosmetics.com\/wp-content\/uploads\/2026\/02\/151-pure.jpg?fit=753%2C753&ssl=1&resize=350%2C200 1x, https:\/\/i0.wp.com\/naillycosmetics.com\/wp-content\/uploads\/2026\/02\/151-pure.jpg?fit=753%2C753&ssl=1&resize=525%2C300 1.5x, https:\/\/i0.wp.com\/naillycosmetics.com\/wp-content\/uploads\/2026\/02\/151-pure.jpg?fit=753%2C753&ssl=1&resize=700%2C400 2x"},"classes":[]}],"jetpack_sharing_enabled":true,"_links":{"self":[{"href":"https:\/\/naillycosmetics.com\/fr\/wp-json\/wp\/v2\/product\/4275","targetHints":{"allow":["GET"]}}],"collection":[{"href":"https:\/\/naillycosmetics.com\/fr\/wp-json\/wp\/v2\/product"}],"about":[{"href":"https:\/\/naillycosmetics.com\/fr\/wp-json\/wp\/v2\/types\/product"}],"replies":[{"embeddable":true,"href":"https:\/\/naillycosmetics.com\/fr\/wp-json\/wp\/v2\/comments?post=4275"}],"wp:featuredmedia":[{"embeddable":true,"href":"https:\/\/naillycosmetics.com\/fr\/wp-json\/wp\/v2\/media\/27388"}],"wp:attachment":[{"href":"https:\/\/naillycosmetics.com\/fr\/wp-json\/wp\/v2\/media?parent=4275"}],"wp:term":[{"taxonomy":"product_brand","embeddable":true,"href":"https:\/\/naillycosmetics.com\/fr\/wp-json\/wp\/v2\/product_brand?post=4275"},{"taxonomy":"product_cat","embeddable":true,"href":"https:\/\/naillycosmetics.com\/fr\/wp-json\/wp\/v2\/product_cat?post=4275"},{"taxonomy":"product_tag","embeddable":true,"href":"https:\/\/naillycosmetics.com\/fr\/wp-json\/wp\/v2\/product_tag?post=4275"}],"curies":[{"name":"wp","href":"https:\/\/api.w.org\/{rel}","templated":true}]}}