{"id":4261,"date":"2022-09-02T18:37:26","date_gmt":"2022-09-02T22:37:26","guid":{"rendered":"https:\/\/naillycosmetics.com\/index.php\/product\/victoria-vynn-pure-creamy-hybrid-color-no-134\/"},"modified":"2026-02-19T18:42:58","modified_gmt":"2026-02-19T23:42:58","slug":"light-coffee-milky-brown-nails-gel-polish","status":"publish","type":"product","link":"https:\/\/naillycosmetics.com\/fr\/produit\/light-coffee-milky-brown-nails-gel-polish\/","title":{"rendered":"Victoria VYNN Pure Creamy Hybrid Gel Polish No. 134 Sweet Talk"},"content":{"rendered":"<p>Le syst\u00e8me Pure Creamy Hybrid comprend des vernis gel hybrides cr\u00e9meux d'une couverture et d'une durabilit\u00e9 excellentes. Il s'agit d'une formule avec un indice de s\u00e9curit\u00e9 \u00e9lev\u00e9, sans odeur irritante et qui peut \u00eatre enlev\u00e9e avec de l'alcool cosm\u00e9tique. Le pinceau court et plat, con\u00e7u sp\u00e9cialement pour la ligne de produits Pure, facilite une application uniforme. Le syst\u00e8me permet de r\u00e9aliser des manucures hybrides ultra fines. Durcissement uniquement dans des lampes LED !<\/p>\n<p>Le meilleur vernis en gel pour les ongles brun laiteux au caf\u00e9 l\u00e9ger ! Victoria VYNN Pure Creamy Hybrid High Pigment Gel Polish 134 Sweet Talk est la nuance d'un caf\u00e9 fort avec un peu de lait qui est magnifique n'importe quand et n'importe o\u00f9.<\/p>\n<p>Les vernis hybrides Pure r\u00e9pondent aux attentes des femmes du monde entier ! Nous cr\u00e9ons nos collections en fonction des derni\u00e8res tendances, nous r\u00e9pondons aux besoins de nos clientes et nous mettons en valeur la beaut\u00e9 de leurs mains !<\/p>","protected":false},"excerpt":{"rendered":"<p>Le meilleur vernis en gel pour les ongles de couleur caf\u00e9 clair et brun laiteux !<\/p>\n<p>Victoria VYNN Pure Creamy Hybrid High Pigment Gel Polish 134 Sweet Talk est la nuance d'un caf\u00e9 fort avec un peu de lait qui est magnifique n'importe quand et n'importe o\u00f9. Le principal distributeur canadien de fournitures professionnelles pour les ongles. Achetez en toute confiance !<\/p>\n<p>Sp\u00e9cifications du produit :<\/p>\n<p><a href=\"https:\/\/victoriavynn.ca\/wp-content\/uploads\/2022\/12\/CREAMY-FORMULA-1.webp\"><img loading=\"lazy\" decoding=\"async\" class=\"size-full wp-image-8777 alignleft\" src=\"https:\/\/victoriavynn.ca\/wp-content\/uploads\/2022\/12\/CREAMY-FORMULA-1.webp\" alt=\"CREAMY GEL POLISH\" width=\"125\" height=\"150\" \/><\/a> <img loading=\"lazy\" decoding=\"async\" class=\"size-full wp-image-8778 alignleft\" src=\"https:\/\/victoriavynn.ca\/wp-content\/uploads\/2022\/12\/FLAT-SHORT-BRUSH.webp\" alt=\"CREAMY GEL POLISH\" width=\"125\" height=\"150\" \/><img loading=\"lazy\" decoding=\"async\" class=\"size-full wp-image-8779 alignleft\" src=\"https:\/\/victoriavynn.ca\/wp-content\/uploads\/2022\/12\/FOR-LED-LAMP.webp\" alt=\"CREAMY GEL POLISH\" width=\"125\" height=\"150\" \/><a href=\"https:\/\/victoriavynn.ca\/wp-content\/uploads\/2019\/11\/SALON-QUALITY.webp\"><img loading=\"lazy\" decoding=\"async\" class=\"size-full wp-image-8772 alignleft\" src=\"https:\/\/victoriavynn.ca\/wp-content\/uploads\/2019\/11\/SALON-QUALITY.webp\" alt=\"GEL NAIL BUILDER\" width=\"125\" height=\"150\" \/><\/a><\/p>\n<p>&nbsp;<\/p>\n<p>&nbsp;<\/p>\n<p>&nbsp;<\/p>\n<p>&nbsp;<\/p>\n<p>&nbsp;<\/p>\n<p>&nbsp;<\/p>\n<p>&nbsp;<\/p>\n<p style=\"text-align: left\">Disponibilit\u00e9 du stock :<\/p>","protected":false},"featured_media":27420,"comment_status":"open","ping_status":"closed","template":"","meta":{"jetpack_post_was_ever_published":false,"jetpack_publicize_message":"","jetpack_publicize_feature_enabled":true,"jetpack_social_post_already_shared":true,"jetpack_social_options":{"image_generator_settings":{"template":"highway","default_image_id":0,"font":"","enabled":false},"version":2}},"product_brand":[932],"product_cat":[48],"product_tag":[959,103],"class_list":{"0":"post-4261","1":"product","2":"type-product","3":"status-publish","4":"has-post-thumbnail","6":"product_brand-victoria-vynn","7":"product_cat-hybrid-gel-nail-colors","8":"product_tag-autumn-winter-pure-creamy-hybrid-colors","9":"product_tag-creamy-gel-polish","10":"product_shipping_class-cardboard-box","12":"first","13":"instock","14":"taxable","15":"shipping-taxable","16":"purchasable","17":"product-type-simple"},"jetpack_publicize_connections":[],"jetpack-related-posts":[{"id":4287,"url":"https:\/\/naillycosmetics.com\/fr\/produit\/victoria-vynn-pure-light-pink-gel-polish\/","url_meta":{"origin":4261,"position":0},"title":"Victoria VYNN Pure Creamy Hybrid Gel Polish No. 114 Dusty Orchid","author":"Serge Sahakian","date":"septembre 2, 2022","format":false,"excerpt":"Le meilleur vernis en gel rose p\u00e2le et d\u00e9licat ! Victoria VYNN Pure Creamy Hybrid High Pigment Gel Polish 114 Dusty Orchid est un rose pastel qui a \u00e9t\u00e9 l\u00e9g\u00e8rement sali, mais qui provoque toujours de la douceur. Le premier distributeur canadien de fournitures professionnelles pour les ongles. Achetez en toute confiance ! Sp\u00e9cifications du produit :            ...","rel":"","context":"Article similaire","block_context":{"text":"Article similaire","link":""},"img":{"alt_text":"victoria vynn pure creamy hybrid light pink gel polish no. 114 dusty orchid","src":"https:\/\/i0.wp.com\/naillycosmetics.com\/wp-content\/uploads\/2026\/02\/victoria-vynn-pure-creamy-hybrid-light-pink-gel-polish-no.-114-dusty-orchid.webp?fit=750%2C1000&ssl=1&resize=350%2C200","width":350,"height":200,"srcset":"https:\/\/i0.wp.com\/naillycosmetics.com\/wp-content\/uploads\/2026\/02\/victoria-vynn-pure-creamy-hybrid-light-pink-gel-polish-no.-114-dusty-orchid.webp?fit=750%2C1000&ssl=1&resize=350%2C200 1x, https:\/\/i0.wp.com\/naillycosmetics.com\/wp-content\/uploads\/2026\/02\/victoria-vynn-pure-creamy-hybrid-light-pink-gel-polish-no.-114-dusty-orchid.webp?fit=750%2C1000&ssl=1&resize=525%2C300 1.5x, https:\/\/i0.wp.com\/naillycosmetics.com\/wp-content\/uploads\/2026\/02\/victoria-vynn-pure-creamy-hybrid-light-pink-gel-polish-no.-114-dusty-orchid.webp?fit=750%2C1000&ssl=1&resize=700%2C400 2x"},"classes":[]},{"id":4385,"url":"https:\/\/naillycosmetics.com\/fr\/produit\/cappuccino-gel-nail-polish-042-milk-coffee\/","url_meta":{"origin":4261,"position":1},"title":"Victoria VYNN Pure Creamy Hybrid Gel Polish No. 042 Milk Coffee","author":"Serge Sahakian","date":"septembre 2, 2022","format":false,"excerpt":"Charmant vernis \u00e0 ongles en gel Cappuccino. Victoria VYNN Pure Creamy Hybrid High Pigment Gel Polish 042 Milk Coffee est une couleur beige\/marron qui met parfaitement en valeur le bronzage de la peau des mains. Le premier distributeur canadien de fournitures professionnelles pour les ongles. Achetez en toute confiance ! Sp\u00e9cifications du produit :            ...","rel":"","context":"Article similaire","block_context":{"text":"Article similaire","link":""},"img":{"alt_text":"best cappuccino gel nail polish Victoria VYNN pure creamy hybrid 042 milk coffee","src":"https:\/\/i0.wp.com\/naillycosmetics.com\/wp-content\/uploads\/2026\/02\/best-light-brown-gel-polish-victoria-vynn-pure-creamy-hybrid-042-milk-coffee.webp?fit=750%2C1000&ssl=1&resize=350%2C200","width":350,"height":200,"srcset":"https:\/\/i0.wp.com\/naillycosmetics.com\/wp-content\/uploads\/2026\/02\/best-light-brown-gel-polish-victoria-vynn-pure-creamy-hybrid-042-milk-coffee.webp?fit=750%2C1000&ssl=1&resize=350%2C200 1x, https:\/\/i0.wp.com\/naillycosmetics.com\/wp-content\/uploads\/2026\/02\/best-light-brown-gel-polish-victoria-vynn-pure-creamy-hybrid-042-milk-coffee.webp?fit=750%2C1000&ssl=1&resize=525%2C300 1.5x, https:\/\/i0.wp.com\/naillycosmetics.com\/wp-content\/uploads\/2026\/02\/best-light-brown-gel-polish-victoria-vynn-pure-creamy-hybrid-042-milk-coffee.webp?fit=750%2C1000&ssl=1&resize=700%2C400 2x"},"classes":[]},{"id":4447,"url":"https:\/\/naillycosmetics.com\/fr\/produit\/summer-peach-nails-007-sweet-ice-cream\/","url_meta":{"origin":4261,"position":2},"title":"Victoria VYNN Pure Creamy Hybrid Gel Polish No. 007 Sweet Ice Cream","author":"Serge Sahakian","date":"septembre 2, 2022","format":false,"excerpt":"Adorable Summer Peach Nails! Victoria VYNN Pure Creamy Hybrid Gel Nail Polish Sweet Ice Cream No. 007 is the best selling peach colored gel nail polish. Canada's Leading Distributor of Professional Nail Supplies. Buy with Confidence! Product Specifications: \u00a0 \u00a0 \u00a0 \u00a0 \u00a0 \u00a0 \u00a0 Stock Availability:","rel":"","context":"Article similaire","block_context":{"text":"Article similaire","link":""},"img":{"alt_text":"adorable summer peach nails 007 victoria vynn pure creamy sweet ice cream","src":"https:\/\/i0.wp.com\/naillycosmetics.com\/wp-content\/uploads\/2026\/02\/adorable-summer-peach-nails-007-victoria-vynn-pure-creamy-sweet-ice-cream.webp?fit=750%2C1000&ssl=1&resize=350%2C200","width":350,"height":200,"srcset":"https:\/\/i0.wp.com\/naillycosmetics.com\/wp-content\/uploads\/2026\/02\/adorable-summer-peach-nails-007-victoria-vynn-pure-creamy-sweet-ice-cream.webp?fit=750%2C1000&ssl=1&resize=350%2C200 1x, https:\/\/i0.wp.com\/naillycosmetics.com\/wp-content\/uploads\/2026\/02\/adorable-summer-peach-nails-007-victoria-vynn-pure-creamy-sweet-ice-cream.webp?fit=750%2C1000&ssl=1&resize=525%2C300 1.5x, https:\/\/i0.wp.com\/naillycosmetics.com\/wp-content\/uploads\/2026\/02\/adorable-summer-peach-nails-007-victoria-vynn-pure-creamy-sweet-ice-cream.webp?fit=750%2C1000&ssl=1&resize=700%2C400 2x"},"classes":[]},{"id":4437,"url":"https:\/\/naillycosmetics.com\/fr\/produit\/sweet-pink-red-nails-012-candy-blush\/","url_meta":{"origin":4261,"position":3},"title":"Victoria VYNN Pure Creamy Hybrid Gel Polish No. 012 Candy Blush","author":"Serge Sahakian","date":"septembre 2, 2022","format":false,"excerpt":"Sweet Pink Red Nails! Victoria VYNN Pure Creamy Hybrid High Pigment Gel Polish Candy Blush No. 012 is a\u00a0warm, expressive shade of pink that will bring a\u00a0lot of sweetness to\u00a0your design. Canada's Leading Distributor of Professional Nail Supplies. Buy with Confidence! Product Specifications: \u00a0 \u00a0 \u00a0 \u00a0 \u00a0 \u00a0 \u00a0\u2026","rel":"","context":"Article similaire","block_context":{"text":"Article similaire","link":""},"img":{"alt_text":"Sweet Pink Red Nails Victoria VYNN Pure Creamy Hybrid 012 Candy Blush","src":"https:\/\/i0.wp.com\/naillycosmetics.com\/wp-content\/uploads\/2026\/02\/sweet-pink-red-nails-victoria-vynn-pure-creamy-hybrid-012-candy-blush.webp?fit=750%2C1000&ssl=1&resize=350%2C200","width":350,"height":200,"srcset":"https:\/\/i0.wp.com\/naillycosmetics.com\/wp-content\/uploads\/2026\/02\/sweet-pink-red-nails-victoria-vynn-pure-creamy-hybrid-012-candy-blush.webp?fit=750%2C1000&ssl=1&resize=350%2C200 1x, https:\/\/i0.wp.com\/naillycosmetics.com\/wp-content\/uploads\/2026\/02\/sweet-pink-red-nails-victoria-vynn-pure-creamy-hybrid-012-candy-blush.webp?fit=750%2C1000&ssl=1&resize=525%2C300 1.5x, https:\/\/i0.wp.com\/naillycosmetics.com\/wp-content\/uploads\/2026\/02\/sweet-pink-red-nails-victoria-vynn-pure-creamy-hybrid-012-candy-blush.webp?fit=750%2C1000&ssl=1&resize=700%2C400 2x"},"classes":[]},{"id":4409,"url":"https:\/\/naillycosmetics.com\/fr\/produit\/sweet-pastel-green-nails-028-pastel-mint\/","url_meta":{"origin":4261,"position":4},"title":"Victoria VYNN Pure Creamy Hybrid Gel Polish No. 028 Pastel Mint","author":"Serge Sahakian","date":"septembre 2, 2022","format":false,"excerpt":"Sweet Pastel Green Nails?! Victoria VYNN Pure Creamy Hybrid High Pigment Gel Polish 028 Pastel Mint is a\u00a0summer manicure proposal that will add freshness and lightness to any design. Canada's Leading Distributor of Professional Nail Supplies. Buy with Confidence! Product Specifications: \u00a0 \u00a0 \u00a0 \u00a0 \u00a0 \u00a0 \u00a0 Stock Availability:","rel":"","context":"Article similaire","block_context":{"text":"Article similaire","link":""},"img":{"alt_text":"Sweet Pastel Green Nails Victoria VYNN Pure Creamy Hybrid 028 Pastel Mint","src":"https:\/\/i0.wp.com\/naillycosmetics.com\/wp-content\/uploads\/2026\/02\/seet-pastel-green-nails-victoria-vynn-pure-creamy-hybrid-028-pastel-mint-.webp?fit=750%2C1000&ssl=1&resize=350%2C200","width":350,"height":200,"srcset":"https:\/\/i0.wp.com\/naillycosmetics.com\/wp-content\/uploads\/2026\/02\/seet-pastel-green-nails-victoria-vynn-pure-creamy-hybrid-028-pastel-mint-.webp?fit=750%2C1000&ssl=1&resize=350%2C200 1x, https:\/\/i0.wp.com\/naillycosmetics.com\/wp-content\/uploads\/2026\/02\/seet-pastel-green-nails-victoria-vynn-pure-creamy-hybrid-028-pastel-mint-.webp?fit=750%2C1000&ssl=1&resize=525%2C300 1.5x, https:\/\/i0.wp.com\/naillycosmetics.com\/wp-content\/uploads\/2026\/02\/seet-pastel-green-nails-victoria-vynn-pure-creamy-hybrid-028-pastel-mint-.webp?fit=750%2C1000&ssl=1&resize=700%2C400 2x"},"classes":[]}],"jetpack_sharing_enabled":true,"_links":{"self":[{"href":"https:\/\/naillycosmetics.com\/fr\/wp-json\/wp\/v2\/product\/4261","targetHints":{"allow":["GET"]}}],"collection":[{"href":"https:\/\/naillycosmetics.com\/fr\/wp-json\/wp\/v2\/product"}],"about":[{"href":"https:\/\/naillycosmetics.com\/fr\/wp-json\/wp\/v2\/types\/product"}],"replies":[{"embeddable":true,"href":"https:\/\/naillycosmetics.com\/fr\/wp-json\/wp\/v2\/comments?post=4261"}],"wp:featuredmedia":[{"embeddable":true,"href":"https:\/\/naillycosmetics.com\/fr\/wp-json\/wp\/v2\/media\/27420"}],"wp:attachment":[{"href":"https:\/\/naillycosmetics.com\/fr\/wp-json\/wp\/v2\/media?parent=4261"}],"wp:term":[{"taxonomy":"product_brand","embeddable":true,"href":"https:\/\/naillycosmetics.com\/fr\/wp-json\/wp\/v2\/product_brand?post=4261"},{"taxonomy":"product_cat","embeddable":true,"href":"https:\/\/naillycosmetics.com\/fr\/wp-json\/wp\/v2\/product_cat?post=4261"},{"taxonomy":"product_tag","embeddable":true,"href":"https:\/\/naillycosmetics.com\/fr\/wp-json\/wp\/v2\/product_tag?post=4261"}],"curies":[{"name":"wp","href":"https:\/\/api.w.org\/{rel}","templated":true}]}}