{"id":4105,"date":"2022-09-02T18:23:11","date_gmt":"2022-09-02T22:23:11","guid":{"rendered":"https:\/\/naillycosmetics.com\/index.php\/product\/victoria-vynn-pure-creamy-hybrid-color-no-217\/"},"modified":"2026-02-19T18:51:21","modified_gmt":"2026-02-19T23:51:21","slug":"victoria-vynn-pure-creamy-hybrid-color-no-217","status":"publish","type":"product","link":"https:\/\/naillycosmetics.com\/fr\/produit\/victoria-vynn-pure-creamy-hybrid-color-no-217\/","title":{"rendered":"Victoria VYNN Pure Creamy Hybrid Gel Polish No. 217 Twilight in Paris"},"content":{"rendered":"<p><em>Vernis hybrides cr\u00e9meux Pure Creamy Hybrid - fabriqu\u00e9s \u00e0 l'aide d'une formule moderne et s\u00fbre qui dure jusqu'\u00e0 4 semaines. Les couleurs des vernis hybrides Pure sont cr\u00e9\u00e9es en fonction des tendances actuelles et des besoins de nos clients pour mettre en valeur leurs belles mains. 100% satisfaction apr\u00e8s l'application de la premi\u00e8re couche.<\/em><\/p>\n<p><em>Vernis hybrides purs durcis dans des lampes LED.<\/em><\/p>","protected":false},"excerpt":{"rendered":"<p>Victoria VYNN Pure Creamy Hybrid Salon Color Coat<\/p>","protected":false},"featured_media":27513,"comment_status":"open","ping_status":"closed","template":"","meta":{"jetpack_post_was_ever_published":false,"jetpack_publicize_message":"","jetpack_publicize_feature_enabled":true,"jetpack_social_post_already_shared":true,"jetpack_social_options":{"image_generator_settings":{"template":"highway","default_image_id":0,"font":"","enabled":false},"version":2}},"product_brand":[932],"product_cat":[48],"product_tag":[959],"class_list":{"0":"post-4105","1":"product","2":"type-product","3":"status-publish","4":"has-post-thumbnail","6":"product_brand-victoria-vynn","7":"product_cat-hybrid-gel-nail-colors","8":"product_tag-autumn-winter-pure-creamy-hybrid-colors","9":"product_shipping_class-cardboard-box","11":"first","12":"instock","13":"taxable","14":"shipping-taxable","15":"purchasable","16":"product-type-simple"},"jetpack_publicize_connections":[],"jetpack-related-posts":[],"jetpack_sharing_enabled":true,"_links":{"self":[{"href":"https:\/\/naillycosmetics.com\/fr\/wp-json\/wp\/v2\/product\/4105","targetHints":{"allow":["GET"]}}],"collection":[{"href":"https:\/\/naillycosmetics.com\/fr\/wp-json\/wp\/v2\/product"}],"about":[{"href":"https:\/\/naillycosmetics.com\/fr\/wp-json\/wp\/v2\/types\/product"}],"replies":[{"embeddable":true,"href":"https:\/\/naillycosmetics.com\/fr\/wp-json\/wp\/v2\/comments?post=4105"}],"wp:featuredmedia":[{"embeddable":true,"href":"https:\/\/naillycosmetics.com\/fr\/wp-json\/wp\/v2\/media\/27513"}],"wp:attachment":[{"href":"https:\/\/naillycosmetics.com\/fr\/wp-json\/wp\/v2\/media?parent=4105"}],"wp:term":[{"taxonomy":"product_brand","embeddable":true,"href":"https:\/\/naillycosmetics.com\/fr\/wp-json\/wp\/v2\/product_brand?post=4105"},{"taxonomy":"product_cat","embeddable":true,"href":"https:\/\/naillycosmetics.com\/fr\/wp-json\/wp\/v2\/product_cat?post=4105"},{"taxonomy":"product_tag","embeddable":true,"href":"https:\/\/naillycosmetics.com\/fr\/wp-json\/wp\/v2\/product_tag?post=4105"}],"curies":[{"name":"wp","href":"https:\/\/api.w.org\/{rel}","templated":true}]}}