{"id":4058,"date":"2022-09-01T21:00:11","date_gmt":"2022-09-02T01:00:11","guid":{"rendered":"https:\/\/naillycosmetics.com\/index.php\/product\/victoria-vynn-top-coat-mirage-red-no-wipe\/"},"modified":"2026-02-18T17:03:53","modified_gmt":"2026-02-18T22:03:53","slug":"top-coat-glitter-mirage-red-no-wipe","status":"publish","type":"product","link":"https:\/\/naillycosmetics.com\/fr\/produit\/top-coat-glitter-mirage-red-no-wipe\/","title":{"rendered":"Victoria VYNN Top Coat Mirage Red No Wipe"},"content":{"rendered":"<p>Victoria VYNN Top Coat Glitter Mirage Red pr\u00e9sente des paillettes rubis typiques, avec un m\u00e9lange de reflets chauds et froids.<\/p>\n<p>Les p\u00e9tales iridescents et ultrafins de 3 teintes diff\u00e9rentes, int\u00e9gr\u00e9s dans un couvercle transparent, permettent d'innombrables cr\u00e9ations originales. Les p\u00e9tales de forme irr\u00e9guli\u00e8re, disponibles en plusieurs tailles, garantissent un moyen rapide et facile de diversifier chaque manucure et p\u00e9dicure. L'effet multidimensionnel et scintillant peut \u00eatre utilis\u00e9 sur n'importe quelle couleur hybride, il est magnifique sur les couleurs fonc\u00e9es, mais il ravira \u00e9galement les pastels, les tons beige ros\u00e9 ou les couleurs blanc laiteux. Les Tops n'ont pas de couche de dispersion et n'ont pas besoin d'\u00eatre essuy\u00e9s apr\u00e8s le durcissement dans une lampe UV ou LED.<\/p>\n<p>Un top pour les dessins photopolym\u00e9ris\u00e9s, sans couche de dispersion. Donne l'effet d'ongles brillants jusqu'\u00e0 4 semaines. Durcissement sous lampes UV et LED.<\/p>","protected":false},"excerpt":{"rendered":"<p>Victoria VYNN Top Coat Glitter Mirage Red pr\u00e9sente des paillettes rubis typiques, avec un m\u00e9lange de reflets chauds et froids. Des p\u00e9tales iridescents et ultrafins dans 3 teintes diff\u00e9rentes, int\u00e9gr\u00e9s dans un top coat transparent, permettent d'innombrables cr\u00e9ations originales. Les p\u00e9tales de forme irr\u00e9guli\u00e8re, disponibles en plusieurs tailles, garantissent un moyen rapide et facile de diversifier chaque manucure et p\u00e9dicure. L'effet multidimensionnel et scintillant peut \u00eatre utilis\u00e9 sur n'importe quelle couleur hybride, il est magnifique sur les couleurs fonc\u00e9es, mais il ravira \u00e9galement les pastels, les tons beige ros\u00e9 ou les couleurs blanc laiteux. Les Tops n'ont pas de couche de dispersion et n'ont pas besoin d'\u00eatre essuy\u00e9s apr\u00e8s le durcissement dans une lampe UV ou LED.<\/p>","protected":false},"featured_media":27526,"comment_status":"open","ping_status":"closed","template":"","meta":{"jetpack_post_was_ever_published":false,"jetpack_publicize_message":"","jetpack_publicize_feature_enabled":true,"jetpack_social_post_already_shared":true,"jetpack_social_options":{"image_generator_settings":{"template":"highway","default_image_id":0,"font":"","enabled":false},"version":2}},"product_brand":[932],"product_cat":[17,55],"product_tag":[90],"class_list":{"0":"post-4058","1":"product","2":"type-product","3":"status-publish","4":"has-post-thumbnail","6":"product_brand-victoria-vynn","7":"product_cat-professional-gel-nail-polish","8":"product_cat-best-gel-top-coats","9":"product_tag-nail-preparations","10":"product_shipping_class-cardboard-box","11":"pa_size-8ml","13":"first","14":"instock","15":"taxable","16":"shipping-taxable","17":"purchasable","18":"product-type-simple"},"jetpack_publicize_connections":[],"jetpack-related-posts":[{"id":8383,"url":"https:\/\/naillycosmetics.com\/fr\/produit\/blue-night-top-coat-no-wipe\/","url_meta":{"origin":4058,"position":0},"title":"Victoria VYNN Top Coat Blue Night No Wipe","author":"Serge Sahakian","date":"d\u00e9cembre 15, 2022","format":false,"excerpt":"Victoria VYNN Salon Gel Polish Blue Night Top Coat No Wipe est une autre star parmi les Tops Victoria VYNN. Une id\u00e9e pour des ongles \u00e9l\u00e9gants, qui sont tellement \u00e0 la mode cette saison. Un top incolore avec des particules brillantes de diff\u00e9rentes tailles et dans plusieurs nuances de bleu enrichira m\u00eame le stylisme le plus simple.....","rel":"","context":"Article similaire","block_context":{"text":"Article similaire","link":""},"img":{"alt_text":"blue night top coat","src":"https:\/\/i0.wp.com\/naillycosmetics.com\/wp-content\/uploads\/2026\/02\/top-coat-no-wipe-blue-night.png?fit=1000%2C1000&ssl=1&resize=350%2C200","width":350,"height":200,"srcset":"https:\/\/i0.wp.com\/naillycosmetics.com\/wp-content\/uploads\/2026\/02\/top-coat-no-wipe-blue-night.png?fit=1000%2C1000&ssl=1&resize=350%2C200 1x, https:\/\/i0.wp.com\/naillycosmetics.com\/wp-content\/uploads\/2026\/02\/top-coat-no-wipe-blue-night.png?fit=1000%2C1000&ssl=1&resize=525%2C300 1.5x, https:\/\/i0.wp.com\/naillycosmetics.com\/wp-content\/uploads\/2026\/02\/top-coat-no-wipe-blue-night.png?fit=1000%2C1000&ssl=1&resize=700%2C400 2x"},"classes":[]},{"id":1700,"url":"https:\/\/naillycosmetics.com\/fr\/produit\/victoria-vynn-salon-gel-polish-top-coat-shimmer-multicolor-no-wipe\/","url_meta":{"origin":4058,"position":1},"title":"Victoria VYNN Salon Gel Polish Top Coat No Wipe Shimmer Multicolor","author":"Serge Sahakian","date":"mars 17, 2020","format":false,"excerpt":"Victoria VYNN Salon Gel Polish","rel":"","context":"Article similaire","block_context":{"text":"Article similaire","link":""},"img":{"alt_text":"","src":"https:\/\/i0.wp.com\/naillycosmetics.com\/wp-content\/uploads\/2020\/03\/Top_Multicolor-rend.jpg?fit=753%2C753&ssl=1&resize=350%2C200","width":350,"height":200,"srcset":"https:\/\/i0.wp.com\/naillycosmetics.com\/wp-content\/uploads\/2020\/03\/Top_Multicolor-rend.jpg?fit=753%2C753&ssl=1&resize=350%2C200 1x, https:\/\/i0.wp.com\/naillycosmetics.com\/wp-content\/uploads\/2020\/03\/Top_Multicolor-rend.jpg?fit=753%2C753&ssl=1&resize=525%2C300 1.5x, https:\/\/i0.wp.com\/naillycosmetics.com\/wp-content\/uploads\/2020\/03\/Top_Multicolor-rend.jpg?fit=753%2C753&ssl=1&resize=700%2C400 2x"},"classes":[]},{"id":1702,"url":"https:\/\/naillycosmetics.com\/fr\/produit\/victoria-vynn-salon-gel-polish-top-coat-shimmer-purple-no-wipe\/","url_meta":{"origin":4058,"position":2},"title":"Victoria VYNN Salon Gel Polish Top Coat No Wipe Shimmer Purple","author":"Serge Sahakian","date":"mars 17, 2020","format":false,"excerpt":"Victoria VYNN Salon Gel Polish","rel":"","context":"Article similaire","block_context":{"text":"Article similaire","link":""},"img":{"alt_text":"","src":"https:\/\/i0.wp.com\/naillycosmetics.com\/wp-content\/uploads\/2020\/03\/Top_Purple.jpg?fit=753%2C753&ssl=1&resize=350%2C200","width":350,"height":200,"srcset":"https:\/\/i0.wp.com\/naillycosmetics.com\/wp-content\/uploads\/2020\/03\/Top_Purple.jpg?fit=753%2C753&ssl=1&resize=350%2C200 1x, https:\/\/i0.wp.com\/naillycosmetics.com\/wp-content\/uploads\/2020\/03\/Top_Purple.jpg?fit=753%2C753&ssl=1&resize=525%2C300 1.5x, https:\/\/i0.wp.com\/naillycosmetics.com\/wp-content\/uploads\/2020\/03\/Top_Purple.jpg?fit=753%2C753&ssl=1&resize=700%2C400 2x"},"classes":[]},{"id":17531,"url":"https:\/\/naillycosmetics.com\/fr\/produit\/victoria-vynn-oh-my-gloss-top-coat-no-wipe\/","url_meta":{"origin":4058,"position":3},"title":"Victoria VYNN Salon Gel Polish Oh ! My Gloss Top Coat No Wipe","author":"Serge Sahakian","date":"avril 10, 2024","format":false,"excerpt":"OH!MG ! \u00e7a vient...c'est l\u00e0 ! nouveau TOP GLOSS ! Peut-on am\u00e9liorer l'id\u00e9al ? Nous prouvons que OUI ! D\u00e9couvrez la nouvelle version du produit pr\u00e9f\u00e9r\u00e9 des proth\u00e9sistes ongulaires - TOP GLOSS - OH ! MY GLOSS. Une brillance intense sans essuyage. Un Top Coat qui garantit une finition manucure encore plus brillante et durable. Apporte...","rel":"","context":"Article similaire","block_context":{"text":"Article similaire","link":""},"img":{"alt_text":"Victoria VYNN Salon Gel Polish Top Coat Gloss Oh! My Gloss 8ml","src":"https:\/\/i0.wp.com\/naillycosmetics.com\/wp-content\/uploads\/2024\/04\/victoria-vynn-salon-gel-polish-top-coat-gloss-omg-8ml-oh-my-gloss-super-shine-top-coat.webp?fit=750%2C1000&ssl=1&resize=350%2C200","width":350,"height":200,"srcset":"https:\/\/i0.wp.com\/naillycosmetics.com\/wp-content\/uploads\/2024\/04\/victoria-vynn-salon-gel-polish-top-coat-gloss-omg-8ml-oh-my-gloss-super-shine-top-coat.webp?fit=750%2C1000&ssl=1&resize=350%2C200 1x, https:\/\/i0.wp.com\/naillycosmetics.com\/wp-content\/uploads\/2024\/04\/victoria-vynn-salon-gel-polish-top-coat-gloss-omg-8ml-oh-my-gloss-super-shine-top-coat.webp?fit=750%2C1000&ssl=1&resize=525%2C300 1.5x, https:\/\/i0.wp.com\/naillycosmetics.com\/wp-content\/uploads\/2024\/04\/victoria-vynn-salon-gel-polish-top-coat-gloss-omg-8ml-oh-my-gloss-super-shine-top-coat.webp?fit=750%2C1000&ssl=1&resize=700%2C400 2x"},"classes":[]},{"id":1696,"url":"https:\/\/naillycosmetics.com\/fr\/produit\/top-coat-no-wipe-gloss\/","url_meta":{"origin":4058,"position":4},"title":"Victoria VYNN Salon Gel Polish Top Coat No Wipe Gloss","author":"Serge Sahakian","date":"mars 17, 2020","format":false,"excerpt":"Canada's Best Selling Top Coat No Wipe. The Ultimate Long Lasting Top Coat has an extraordinary shiny effect without leaving a sticky layer. No Need to use a cleanser!!! Without Matt effect, doesn\u2019t crack, chip or yellow. Recommended as a finish for hybrid, gel and acrylic decorations. Can be cured\u2026","rel":"","context":"Article similaire","block_context":{"text":"Article similaire","link":""},"img":{"alt_text":"Victoria VYNN Top Coat No Wipe Gloss 8ML","src":"https:\/\/i0.wp.com\/naillycosmetics.com\/wp-content\/uploads\/2020\/03\/victoria-vynn-top-coat-no-wipe-gloss-8ml.webp?fit=750%2C1000&ssl=1&resize=350%2C200","width":350,"height":200,"srcset":"https:\/\/i0.wp.com\/naillycosmetics.com\/wp-content\/uploads\/2020\/03\/victoria-vynn-top-coat-no-wipe-gloss-8ml.webp?fit=750%2C1000&ssl=1&resize=350%2C200 1x, https:\/\/i0.wp.com\/naillycosmetics.com\/wp-content\/uploads\/2020\/03\/victoria-vynn-top-coat-no-wipe-gloss-8ml.webp?fit=750%2C1000&ssl=1&resize=525%2C300 1.5x, https:\/\/i0.wp.com\/naillycosmetics.com\/wp-content\/uploads\/2020\/03\/victoria-vynn-top-coat-no-wipe-gloss-8ml.webp?fit=750%2C1000&ssl=1&resize=700%2C400 2x"},"classes":[]},{"id":1698,"url":"https:\/\/naillycosmetics.com\/fr\/produit\/victoria-vynn-salon-gel-polish-top-coat-matt-no-wipe\/","url_meta":{"origin":4058,"position":5},"title":"Victoria VYNN Salon Gel Polish Top Coat No Wipe MATT","author":"Serge Sahakian","date":"mars 17, 2020","format":false,"excerpt":"Victoria VYNN Salon Gel Polish","rel":"","context":"Article similaire","block_context":{"text":"Article similaire","link":""},"img":{"alt_text":"","src":"https:\/\/i0.wp.com\/naillycosmetics.com\/wp-content\/uploads\/2020\/03\/gel-polish-top-no-wipe-matt.jpg?fit=753%2C753&ssl=1&resize=350%2C200","width":350,"height":200,"srcset":"https:\/\/i0.wp.com\/naillycosmetics.com\/wp-content\/uploads\/2020\/03\/gel-polish-top-no-wipe-matt.jpg?fit=753%2C753&ssl=1&resize=350%2C200 1x, https:\/\/i0.wp.com\/naillycosmetics.com\/wp-content\/uploads\/2020\/03\/gel-polish-top-no-wipe-matt.jpg?fit=753%2C753&ssl=1&resize=525%2C300 1.5x, https:\/\/i0.wp.com\/naillycosmetics.com\/wp-content\/uploads\/2020\/03\/gel-polish-top-no-wipe-matt.jpg?fit=753%2C753&ssl=1&resize=700%2C400 2x"},"classes":[]}],"jetpack_sharing_enabled":true,"_links":{"self":[{"href":"https:\/\/naillycosmetics.com\/fr\/wp-json\/wp\/v2\/product\/4058","targetHints":{"allow":["GET"]}}],"collection":[{"href":"https:\/\/naillycosmetics.com\/fr\/wp-json\/wp\/v2\/product"}],"about":[{"href":"https:\/\/naillycosmetics.com\/fr\/wp-json\/wp\/v2\/types\/product"}],"replies":[{"embeddable":true,"href":"https:\/\/naillycosmetics.com\/fr\/wp-json\/wp\/v2\/comments?post=4058"}],"wp:featuredmedia":[{"embeddable":true,"href":"https:\/\/naillycosmetics.com\/fr\/wp-json\/wp\/v2\/media\/27526"}],"wp:attachment":[{"href":"https:\/\/naillycosmetics.com\/fr\/wp-json\/wp\/v2\/media?parent=4058"}],"wp:term":[{"taxonomy":"product_brand","embeddable":true,"href":"https:\/\/naillycosmetics.com\/fr\/wp-json\/wp\/v2\/product_brand?post=4058"},{"taxonomy":"product_cat","embeddable":true,"href":"https:\/\/naillycosmetics.com\/fr\/wp-json\/wp\/v2\/product_cat?post=4058"},{"taxonomy":"product_tag","embeddable":true,"href":"https:\/\/naillycosmetics.com\/fr\/wp-json\/wp\/v2\/product_tag?post=4058"}],"curies":[{"name":"wp","href":"https:\/\/api.w.org\/{rel}","templated":true}]}}