{"id":3225,"date":"2022-08-18T14:44:09","date_gmt":"2022-08-18T18:44:09","guid":{"rendered":"https:\/\/naillycosmetics.com\/index.php\/product\/victoria-vynn-apron-marine\/"},"modified":"2026-02-18T14:01:53","modified_gmt":"2026-02-18T19:01:53","slug":"nail-technician-apron","status":"publish","type":"product","link":"https:\/\/naillycosmetics.com\/fr\/produit\/nail-technician-apron\/","title":{"rendered":"Tablier Victoria VYNN"},"content":{"rendered":"<div class=\"et_pb_row_inner et_pb_row_inner_4\">\n<div class=\"et_pb_column et_pb_column_4_4 et_pb_column_inner et_pb_column_inner_5 et-last-child\">\n<div class=\"et_pb_module et_pb_text et_pb_text_13 et_pb_bg_layout_light et_pb_text_align_left\">\n<div class=\"et_pb_text_inner\">\n<p><strong>Le tablier de proth\u00e9siste ongulaire Victoria VYNN est fabriqu\u00e9 dans un mat\u00e9riau qui prot\u00e8ge de la salet\u00e9, de la poussi\u00e8re et des pr\u00e9parations utilis\u00e9es.<\/strong><\/p>\n<\/div>\n<\/div>\n<\/div>\n<\/div>\n<div class=\"et_pb_row_inner et_pb_row_inner_5\">\n<div class=\"et_pb_column et_pb_column_4_4 et_pb_column_inner et_pb_column_inner_6 et-last-child\">\n<div class=\"et_pb_module et_pb_text et_pb_text_14 et_pb_bg_layout_light et_pb_text_align_left\">\n<div class=\"et_pb_text_inner\">\n<div class=\"et_pb_section et_pb_section_7 my-row4 et_section_specialty\">\n<div class=\"et_pb_row et_pb_gutters3\">\n<div class=\"et_pb_column_inner et_pb_column_1_2 et_pb_column_13 et_pb_specialty_column et_pb_css_mix_blend_mode_passthrough et-last-child\">\n<div class=\"et_pb_row_inner et_pb_row_inner_5\">\n<div class=\"et_pb_column_inner et_pb_column_4_4 et_pb_column_inner et_pb_column_inner_6 et-last-child\">\n<div class=\"et_pb_module et_pb_text et_pb_text_14 et_pb_bg_layout_light et_pb_text_align_left\">\n<div class=\"et_pb_text_inner\">\n<ul>\n<li>Facile \u00e0 nettoyer<\/li>\n<li>Deux grandes poches spacieuses et utilisables et une sangle de cou r\u00e9glable<\/li>\n<li>Les \u00e9l\u00e9ments m\u00e9talliques ajoutent de l'\u00e9l\u00e9gance<\/li>\n<li>Taille unique<\/li>\n<li>Couleurs : gris, blanc, marine, fuchsia, violet, noir, rouge<\/li>\n<\/ul>\n<\/div>\n<\/div>\n<\/div>\n<\/div>\n<\/div>\n<\/div>\n<\/div>\n<\/div>\n<\/div>\n<\/div>\n<\/div>","protected":false},"excerpt":{"rendered":"<p>Le tablier de proth\u00e9siste ongulaire Victoria VYNN est fabriqu\u00e9 dans un mat\u00e9riau qui prot\u00e8ge de la salet\u00e9, de la poussi\u00e8re et des pr\u00e9parations utilis\u00e9es. Le tablier dispose de deux grandes poches spacieuses et utilisables et d'une sangle de cou r\u00e9glable. Facile \u00e0 nettoyer, il est de taille unique.<\/p>","protected":false},"featured_media":3226,"comment_status":"open","ping_status":"closed","template":"","meta":{"jetpack_post_was_ever_published":false,"jetpack_publicize_message":"","jetpack_publicize_feature_enabled":true,"jetpack_social_post_already_shared":true,"jetpack_social_options":{"image_generator_settings":{"template":"highway","default_image_id":0,"font":"","enabled":false},"version":2}},"product_brand":[932],"product_cat":[906],"product_tag":[92],"class_list":{"0":"post-3225","1":"product","2":"type-product","3":"status-publish","4":"has-post-thumbnail","6":"product_brand-victoria-vynn","7":"product_cat-victoria-vynn-accessories-tools","8":"product_tag-nail-accessories","9":"product_shipping_class-cardboard-box","11":"first","12":"instock","13":"taxable","14":"shipping-taxable","15":"purchasable","16":"product-type-variable","17":"wvs-archive-product-wrapper"},"jetpack_publicize_connections":[],"jetpack-related-posts":[{"id":3214,"url":"https:\/\/naillycosmetics.com\/fr\/produit\/hand-rest-for-nails-black\/","url_meta":{"origin":3225,"position":0},"title":"Victoria VYNN Repose-mains Noir","author":"Serge Sahakian","date":"ao\u00fbt 18, 2022","format":false,"excerpt":"Le travail d'une styliste n\u00e9cessite l'utilisation d'accessoires appropri\u00e9s. Cette cat\u00e9gorie comprend des formes fiables pour la construction des ongles, ainsi que des produits qui embelliront votre lieu de travail : de belles serviettes, des dessous de table, des repose-mains pour les ongles, des tabliers dans vos couleurs pr\u00e9f\u00e9r\u00e9es.","rel":"","context":"Article similaire","block_context":{"text":"Article similaire","link":""},"img":{"alt_text":"hand rest for nails","src":"https:\/\/i0.wp.com\/naillycosmetics.com\/wp-content\/uploads\/2026\/02\/hand-rest-black.jpeg?fit=753%2C753&ssl=1&resize=350%2C200","width":350,"height":200,"srcset":"https:\/\/i0.wp.com\/naillycosmetics.com\/wp-content\/uploads\/2026\/02\/hand-rest-black.jpeg?fit=753%2C753&ssl=1&resize=350%2C200 1x, https:\/\/i0.wp.com\/naillycosmetics.com\/wp-content\/uploads\/2026\/02\/hand-rest-black.jpeg?fit=753%2C753&ssl=1&resize=525%2C300 1.5x, https:\/\/i0.wp.com\/naillycosmetics.com\/wp-content\/uploads\/2026\/02\/hand-rest-black.jpeg?fit=753%2C753&ssl=1&resize=700%2C400 2x"},"classes":[]},{"id":3030,"url":"https:\/\/naillycosmetics.com\/fr\/produit\/hand-rest-for-nail-table-white\/","url_meta":{"origin":3225,"position":1},"title":"Victoria VYNN Repose-mains Blanc","author":"Serge Sahakian","date":"ao\u00fbt 18, 2022","format":false,"excerpt":"Le travail d'une styliste n\u00e9cessite l'utilisation d'accessoires appropri\u00e9s. Cette cat\u00e9gorie comprend des formes fiables pour la construction des ongles, ainsi que des produits qui embelliront votre lieu de travail : de belles serviettes, des dessous de table, un repose-main pour la table \u00e0 ongles, des tabliers dans vos couleurs pr\u00e9f\u00e9r\u00e9es.","rel":"","context":"Article similaire","block_context":{"text":"Article similaire","link":""},"img":{"alt_text":"hand rest for nail table","src":"https:\/\/i0.wp.com\/naillycosmetics.com\/wp-content\/uploads\/2022\/08\/hand-rest-white.jpeg?fit=753%2C753&ssl=1&resize=350%2C200","width":350,"height":200,"srcset":"https:\/\/i0.wp.com\/naillycosmetics.com\/wp-content\/uploads\/2022\/08\/hand-rest-white.jpeg?fit=753%2C753&ssl=1&resize=350%2C200 1x, https:\/\/i0.wp.com\/naillycosmetics.com\/wp-content\/uploads\/2022\/08\/hand-rest-white.jpeg?fit=753%2C753&ssl=1&resize=525%2C300 1.5x, https:\/\/i0.wp.com\/naillycosmetics.com\/wp-content\/uploads\/2022\/08\/hand-rest-white.jpeg?fit=753%2C753&ssl=1&resize=700%2C400 2x"},"classes":[]},{"id":3042,"url":"https:\/\/naillycosmetics.com\/fr\/produit\/silicone-manicure-table-mat\/","url_meta":{"origin":3225,"position":2},"title":"Victoria VYNN Tampon en silicone blanc","author":"Serge Sahakian","date":"ao\u00fbt 18, 2022","format":false,"excerpt":"Tampon en silicone non glissant. Id\u00e9al pour prendre des photos de dessins d'ongles. Protection de la table, r\u00e9sistant \u00e0 l'ac\u00e9tone, facile \u00e0 nettoyer, dimensions : 40 x 30 cm.","rel":"","context":"Article similaire","block_context":{"text":"Article similaire","link":""},"img":{"alt_text":"manicure table mat","src":"https:\/\/i0.wp.com\/naillycosmetics.com\/wp-content\/uploads\/2022\/08\/silicone-pad-.webp?fit=1000%2C1000&ssl=1&resize=350%2C200","width":350,"height":200,"srcset":"https:\/\/i0.wp.com\/naillycosmetics.com\/wp-content\/uploads\/2022\/08\/silicone-pad-.webp?fit=1000%2C1000&ssl=1&resize=350%2C200 1x, https:\/\/i0.wp.com\/naillycosmetics.com\/wp-content\/uploads\/2022\/08\/silicone-pad-.webp?fit=1000%2C1000&ssl=1&resize=525%2C300 1.5x, https:\/\/i0.wp.com\/naillycosmetics.com\/wp-content\/uploads\/2022\/08\/silicone-pad-.webp?fit=1000%2C1000&ssl=1&resize=700%2C400 2x"},"classes":[]},{"id":2922,"url":"https:\/\/naillycosmetics.com\/fr\/produit\/manicure-and-pedicure-brush\/","url_meta":{"origin":3225,"position":3},"title":"Victoria VYNN Brosse pour manucure et p\u00e9dicure","author":"Serge Sahakian","date":"ao\u00fbt 18, 2022","format":false,"excerpt":"Victoria VYNN Brosse pour manucure et p\u00e9dicure rose, transparente, violette ou bleue. Une brosse pour \u00e9liminer rapidement et efficacement la poussi\u00e8re et la salet\u00e9 lors des manucures et des p\u00e9dicures. Id\u00e9ale pour d\u00e9poussi\u00e9rer les ongles et \u00e9liminer les restes de pollen ou de paillettes. Elle est dot\u00e9e d'un manche pratique et confortable et de poils tr\u00e8s doux.","rel":"","context":"Article similaire","block_context":{"text":"Article similaire","link":""},"img":{"alt_text":"manicure and pedicure brush","src":"https:\/\/i0.wp.com\/naillycosmetics.com\/wp-content\/uploads\/2022\/08\/manicure-and-pedicure-brush-violet.jpeg?fit=753%2C753&ssl=1&resize=350%2C200","width":350,"height":200,"srcset":"https:\/\/i0.wp.com\/naillycosmetics.com\/wp-content\/uploads\/2022\/08\/manicure-and-pedicure-brush-violet.jpeg?fit=753%2C753&ssl=1&resize=350%2C200 1x, https:\/\/i0.wp.com\/naillycosmetics.com\/wp-content\/uploads\/2022\/08\/manicure-and-pedicure-brush-violet.jpeg?fit=753%2C753&ssl=1&resize=525%2C300 1.5x, https:\/\/i0.wp.com\/naillycosmetics.com\/wp-content\/uploads\/2022\/08\/manicure-and-pedicure-brush-violet.jpeg?fit=753%2C753&ssl=1&resize=700%2C400 2x"},"classes":[]},{"id":1116,"url":"https:\/\/naillycosmetics.com\/fr\/produit\/spider-gel\/","url_meta":{"origin":3225,"position":4},"title":"Gel pour araign\u00e9e Victoria VYNN","author":"Serge Sahakian","date":"mars 11, 2020","format":false,"excerpt":"Victoria VYNN Spider Gel est un gel flexible pour la d\u00e9coration, parfait pour r\u00e9aliser un nail art spectaculaire et, en m\u00eame temps, tr\u00e8s rapide. Sa consistance dense et caoutchouteuse permet de r\u00e9aliser des lignes parfaitement droites et des motifs g\u00e9om\u00e9triques. Il peut \u00eatre appliqu\u00e9 sur le gel, le gel acrylique et les vernis hybrides. Il...","rel":"","context":"Article similaire","block_context":{"text":"Article similaire","link":""},"img":{"alt_text":"Spider Gel","src":"https:\/\/i0.wp.com\/naillycosmetics.com\/wp-content\/uploads\/2020\/03\/Spider-Gel-White.png?fit=1000%2C1000&ssl=1&resize=350%2C200","width":350,"height":200,"srcset":"https:\/\/i0.wp.com\/naillycosmetics.com\/wp-content\/uploads\/2020\/03\/Spider-Gel-White.png?fit=1000%2C1000&ssl=1&resize=350%2C200 1x, https:\/\/i0.wp.com\/naillycosmetics.com\/wp-content\/uploads\/2020\/03\/Spider-Gel-White.png?fit=1000%2C1000&ssl=1&resize=525%2C300 1.5x, https:\/\/i0.wp.com\/naillycosmetics.com\/wp-content\/uploads\/2020\/03\/Spider-Gel-White.png?fit=1000%2C1000&ssl=1&resize=700%2C400 2x"},"classes":[]},{"id":1358,"url":"https:\/\/naillycosmetics.com\/fr\/produit\/metallic-nail-powder-dust\/","url_meta":{"origin":3225,"position":5},"title":"Victoria VYNN Poudre \u00e0 ongles m\u00e9tallis\u00e9e Dust","author":"Serge Sahakian","date":"mars 15, 2020","format":false,"excerpt":"Victoria VYNN Metallic Nail Powder Dust collection consists of 8 shiny dusts in beautiful colors that, after applying Top Gloss No Wipe will make your nails look like water, mirror or metal. The application of the Top Matt No Wipe will give your mail designs made with Metallic Dusts the\u2026","rel":"","context":"Article similaire","block_context":{"text":"Article similaire","link":""},"img":{"alt_text":"nail powder dust","src":"https:\/\/i0.wp.com\/naillycosmetics.com\/wp-content\/uploads\/2022\/10\/metallic-powder-dust-1.jpg?fit=1000%2C1000&ssl=1&resize=350%2C200","width":350,"height":200,"srcset":"https:\/\/i0.wp.com\/naillycosmetics.com\/wp-content\/uploads\/2022\/10\/metallic-powder-dust-1.jpg?fit=1000%2C1000&ssl=1&resize=350%2C200 1x, https:\/\/i0.wp.com\/naillycosmetics.com\/wp-content\/uploads\/2022\/10\/metallic-powder-dust-1.jpg?fit=1000%2C1000&ssl=1&resize=525%2C300 1.5x, https:\/\/i0.wp.com\/naillycosmetics.com\/wp-content\/uploads\/2022\/10\/metallic-powder-dust-1.jpg?fit=1000%2C1000&ssl=1&resize=700%2C400 2x"},"classes":[]}],"jetpack_sharing_enabled":true,"_links":{"self":[{"href":"https:\/\/naillycosmetics.com\/fr\/wp-json\/wp\/v2\/product\/3225","targetHints":{"allow":["GET"]}}],"collection":[{"href":"https:\/\/naillycosmetics.com\/fr\/wp-json\/wp\/v2\/product"}],"about":[{"href":"https:\/\/naillycosmetics.com\/fr\/wp-json\/wp\/v2\/types\/product"}],"replies":[{"embeddable":true,"href":"https:\/\/naillycosmetics.com\/fr\/wp-json\/wp\/v2\/comments?post=3225"}],"wp:featuredmedia":[{"embeddable":true,"href":"https:\/\/naillycosmetics.com\/fr\/wp-json\/wp\/v2\/media\/3226"}],"wp:attachment":[{"href":"https:\/\/naillycosmetics.com\/fr\/wp-json\/wp\/v2\/media?parent=3225"}],"wp:term":[{"taxonomy":"product_brand","embeddable":true,"href":"https:\/\/naillycosmetics.com\/fr\/wp-json\/wp\/v2\/product_brand?post=3225"},{"taxonomy":"product_cat","embeddable":true,"href":"https:\/\/naillycosmetics.com\/fr\/wp-json\/wp\/v2\/product_cat?post=3225"},{"taxonomy":"product_tag","embeddable":true,"href":"https:\/\/naillycosmetics.com\/fr\/wp-json\/wp\/v2\/product_tag?post=3225"}],"curies":[{"name":"wp","href":"https:\/\/api.w.org\/{rel}","templated":true}]}}