{"id":3130,"date":"2022-08-18T14:38:56","date_gmt":"2022-08-18T18:38:56","guid":{"rendered":"https:\/\/naillycosmetics.com\/index.php\/product\/victoria-vynn-vv-display-for-24pcs\/"},"modified":"2026-02-18T14:01:54","modified_gmt":"2026-02-18T19:01:54","slug":"victoria-vynn-vv-display-for-24pcs","status":"publish","type":"product","link":"https:\/\/naillycosmetics.com\/fr\/produit\/victoria-vynn-vv-display-for-24pcs\/","title":{"rendered":"Victoria VYNN Pr\u00e9sentoir pour 24 pi\u00e8ces"},"content":{"rendered":"","protected":false},"excerpt":{"rendered":"<p>Mat\u00e9riel de marketing Victoria VYNN<\/p>","protected":false},"featured_media":27550,"comment_status":"open","ping_status":"closed","template":"","meta":{"jetpack_post_was_ever_published":false,"jetpack_publicize_message":"","jetpack_publicize_feature_enabled":true,"jetpack_social_post_already_shared":true,"jetpack_social_options":{"image_generator_settings":{"template":"highway","default_image_id":0,"font":"","enabled":false},"version":2}},"product_brand":[932],"product_cat":[919],"product_tag":[92],"class_list":{"0":"post-3130","1":"product","2":"type-product","3":"status-publish","4":"has-post-thumbnail","6":"product_brand-victoria-vynn","7":"product_cat-nail-tools-and-accessories","8":"product_tag-nail-accessories","9":"product_shipping_class-cardboard-box","11":"first","12":"instock","13":"taxable","14":"shipping-taxable","15":"purchasable","16":"product-type-simple"},"jetpack_publicize_connections":[],"jetpack-related-posts":[{"id":23457,"url":"https:\/\/naillycosmetics.com\/fr\/produit\/victoria-vynn-gpt-gel-polish-collection-display\/","url_meta":{"origin":3130,"position":0},"title":"Victoria VYNN GPT Gel Polish Collection Display","author":"Serge Sahakian","date":"septembre 19, 2025","format":false,"excerpt":"","rel":"","context":"Article similaire","block_context":{"text":"Article similaire","link":""},"img":{"alt_text":"","src":"https:\/\/i0.wp.com\/naillycosmetics.com\/wp-content\/uploads\/2026\/02\/color-chart-display-gp-gpt-2-1.jpg?fit=1200%2C1200&ssl=1&resize=350%2C200","width":350,"height":200,"srcset":"https:\/\/i0.wp.com\/naillycosmetics.com\/wp-content\/uploads\/2026\/02\/color-chart-display-gp-gpt-2-1.jpg?fit=1200%2C1200&ssl=1&resize=350%2C200 1x, https:\/\/i0.wp.com\/naillycosmetics.com\/wp-content\/uploads\/2026\/02\/color-chart-display-gp-gpt-2-1.jpg?fit=1200%2C1200&ssl=1&resize=525%2C300 1.5x, https:\/\/i0.wp.com\/naillycosmetics.com\/wp-content\/uploads\/2026\/02\/color-chart-display-gp-gpt-2-1.jpg?fit=1200%2C1200&ssl=1&resize=700%2C400 2x, https:\/\/i0.wp.com\/naillycosmetics.com\/wp-content\/uploads\/2026\/02\/color-chart-display-gp-gpt-2-1.jpg?fit=1200%2C1200&ssl=1&resize=1050%2C600 3x"},"classes":[]},{"id":23436,"url":"https:\/\/naillycosmetics.com\/fr\/produit\/victoria-vynn-ai-cat-eye-gel-polish-collection-display\/","url_meta":{"origin":3130,"position":1},"title":"Victoria VYNN AI Cat Eye Gel Polish Collection Display","author":"Serge Sahakian","date":"mars 19, 2025","format":false,"excerpt":"","rel":"","context":"Article similaire","block_context":{"text":"Article similaire","link":""},"img":{"alt_text":"","src":"https:\/\/i0.wp.com\/naillycosmetics.com\/wp-content\/uploads\/2026\/02\/color-chart-display-gp-ai_cat_eye-1.jpg?fit=1200%2C1200&ssl=1&resize=350%2C200","width":350,"height":200,"srcset":"https:\/\/i0.wp.com\/naillycosmetics.com\/wp-content\/uploads\/2026\/02\/color-chart-display-gp-ai_cat_eye-1.jpg?fit=1200%2C1200&ssl=1&resize=350%2C200 1x, https:\/\/i0.wp.com\/naillycosmetics.com\/wp-content\/uploads\/2026\/02\/color-chart-display-gp-ai_cat_eye-1.jpg?fit=1200%2C1200&ssl=1&resize=525%2C300 1.5x, https:\/\/i0.wp.com\/naillycosmetics.com\/wp-content\/uploads\/2026\/02\/color-chart-display-gp-ai_cat_eye-1.jpg?fit=1200%2C1200&ssl=1&resize=700%2C400 2x, https:\/\/i0.wp.com\/naillycosmetics.com\/wp-content\/uploads\/2026\/02\/color-chart-display-gp-ai_cat_eye-1.jpg?fit=1200%2C1200&ssl=1&resize=1050%2C600 3x"},"classes":[]},{"id":18530,"url":"https:\/\/naillycosmetics.com\/fr\/produit\/victoria-vynn-dopamina-gel-polish-collection-display\/","url_meta":{"origin":3130,"position":2},"title":"Victoria VYNN Dopamina Gel Polish Collection Display","author":"Serge Sahakian","date":"ao\u00fbt 19, 2024","format":false,"excerpt":"","rel":"","context":"Article similaire","block_context":{"text":"Article similaire","link":""},"img":{"alt_text":"","src":"https:\/\/i0.wp.com\/naillycosmetics.com\/wp-content\/uploads\/2026\/02\/color-chart-display-gp-dopamina-a.jpg?fit=1200%2C1200&ssl=1&resize=350%2C200","width":350,"height":200,"srcset":"https:\/\/i0.wp.com\/naillycosmetics.com\/wp-content\/uploads\/2026\/02\/color-chart-display-gp-dopamina-a.jpg?fit=1200%2C1200&ssl=1&resize=350%2C200 1x, https:\/\/i0.wp.com\/naillycosmetics.com\/wp-content\/uploads\/2026\/02\/color-chart-display-gp-dopamina-a.jpg?fit=1200%2C1200&ssl=1&resize=525%2C300 1.5x, https:\/\/i0.wp.com\/naillycosmetics.com\/wp-content\/uploads\/2026\/02\/color-chart-display-gp-dopamina-a.jpg?fit=1200%2C1200&ssl=1&resize=700%2C400 2x, https:\/\/i0.wp.com\/naillycosmetics.com\/wp-content\/uploads\/2026\/02\/color-chart-display-gp-dopamina-a.jpg?fit=1200%2C1200&ssl=1&resize=1050%2C600 3x"},"classes":[]},{"id":1116,"url":"https:\/\/naillycosmetics.com\/fr\/produit\/spider-gel\/","url_meta":{"origin":3130,"position":3},"title":"Gel pour araign\u00e9e Victoria VYNN","author":"Serge Sahakian","date":"mars 11, 2020","format":false,"excerpt":"Victoria VYNN Spider Gel est un gel flexible pour la d\u00e9coration, parfait pour r\u00e9aliser un nail art spectaculaire et, en m\u00eame temps, tr\u00e8s rapide. Sa consistance dense et caoutchouteuse permet de r\u00e9aliser des lignes parfaitement droites et des motifs g\u00e9om\u00e9triques. Il peut \u00eatre appliqu\u00e9 sur le gel, le gel acrylique et les vernis hybrides. Il...","rel":"","context":"Article similaire","block_context":{"text":"Article similaire","link":""},"img":{"alt_text":"Spider Gel","src":"https:\/\/i0.wp.com\/naillycosmetics.com\/wp-content\/uploads\/2020\/03\/Spider-Gel-White.png?fit=1000%2C1000&ssl=1&resize=350%2C200","width":350,"height":200,"srcset":"https:\/\/i0.wp.com\/naillycosmetics.com\/wp-content\/uploads\/2020\/03\/Spider-Gel-White.png?fit=1000%2C1000&ssl=1&resize=350%2C200 1x, https:\/\/i0.wp.com\/naillycosmetics.com\/wp-content\/uploads\/2020\/03\/Spider-Gel-White.png?fit=1000%2C1000&ssl=1&resize=525%2C300 1.5x, https:\/\/i0.wp.com\/naillycosmetics.com\/wp-content\/uploads\/2020\/03\/Spider-Gel-White.png?fit=1000%2C1000&ssl=1&resize=700%2C400 2x"},"classes":[]},{"id":2970,"url":"https:\/\/naillycosmetics.com\/fr\/produit\/victoria-vynn-gel-brush-090-1\/","url_meta":{"origin":3130,"position":4},"title":"Victoria VYNN Gel Brush 090 1","author":"Serge Sahakian","date":"ao\u00fbt 18, 2022","format":false,"excerpt":"Victoria VYNN Instruments et accessoires","rel":"","context":"Article similaire","block_context":{"text":"Article similaire","link":""},"img":{"alt_text":"","src":"https:\/\/i0.wp.com\/naillycosmetics.com\/wp-content\/uploads\/2022\/08\/pedzel-do-zelu-090-1.jpeg?fit=753%2C753&ssl=1&resize=350%2C200","width":350,"height":200,"srcset":"https:\/\/i0.wp.com\/naillycosmetics.com\/wp-content\/uploads\/2022\/08\/pedzel-do-zelu-090-1.jpeg?fit=753%2C753&ssl=1&resize=350%2C200 1x, https:\/\/i0.wp.com\/naillycosmetics.com\/wp-content\/uploads\/2022\/08\/pedzel-do-zelu-090-1.jpeg?fit=753%2C753&ssl=1&resize=525%2C300 1.5x, https:\/\/i0.wp.com\/naillycosmetics.com\/wp-content\/uploads\/2022\/08\/pedzel-do-zelu-090-1.jpeg?fit=753%2C753&ssl=1&resize=700%2C400 2x"},"classes":[]},{"id":23461,"url":"https:\/\/naillycosmetics.com\/fr\/produit\/victoria-vynn-nail-art-paint-mixing-plate\/","url_meta":{"origin":3130,"position":5},"title":"Victoria VYNN Plaque de m\u00e9lange de peinture pour le Nail Art","author":"Serge Sahakian","date":"octobre 9, 2024","format":false,"excerpt":"","rel":"","context":"Article similaire","block_context":{"text":"Article similaire","link":""},"img":{"alt_text":"","src":"https:\/\/i0.wp.com\/naillycosmetics.com\/wp-content\/uploads\/2026\/02\/metal-plate-1.jpg?fit=1000%2C944&ssl=1&resize=350%2C200","width":350,"height":200,"srcset":"https:\/\/i0.wp.com\/naillycosmetics.com\/wp-content\/uploads\/2026\/02\/metal-plate-1.jpg?fit=1000%2C944&ssl=1&resize=350%2C200 1x, https:\/\/i0.wp.com\/naillycosmetics.com\/wp-content\/uploads\/2026\/02\/metal-plate-1.jpg?fit=1000%2C944&ssl=1&resize=525%2C300 1.5x, https:\/\/i0.wp.com\/naillycosmetics.com\/wp-content\/uploads\/2026\/02\/metal-plate-1.jpg?fit=1000%2C944&ssl=1&resize=700%2C400 2x"},"classes":[]}],"jetpack_sharing_enabled":true,"_links":{"self":[{"href":"https:\/\/naillycosmetics.com\/fr\/wp-json\/wp\/v2\/product\/3130","targetHints":{"allow":["GET"]}}],"collection":[{"href":"https:\/\/naillycosmetics.com\/fr\/wp-json\/wp\/v2\/product"}],"about":[{"href":"https:\/\/naillycosmetics.com\/fr\/wp-json\/wp\/v2\/types\/product"}],"replies":[{"embeddable":true,"href":"https:\/\/naillycosmetics.com\/fr\/wp-json\/wp\/v2\/comments?post=3130"}],"wp:featuredmedia":[{"embeddable":true,"href":"https:\/\/naillycosmetics.com\/fr\/wp-json\/wp\/v2\/media\/27550"}],"wp:attachment":[{"href":"https:\/\/naillycosmetics.com\/fr\/wp-json\/wp\/v2\/media?parent=3130"}],"wp:term":[{"taxonomy":"product_brand","embeddable":true,"href":"https:\/\/naillycosmetics.com\/fr\/wp-json\/wp\/v2\/product_brand?post=3130"},{"taxonomy":"product_cat","embeddable":true,"href":"https:\/\/naillycosmetics.com\/fr\/wp-json\/wp\/v2\/product_cat?post=3130"},{"taxonomy":"product_tag","embeddable":true,"href":"https:\/\/naillycosmetics.com\/fr\/wp-json\/wp\/v2\/product_tag?post=3130"}],"curies":[{"name":"wp","href":"https:\/\/api.w.org\/{rel}","templated":true}]}}