{"id":3036,"date":"2022-08-18T10:29:02","date_gmt":"2022-08-18T14:29:02","guid":{"rendered":"https:\/\/naillycosmetics.com\/index.php\/product\/victoria-vynn-salon-nail-forms-black-100-pcs\/"},"modified":"2026-03-09T19:18:06","modified_gmt":"2026-03-09T23:18:06","slug":"victoria-vynn-salon-nail-forms-black-100-pcs","status":"publish","type":"product","link":"https:\/\/naillycosmetics.com\/fr\/produit\/victoria-vynn-salon-nail-forms-black-100-pcs\/","title":{"rendered":"Victoria VYNN Formes d'ongles de salon noir 100 pi\u00e8ces"},"content":{"rendered":"","protected":false},"excerpt":{"rendered":"<p>Mat\u00e9riel de marketing Victoria VYNN<\/p>","protected":false},"featured_media":3037,"comment_status":"open","ping_status":"closed","template":"","meta":{"jetpack_post_was_ever_published":false,"jetpack_publicize_message":"","jetpack_publicize_feature_enabled":true,"jetpack_social_post_already_shared":true,"jetpack_social_options":{"image_generator_settings":{"template":"highway","default_image_id":0,"font":"","enabled":false},"version":2}},"product_brand":[932],"product_cat":[35,851,25,32,948,906],"product_tag":[92],"class_list":{"0":"post-3036","1":"product","2":"type-product","3":"status-publish","4":"has-post-thumbnail","6":"product_brand-victoria-vynn","7":"product_cat-builder-in-a-bottle","8":"product_cat-easy-fiber-gel","9":"product_cat-gel-acrylic-nails","10":"product_cat-thixotropic-gel","11":"product_cat-hard-nail-gel","12":"product_cat-victoria-vynn-accessories-tools","13":"product_tag-nail-accessories","14":"product_shipping_class-cardboard-box","16":"first","17":"instock","18":"taxable","19":"shipping-taxable","20":"purchasable","21":"product-type-simple"},"jetpack_publicize_connections":[],"jetpack-related-posts":[{"id":3038,"url":"https:\/\/naillycosmetics.com\/fr\/produit\/victoria-vynn-salon-nail-forms-black-400-pcs\/","url_meta":{"origin":3036,"position":0},"title":"Victoria VYNN Formes d'ongles de salon noir 400 pi\u00e8ces","author":"Serge Sahakian","date":"ao\u00fbt 18, 2022","format":false,"excerpt":"Mat\u00e9riel de marketing Victoria VYNN","rel":"","context":"Article similaire","block_context":{"text":"Article similaire","link":""},"img":{"alt_text":"","src":"https:\/\/i0.wp.com\/naillycosmetics.com\/wp-content\/uploads\/2022\/08\/salon-nail-forms-black-100-szt-1-1.jpeg?fit=753%2C753&ssl=1&resize=350%2C200","width":350,"height":200,"srcset":"https:\/\/i0.wp.com\/naillycosmetics.com\/wp-content\/uploads\/2022\/08\/salon-nail-forms-black-100-szt-1-1.jpeg?fit=753%2C753&ssl=1&resize=350%2C200 1x, https:\/\/i0.wp.com\/naillycosmetics.com\/wp-content\/uploads\/2022\/08\/salon-nail-forms-black-100-szt-1-1.jpeg?fit=753%2C753&ssl=1&resize=525%2C300 1.5x, https:\/\/i0.wp.com\/naillycosmetics.com\/wp-content\/uploads\/2022\/08\/salon-nail-forms-black-100-szt-1-1.jpeg?fit=753%2C753&ssl=1&resize=700%2C400 2x"},"classes":[]},{"id":3032,"url":"https:\/\/naillycosmetics.com\/fr\/produit\/victoria-vynn-nail-forms-basic-100-pcs\/","url_meta":{"origin":3036,"position":1},"title":"Victoria VYNN Formes d'ongles Basic 100 Pcs","author":"Serge Sahakian","date":"ao\u00fbt 18, 2022","format":false,"excerpt":"Mat\u00e9riel de marketing Victoria VYNN","rel":"","context":"Article similaire","block_context":{"text":"Article similaire","link":""},"img":{"alt_text":"","src":"https:\/\/i0.wp.com\/naillycosmetics.com\/wp-content\/uploads\/2022\/08\/nail-forms-basic-100-szt-.jpeg?fit=753%2C753&ssl=1&resize=350%2C200","width":350,"height":200,"srcset":"https:\/\/i0.wp.com\/naillycosmetics.com\/wp-content\/uploads\/2022\/08\/nail-forms-basic-100-szt-.jpeg?fit=753%2C753&ssl=1&resize=350%2C200 1x, https:\/\/i0.wp.com\/naillycosmetics.com\/wp-content\/uploads\/2022\/08\/nail-forms-basic-100-szt-.jpeg?fit=753%2C753&ssl=1&resize=525%2C300 1.5x, https:\/\/i0.wp.com\/naillycosmetics.com\/wp-content\/uploads\/2022\/08\/nail-forms-basic-100-szt-.jpeg?fit=753%2C753&ssl=1&resize=700%2C400 2x"},"classes":[]},{"id":3034,"url":"https:\/\/naillycosmetics.com\/fr\/produit\/victoria-vynn-nail-forms-basic-400-pcs\/","url_meta":{"origin":3036,"position":2},"title":"Victoria VYNN Formes d'ongles Basic 400 Pcs","author":"Serge Sahakian","date":"ao\u00fbt 18, 2022","format":false,"excerpt":"Mat\u00e9riel de marketing Victoria VYNN","rel":"","context":"Article similaire","block_context":{"text":"Article similaire","link":""},"img":{"alt_text":"","src":"https:\/\/i0.wp.com\/naillycosmetics.com\/wp-content\/uploads\/2022\/08\/nail-forms-basic-100-szt-1-1.jpeg?fit=753%2C753&ssl=1&resize=350%2C200","width":350,"height":200,"srcset":"https:\/\/i0.wp.com\/naillycosmetics.com\/wp-content\/uploads\/2022\/08\/nail-forms-basic-100-szt-1-1.jpeg?fit=753%2C753&ssl=1&resize=350%2C200 1x, https:\/\/i0.wp.com\/naillycosmetics.com\/wp-content\/uploads\/2022\/08\/nail-forms-basic-100-szt-1-1.jpeg?fit=753%2C753&ssl=1&resize=525%2C300 1.5x, https:\/\/i0.wp.com\/naillycosmetics.com\/wp-content\/uploads\/2022\/08\/nail-forms-basic-100-szt-1-1.jpeg?fit=753%2C753&ssl=1&resize=700%2C400 2x"},"classes":[]},{"id":3132,"url":"https:\/\/naillycosmetics.com\/fr\/produit\/victoria-vynn-vv-thanks-for-shopping-100-pcs-eng\/","url_meta":{"origin":3036,"position":3},"title":"Victoria VYNN VV Merci pour vos achats","author":"Serge Sahakian","date":"ao\u00fbt 18, 2022","format":false,"excerpt":"Mat\u00e9riel de marketing Victoria VYNN","rel":"","context":"Article similaire","block_context":{"text":"Article similaire","link":""},"img":{"alt_text":"","src":"https:\/\/i0.wp.com\/naillycosmetics.com\/wp-content\/uploads\/2022\/08\/podziekowanie-za-zakupy-vv-100szt-eng.jpeg?fit=1200%2C1200&ssl=1&resize=350%2C200","width":350,"height":200,"srcset":"https:\/\/i0.wp.com\/naillycosmetics.com\/wp-content\/uploads\/2022\/08\/podziekowanie-za-zakupy-vv-100szt-eng.jpeg?fit=1200%2C1200&ssl=1&resize=350%2C200 1x, https:\/\/i0.wp.com\/naillycosmetics.com\/wp-content\/uploads\/2022\/08\/podziekowanie-za-zakupy-vv-100szt-eng.jpeg?fit=1200%2C1200&ssl=1&resize=525%2C300 1.5x, https:\/\/i0.wp.com\/naillycosmetics.com\/wp-content\/uploads\/2022\/08\/podziekowanie-za-zakupy-vv-100szt-eng.jpeg?fit=1200%2C1200&ssl=1&resize=700%2C400 2x, https:\/\/i0.wp.com\/naillycosmetics.com\/wp-content\/uploads\/2022\/08\/podziekowanie-za-zakupy-vv-100szt-eng.jpeg?fit=1200%2C1200&ssl=1&resize=1050%2C600 3x"},"classes":[]},{"id":23943,"url":"https:\/\/naillycosmetics.com\/fr\/produit\/victoria-vynn-nail-tech-essentials-set-14-pack\/","url_meta":{"origin":3036,"position":4},"title":"Victoria VYNN Nail Tech Essentials Set 14 Pack","author":"Serge Sahakian","date":"f\u00e9vrier 11, 2026","format":false,"excerpt":"What\u2019s Inside the Set? \u00a0Nail Prep & Foundation Salon Nail Prep 15ml Tape Bond 8ml Mega Base Clear 8ml Gel Polish No. 214 Top Oh! My Gloss 8ml \u00a0Builder & Sculpting System Salon Build Gel Base 15ml Mousse Gel Coral Soft No.3 15ml Master Gel Milky White No.2 60g Master\u2026","rel":"","context":"Article similaire","block_context":{"text":"Article similaire","link":""},"img":{"alt_text":"BUILD GEL SET new","src":"https:\/\/i0.wp.com\/naillycosmetics.com\/wp-content\/uploads\/2026\/02\/build-gel-set-new-11.webp?fit=750%2C1000&ssl=1&resize=350%2C200","width":350,"height":200,"srcset":"https:\/\/i0.wp.com\/naillycosmetics.com\/wp-content\/uploads\/2026\/02\/build-gel-set-new-11.webp?fit=750%2C1000&ssl=1&resize=350%2C200 1x, https:\/\/i0.wp.com\/naillycosmetics.com\/wp-content\/uploads\/2026\/02\/build-gel-set-new-11.webp?fit=750%2C1000&ssl=1&resize=525%2C300 1.5x, https:\/\/i0.wp.com\/naillycosmetics.com\/wp-content\/uploads\/2026\/02\/build-gel-set-new-11.webp?fit=750%2C1000&ssl=1&resize=700%2C400 2x"},"classes":[]}],"jetpack_sharing_enabled":true,"_links":{"self":[{"href":"https:\/\/naillycosmetics.com\/fr\/wp-json\/wp\/v2\/product\/3036","targetHints":{"allow":["GET"]}}],"collection":[{"href":"https:\/\/naillycosmetics.com\/fr\/wp-json\/wp\/v2\/product"}],"about":[{"href":"https:\/\/naillycosmetics.com\/fr\/wp-json\/wp\/v2\/types\/product"}],"replies":[{"embeddable":true,"href":"https:\/\/naillycosmetics.com\/fr\/wp-json\/wp\/v2\/comments?post=3036"}],"wp:featuredmedia":[{"embeddable":true,"href":"https:\/\/naillycosmetics.com\/fr\/wp-json\/wp\/v2\/media\/3037"}],"wp:attachment":[{"href":"https:\/\/naillycosmetics.com\/fr\/wp-json\/wp\/v2\/media?parent=3036"}],"wp:term":[{"taxonomy":"product_brand","embeddable":true,"href":"https:\/\/naillycosmetics.com\/fr\/wp-json\/wp\/v2\/product_brand?post=3036"},{"taxonomy":"product_cat","embeddable":true,"href":"https:\/\/naillycosmetics.com\/fr\/wp-json\/wp\/v2\/product_cat?post=3036"},{"taxonomy":"product_tag","embeddable":true,"href":"https:\/\/naillycosmetics.com\/fr\/wp-json\/wp\/v2\/product_tag?post=3036"}],"curies":[{"name":"wp","href":"https:\/\/api.w.org\/{rel}","templated":true}]}}