{"id":3034,"date":"2022-08-18T10:29:01","date_gmt":"2022-08-18T14:29:01","guid":{"rendered":"https:\/\/naillycosmetics.com\/index.php\/product\/victoria-vynn-nail-forms-basic-400-pcs\/"},"modified":"2026-04-06T13:22:48","modified_gmt":"2026-04-06T17:22:48","slug":"victoria-vynn-nail-forms-basic-400-pcs","status":"publish","type":"product","link":"https:\/\/naillycosmetics.com\/fr\/produit\/victoria-vynn-nail-forms-basic-400-pcs\/","title":{"rendered":"Victoria VYNN Formes d'ongles Basic 400 Pcs"},"content":{"rendered":"","protected":false},"excerpt":{"rendered":"<p>Mat\u00e9riel de marketing Victoria VYNN<\/p>","protected":false},"featured_media":3035,"comment_status":"open","ping_status":"closed","template":"","meta":{"jetpack_post_was_ever_published":false,"jetpack_publicize_message":"","jetpack_publicize_feature_enabled":true,"jetpack_social_post_already_shared":true,"jetpack_social_options":{"image_generator_settings":{"template":"highway","default_image_id":0,"font":"","enabled":false},"version":2}},"product_brand":[932],"product_cat":[35,851,25,32,948,906],"product_tag":[92],"class_list":{"0":"post-3034","1":"product","2":"type-product","3":"status-publish","4":"has-post-thumbnail","6":"product_brand-victoria-vynn","7":"product_cat-builder-in-a-bottle","8":"product_cat-easy-fiber-gel","9":"product_cat-gel-acrylic-nails","10":"product_cat-thixotropic-gel","11":"product_cat-hard-nail-gel","12":"product_cat-victoria-vynn-accessories-tools","13":"product_tag-nail-accessories","14":"product_shipping_class-cardboard-box","16":"first","17":"instock","18":"taxable","19":"shipping-taxable","20":"purchasable","21":"product-type-simple"},"jetpack_publicize_connections":[],"jetpack-related-posts":[{"id":2970,"url":"https:\/\/naillycosmetics.com\/fr\/produit\/victoria-vynn-gel-brush-090-1\/","url_meta":{"origin":3034,"position":0},"title":"Victoria VYNN Gel Brush 090 1","author":"Serge Sahakian","date":"ao\u00fbt 18, 2022","format":false,"excerpt":"Victoria VYNN Instruments et accessoires","rel":"","context":"Article similaire","block_context":{"text":"Article similaire","link":""},"img":{"alt_text":"","src":"https:\/\/i0.wp.com\/naillycosmetics.com\/wp-content\/uploads\/2022\/08\/pedzel-do-zelu-090-1.jpeg?fit=753%2C753&ssl=1&resize=350%2C200","width":350,"height":200,"srcset":"https:\/\/i0.wp.com\/naillycosmetics.com\/wp-content\/uploads\/2022\/08\/pedzel-do-zelu-090-1.jpeg?fit=753%2C753&ssl=1&resize=350%2C200 1x, https:\/\/i0.wp.com\/naillycosmetics.com\/wp-content\/uploads\/2022\/08\/pedzel-do-zelu-090-1.jpeg?fit=753%2C753&ssl=1&resize=525%2C300 1.5x, https:\/\/i0.wp.com\/naillycosmetics.com\/wp-content\/uploads\/2022\/08\/pedzel-do-zelu-090-1.jpeg?fit=753%2C753&ssl=1&resize=700%2C400 2x"},"classes":[]},{"id":23461,"url":"https:\/\/naillycosmetics.com\/fr\/produit\/victoria-vynn-nail-art-paint-mixing-plate\/","url_meta":{"origin":3034,"position":1},"title":"Victoria VYNN Plaque de m\u00e9lange de peinture pour le Nail Art","author":"Serge Sahakian","date":"octobre 9, 2024","format":false,"excerpt":"","rel":"","context":"Article similaire","block_context":{"text":"Article similaire","link":""},"img":{"alt_text":"","src":"https:\/\/i0.wp.com\/naillycosmetics.com\/wp-content\/uploads\/2026\/02\/metal-plate-1.jpg?fit=1000%2C944&ssl=1&resize=350%2C200","width":350,"height":200,"srcset":"https:\/\/i0.wp.com\/naillycosmetics.com\/wp-content\/uploads\/2026\/02\/metal-plate-1.jpg?fit=1000%2C944&ssl=1&resize=350%2C200 1x, https:\/\/i0.wp.com\/naillycosmetics.com\/wp-content\/uploads\/2026\/02\/metal-plate-1.jpg?fit=1000%2C944&ssl=1&resize=525%2C300 1.5x, https:\/\/i0.wp.com\/naillycosmetics.com\/wp-content\/uploads\/2026\/02\/metal-plate-1.jpg?fit=1000%2C944&ssl=1&resize=700%2C400 2x"},"classes":[]},{"id":1116,"url":"https:\/\/naillycosmetics.com\/fr\/produit\/spider-gel\/","url_meta":{"origin":3034,"position":2},"title":"Gel pour araign\u00e9e Victoria VYNN","author":"Serge Sahakian","date":"mars 11, 2020","format":false,"excerpt":"Victoria VYNN Spider Gel est un gel flexible pour la d\u00e9coration, parfait pour r\u00e9aliser un nail art spectaculaire et, en m\u00eame temps, tr\u00e8s rapide. Sa consistance dense et caoutchouteuse permet de r\u00e9aliser des lignes parfaitement droites et des motifs g\u00e9om\u00e9triques. Il peut \u00eatre appliqu\u00e9 sur le gel, le gel acrylique et les vernis hybrides. Il...","rel":"","context":"Article similaire","block_context":{"text":"Article similaire","link":""},"img":{"alt_text":"Spider Gel","src":"https:\/\/i0.wp.com\/naillycosmetics.com\/wp-content\/uploads\/2020\/03\/Spider-Gel-White.png?fit=1000%2C1000&ssl=1&resize=350%2C200","width":350,"height":200,"srcset":"https:\/\/i0.wp.com\/naillycosmetics.com\/wp-content\/uploads\/2020\/03\/Spider-Gel-White.png?fit=1000%2C1000&ssl=1&resize=350%2C200 1x, https:\/\/i0.wp.com\/naillycosmetics.com\/wp-content\/uploads\/2020\/03\/Spider-Gel-White.png?fit=1000%2C1000&ssl=1&resize=525%2C300 1.5x, https:\/\/i0.wp.com\/naillycosmetics.com\/wp-content\/uploads\/2020\/03\/Spider-Gel-White.png?fit=1000%2C1000&ssl=1&resize=700%2C400 2x"},"classes":[]},{"id":2886,"url":"https:\/\/naillycosmetics.com\/fr\/produit\/nail-art-gel-3d-no-wipe-white\/","url_meta":{"origin":3034,"position":3},"title":"Salon Art Gel 3D UV\/LED No Wipe Blanc","author":"Serge Sahakian","date":"ao\u00fbt 18, 2022","format":false,"excerpt":"Victoria VYNN 3D UV\/LED Gel sont des gels de nail art \u00e0 forte pigmentation, recommand\u00e9s pour divers types de d\u00e9corations ou comme couche uniforme sur les ongles. Durcis dans une lampe UV et LED. La marque de vernis gel la plus vendue au Canada, Victoria VYNN, fournit aux proth\u00e9sistes ongulaires et aux professionnels...","rel":"","context":"Article similaire","block_context":{"text":"Article similaire","link":""},"img":{"alt_text":"Nail Art Gel 3D","src":"https:\/\/i0.wp.com\/naillycosmetics.com\/wp-content\/uploads\/2022\/08\/Art-Gel-3D-1-2.jpg?fit=1000%2C1000&ssl=1&resize=350%2C200","width":350,"height":200,"srcset":"https:\/\/i0.wp.com\/naillycosmetics.com\/wp-content\/uploads\/2022\/08\/Art-Gel-3D-1-2.jpg?fit=1000%2C1000&ssl=1&resize=350%2C200 1x, https:\/\/i0.wp.com\/naillycosmetics.com\/wp-content\/uploads\/2022\/08\/Art-Gel-3D-1-2.jpg?fit=1000%2C1000&ssl=1&resize=525%2C300 1.5x, https:\/\/i0.wp.com\/naillycosmetics.com\/wp-content\/uploads\/2022\/08\/Art-Gel-3D-1-2.jpg?fit=1000%2C1000&ssl=1&resize=700%2C400 2x"},"classes":[]},{"id":23695,"url":"https:\/\/naillycosmetics.com\/fr\/produit\/victoria-vynn-gel-polish-no-400-like-a-virgin\/","url_meta":{"origin":3034,"position":4},"title":"Victoria VYNN Gel Polish No. 400 Like a Virgin","author":"Serge Sahakian","date":"mars 19, 2025","format":false,"excerpt":"La collection Forget-Me-Nude Gel Polish de Victoria Vynn se compose de teintes nude semi-transparentes et de couleurs Cat Eye \u00e0 la mode, inspir\u00e9es par le naturel de la nudit\u00e9 et la d\u00e9licatesse sensuelle des fleurs. Que vous souhaitiez cr\u00e9er un look quotidien minimaliste ou que vous recherchiez une manucure unique pour...","rel":"","context":"Article similaire","block_context":{"text":"Article similaire","link":""},"img":{"alt_text":"Victoria VYNN Salon Gel Polish No. 400 Like a Virgin - Forget me nude collection","src":"https:\/\/i0.wp.com\/naillycosmetics.com\/wp-content\/uploads\/2026\/02\/victoria-vynn-salon-gel-polish-no.-400-like-a-virgin-forget-me-nude-collection-.webp?fit=750%2C1000&ssl=1&resize=350%2C200","width":350,"height":200,"srcset":"https:\/\/i0.wp.com\/naillycosmetics.com\/wp-content\/uploads\/2026\/02\/victoria-vynn-salon-gel-polish-no.-400-like-a-virgin-forget-me-nude-collection-.webp?fit=750%2C1000&ssl=1&resize=350%2C200 1x, https:\/\/i0.wp.com\/naillycosmetics.com\/wp-content\/uploads\/2026\/02\/victoria-vynn-salon-gel-polish-no.-400-like-a-virgin-forget-me-nude-collection-.webp?fit=750%2C1000&ssl=1&resize=525%2C300 1.5x, https:\/\/i0.wp.com\/naillycosmetics.com\/wp-content\/uploads\/2026\/02\/victoria-vynn-salon-gel-polish-no.-400-like-a-virgin-forget-me-nude-collection-.webp?fit=750%2C1000&ssl=1&resize=700%2C400 2x"},"classes":[]},{"id":5009,"url":"https:\/\/naillycosmetics.com\/fr\/produit\/vegan-nail-polish-iq-032-new-moorland\/","url_meta":{"origin":3034,"position":5},"title":"Victoria VYNN iQ Vernis \u00e0 ongles No. 032 New Moorland","author":"Serge Sahakian","date":"septembre 4, 2022","format":false,"excerpt":"The New Moorland violet has been delicately warmed with beige to match Pure Creamy Hybrid 154. With the Victoria VYNN iQ Vegan Nail Polish colors you may enjoy the effect for 10 days as if after visit to a salon! The formula rich in high-quality vegan ingredients ensures long-lasting adhesion\u2026","rel":"","context":"Article similaire","block_context":{"text":"Article similaire","link":""},"img":{"alt_text":"iq-vegan-nail-polish-032-","src":"https:\/\/i0.wp.com\/naillycosmetics.com\/wp-content\/uploads\/2026\/02\/iq-vegan-nail-polish-032-.webp?fit=750%2C1000&ssl=1&resize=350%2C200","width":350,"height":200,"srcset":"https:\/\/i0.wp.com\/naillycosmetics.com\/wp-content\/uploads\/2026\/02\/iq-vegan-nail-polish-032-.webp?fit=750%2C1000&ssl=1&resize=350%2C200 1x, https:\/\/i0.wp.com\/naillycosmetics.com\/wp-content\/uploads\/2026\/02\/iq-vegan-nail-polish-032-.webp?fit=750%2C1000&ssl=1&resize=525%2C300 1.5x, https:\/\/i0.wp.com\/naillycosmetics.com\/wp-content\/uploads\/2026\/02\/iq-vegan-nail-polish-032-.webp?fit=750%2C1000&ssl=1&resize=700%2C400 2x"},"classes":[]}],"jetpack_sharing_enabled":true,"_links":{"self":[{"href":"https:\/\/naillycosmetics.com\/fr\/wp-json\/wp\/v2\/product\/3034","targetHints":{"allow":["GET"]}}],"collection":[{"href":"https:\/\/naillycosmetics.com\/fr\/wp-json\/wp\/v2\/product"}],"about":[{"href":"https:\/\/naillycosmetics.com\/fr\/wp-json\/wp\/v2\/types\/product"}],"replies":[{"embeddable":true,"href":"https:\/\/naillycosmetics.com\/fr\/wp-json\/wp\/v2\/comments?post=3034"}],"wp:featuredmedia":[{"embeddable":true,"href":"https:\/\/naillycosmetics.com\/fr\/wp-json\/wp\/v2\/media\/3035"}],"wp:attachment":[{"href":"https:\/\/naillycosmetics.com\/fr\/wp-json\/wp\/v2\/media?parent=3034"}],"wp:term":[{"taxonomy":"product_brand","embeddable":true,"href":"https:\/\/naillycosmetics.com\/fr\/wp-json\/wp\/v2\/product_brand?post=3034"},{"taxonomy":"product_cat","embeddable":true,"href":"https:\/\/naillycosmetics.com\/fr\/wp-json\/wp\/v2\/product_cat?post=3034"},{"taxonomy":"product_tag","embeddable":true,"href":"https:\/\/naillycosmetics.com\/fr\/wp-json\/wp\/v2\/product_tag?post=3034"}],"curies":[{"name":"wp","href":"https:\/\/api.w.org\/{rel}","templated":true}]}}