{"id":3026,"date":"2022-08-18T10:28:57","date_gmt":"2022-08-18T14:28:57","guid":{"rendered":"https:\/\/naillycosmetics.com\/index.php\/product\/victoria-vynn-premium-line-pusher-double-ended-vv-p14\/"},"modified":"2026-02-18T14:04:10","modified_gmt":"2026-02-18T19:04:10","slug":"victoria-vynn-premium-line-pusher-double-ended-vv-p14","status":"publish","type":"product","link":"https:\/\/naillycosmetics.com\/fr\/produit\/victoria-vynn-premium-line-pusher-double-ended-vv-p14\/","title":{"rendered":"Victoria VYNN Premium Line Pusher Double Ended VV\/P14"},"content":{"rendered":"","protected":false},"excerpt":{"rendered":"<p>Victoria VYNN Instruments et accessoires<\/p>","protected":false},"featured_media":3027,"comment_status":"open","ping_status":"closed","template":"","meta":{"jetpack_post_was_ever_published":false,"jetpack_publicize_message":"","jetpack_publicize_feature_enabled":true,"jetpack_social_post_already_shared":true,"jetpack_social_options":{"image_generator_settings":{"template":"highway","default_image_id":0,"font":"","enabled":false},"version":2}},"product_brand":[932],"product_cat":[906],"product_tag":[606],"class_list":{"0":"post-3026","1":"product","2":"type-product","3":"status-publish","4":"has-post-thumbnail","6":"product_brand-victoria-vynn","7":"product_cat-victoria-vynn-accessories-tools","8":"product_tag-cuticle-pushers","9":"product_shipping_class-cardboard-box","11":"first","12":"outofstock","13":"taxable","14":"shipping-taxable","15":"purchasable","16":"product-type-simple"},"jetpack_publicize_connections":[],"jetpack-related-posts":[{"id":3024,"url":"https:\/\/naillycosmetics.com\/fr\/produit\/victoria-vynn-premium-line-cuticle-nipper-vv-p5\/","url_meta":{"origin":3026,"position":0},"title":"Victoria VYNN Premium Line Pince \u00e0 cuticules VV\/P5","author":"Serge Sahakian","date":"ao\u00fbt 18, 2022","format":false,"excerpt":"Victoria VYNN Instruments et accessoires","rel":"","context":"Article similaire","block_context":{"text":"Article similaire","link":""},"img":{"alt_text":"","src":"https:\/\/i0.wp.com\/naillycosmetics.com\/wp-content\/uploads\/2022\/08\/premium-line-cuticle-nipper-vv-p5.jpeg?fit=753%2C753&ssl=1&resize=350%2C200","width":350,"height":200,"srcset":"https:\/\/i0.wp.com\/naillycosmetics.com\/wp-content\/uploads\/2022\/08\/premium-line-cuticle-nipper-vv-p5.jpeg?fit=753%2C753&ssl=1&resize=350%2C200 1x, https:\/\/i0.wp.com\/naillycosmetics.com\/wp-content\/uploads\/2022\/08\/premium-line-cuticle-nipper-vv-p5.jpeg?fit=753%2C753&ssl=1&resize=525%2C300 1.5x, https:\/\/i0.wp.com\/naillycosmetics.com\/wp-content\/uploads\/2022\/08\/premium-line-cuticle-nipper-vv-p5.jpeg?fit=753%2C753&ssl=1&resize=700%2C400 2x"},"classes":[]},{"id":3022,"url":"https:\/\/naillycosmetics.com\/fr\/produit\/victoria-vynn-premium-line-cuticle-nipper-vv-p3\/","url_meta":{"origin":3026,"position":1},"title":"Victoria VYNN Premium Line Pince \u00e0 cuticules VV\/P3","author":"Serge Sahakian","date":"ao\u00fbt 18, 2022","format":false,"excerpt":"Victoria VYNN Instruments et accessoires","rel":"","context":"Article similaire","block_context":{"text":"Article similaire","link":""},"img":{"alt_text":"","src":"https:\/\/i0.wp.com\/naillycosmetics.com\/wp-content\/uploads\/2022\/08\/premium-line-cuticle-nipper-vv-p3.jpeg?fit=753%2C753&ssl=1&resize=350%2C200","width":350,"height":200,"srcset":"https:\/\/i0.wp.com\/naillycosmetics.com\/wp-content\/uploads\/2022\/08\/premium-line-cuticle-nipper-vv-p3.jpeg?fit=753%2C753&ssl=1&resize=350%2C200 1x, https:\/\/i0.wp.com\/naillycosmetics.com\/wp-content\/uploads\/2022\/08\/premium-line-cuticle-nipper-vv-p3.jpeg?fit=753%2C753&ssl=1&resize=525%2C300 1.5x, https:\/\/i0.wp.com\/naillycosmetics.com\/wp-content\/uploads\/2022\/08\/premium-line-cuticle-nipper-vv-p3.jpeg?fit=753%2C753&ssl=1&resize=700%2C400 2x"},"classes":[]},{"id":2930,"url":"https:\/\/naillycosmetics.com\/fr\/produit\/victoria-vynn-basic-line-nail-cross-tweezers-vv-b17\/","url_meta":{"origin":3026,"position":2},"title":"Victoria VYNN Basic Line Pince \u00e0 \u00e9piler crois\u00e9e pour ongles VV\/B17","author":"Serge Sahakian","date":"ao\u00fbt 18, 2022","format":false,"excerpt":"Victoria VYNN Instruments et accessoires","rel":"","context":"Article similaire","block_context":{"text":"Article similaire","link":""},"img":{"alt_text":"","src":"https:\/\/i0.wp.com\/naillycosmetics.com\/wp-content\/uploads\/2022\/08\/basic-line-nail-cross-tweezers-vv-b17.jpeg?fit=753%2C753&ssl=1&resize=350%2C200","width":350,"height":200,"srcset":"https:\/\/i0.wp.com\/naillycosmetics.com\/wp-content\/uploads\/2022\/08\/basic-line-nail-cross-tweezers-vv-b17.jpeg?fit=753%2C753&ssl=1&resize=350%2C200 1x, https:\/\/i0.wp.com\/naillycosmetics.com\/wp-content\/uploads\/2022\/08\/basic-line-nail-cross-tweezers-vv-b17.jpeg?fit=753%2C753&ssl=1&resize=525%2C300 1.5x, https:\/\/i0.wp.com\/naillycosmetics.com\/wp-content\/uploads\/2022\/08\/basic-line-nail-cross-tweezers-vv-b17.jpeg?fit=753%2C753&ssl=1&resize=700%2C400 2x"},"classes":[]},{"id":2924,"url":"https:\/\/naillycosmetics.com\/fr\/produit\/victoria-vynn-wooden-sticks-114-cm-100-pcs\/","url_meta":{"origin":3026,"position":3},"title":"Victoria VYNN B\u00e2tons en bois 11,4 cm (100 pi\u00e8ces)","author":"Serge Sahakian","date":"ao\u00fbt 18, 2022","format":false,"excerpt":"Victoria VYNN Instruments et accessoires","rel":"","context":"Article similaire","block_context":{"text":"Article similaire","link":""},"img":{"alt_text":"","src":"https:\/\/i0.wp.com\/naillycosmetics.com\/wp-content\/uploads\/2022\/08\/wooden-sticks-11-4-cm-100-pcs.jpeg?fit=753%2C753&ssl=1&resize=350%2C200","width":350,"height":200,"srcset":"https:\/\/i0.wp.com\/naillycosmetics.com\/wp-content\/uploads\/2022\/08\/wooden-sticks-11-4-cm-100-pcs.jpeg?fit=753%2C753&ssl=1&resize=350%2C200 1x, https:\/\/i0.wp.com\/naillycosmetics.com\/wp-content\/uploads\/2022\/08\/wooden-sticks-11-4-cm-100-pcs.jpeg?fit=753%2C753&ssl=1&resize=525%2C300 1.5x, https:\/\/i0.wp.com\/naillycosmetics.com\/wp-content\/uploads\/2022\/08\/wooden-sticks-11-4-cm-100-pcs.jpeg?fit=753%2C753&ssl=1&resize=700%2C400 2x"},"classes":[]},{"id":3217,"url":"https:\/\/naillycosmetics.com\/fr\/produit\/victoria-vynn-vv-touch-pen-gold\/","url_meta":{"origin":3026,"position":4},"title":"Victoria VYNN VV Touch Gold Pen","author":"Serge Sahakian","date":"ao\u00fbt 18, 2022","format":false,"excerpt":"Mat\u00e9riel de marketing Victoria VYNN","rel":"","context":"Article similaire","block_context":{"text":"Article similaire","link":""},"img":{"alt_text":"","src":"https:\/\/i0.wp.com\/naillycosmetics.com\/wp-content\/uploads\/2026\/02\/produkty_125171dde2c23aaf58a08a7aa32432c8_list.png?fit=740%2C956&ssl=1&resize=350%2C200","width":350,"height":200,"srcset":"https:\/\/i0.wp.com\/naillycosmetics.com\/wp-content\/uploads\/2026\/02\/produkty_125171dde2c23aaf58a08a7aa32432c8_list.png?fit=740%2C956&ssl=1&resize=350%2C200 1x, https:\/\/i0.wp.com\/naillycosmetics.com\/wp-content\/uploads\/2026\/02\/produkty_125171dde2c23aaf58a08a7aa32432c8_list.png?fit=740%2C956&ssl=1&resize=525%2C300 1.5x, https:\/\/i0.wp.com\/naillycosmetics.com\/wp-content\/uploads\/2026\/02\/produkty_125171dde2c23aaf58a08a7aa32432c8_list.png?fit=740%2C956&ssl=1&resize=700%2C400 2x"},"classes":[]},{"id":3134,"url":"https:\/\/naillycosmetics.com\/fr\/produit\/victoria-vynn-vv-topper-for-display-for-24-pcs\/","url_meta":{"origin":3026,"position":5},"title":"Victoria VYNN VV Topper pour pr\u00e9sentoir pour 24 pcs","author":"Serge Sahakian","date":"ao\u00fbt 18, 2022","format":false,"excerpt":"Mat\u00e9riel de marketing Victoria VYNN","rel":"","context":"Article similaire","block_context":{"text":"Article similaire","link":""},"img":{"alt_text":"","src":"https:\/\/i0.wp.com\/naillycosmetics.com\/wp-content\/uploads\/2026\/02\/toper-do-ekspozytra-vv-na-24szt-.jpeg?fit=753%2C753&ssl=1&resize=350%2C200","width":350,"height":200,"srcset":"https:\/\/i0.wp.com\/naillycosmetics.com\/wp-content\/uploads\/2026\/02\/toper-do-ekspozytra-vv-na-24szt-.jpeg?fit=753%2C753&ssl=1&resize=350%2C200 1x, https:\/\/i0.wp.com\/naillycosmetics.com\/wp-content\/uploads\/2026\/02\/toper-do-ekspozytra-vv-na-24szt-.jpeg?fit=753%2C753&ssl=1&resize=525%2C300 1.5x, https:\/\/i0.wp.com\/naillycosmetics.com\/wp-content\/uploads\/2026\/02\/toper-do-ekspozytra-vv-na-24szt-.jpeg?fit=753%2C753&ssl=1&resize=700%2C400 2x"},"classes":[]}],"jetpack_sharing_enabled":true,"_links":{"self":[{"href":"https:\/\/naillycosmetics.com\/fr\/wp-json\/wp\/v2\/product\/3026","targetHints":{"allow":["GET"]}}],"collection":[{"href":"https:\/\/naillycosmetics.com\/fr\/wp-json\/wp\/v2\/product"}],"about":[{"href":"https:\/\/naillycosmetics.com\/fr\/wp-json\/wp\/v2\/types\/product"}],"replies":[{"embeddable":true,"href":"https:\/\/naillycosmetics.com\/fr\/wp-json\/wp\/v2\/comments?post=3026"}],"wp:featuredmedia":[{"embeddable":true,"href":"https:\/\/naillycosmetics.com\/fr\/wp-json\/wp\/v2\/media\/3027"}],"wp:attachment":[{"href":"https:\/\/naillycosmetics.com\/fr\/wp-json\/wp\/v2\/media?parent=3026"}],"wp:term":[{"taxonomy":"product_brand","embeddable":true,"href":"https:\/\/naillycosmetics.com\/fr\/wp-json\/wp\/v2\/product_brand?post=3026"},{"taxonomy":"product_cat","embeddable":true,"href":"https:\/\/naillycosmetics.com\/fr\/wp-json\/wp\/v2\/product_cat?post=3026"},{"taxonomy":"product_tag","embeddable":true,"href":"https:\/\/naillycosmetics.com\/fr\/wp-json\/wp\/v2\/product_tag?post=3026"}],"curies":[{"name":"wp","href":"https:\/\/api.w.org\/{rel}","templated":true}]}}