{"id":3008,"date":"2022-08-18T14:28:46","date_gmt":"2022-08-18T18:28:46","guid":{"rendered":"https:\/\/naillycosmetics.com\/index.php\/product\/victoria-vynn-white-straight-nail-file-180-240\/"},"modified":"2026-02-18T14:03:22","modified_gmt":"2026-02-18T19:03:22","slug":"best-nail-file-for-natural-nails-ws240","status":"publish","type":"product","link":"https:\/\/naillycosmetics.com\/fr\/produit\/best-nail-file-for-natural-nails-ws240\/","title":{"rendered":"Lime \u00e0 ongles professionnelle droite blanche 180\/240"},"content":{"rendered":"<p>Victoria VYNN Professional Best Nail File for Natural Nails 180\/240 - White Straight Shaped.<\/p>\n<p>Choisissez un fichier adapt\u00e9 \u00e0 vos besoins. Qu'est-ce qui est le plus important ? La forme, la couleur, le grain ou le d\u00e9grad\u00e9 ? Ou peut-\u00eatre le type d'ongles : naturel, gel, acrylique-gel ?<\/p>\n<p>D\u00e9couvrez les types et les avantages des limes \u00e0 ongles Victoria Vynn. En fonction de la gradation, elles peuvent \u00eatre utilis\u00e9es aussi bien pour le soin de l'ongle naturel que pour les hybrides et les ongles rallong\u00e9s par diverses techniques.<\/p>","protected":false},"excerpt":{"rendered":"<p>Victoria VYNN Professional Meilleure lime \u00e0 ongles pour les ongles naturels. Forme droite blanche - a deux grains : 180\/240. Achetez en toute confiance ! Le principal distributeur canadien de fournitures professionnelles pour les ongles.<\/p>","protected":false},"featured_media":27572,"comment_status":"open","ping_status":"closed","template":"","meta":{"jetpack_post_was_ever_published":false,"jetpack_publicize_message":"","jetpack_publicize_feature_enabled":true,"jetpack_social_post_already_shared":true,"jetpack_social_options":{"image_generator_settings":{"template":"highway","default_image_id":0,"font":"","enabled":false},"version":2}},"product_brand":[932],"product_cat":[919],"product_tag":[92],"class_list":{"0":"post-3008","1":"product","2":"type-product","3":"status-publish","4":"has-post-thumbnail","6":"product_brand-victoria-vynn","7":"product_cat-nail-tools-and-accessories","8":"product_tag-nail-accessories","9":"product_shipping_class-cardboard-box","10":"pa_grit-180-240","12":"first","13":"instock","14":"taxable","15":"shipping-taxable","16":"purchasable","17":"product-type-simple"},"jetpack_publicize_connections":[],"jetpack-related-posts":[{"id":3006,"url":"https:\/\/naillycosmetics.com\/fr\/produit\/high-quality-nail-file-natural-nails-bs240\/","url_meta":{"origin":3008,"position":0},"title":"Victoria VYNN Lime \u00e0 ongles professionnelle droite noire 180\/240","author":"Serge Sahakian","date":"ao\u00fbt 18, 2022","format":false,"excerpt":"Lime \u00e0 ongles professionnelle pour les ongles naturels. Deux grains : 180\/240.","rel":"","context":"Article similaire","block_context":{"text":"Article similaire","link":""},"img":{"alt_text":"high quality nail file","src":"https:\/\/i0.wp.com\/naillycosmetics.com\/wp-content\/uploads\/2022\/08\/bs240.webp?fit=1000%2C1000&ssl=1&resize=350%2C200","width":350,"height":200,"srcset":"https:\/\/i0.wp.com\/naillycosmetics.com\/wp-content\/uploads\/2022\/08\/bs240.webp?fit=1000%2C1000&ssl=1&resize=350%2C200 1x, https:\/\/i0.wp.com\/naillycosmetics.com\/wp-content\/uploads\/2022\/08\/bs240.webp?fit=1000%2C1000&ssl=1&resize=525%2C300 1.5x, https:\/\/i0.wp.com\/naillycosmetics.com\/wp-content\/uploads\/2022\/08\/bs240.webp?fit=1000%2C1000&ssl=1&resize=700%2C400 2x"},"classes":[]},{"id":2998,"url":"https:\/\/naillycosmetics.com\/fr\/produit\/professional-nail-file-for-salon-wb240\/","url_meta":{"origin":3008,"position":1},"title":"Lime \u00e0 ongles professionnelle blanche en forme de banane 180\/240","author":"Serge Sahakian","date":"ao\u00fbt 18, 2022","format":false,"excerpt":"Victoria VYNN Lime \u00e0 ongles professionnelle pour salon pour ongles naturels. En forme de banane blanche - a deux grains : 180\/240. Achetez en toute confiance ! Le premier distributeur canadien de fournitures professionnelles pour les ongles.","rel":"","context":"Article similaire","block_context":{"text":"Article similaire","link":""},"img":{"alt_text":"professional nail file for salon","src":"https:\/\/i0.wp.com\/naillycosmetics.com\/wp-content\/uploads\/2026\/02\/wb240.webp?fit=1000%2C1000&ssl=1&resize=350%2C200","width":350,"height":200,"srcset":"https:\/\/i0.wp.com\/naillycosmetics.com\/wp-content\/uploads\/2026\/02\/wb240.webp?fit=1000%2C1000&ssl=1&resize=350%2C200 1x, https:\/\/i0.wp.com\/naillycosmetics.com\/wp-content\/uploads\/2026\/02\/wb240.webp?fit=1000%2C1000&ssl=1&resize=525%2C300 1.5x, https:\/\/i0.wp.com\/naillycosmetics.com\/wp-content\/uploads\/2026\/02\/wb240.webp?fit=1000%2C1000&ssl=1&resize=700%2C400 2x"},"classes":[]},{"id":3000,"url":"https:\/\/naillycosmetics.com\/fr\/produit\/professional-nail-file-for-natural-nails-wc240\/","url_meta":{"origin":3008,"position":2},"title":"Lime \u00e0 ongles professionnelle White Crescent 180\/240","author":"Serge Sahakian","date":"ao\u00fbt 18, 2022","format":false,"excerpt":"Victoria VYNN lime professionnelle pour ongles naturels. Croissant blanc - a deux grains : 180\/240. Achetez en toute confiance ! Le principal distributeur canadien de fournitures professionnelles pour les ongles.","rel":"","context":"Article similaire","block_context":{"text":"Article similaire","link":""},"img":{"alt_text":"professional nail file for natural nails","src":"https:\/\/i0.wp.com\/naillycosmetics.com\/wp-content\/uploads\/2026\/02\/wc180-240.webp?fit=1000%2C1000&ssl=1&resize=350%2C200","width":350,"height":200,"srcset":"https:\/\/i0.wp.com\/naillycosmetics.com\/wp-content\/uploads\/2026\/02\/wc180-240.webp?fit=1000%2C1000&ssl=1&resize=350%2C200 1x, https:\/\/i0.wp.com\/naillycosmetics.com\/wp-content\/uploads\/2026\/02\/wc180-240.webp?fit=1000%2C1000&ssl=1&resize=525%2C300 1.5x, https:\/\/i0.wp.com\/naillycosmetics.com\/wp-content\/uploads\/2026\/02\/wc180-240.webp?fit=1000%2C1000&ssl=1&resize=700%2C400 2x"},"classes":[]},{"id":2984,"url":"https:\/\/naillycosmetics.com\/fr\/produit\/professional-nail-file-for-gel-nails-wc180\/","url_meta":{"origin":3008,"position":3},"title":"Lime \u00e0 ongles professionnelle White Crescent 100\/180","author":"Serge Sahakian","date":"ao\u00fbt 18, 2022","format":false,"excerpt":"Victoria VYNN lime \u00e0 ongles professionnelle pour les ongles en gel, en acrylique et en acrylique - ongles en gel. Croissant blanc - a deux grains : 100\/180. Achetez en toute confiance ! Le premier distributeur canadien de fournitures professionnelles pour les ongles.","rel":"","context":"Article similaire","block_context":{"text":"Article similaire","link":""},"img":{"alt_text":"professional nail file for gel nails","src":"https:\/\/i0.wp.com\/naillycosmetics.com\/wp-content\/uploads\/2026\/02\/wc100-180-1.webp?fit=1000%2C1000&ssl=1&resize=350%2C200","width":350,"height":200,"srcset":"https:\/\/i0.wp.com\/naillycosmetics.com\/wp-content\/uploads\/2026\/02\/wc100-180-1.webp?fit=1000%2C1000&ssl=1&resize=350%2C200 1x, https:\/\/i0.wp.com\/naillycosmetics.com\/wp-content\/uploads\/2026\/02\/wc100-180-1.webp?fit=1000%2C1000&ssl=1&resize=525%2C300 1.5x, https:\/\/i0.wp.com\/naillycosmetics.com\/wp-content\/uploads\/2026\/02\/wc100-180-1.webp?fit=1000%2C1000&ssl=1&resize=700%2C400 2x"},"classes":[]},{"id":3014,"url":"https:\/\/naillycosmetics.com\/fr\/produit\/professional-nail-file-for-weak-nails-ws600\/","url_meta":{"origin":3008,"position":4},"title":"Lime \u00e0 ongles professionnelle droite blanche 320\/600","author":"Serge Sahakian","date":"ao\u00fbt 18, 2022","format":false,"excerpt":"Victoria VYNN Lime \u00e0 ongles professionnelle pour ongles fragiles, d\u00e9licats et d\u00e9doubl\u00e9s. Forme droite blanche - a deux grains : 320\/600. Achetez en toute confiance ! Le plus grand distributeur canadien de fournitures professionnelles pour les ongles.","rel":"","context":"Article similaire","block_context":{"text":"Article similaire","link":""},"img":{"alt_text":"professional nail file for weak nails","src":"https:\/\/i0.wp.com\/naillycosmetics.com\/wp-content\/uploads\/2026\/02\/ws320-600.webp?fit=1000%2C1000&ssl=1&resize=350%2C200","width":350,"height":200,"srcset":"https:\/\/i0.wp.com\/naillycosmetics.com\/wp-content\/uploads\/2026\/02\/ws320-600.webp?fit=1000%2C1000&ssl=1&resize=350%2C200 1x, https:\/\/i0.wp.com\/naillycosmetics.com\/wp-content\/uploads\/2026\/02\/ws320-600.webp?fit=1000%2C1000&ssl=1&resize=525%2C300 1.5x, https:\/\/i0.wp.com\/naillycosmetics.com\/wp-content\/uploads\/2026\/02\/ws320-600.webp?fit=1000%2C1000&ssl=1&resize=700%2C400 2x"},"classes":[]},{"id":3012,"url":"https:\/\/naillycosmetics.com\/fr\/produit\/professional-nail-file-for-soft-nails-wc600\/","url_meta":{"origin":3008,"position":5},"title":"Lime \u00e0 ongles professionnelle blanche en forme de banane 320\/600","author":"Serge Sahakian","date":"ao\u00fbt 18, 2022","format":false,"excerpt":"Victoria VYNN Lime \u00e0 ongles professionnelle pour ongles mous, d\u00e9licats et d\u00e9doubl\u00e9s. En forme de banane blanche - deux grains : 320\/600. Achetez en toute confiance ! Le plus grand distributeur canadien de fournitures professionnelles pour les ongles.","rel":"","context":"Article similaire","block_context":{"text":"Article similaire","link":""},"img":{"alt_text":"professional nail file for soft nails","src":"https:\/\/i0.wp.com\/naillycosmetics.com\/wp-content\/uploads\/2026\/02\/wb320-600.webp?fit=1000%2C1000&ssl=1&resize=350%2C200","width":350,"height":200,"srcset":"https:\/\/i0.wp.com\/naillycosmetics.com\/wp-content\/uploads\/2026\/02\/wb320-600.webp?fit=1000%2C1000&ssl=1&resize=350%2C200 1x, https:\/\/i0.wp.com\/naillycosmetics.com\/wp-content\/uploads\/2026\/02\/wb320-600.webp?fit=1000%2C1000&ssl=1&resize=525%2C300 1.5x, https:\/\/i0.wp.com\/naillycosmetics.com\/wp-content\/uploads\/2026\/02\/wb320-600.webp?fit=1000%2C1000&ssl=1&resize=700%2C400 2x"},"classes":[]}],"jetpack_sharing_enabled":true,"_links":{"self":[{"href":"https:\/\/naillycosmetics.com\/fr\/wp-json\/wp\/v2\/product\/3008","targetHints":{"allow":["GET"]}}],"collection":[{"href":"https:\/\/naillycosmetics.com\/fr\/wp-json\/wp\/v2\/product"}],"about":[{"href":"https:\/\/naillycosmetics.com\/fr\/wp-json\/wp\/v2\/types\/product"}],"replies":[{"embeddable":true,"href":"https:\/\/naillycosmetics.com\/fr\/wp-json\/wp\/v2\/comments?post=3008"}],"wp:featuredmedia":[{"embeddable":true,"href":"https:\/\/naillycosmetics.com\/fr\/wp-json\/wp\/v2\/media\/27572"}],"wp:attachment":[{"href":"https:\/\/naillycosmetics.com\/fr\/wp-json\/wp\/v2\/media?parent=3008"}],"wp:term":[{"taxonomy":"product_brand","embeddable":true,"href":"https:\/\/naillycosmetics.com\/fr\/wp-json\/wp\/v2\/product_brand?post=3008"},{"taxonomy":"product_cat","embeddable":true,"href":"https:\/\/naillycosmetics.com\/fr\/wp-json\/wp\/v2\/product_cat?post=3008"},{"taxonomy":"product_tag","embeddable":true,"href":"https:\/\/naillycosmetics.com\/fr\/wp-json\/wp\/v2\/product_tag?post=3008"}],"curies":[{"name":"wp","href":"https:\/\/api.w.org\/{rel}","templated":true}]}}