{"id":2900,"date":"2022-08-18T14:20:35","date_gmt":"2022-08-18T18:20:35","guid":{"rendered":"https:\/\/naillycosmetics.com\/index.php\/product\/victoria-vynn-dehydrator-extra-adhesion-150ml\/"},"modified":"2026-03-12T10:46:11","modified_gmt":"2026-03-12T14:46:11","slug":"nail-dehydrator-extra-adhesion","status":"publish","type":"product","link":"https:\/\/naillycosmetics.com\/fr\/produit\/nail-dehydrator-extra-adhesion\/","title":{"rendered":"D\u00e9shydrateur Victoria VYNN Extra Adh\u00e9sion"},"content":{"rendered":"<p>Victoria VYNN D\u00e9shydrateur d'ongles Extra Adh\u00e9sion - Pr\u00e9paration pour le d\u00e9graissage et le nettoyage de la plaque de l'ongle naturel<\/p>\n<ul>\n<li><em>Elimine parfaitement la poussi\u00e8re form\u00e9e lors de la pr\u00e9paration des ongles pour la manucure<\/em><\/li>\n<li><em>D\u00e9sinfecte la plaque, \u00e9limine les bact\u00e9ries<\/em><\/li>\n<li><em>Non recommand\u00e9 pour le lavage de la couche de dispersion<\/em><\/li>\n<li><em>Augmente l'adh\u00e9rence des vernis hybrides, gel, acrylique et acrylique-gel<\/em><\/li>\n<li><em>Laisse un parfum tr\u00e8s agr\u00e9able<\/em><\/li>\n<li><em>Poss\u00e8de des propri\u00e9t\u00e9s antibact\u00e9riennes et antifongiques<\/em><\/li>\n<\/ul>\n<p>Contre-indications<\/p>\n<ul>\n<li><em>Hypersensibilit\u00e9 \u00e0 l'un des ingr\u00e9dients du produit<\/em><\/li>\n<\/ul>\n<p>Pr\u00e9cautions<\/p>\n<ul>\n<li><em>Tenir \u00e0 l'\u00e9cart des enfants<\/em><\/li>\n<li><em>Produit inflammable<\/em><\/li>\n<li><em>Tenir \u00e0 l'\u00e9cart de la chaleur, des surfaces chaudes, des \u00e9tincelles, des flammes nues et autres sources d'inflammation.<\/em><\/li>\n<li><em>Ne pas fumer<\/em><\/li>\n<li><em>Utiliser dans un endroit bien ventil\u00e9<\/em><\/li>\n<li><em>\u00c9viter le contact avec les yeux<\/em><\/li>\n<li><em>\u00c9viter le contact prolong\u00e9 avec la peau<\/em><\/li>\n<li><em>Utilisation conforme \u00e0 la destination<\/em><\/li>\n<li><em>Ne pas utiliser sur une peau irrit\u00e9e<\/em><\/li>\n<li><em>Ne pas utiliser en cas d'hypersensibilit\u00e9 \u00e0 l'un des ingr\u00e9dients du produit.<\/em><\/li>\n<li><em>Pour un usage professionnel<\/em><\/li>\n<\/ul>","protected":false},"excerpt":{"rendered":"<p>Victoria VYNN D\u00e9shydrateur d'ongles Extra Adh\u00e9sion - Pr\u00e9paration pour le d\u00e9graissage et le nettoyage de la plaque de l'ongle naturel. Elimine parfaitement la poussi\u00e8re form\u00e9e lors de la pr\u00e9paration des ongles pour la manucure. D\u00e9sinfecte la plaque, \u00e9limine les bact\u00e9ries. Augmente l'adh\u00e9rence des vernis hybrides, gel, acrylique et acrylique-gel. Laisse un parfum tr\u00e8s agr\u00e9able. Poss\u00e8de des propri\u00e9t\u00e9s antibact\u00e9riennes et antifongiques.<\/p>","protected":false},"featured_media":7805,"comment_status":"open","ping_status":"closed","template":"","meta":{"jetpack_post_was_ever_published":false,"jetpack_publicize_message":"","jetpack_publicize_feature_enabled":true,"jetpack_social_post_already_shared":true,"jetpack_social_options":{"image_generator_settings":{"template":"highway","default_image_id":0,"font":"","enabled":false},"version":2}},"product_brand":[932],"product_cat":[17,53],"product_tag":[90],"class_list":{"0":"post-2900","1":"product","2":"type-product","3":"status-publish","4":"has-post-thumbnail","6":"product_brand-victoria-vynn","7":"product_cat-professional-gel-nail-polish","8":"product_cat-gel-nail-preps","9":"product_tag-nail-preparations","10":"product_shipping_class-cardboard-box","12":"first","13":"instock","14":"taxable","15":"shipping-taxable","16":"purchasable","17":"product-type-variable","18":"wvs-archive-product-wrapper"},"jetpack_publicize_connections":[],"jetpack-related-posts":[{"id":1706,"url":"https:\/\/naillycosmetics.com\/fr\/produit\/nail-prep-nail-dehydrator\/","url_meta":{"origin":2900,"position":0},"title":"Victoria VYNN Salon Nail Prep (D\u00e9shydrateur d'ongles)","author":"Serge Sahakian","date":"mars 17, 2020","format":false,"excerpt":"Victoria VYNN Nail Prep est le d\u00e9shydrateur d'ongles le plus connu. Une pr\u00e9paration professionnelle pour d\u00e9graisser les ongles. Victoria VYNN, la marque de vernis gel la plus vendue au Canada, fournit aux proth\u00e9sistes ongulaires et aux professionnels des produits de haute qualit\u00e9 pour cr\u00e9er des finitions d'art de l'ongle \u00e9tonnantes. Visitez notre site fr\u00e9quemment pour de nouveaux produits !","rel":"","context":"Article similaire","block_context":{"text":"Article similaire","link":""},"img":{"alt_text":"VICTORIA VYNN NAIL PREP DEHYDRATOR","src":"https:\/\/i0.wp.com\/naillycosmetics.com\/wp-content\/uploads\/2020\/03\/victoria-vynn-nail-prep-dehydrator.webp?fit=750%2C1000&ssl=1&resize=350%2C200","width":350,"height":200,"srcset":"https:\/\/i0.wp.com\/naillycosmetics.com\/wp-content\/uploads\/2020\/03\/victoria-vynn-nail-prep-dehydrator.webp?fit=750%2C1000&ssl=1&resize=350%2C200 1x, https:\/\/i0.wp.com\/naillycosmetics.com\/wp-content\/uploads\/2020\/03\/victoria-vynn-nail-prep-dehydrator.webp?fit=750%2C1000&ssl=1&resize=525%2C300 1.5x, https:\/\/i0.wp.com\/naillycosmetics.com\/wp-content\/uploads\/2020\/03\/victoria-vynn-nail-prep-dehydrator.webp?fit=750%2C1000&ssl=1&resize=700%2C400 2x"},"classes":[]},{"id":2872,"url":"https:\/\/naillycosmetics.com\/fr\/produit\/pure-duo-nail-prep-dehydrator-and-cleanser\/","url_meta":{"origin":2900,"position":1},"title":"Victoria VYNN Pure Duo Prep Dehydrator &amp; Cleanser","author":"Serge Sahakian","date":"ao\u00fbt 18, 2022","format":false,"excerpt":"Victoria VYNN Pure Duo Nail Prep Dehydrator & Cleanser is a Liquid for degreasing the nail plate and removing the dispersion layer from a ready manicure. A combination of 2in1. Canada\u2019s Best Selling Gel Polish Brand Victoria VYNN provides the nail techs and professionals with High Quality Nail Products to\u2026","rel":"","context":"Article similaire","block_context":{"text":"Article similaire","link":""},"img":{"alt_text":"duo nail prep 60ml","src":"https:\/\/i0.wp.com\/naillycosmetics.com\/wp-content\/uploads\/2022\/09\/duo-nail-prep-60ml.png?fit=1000%2C1000&ssl=1&resize=350%2C200","width":350,"height":200,"srcset":"https:\/\/i0.wp.com\/naillycosmetics.com\/wp-content\/uploads\/2022\/09\/duo-nail-prep-60ml.png?fit=1000%2C1000&ssl=1&resize=350%2C200 1x, https:\/\/i0.wp.com\/naillycosmetics.com\/wp-content\/uploads\/2022\/09\/duo-nail-prep-60ml.png?fit=1000%2C1000&ssl=1&resize=525%2C300 1.5x, https:\/\/i0.wp.com\/naillycosmetics.com\/wp-content\/uploads\/2022\/09\/duo-nail-prep-60ml.png?fit=1000%2C1000&ssl=1&resize=700%2C400 2x"},"classes":[]},{"id":11318,"url":"https:\/\/naillycosmetics.com\/fr\/produit\/victoria-vynn-soft-gel-tips-nail-prep\/","url_meta":{"origin":2900,"position":2},"title":"Victoria VYNN Soft Gel Tips Prep 15ml","author":"Serge Sahakian","date":"avril 13, 2023","format":false,"excerpt":"Victoria VYNN Soft Gel Tips Nail Prep for degreasing\u00a0natural nails and the underside of tips. It is indispensable to\u00a0increase adhesion and durability of a\u00a0design. Used as the first step in designing with the SOFT GEL TIPS system. Step 1 of the Preparation. Product Specifications: \u00a0 \u00a0 \u00a0 \u00a0 \u00a0 \u00a0\u2026","rel":"","context":"Article similaire","block_context":{"text":"Article similaire","link":""},"img":{"alt_text":"Soft Gel Tips Nail Prep","src":"https:\/\/i0.wp.com\/naillycosmetics.com\/wp-content\/uploads\/2026\/02\/soft-gel-tips-prep.webp?fit=750%2C1000&ssl=1&resize=350%2C200","width":350,"height":200,"srcset":"https:\/\/i0.wp.com\/naillycosmetics.com\/wp-content\/uploads\/2026\/02\/soft-gel-tips-prep.webp?fit=750%2C1000&ssl=1&resize=350%2C200 1x, https:\/\/i0.wp.com\/naillycosmetics.com\/wp-content\/uploads\/2026\/02\/soft-gel-tips-prep.webp?fit=750%2C1000&ssl=1&resize=525%2C300 1.5x, https:\/\/i0.wp.com\/naillycosmetics.com\/wp-content\/uploads\/2026\/02\/soft-gel-tips-prep.webp?fit=750%2C1000&ssl=1&resize=700%2C400 2x"},"classes":[]},{"id":11612,"url":"https:\/\/naillycosmetics.com\/fr\/produit\/victoria-vynn-best-gel-polish-starter-kit\/","url_meta":{"origin":2900,"position":3},"title":"Victoria VYNN Salon Gel Polish Starter Kit (Pack de 5)","author":"Serge Sahakian","date":"avril 27, 2023","format":false,"excerpt":"The Best Gel Polish Starter Kit with Premium Salon Quality! The Kit is composed of 5 Best Selling Products in the Salon Gel Polish System: Salon Nail Prep Salon Tape Bond Mega Rubber Base Coat Salon Gel Polish Top Coat No Wipe Gloss Product Specifications: \u00a0 \u00a0 \u00a0 \u00a0 \u00a0\u2026","rel":"","context":"Avec 2 commentaires","block_context":{"text":"Avec 2 commentaires","link":"https:\/\/naillycosmetics.com\/fr\/produit\/victoria-vynn-best-gel-polish-starter-kit\/#comments"},"img":{"alt_text":"Victoria VYNN Best Gel Polish Starter Kit","src":"https:\/\/i0.wp.com\/naillycosmetics.com\/wp-content\/uploads\/2026\/02\/gel-polish-starter-pack.webp?fit=750%2C1000&ssl=1&resize=350%2C200","width":350,"height":200,"srcset":"https:\/\/i0.wp.com\/naillycosmetics.com\/wp-content\/uploads\/2026\/02\/gel-polish-starter-pack.webp?fit=750%2C1000&ssl=1&resize=350%2C200 1x, https:\/\/i0.wp.com\/naillycosmetics.com\/wp-content\/uploads\/2026\/02\/gel-polish-starter-pack.webp?fit=750%2C1000&ssl=1&resize=525%2C300 1.5x, https:\/\/i0.wp.com\/naillycosmetics.com\/wp-content\/uploads\/2026\/02\/gel-polish-starter-pack.webp?fit=750%2C1000&ssl=1&resize=700%2C400 2x"},"classes":[]},{"id":11320,"url":"https:\/\/naillycosmetics.com\/fr\/produit\/soft-gel-tips-preparation-kit-4-pieces-set\/","url_meta":{"origin":2900,"position":4},"title":"Victoria VYNN Soft Gel Tips Preparation Kit (4 Pieces Set)","author":"Serge Sahakian","date":"avril 13, 2023","format":false,"excerpt":"Victoria VYNN Soft Gel Tips Preparation Kit is a Set of Preparations for Soft Gel Tips Application. The Kits Includes Nail Prep, Acid-Free Primer, Tips Gel & Top Coat No Wipe. Steps 1 to 4 of the Preparation. Product Specifications: \u00a0 \u00a0 \u00a0 \u00a0 \u00a0 \u00a0 \u00a0","rel":"","context":"Article similaire","block_context":{"text":"Article similaire","link":""},"img":{"alt_text":"Soft Gel Tips Preparation Kit","src":"https:\/\/i0.wp.com\/naillycosmetics.com\/wp-content\/uploads\/2026\/02\/soft-gel-tips-preparation-kit-.webp?fit=750%2C1000&ssl=1&resize=350%2C200","width":350,"height":200,"srcset":"https:\/\/i0.wp.com\/naillycosmetics.com\/wp-content\/uploads\/2026\/02\/soft-gel-tips-preparation-kit-.webp?fit=750%2C1000&ssl=1&resize=350%2C200 1x, https:\/\/i0.wp.com\/naillycosmetics.com\/wp-content\/uploads\/2026\/02\/soft-gel-tips-preparation-kit-.webp?fit=750%2C1000&ssl=1&resize=525%2C300 1.5x, https:\/\/i0.wp.com\/naillycosmetics.com\/wp-content\/uploads\/2026\/02\/soft-gel-tips-preparation-kit-.webp?fit=750%2C1000&ssl=1&resize=700%2C400 2x"},"classes":[]}],"jetpack_sharing_enabled":true,"_links":{"self":[{"href":"https:\/\/naillycosmetics.com\/fr\/wp-json\/wp\/v2\/product\/2900","targetHints":{"allow":["GET"]}}],"collection":[{"href":"https:\/\/naillycosmetics.com\/fr\/wp-json\/wp\/v2\/product"}],"about":[{"href":"https:\/\/naillycosmetics.com\/fr\/wp-json\/wp\/v2\/types\/product"}],"replies":[{"embeddable":true,"href":"https:\/\/naillycosmetics.com\/fr\/wp-json\/wp\/v2\/comments?post=2900"}],"wp:featuredmedia":[{"embeddable":true,"href":"https:\/\/naillycosmetics.com\/fr\/wp-json\/wp\/v2\/media\/7805"}],"wp:attachment":[{"href":"https:\/\/naillycosmetics.com\/fr\/wp-json\/wp\/v2\/media?parent=2900"}],"wp:term":[{"taxonomy":"product_brand","embeddable":true,"href":"https:\/\/naillycosmetics.com\/fr\/wp-json\/wp\/v2\/product_brand?post=2900"},{"taxonomy":"product_cat","embeddable":true,"href":"https:\/\/naillycosmetics.com\/fr\/wp-json\/wp\/v2\/product_cat?post=2900"},{"taxonomy":"product_tag","embeddable":true,"href":"https:\/\/naillycosmetics.com\/fr\/wp-json\/wp\/v2\/product_tag?post=2900"}],"curies":[{"name":"wp","href":"https:\/\/api.w.org\/{rel}","templated":true}]}}