{"id":2872,"date":"2022-08-18T14:13:47","date_gmt":"2022-08-18T18:13:47","guid":{"rendered":"https:\/\/naillycosmetics.com\/index.php\/product\/victoria-vynn-pure-duo-prep-dehydrator-cleanser-1000ml\/"},"modified":"2026-04-06T13:33:21","modified_gmt":"2026-04-06T17:33:21","slug":"pure-duo-nail-prep-dehydrator-and-cleanser","status":"publish","type":"product","link":"https:\/\/naillycosmetics.com\/fr\/produit\/pure-duo-nail-prep-dehydrator-and-cleanser\/","title":{"rendered":"Victoria VYNN Pure Duo Prep Dehydrator &amp; Cleanser"},"content":{"rendered":"<p>Victoria VYNN Pure Duo Nail Prep Dehydrator &amp; Cleanser est un liquide pour d\u00e9graisser la plaque de l'ongle et enlever la couche de dispersion d'une manucure pr\u00eate. Une combinaison de 2 en 1.<\/p>\n<p>Victoria VYNN, la marque de vernis gel la plus vendue au Canada, fournit aux techniciens et professionnels de l'ongle des produits de haute qualit\u00e9 pour cr\u00e9er des finitions d'art de l'ongle \u00e9tonnantes. Visitez notre site fr\u00e9quemment pour de nouveaux produits !<\/p>\n<p>&nbsp;<\/p>","protected":false},"excerpt":{"rendered":"<p>Victoria VYNN Pure Duo Nail Prep Dehydrator &amp; Cleanser est un liquide pour d\u00e9graisser la plaque de l'ongle et enlever la couche de dispersion d'une manucure pr\u00eate. Une combinaison de 2 en 1.<\/p>\n<p>Victoria VYNN, la marque de vernis gel la plus vendue au Canada, fournit aux techniciens et professionnels de l'ongle des produits de haute qualit\u00e9 pour cr\u00e9er des finitions d'art de l'ongle \u00e9tonnantes. Visitez notre site fr\u00e9quemment pour de nouveaux produits !<\/p>","protected":false},"featured_media":7759,"comment_status":"open","ping_status":"closed","template":"","meta":{"jetpack_post_was_ever_published":false,"jetpack_publicize_message":"","jetpack_publicize_feature_enabled":true,"jetpack_social_post_already_shared":true,"jetpack_social_options":{"image_generator_settings":{"template":"highway","default_image_id":0,"font":"","enabled":false},"version":2}},"product_brand":[932],"product_cat":[16,49,53],"product_tag":[90],"class_list":{"0":"post-2872","1":"product","2":"type-product","3":"status-publish","4":"has-post-thumbnail","6":"product_brand-victoria-vynn","7":"product_cat-hybrid-nail-gel-polishes","8":"product_cat-gel-manicure-preparations","9":"product_cat-gel-nail-preps","10":"product_tag-nail-preparations","11":"product_shipping_class-cardboard-box","13":"first","14":"instock","15":"taxable","16":"shipping-taxable","17":"purchasable","18":"product-type-variable","19":"wvs-archive-product-wrapper"},"jetpack_publicize_connections":[],"jetpack-related-posts":[{"id":1706,"url":"https:\/\/naillycosmetics.com\/fr\/produit\/nail-prep-nail-dehydrator\/","url_meta":{"origin":2872,"position":0},"title":"Victoria VYNN Salon Nail Prep (D\u00e9shydrateur d'ongles)","author":"Serge Sahakian","date":"mars 17, 2020","format":false,"excerpt":"Victoria VYNN Nail Prep est le d\u00e9shydrateur d'ongles le plus connu. Une pr\u00e9paration professionnelle pour d\u00e9graisser les ongles. Victoria VYNN, la marque de vernis gel la plus vendue au Canada, fournit aux proth\u00e9sistes ongulaires et aux professionnels des produits de haute qualit\u00e9 pour cr\u00e9er des finitions d'art de l'ongle \u00e9tonnantes. Visitez notre site fr\u00e9quemment pour de nouveaux produits !","rel":"","context":"Article similaire","block_context":{"text":"Article similaire","link":""},"img":{"alt_text":"VICTORIA VYNN NAIL PREP DEHYDRATOR","src":"https:\/\/i0.wp.com\/naillycosmetics.com\/wp-content\/uploads\/2020\/03\/victoria-vynn-nail-prep-dehydrator.webp?fit=750%2C1000&ssl=1&resize=350%2C200","width":350,"height":200,"srcset":"https:\/\/i0.wp.com\/naillycosmetics.com\/wp-content\/uploads\/2020\/03\/victoria-vynn-nail-prep-dehydrator.webp?fit=750%2C1000&ssl=1&resize=350%2C200 1x, https:\/\/i0.wp.com\/naillycosmetics.com\/wp-content\/uploads\/2020\/03\/victoria-vynn-nail-prep-dehydrator.webp?fit=750%2C1000&ssl=1&resize=525%2C300 1.5x, https:\/\/i0.wp.com\/naillycosmetics.com\/wp-content\/uploads\/2020\/03\/victoria-vynn-nail-prep-dehydrator.webp?fit=750%2C1000&ssl=1&resize=700%2C400 2x"},"classes":[]},{"id":2900,"url":"https:\/\/naillycosmetics.com\/fr\/produit\/nail-dehydrator-extra-adhesion\/","url_meta":{"origin":2872,"position":1},"title":"D\u00e9shydrateur Victoria VYNN Extra Adh\u00e9sion","author":"Serge Sahakian","date":"ao\u00fbt 18, 2022","format":false,"excerpt":"Victoria VYNN D\u00e9shydrateur d'ongles Extra Adh\u00e9sion - Pr\u00e9paration pour le d\u00e9graissage et le nettoyage de la plaque de l'ongle naturel. Elimine parfaitement la poussi\u00e8re form\u00e9e lors de la pr\u00e9paration des ongles pour la manucure. D\u00e9sinfecte la plaque, \u00e9limine les bact\u00e9ries. Augmente l'adh\u00e9rence des vernis hybrides, gel, acrylique et acrylique-gel. Laisse un parfum tr\u00e8s agr\u00e9able. A...","rel":"","context":"Article similaire","block_context":{"text":"Article similaire","link":""},"img":{"alt_text":"Nail Dehydrator 60ml","src":"https:\/\/i0.wp.com\/naillycosmetics.com\/wp-content\/uploads\/2022\/08\/Nail-Dehydrator-60ml.png?fit=1000%2C1000&ssl=1&resize=350%2C200","width":350,"height":200,"srcset":"https:\/\/i0.wp.com\/naillycosmetics.com\/wp-content\/uploads\/2022\/08\/Nail-Dehydrator-60ml.png?fit=1000%2C1000&ssl=1&resize=350%2C200 1x, https:\/\/i0.wp.com\/naillycosmetics.com\/wp-content\/uploads\/2022\/08\/Nail-Dehydrator-60ml.png?fit=1000%2C1000&ssl=1&resize=525%2C300 1.5x, https:\/\/i0.wp.com\/naillycosmetics.com\/wp-content\/uploads\/2022\/08\/Nail-Dehydrator-60ml.png?fit=1000%2C1000&ssl=1&resize=700%2C400 2x"},"classes":[]},{"id":11612,"url":"https:\/\/naillycosmetics.com\/fr\/produit\/victoria-vynn-best-gel-polish-starter-kit\/","url_meta":{"origin":2872,"position":2},"title":"Victoria VYNN Salon Gel Polish Starter Kit (Pack de 5)","author":"Serge Sahakian","date":"avril 27, 2023","format":false,"excerpt":"The Best Gel Polish Starter Kit with Premium Salon Quality! The Kit is composed of 5 Best Selling Products in the Salon Gel Polish System: Salon Nail Prep Salon Tape Bond Mega Rubber Base Coat Salon Gel Polish Top Coat No Wipe Gloss Product Specifications: \u00a0 \u00a0 \u00a0 \u00a0 \u00a0\u2026","rel":"","context":"Avec 2 commentaires","block_context":{"text":"Avec 2 commentaires","link":"https:\/\/naillycosmetics.com\/fr\/produit\/victoria-vynn-best-gel-polish-starter-kit\/#comments"},"img":{"alt_text":"Victoria VYNN Best Gel Polish Starter Kit","src":"https:\/\/i0.wp.com\/naillycosmetics.com\/wp-content\/uploads\/2026\/02\/gel-polish-starter-pack.webp?fit=750%2C1000&ssl=1&resize=350%2C200","width":350,"height":200,"srcset":"https:\/\/i0.wp.com\/naillycosmetics.com\/wp-content\/uploads\/2026\/02\/gel-polish-starter-pack.webp?fit=750%2C1000&ssl=1&resize=350%2C200 1x, https:\/\/i0.wp.com\/naillycosmetics.com\/wp-content\/uploads\/2026\/02\/gel-polish-starter-pack.webp?fit=750%2C1000&ssl=1&resize=525%2C300 1.5x, https:\/\/i0.wp.com\/naillycosmetics.com\/wp-content\/uploads\/2026\/02\/gel-polish-starter-pack.webp?fit=750%2C1000&ssl=1&resize=700%2C400 2x"},"classes":[]},{"id":28649,"url":"https:\/\/naillycosmetics.com\/fr\/produit\/victoria-vynn-pure-vegan-gel-polish-no-277-pinkment\/","url_meta":{"origin":2872,"position":3},"title":"Victoria VYNN Pure Creamy Hybrid Gel Polish No. 277 PINKment","author":"Serge Sahakian","date":"mars 22, 2026","format":false,"excerpt":"Add a playful yet sophisticated touch to your manicure with Victoria VYNN Pure Creamy Hybrid Gel Polish No. 277 PINKment, a trendy pink shade designed for modern, expressive nail styling. Its creamy, medium-thick consistency ensures smooth, streak-free coverage, while the fan-shaped precision brush allows for effortless, controlled application. Created for\u2026","rel":"","context":"Article similaire","block_context":{"text":"Article similaire","link":""},"img":{"alt_text":"","src":"https:\/\/i0.wp.com\/naillycosmetics.com\/wp-content\/uploads\/2026\/03\/pure-vegan-creamy-277.webp?fit=750%2C1000&ssl=1&resize=350%2C200","width":350,"height":200,"srcset":"https:\/\/i0.wp.com\/naillycosmetics.com\/wp-content\/uploads\/2026\/03\/pure-vegan-creamy-277.webp?fit=750%2C1000&ssl=1&resize=350%2C200 1x, https:\/\/i0.wp.com\/naillycosmetics.com\/wp-content\/uploads\/2026\/03\/pure-vegan-creamy-277.webp?fit=750%2C1000&ssl=1&resize=525%2C300 1.5x, https:\/\/i0.wp.com\/naillycosmetics.com\/wp-content\/uploads\/2026\/03\/pure-vegan-creamy-277.webp?fit=750%2C1000&ssl=1&resize=700%2C400 2x"},"classes":[]},{"id":28673,"url":"https:\/\/naillycosmetics.com\/fr\/produit\/victoria-vynn-pure-creamy-vegan-gel-polish-no-275-lablue\/","url_meta":{"origin":2872,"position":4},"title":"Victoria VYNN Pure Creamy Hybrid Gel Polish No. 275 LABlue","author":"Serge Sahakian","date":"mars 22, 2026","format":false,"excerpt":"Add a bold and modern touch to your nail styling with Victoria VYNN Pure Creamy Hybrid Gel Polish No. 275 LABlue, a trendy blue shade designed for standout hybrid manicures. Its creamy, medium-thick consistency ensures smooth, even coverage without streaks, while the fan-shaped precision brush allows for flawless and controlled\u2026","rel":"","context":"Article similaire","block_context":{"text":"Article similaire","link":""},"img":{"alt_text":"","src":"https:\/\/i0.wp.com\/naillycosmetics.com\/wp-content\/uploads\/2026\/03\/pure-vegan-creamy-275.webp?fit=750%2C1000&ssl=1&resize=350%2C200","width":350,"height":200,"srcset":"https:\/\/i0.wp.com\/naillycosmetics.com\/wp-content\/uploads\/2026\/03\/pure-vegan-creamy-275.webp?fit=750%2C1000&ssl=1&resize=350%2C200 1x, https:\/\/i0.wp.com\/naillycosmetics.com\/wp-content\/uploads\/2026\/03\/pure-vegan-creamy-275.webp?fit=750%2C1000&ssl=1&resize=525%2C300 1.5x, https:\/\/i0.wp.com\/naillycosmetics.com\/wp-content\/uploads\/2026\/03\/pure-vegan-creamy-275.webp?fit=750%2C1000&ssl=1&resize=700%2C400 2x"},"classes":[]},{"id":1227,"url":"https:\/\/naillycosmetics.com\/fr\/produit\/2in1-acrylgel-brush\/","url_meta":{"origin":2872,"position":5},"title":"Victoria VYNN Master Gel Brush and Spatula (pinceau et spatule)","author":"Serge Sahakian","date":"mars 15, 2020","format":false,"excerpt":"Acrylgel Brush is a tool for the application of Master Gel with two ends: brush and spatula. Canada\u2019s Best Selling Gel Polish Brand Victoria VYNN provides the nail techs and professionals with High Quality Nail Products to create astonishing nail art finishes. Check our site frequently for new products!","rel":"","context":"Article similaire","block_context":{"text":"Article similaire","link":""},"img":{"alt_text":"Acrylgel Brush","src":"https:\/\/i0.wp.com\/naillycosmetics.com\/wp-content\/uploads\/2026\/02\/acrylgel-brush.png?fit=1000%2C1000&ssl=1&resize=350%2C200","width":350,"height":200,"srcset":"https:\/\/i0.wp.com\/naillycosmetics.com\/wp-content\/uploads\/2026\/02\/acrylgel-brush.png?fit=1000%2C1000&ssl=1&resize=350%2C200 1x, https:\/\/i0.wp.com\/naillycosmetics.com\/wp-content\/uploads\/2026\/02\/acrylgel-brush.png?fit=1000%2C1000&ssl=1&resize=525%2C300 1.5x, https:\/\/i0.wp.com\/naillycosmetics.com\/wp-content\/uploads\/2026\/02\/acrylgel-brush.png?fit=1000%2C1000&ssl=1&resize=700%2C400 2x"},"classes":[]}],"jetpack_sharing_enabled":true,"_links":{"self":[{"href":"https:\/\/naillycosmetics.com\/fr\/wp-json\/wp\/v2\/product\/2872","targetHints":{"allow":["GET"]}}],"collection":[{"href":"https:\/\/naillycosmetics.com\/fr\/wp-json\/wp\/v2\/product"}],"about":[{"href":"https:\/\/naillycosmetics.com\/fr\/wp-json\/wp\/v2\/types\/product"}],"replies":[{"embeddable":true,"href":"https:\/\/naillycosmetics.com\/fr\/wp-json\/wp\/v2\/comments?post=2872"}],"wp:featuredmedia":[{"embeddable":true,"href":"https:\/\/naillycosmetics.com\/fr\/wp-json\/wp\/v2\/media\/7759"}],"wp:attachment":[{"href":"https:\/\/naillycosmetics.com\/fr\/wp-json\/wp\/v2\/media?parent=2872"}],"wp:term":[{"taxonomy":"product_brand","embeddable":true,"href":"https:\/\/naillycosmetics.com\/fr\/wp-json\/wp\/v2\/product_brand?post=2872"},{"taxonomy":"product_cat","embeddable":true,"href":"https:\/\/naillycosmetics.com\/fr\/wp-json\/wp\/v2\/product_cat?post=2872"},{"taxonomy":"product_tag","embeddable":true,"href":"https:\/\/naillycosmetics.com\/fr\/wp-json\/wp\/v2\/product_tag?post=2872"}],"curies":[{"name":"wp","href":"https:\/\/api.w.org\/{rel}","templated":true}]}}