{"id":28642,"date":"2026-03-22T23:15:27","date_gmt":"2026-03-23T03:15:27","guid":{"rendered":"https:\/\/naillycosmetics.com\/product\/victoria-vynn-inside-color-pure-vegan-creamy-hybrid-collection-color-chart-268-277-unpainted\/"},"modified":"2026-04-10T15:42:58","modified_gmt":"2026-04-10T19:42:58","slug":"victoria-vynn-inside-color-pure-vegan-creamy-hybrid-collection-color-chart-268-277-unpainted","status":"publish","type":"product","link":"https:\/\/naillycosmetics.com\/fr\/produit\/victoria-vynn-inside-color-pure-vegan-creamy-hybrid-collection-color-chart-268-277-unpainted\/","title":{"rendered":"Victoria VYNN Inside Color Pure Vegan Creamy Hybrid Collection Color Chart 268-277 (Unpainted)"},"content":{"rendered":"<figure class=\"wp-block-embed is-type-video is-provider-youtube wp-block-embed-youtube wp-embed-aspect-16-9 wp-has-aspect-ratio\"><div class=\"wp-block-embed__wrapper\">\n<div class=\"video-container\"><iframe loading=\"lazy\" title=\"Inside Color Pure Vegan Hybrid Gel Polish Collection\" width=\"1170\" height=\"658\" src=\"https:\/\/www.youtube.com\/embed\/videoseries?list=PLu-w5xQ0N0RU6SIPYh2JVyfYi48YiiTaF\" frameborder=\"0\" allow=\"accelerometer; autoplay; clipboard-write; encrypted-media; gyroscope; picture-in-picture; web-share\" referrerpolicy=\"strict-origin-when-cross-origin\" allowfullscreen><\/iframe><\/div>\n<\/div><\/figure><h3 class=\"wp-block-heading\">\u2728 Why You\u2019ll Love It<\/h3><ul class=\"wp-block-list\"><li><strong>Customizable Display<\/strong> \u2013 paint each tip with your own application technique<\/li>\n\n<li><strong>True-to-Your-Work Results<\/strong> \u2013 see exactly how colors look with your base, top coat, and curing method<\/li>\n\n<li><strong>Perfect for Professionals<\/strong> \u2013 ideal for nail techs who want precise and personalized color references<\/li>\n\n<li><strong>Clean &amp; Organized Presentation<\/strong> \u2013 build your own tailored color library<\/li>\n\n<li><strong>Reusable &amp; Durable<\/strong> \u2013 designed for long-term salon use<\/li><\/ul><hr class=\"wp-block-separator has-alpha-channel-opacity\" \/><h3 class=\"wp-block-heading\">\ud83d\udc85 Perfect For<\/h3><ul class=\"wp-block-list\"><li>Nail technicians and salons<\/li>\n\n<li>Training and educational use<\/li>\n\n<li>Creating personalized color charts for clients<\/li>\n\n<li>Comparing finishes (gloss, matte, effects)<\/li>\n\n<li>Showcasing your own nail artistry<\/li><\/ul><hr class=\"wp-block-separator has-alpha-channel-opacity\" \/><h3 class=\"wp-block-heading\">\ud83c\udfa8 Create Your Own Color Story<\/h3><p>Avec la <strong>Inside Color Pure Vegan Creamy Hybrid formula<\/strong>, known for its creamy consistency and smooth application, this chart becomes your personal tool to explore every shade in its <strong>true, applied form<\/strong>.<\/p><p>Paint it your way\u2014thin layers, full coverage, glossy or matte\u2014and build a color chart that reflects <strong>your technique, your style, and your standards<\/strong>.<\/p><hr class=\"wp-block-separator has-alpha-channel-opacity\" \/><h2 class=\"wp-block-heading\">\ud83c\udf3f Professional Freedom Meets Clean Beauty<\/h2><p>Part of the <strong>Pure Vegan Creamy Hybrid line<\/strong>, this chart complements a formula designed with modern performance and conscious formulation in mind\u2014giving you the flexibility to create while maintaining a clean, professional approach.<\/p>","protected":false},"excerpt":{"rendered":"<p>Take creativity into your own hands with the Unpainted Color Chart from the Inside Color Pure Vegan Creamy Hybrid collection by Victoria VYNN. Designed for professionals, salons, and nail enthusiasts, this blank chart allows you to custom-paint and personalize each shade, creating your own real-life color reference. Unlike pre-painted charts, this version gives you full control\u2014apply your own layers, finishes, and techniques to see the true result of each product in your own working style.<\/p>","protected":false},"featured_media":28640,"comment_status":"open","ping_status":"closed","template":"","meta":{"jetpack_post_was_ever_published":false,"jetpack_publicize_message":"","jetpack_publicize_feature_enabled":true,"jetpack_social_post_already_shared":true,"jetpack_social_options":{"image_generator_settings":{"template":"highway","default_image_id":0,"font":"","enabled":false},"version":2}},"product_brand":[932],"product_cat":[919],"product_tag":[977],"class_list":{"0":"post-28642","1":"product","2":"type-product","3":"status-publish","4":"has-post-thumbnail","6":"product_brand-victoria-vynn","7":"product_cat-nail-tools-and-accessories","8":"product_tag-inside-color-vegan-pure-creamy-collection","10":"first","11":"instock","12":"taxable","13":"shipping-taxable","14":"purchasable","15":"product-type-simple"},"jetpack_publicize_connections":[],"jetpack-related-posts":[{"id":23463,"url":"https:\/\/naillycosmetics.com\/fr\/produit\/victoria-vynn-pomodoro-pure-creamy-hybrid-collection-color-chart-250-267\/","url_meta":{"origin":28642,"position":0},"title":"Victoria VYNN Pomodoro Pure Creamy Hybrid Collection Nuancier 262-267","author":"Serge Sahakian","date":"f\u00e9vrier 10, 2025","format":false,"excerpt":"Victoria VYNN Hybrid Pure Creamy Gel Polish Pomodoro Collection. A delicate touch, electrifying energy, growing tension - this is the magic of flirting in the world of seductive POMODORO colors! The Pure Creamy Hybrid system comprises creamy hybrid polishes of excellent coverage and durability. It\u2019s a formula with a high\u2026","rel":"","context":"Article similaire","block_context":{"text":"Article similaire","link":""},"img":{"alt_text":"Victoria VYNN Pure Creamy Hybrid Pomodoro Collection No. 262-267","src":"https:\/\/i0.wp.com\/naillycosmetics.com\/wp-content\/uploads\/2026\/02\/victoria-vynn-pure-creamy-hybrid-pomodoro-collection-no.-262-267-1-3.webp?fit=750%2C1000&ssl=1&resize=350%2C200","width":350,"height":200,"srcset":"https:\/\/i0.wp.com\/naillycosmetics.com\/wp-content\/uploads\/2026\/02\/victoria-vynn-pure-creamy-hybrid-pomodoro-collection-no.-262-267-1-3.webp?fit=750%2C1000&ssl=1&resize=350%2C200 1x, https:\/\/i0.wp.com\/naillycosmetics.com\/wp-content\/uploads\/2026\/02\/victoria-vynn-pure-creamy-hybrid-pomodoro-collection-no.-262-267-1-3.webp?fit=750%2C1000&ssl=1&resize=525%2C300 1.5x, https:\/\/i0.wp.com\/naillycosmetics.com\/wp-content\/uploads\/2026\/02\/victoria-vynn-pure-creamy-hybrid-pomodoro-collection-no.-262-267-1-3.webp?fit=750%2C1000&ssl=1&resize=700%2C400 2x"},"classes":[]},{"id":5009,"url":"https:\/\/naillycosmetics.com\/fr\/produit\/vegan-nail-polish-iq-032-new-moorland\/","url_meta":{"origin":28642,"position":1},"title":"Victoria VYNN iQ Vernis \u00e0 ongles No. 032 New Moorland","author":"Serge Sahakian","date":"septembre 4, 2022","format":false,"excerpt":"The New Moorland violet has been delicately warmed with beige to match Pure Creamy Hybrid 154. With the Victoria VYNN iQ Vegan Nail Polish colors you may enjoy the effect for 10 days as if after visit to a salon! The formula rich in high-quality vegan ingredients ensures long-lasting adhesion\u2026","rel":"","context":"Article similaire","block_context":{"text":"Article similaire","link":""},"img":{"alt_text":"iq-vegan-nail-polish-032-","src":"https:\/\/i0.wp.com\/naillycosmetics.com\/wp-content\/uploads\/2026\/02\/iq-vegan-nail-polish-032-.webp?fit=750%2C1000&ssl=1&resize=350%2C200","width":350,"height":200,"srcset":"https:\/\/i0.wp.com\/naillycosmetics.com\/wp-content\/uploads\/2026\/02\/iq-vegan-nail-polish-032-.webp?fit=750%2C1000&ssl=1&resize=350%2C200 1x, https:\/\/i0.wp.com\/naillycosmetics.com\/wp-content\/uploads\/2026\/02\/iq-vegan-nail-polish-032-.webp?fit=750%2C1000&ssl=1&resize=525%2C300 1.5x, https:\/\/i0.wp.com\/naillycosmetics.com\/wp-content\/uploads\/2026\/02\/iq-vegan-nail-polish-032-.webp?fit=750%2C1000&ssl=1&resize=700%2C400 2x"},"classes":[]},{"id":4557,"url":"https:\/\/naillycosmetics.com\/fr\/produit\/beige-cream-nail-polish-003\/","url_meta":{"origin":28642,"position":2},"title":"Victoria VYNN iQ Vernis \u00e0 ongles No. 003 Beige Cream","author":"Serge Sahakian","date":"septembre 4, 2022","format":false,"excerpt":"Le vernis \u00e0 ongles cr\u00e8me beige, un beige translucide, est parfait pour les motifs fran\u00e7ais. Il a son \u00e9quivalent dans la collection Gel Polish 006. Avec les couleurs du vernis \u00e0 ongles Victoria VYNN iQ, vous pouvez profiter de l'effet pendant 10 jours, comme apr\u00e8s une visite au salon ! La formule riche en...","rel":"","context":"Article similaire","block_context":{"text":"Article similaire","link":""},"img":{"alt_text":"beige cream nail polish","src":"https:\/\/i0.wp.com\/naillycosmetics.com\/wp-content\/uploads\/2026\/02\/beige-cream-nail-polish.png?fit=750%2C1000&ssl=1&resize=350%2C200","width":350,"height":200,"srcset":"https:\/\/i0.wp.com\/naillycosmetics.com\/wp-content\/uploads\/2026\/02\/beige-cream-nail-polish.png?fit=750%2C1000&ssl=1&resize=350%2C200 1x, https:\/\/i0.wp.com\/naillycosmetics.com\/wp-content\/uploads\/2026\/02\/beige-cream-nail-polish.png?fit=750%2C1000&ssl=1&resize=525%2C300 1.5x, https:\/\/i0.wp.com\/naillycosmetics.com\/wp-content\/uploads\/2026\/02\/beige-cream-nail-polish.png?fit=750%2C1000&ssl=1&resize=700%2C400 2x"},"classes":[]},{"id":23446,"url":"https:\/\/naillycosmetics.com\/fr\/produit\/victoria-vynn-autumn-pure-creamy-hybrid-collection-color-charts-2-pieces\/","url_meta":{"origin":28642,"position":3},"title":"Victoria VYNN Autumn Pure Creamy Hybrid Collection Color Charts 2 Pieces","author":"Serge Sahakian","date":"septembre 19, 2025","format":false,"excerpt":"","rel":"","context":"Article similaire","block_context":{"text":"Article similaire","link":""},"img":{"alt_text":"","src":"https:\/\/i0.wp.com\/naillycosmetics.com\/wp-content\/uploads\/2026\/02\/color-charts-pure-autumn-2pcs-1-1.jpg?fit=1200%2C1200&ssl=1&resize=350%2C200","width":350,"height":200,"srcset":"https:\/\/i0.wp.com\/naillycosmetics.com\/wp-content\/uploads\/2026\/02\/color-charts-pure-autumn-2pcs-1-1.jpg?fit=1200%2C1200&ssl=1&resize=350%2C200 1x, https:\/\/i0.wp.com\/naillycosmetics.com\/wp-content\/uploads\/2026\/02\/color-charts-pure-autumn-2pcs-1-1.jpg?fit=1200%2C1200&ssl=1&resize=525%2C300 1.5x, https:\/\/i0.wp.com\/naillycosmetics.com\/wp-content\/uploads\/2026\/02\/color-charts-pure-autumn-2pcs-1-1.jpg?fit=1200%2C1200&ssl=1&resize=700%2C400 2x, https:\/\/i0.wp.com\/naillycosmetics.com\/wp-content\/uploads\/2026\/02\/color-charts-pure-autumn-2pcs-1-1.jpg?fit=1200%2C1200&ssl=1&resize=1050%2C600 3x"},"classes":[]},{"id":20199,"url":"https:\/\/naillycosmetics.com\/fr\/produit\/victoria-vynn-pure-creamy-hybrid-gel-polish-no-263-wasyli-bazyli\/","url_meta":{"origin":28642,"position":4},"title":"Victoria VYNN Pure Creamy Hybrid Gel Polish No. 263 Wasyli Bazyli","author":"Serge Sahakian","date":"f\u00e9vrier 7, 2025","format":false,"excerpt":"Victoria VYNN Hybrid Pure Creamy Gel Polish Wasyli Bazyli No. 263 est similaire \u00e0 la couleur des feuilles de basilic vertes matures. Le syst\u00e8me Pure Creamy Hybrid comprend des vernis hybrides cr\u00e9meux d'une excellente couverture et durabilit\u00e9. Il s'agit d'une formule avec un indice de s\u00e9curit\u00e9 \u00e9lev\u00e9, sans odeur irritante et amovible....","rel":"","context":"Article similaire","block_context":{"text":"Article similaire","link":""},"img":{"alt_text":"Victoria VYNN Pure Creamy Hybrid Pomodoro Collection No. 263 Wasyli Bazyli","src":"https:\/\/i0.wp.com\/naillycosmetics.com\/wp-content\/uploads\/2026\/02\/victoria-vynn-pure-creamy-hybrid-pomodoro-collection-no.-263-wasyli-bazyli-.webp?fit=750%2C1000&ssl=1&resize=350%2C200","width":350,"height":200,"srcset":"https:\/\/i0.wp.com\/naillycosmetics.com\/wp-content\/uploads\/2026\/02\/victoria-vynn-pure-creamy-hybrid-pomodoro-collection-no.-263-wasyli-bazyli-.webp?fit=750%2C1000&ssl=1&resize=350%2C200 1x, https:\/\/i0.wp.com\/naillycosmetics.com\/wp-content\/uploads\/2026\/02\/victoria-vynn-pure-creamy-hybrid-pomodoro-collection-no.-263-wasyli-bazyli-.webp?fit=750%2C1000&ssl=1&resize=525%2C300 1.5x, https:\/\/i0.wp.com\/naillycosmetics.com\/wp-content\/uploads\/2026\/02\/victoria-vynn-pure-creamy-hybrid-pomodoro-collection-no.-263-wasyli-bazyli-.webp?fit=750%2C1000&ssl=1&resize=700%2C400 2x"},"classes":[]},{"id":20201,"url":"https:\/\/naillycosmetics.com\/fr\/produit\/victoria-vynn-pure-creamy-hybrid-gel-polish-no-262-stella-mozzarella\/","url_meta":{"origin":28642,"position":5},"title":"Victoria VYNN Pure Creamy Hybrid Gel Polish No. 262 Stella Mozzarella","author":"Serge Sahakian","date":"f\u00e9vrier 7, 2025","format":false,"excerpt":"Victoria VYNN Hybrid Pure Creamy Gel Polish Stella Mozzarella No. 262 est un blanc d\u00e9licat et laiteux. Le syst\u00e8me Pure Creamy Hybrid comprend des vernis hybrides cr\u00e9meux d'une couverture et d'une durabilit\u00e9 excellentes. C'est une formule avec un indice de s\u00e9curit\u00e9 \u00e9lev\u00e9, sans odeur irritante et qui s'enl\u00e8ve avec de l'alcool cosm\u00e9tique. Durci seulement...","rel":"","context":"Article similaire","block_context":{"text":"Article similaire","link":""},"img":{"alt_text":"Victoria VYNN Pure Creamy Hybrid Pomodoro Collection No. 262 Stella Mozzarella","src":"https:\/\/i0.wp.com\/naillycosmetics.com\/wp-content\/uploads\/2026\/02\/victoria-vynn-pure-creamy-hybrid-pomodoro-collection-no.-262-stella-mozzarella.webp?fit=750%2C1000&ssl=1&resize=350%2C200","width":350,"height":200,"srcset":"https:\/\/i0.wp.com\/naillycosmetics.com\/wp-content\/uploads\/2026\/02\/victoria-vynn-pure-creamy-hybrid-pomodoro-collection-no.-262-stella-mozzarella.webp?fit=750%2C1000&ssl=1&resize=350%2C200 1x, https:\/\/i0.wp.com\/naillycosmetics.com\/wp-content\/uploads\/2026\/02\/victoria-vynn-pure-creamy-hybrid-pomodoro-collection-no.-262-stella-mozzarella.webp?fit=750%2C1000&ssl=1&resize=525%2C300 1.5x, https:\/\/i0.wp.com\/naillycosmetics.com\/wp-content\/uploads\/2026\/02\/victoria-vynn-pure-creamy-hybrid-pomodoro-collection-no.-262-stella-mozzarella.webp?fit=750%2C1000&ssl=1&resize=700%2C400 2x"},"classes":[]}],"jetpack_sharing_enabled":true,"_links":{"self":[{"href":"https:\/\/naillycosmetics.com\/fr\/wp-json\/wp\/v2\/product\/28642","targetHints":{"allow":["GET"]}}],"collection":[{"href":"https:\/\/naillycosmetics.com\/fr\/wp-json\/wp\/v2\/product"}],"about":[{"href":"https:\/\/naillycosmetics.com\/fr\/wp-json\/wp\/v2\/types\/product"}],"replies":[{"embeddable":true,"href":"https:\/\/naillycosmetics.com\/fr\/wp-json\/wp\/v2\/comments?post=28642"}],"wp:featuredmedia":[{"embeddable":true,"href":"https:\/\/naillycosmetics.com\/fr\/wp-json\/wp\/v2\/media\/28640"}],"wp:attachment":[{"href":"https:\/\/naillycosmetics.com\/fr\/wp-json\/wp\/v2\/media?parent=28642"}],"wp:term":[{"taxonomy":"product_brand","embeddable":true,"href":"https:\/\/naillycosmetics.com\/fr\/wp-json\/wp\/v2\/product_brand?post=28642"},{"taxonomy":"product_cat","embeddable":true,"href":"https:\/\/naillycosmetics.com\/fr\/wp-json\/wp\/v2\/product_cat?post=28642"},{"taxonomy":"product_tag","embeddable":true,"href":"https:\/\/naillycosmetics.com\/fr\/wp-json\/wp\/v2\/product_tag?post=28642"}],"curies":[{"name":"wp","href":"https:\/\/api.w.org\/{rel}","templated":true}]}}