{"id":28461,"date":"2026-03-04T19:48:51","date_gmt":"2026-03-05T00:48:51","guid":{"rendered":"https:\/\/naillycosmetics.com\/en\/product\/staleks-manicure-brush-expert-03-for-dust-removal-mini-10-pcs\/"},"modified":"2026-03-04T19:48:51","modified_gmt":"2026-03-05T00:48:51","slug":"staleks-manicure-brush-expert-03-for-dust-removal-mini-10-pcs","status":"publish","type":"product","link":"https:\/\/naillycosmetics.com\/fr\/produit\/staleks-manicure-brush-expert-03-for-dust-removal-mini-10-pcs\/","title":{"rendered":"Staleks Brosse \u00e0 manucure EXPERT 03 pour le d\u00e9poussi\u00e9rage mini (10 pcs)"},"content":{"rendered":"","protected":false},"excerpt":{"rendered":"<p>DBE-03-10<\/p>","protected":false},"featured_media":28460,"comment_status":"open","ping_status":"closed","template":"","meta":{"jetpack_post_was_ever_published":false,"jetpack_publicize_message":"","jetpack_publicize_feature_enabled":true,"jetpack_social_post_already_shared":true,"jetpack_social_options":{"image_generator_settings":{"template":"highway","default_image_id":0,"font":"","enabled":false},"version":2}},"product_brand":[931],"product_cat":[945,962],"product_tag":[536],"class_list":{"0":"post-28461","1":"product","2":"type-product","3":"status-publish","4":"has-post-thumbnail","6":"product_brand-staleks","7":"product_cat-staleks-nail-brushes","8":"product_cat-staleks-workstation-essentials","9":"product_tag-staleks-expert-series","11":"first","12":"outofstock","13":"taxable","14":"shipping-taxable","15":"purchasable","16":"product-type-simple"},"jetpack_publicize_connections":[],"jetpack-related-posts":[{"id":23566,"url":"https:\/\/naillycosmetics.com\/fr\/produit\/staleks-manicure-brush-expert-02-for-dust-removal-10-pcs\/","url_meta":{"origin":28461,"position":0},"title":"Staleks Brosse \u00e0 manucure EXPERT 02 pour le d\u00e9poussi\u00e9rage (10 pcs)","author":"Serge Sahakian","date":"d\u00e9cembre 2, 2025","format":false,"excerpt":"DBE-02-10","rel":"","context":"Article similaire","block_context":{"text":"Article similaire","link":""},"img":{"alt_text":"Manicure brush EXPERT 02 for dust removal (10 pcs)","src":"https:\/\/i0.wp.com\/naillycosmetics.com\/wp-content\/uploads\/2026\/02\/manicure-brush-expert-02-for-dust-removal-10-pcs.webp?fit=750%2C1000&ssl=1&resize=350%2C200","width":350,"height":200,"srcset":"https:\/\/i0.wp.com\/naillycosmetics.com\/wp-content\/uploads\/2026\/02\/manicure-brush-expert-02-for-dust-removal-10-pcs.webp?fit=750%2C1000&ssl=1&resize=350%2C200 1x, https:\/\/i0.wp.com\/naillycosmetics.com\/wp-content\/uploads\/2026\/02\/manicure-brush-expert-02-for-dust-removal-10-pcs.webp?fit=750%2C1000&ssl=1&resize=525%2C300 1.5x, https:\/\/i0.wp.com\/naillycosmetics.com\/wp-content\/uploads\/2026\/02\/manicure-brush-expert-02-for-dust-removal-10-pcs.webp?fit=750%2C1000&ssl=1&resize=700%2C400 2x"},"classes":[]},{"id":23388,"url":"https:\/\/naillycosmetics.com\/fr\/produit\/staleks-pro-expert-manicure-brush-01-for-dust-removal-with-cover\/","url_meta":{"origin":28461,"position":1},"title":"Staleks PRO EXPERT Brosse \u00e0 manucure 01 pour le d\u00e9poussi\u00e9rage (avec couvercle)","author":"Serge Sahakian","date":"mars 16, 2025","format":false,"excerpt":"DBE-01","rel":"","context":"Article similaire","block_context":{"text":"Article similaire","link":""},"img":{"alt_text":"","src":"https:\/\/i0.wp.com\/naillycosmetics.com\/wp-content\/uploads\/2026\/02\/dbe-01-1.jpg?fit=1200%2C1200&ssl=1&resize=350%2C200","width":350,"height":200,"srcset":"https:\/\/i0.wp.com\/naillycosmetics.com\/wp-content\/uploads\/2026\/02\/dbe-01-1.jpg?fit=1200%2C1200&ssl=1&resize=350%2C200 1x, https:\/\/i0.wp.com\/naillycosmetics.com\/wp-content\/uploads\/2026\/02\/dbe-01-1.jpg?fit=1200%2C1200&ssl=1&resize=525%2C300 1.5x, https:\/\/i0.wp.com\/naillycosmetics.com\/wp-content\/uploads\/2026\/02\/dbe-01-1.jpg?fit=1200%2C1200&ssl=1&resize=700%2C400 2x, https:\/\/i0.wp.com\/naillycosmetics.com\/wp-content\/uploads\/2026\/02\/dbe-01-1.jpg?fit=1200%2C1200&ssl=1&resize=1050%2C600 3x"},"classes":[]},{"id":28444,"url":"https:\/\/naillycosmetics.com\/fr\/produit\/staleks-double-ended-brush-expert-liner-10-mm-for-gel-11mm\/","url_meta":{"origin":28461,"position":2},"title":"Staleks Pinceau \u00e0 double extr\u00e9mit\u00e9 EXPERT liner 10 mm \/ pour gel 11mm","author":"Serge Sahakian","date":"mars 4, 2026","format":false,"excerpt":"NBE-03\/06","rel":"","context":"Article similaire","block_context":{"text":"Article similaire","link":""},"img":{"alt_text":"","src":"https:\/\/i0.wp.com\/naillycosmetics.com\/wp-content\/uploads\/2026\/03\/113917329ba7aa785fa5bbc3023f01e5.jpg?fit=1200%2C1200&ssl=1&resize=350%2C200","width":350,"height":200,"srcset":"https:\/\/i0.wp.com\/naillycosmetics.com\/wp-content\/uploads\/2026\/03\/113917329ba7aa785fa5bbc3023f01e5.jpg?fit=1200%2C1200&ssl=1&resize=350%2C200 1x, https:\/\/i0.wp.com\/naillycosmetics.com\/wp-content\/uploads\/2026\/03\/113917329ba7aa785fa5bbc3023f01e5.jpg?fit=1200%2C1200&ssl=1&resize=525%2C300 1.5x, https:\/\/i0.wp.com\/naillycosmetics.com\/wp-content\/uploads\/2026\/03\/113917329ba7aa785fa5bbc3023f01e5.jpg?fit=1200%2C1200&ssl=1&resize=700%2C400 2x, https:\/\/i0.wp.com\/naillycosmetics.com\/wp-content\/uploads\/2026\/03\/113917329ba7aa785fa5bbc3023f01e5.jpg?fit=1200%2C1200&ssl=1&resize=1050%2C600 3x"},"classes":[]},{"id":28459,"url":"https:\/\/naillycosmetics.com\/fr\/produit\/staleks-brush-liner-expert-width-0-9-mm-length-10-mm\/","url_meta":{"origin":28461,"position":3},"title":"Staleks Brush-liner EXPERT largeur 0,9 mm \/ longueur 10 mm","author":"Serge Sahakian","date":"mars 4, 2026","format":false,"excerpt":"NBE-03","rel":"","context":"Article similaire","block_context":{"text":"Article similaire","link":""},"img":{"alt_text":"","src":"https:\/\/i0.wp.com\/naillycosmetics.com\/wp-content\/uploads\/2026\/03\/03a776c8b103d5c278551401495c7922.jpg?fit=1200%2C1200&ssl=1&resize=350%2C200","width":350,"height":200,"srcset":"https:\/\/i0.wp.com\/naillycosmetics.com\/wp-content\/uploads\/2026\/03\/03a776c8b103d5c278551401495c7922.jpg?fit=1200%2C1200&ssl=1&resize=350%2C200 1x, https:\/\/i0.wp.com\/naillycosmetics.com\/wp-content\/uploads\/2026\/03\/03a776c8b103d5c278551401495c7922.jpg?fit=1200%2C1200&ssl=1&resize=525%2C300 1.5x, https:\/\/i0.wp.com\/naillycosmetics.com\/wp-content\/uploads\/2026\/03\/03a776c8b103d5c278551401495c7922.jpg?fit=1200%2C1200&ssl=1&resize=700%2C400 2x, https:\/\/i0.wp.com\/naillycosmetics.com\/wp-content\/uploads\/2026\/03\/03a776c8b103d5c278551401495c7922.jpg?fit=1200%2C1200&ssl=1&resize=1050%2C600 3x"},"classes":[]},{"id":28450,"url":"https:\/\/naillycosmetics.com\/fr\/produit\/staleks-double-ended-brush-expert-liner-7-mm-liner-10-mm\/","url_meta":{"origin":28461,"position":4},"title":"Staleks Brosse \u00e0 double extr\u00e9mit\u00e9 EXPERT liner 7 mm \/ liner 10 mm","author":"Serge Sahakian","date":"mars 4, 2026","format":false,"excerpt":"NBE-01\/03","rel":"","context":"Article similaire","block_context":{"text":"Article similaire","link":""},"img":{"alt_text":"","src":"https:\/\/i0.wp.com\/naillycosmetics.com\/wp-content\/uploads\/2026\/03\/7773676f256a90ce9d9049fbac980383.jpg?fit=1200%2C1200&ssl=1&resize=350%2C200","width":350,"height":200,"srcset":"https:\/\/i0.wp.com\/naillycosmetics.com\/wp-content\/uploads\/2026\/03\/7773676f256a90ce9d9049fbac980383.jpg?fit=1200%2C1200&ssl=1&resize=350%2C200 1x, https:\/\/i0.wp.com\/naillycosmetics.com\/wp-content\/uploads\/2026\/03\/7773676f256a90ce9d9049fbac980383.jpg?fit=1200%2C1200&ssl=1&resize=525%2C300 1.5x, https:\/\/i0.wp.com\/naillycosmetics.com\/wp-content\/uploads\/2026\/03\/7773676f256a90ce9d9049fbac980383.jpg?fit=1200%2C1200&ssl=1&resize=700%2C400 2x, https:\/\/i0.wp.com\/naillycosmetics.com\/wp-content\/uploads\/2026\/03\/7773676f256a90ce9d9049fbac980383.jpg?fit=1200%2C1200&ssl=1&resize=1050%2C600 3x"},"classes":[]},{"id":23412,"url":"https:\/\/naillycosmetics.com\/fr\/produit\/staleks-pro-orange-stick-for-manicure-wooden-150-mm-10-pcs\/","url_meta":{"origin":28461,"position":5},"title":"Staleks PRO B\u00e2ton orange pour manucure, en bois 150 mm (10 pcs)","author":"Serge Sahakian","date":"mars 14, 2025","format":false,"excerpt":"DOS-10\/10","rel":"","context":"Article similaire","block_context":{"text":"Article similaire","link":""},"img":{"alt_text":"","src":"https:\/\/i0.wp.com\/naillycosmetics.com\/wp-content\/uploads\/2026\/02\/5cc9ecd3ea2662c3fb513c513d8dacc7-1.jpg?fit=1200%2C1200&ssl=1&resize=350%2C200","width":350,"height":200,"srcset":"https:\/\/i0.wp.com\/naillycosmetics.com\/wp-content\/uploads\/2026\/02\/5cc9ecd3ea2662c3fb513c513d8dacc7-1.jpg?fit=1200%2C1200&ssl=1&resize=350%2C200 1x, https:\/\/i0.wp.com\/naillycosmetics.com\/wp-content\/uploads\/2026\/02\/5cc9ecd3ea2662c3fb513c513d8dacc7-1.jpg?fit=1200%2C1200&ssl=1&resize=525%2C300 1.5x, https:\/\/i0.wp.com\/naillycosmetics.com\/wp-content\/uploads\/2026\/02\/5cc9ecd3ea2662c3fb513c513d8dacc7-1.jpg?fit=1200%2C1200&ssl=1&resize=700%2C400 2x, https:\/\/i0.wp.com\/naillycosmetics.com\/wp-content\/uploads\/2026\/02\/5cc9ecd3ea2662c3fb513c513d8dacc7-1.jpg?fit=1200%2C1200&ssl=1&resize=1050%2C600 3x"},"classes":[]}],"jetpack_sharing_enabled":true,"_links":{"self":[{"href":"https:\/\/naillycosmetics.com\/fr\/wp-json\/wp\/v2\/product\/28461","targetHints":{"allow":["GET"]}}],"collection":[{"href":"https:\/\/naillycosmetics.com\/fr\/wp-json\/wp\/v2\/product"}],"about":[{"href":"https:\/\/naillycosmetics.com\/fr\/wp-json\/wp\/v2\/types\/product"}],"replies":[{"embeddable":true,"href":"https:\/\/naillycosmetics.com\/fr\/wp-json\/wp\/v2\/comments?post=28461"}],"wp:featuredmedia":[{"embeddable":true,"href":"https:\/\/naillycosmetics.com\/fr\/wp-json\/wp\/v2\/media\/28460"}],"wp:attachment":[{"href":"https:\/\/naillycosmetics.com\/fr\/wp-json\/wp\/v2\/media?parent=28461"}],"wp:term":[{"taxonomy":"product_brand","embeddable":true,"href":"https:\/\/naillycosmetics.com\/fr\/wp-json\/wp\/v2\/product_brand?post=28461"},{"taxonomy":"product_cat","embeddable":true,"href":"https:\/\/naillycosmetics.com\/fr\/wp-json\/wp\/v2\/product_cat?post=28461"},{"taxonomy":"product_tag","embeddable":true,"href":"https:\/\/naillycosmetics.com\/fr\/wp-json\/wp\/v2\/product_tag?post=28461"}],"curies":[{"name":"wp","href":"https:\/\/api.w.org\/{rel}","templated":true}]}}