{"id":28444,"date":"2026-03-04T19:43:54","date_gmt":"2026-03-05T00:43:54","guid":{"rendered":"https:\/\/naillycosmetics.com\/en\/product\/staleks-double-ended-brush-expert-liner-10-mm-for-gel-11mm\/"},"modified":"2026-05-13T15:07:47","modified_gmt":"2026-05-13T19:07:47","slug":"staleks-double-ended-brush-expert-liner-10-mm-for-gel-11mm","status":"publish","type":"product","link":"https:\/\/naillycosmetics.com\/fr\/produit\/staleks-double-ended-brush-expert-liner-10-mm-for-gel-11mm\/","title":{"rendered":"Staleks Pinceau \u00e0 double extr\u00e9mit\u00e9 EXPERT liner 10 mm \/ pour gel 11mm"},"content":{"rendered":"","protected":false},"excerpt":{"rendered":"<p>NBE-03\/06<\/p>","protected":false},"featured_media":28443,"comment_status":"open","ping_status":"closed","template":"","meta":{"jetpack_post_was_ever_published":false,"jetpack_publicize_message":"","jetpack_publicize_feature_enabled":true,"jetpack_social_post_already_shared":true,"jetpack_social_options":{"image_generator_settings":{"template":"highway","default_image_id":0,"font":"","enabled":false},"version":2}},"product_brand":[931],"product_cat":[945],"product_tag":[],"class_list":{"0":"post-28444","1":"product","2":"type-product","3":"status-publish","4":"has-post-thumbnail","6":"product_brand-staleks","7":"product_cat-staleks-nail-brushes","9":"first","10":"instock","11":"taxable","12":"shipping-taxable","13":"purchasable","14":"product-type-simple"},"jetpack_publicize_connections":[],"jetpack-related-posts":[{"id":23481,"url":"https:\/\/naillycosmetics.com\/fr\/produit\/staleks-pro-expert-diamond-nail-drill-bit-duo-cone-red-blue-head-diameter-2-5-mm-working-part-8-mm\/","url_meta":{"origin":28444,"position":0},"title":"Staleks PRO EXPERT Foret diamant\u00e9 pour ongles DUO Cone Rouge et Bleu (diam\u00e8tre de la t\u00eate 2.5 mm \/ partie travaillante 8 mm)","author":"Serge Sahakian","date":"mars 14, 2025","format":false,"excerpt":"FA70RB025\/8","rel":"","context":"Article similaire","block_context":{"text":"Article similaire","link":""},"img":{"alt_text":"","src":"https:\/\/i0.wp.com\/naillycosmetics.com\/wp-content\/uploads\/2026\/02\/fa70rb025_8-2_result-1.jpg?fit=1200%2C1200&ssl=1&resize=350%2C200","width":350,"height":200,"srcset":"https:\/\/i0.wp.com\/naillycosmetics.com\/wp-content\/uploads\/2026\/02\/fa70rb025_8-2_result-1.jpg?fit=1200%2C1200&ssl=1&resize=350%2C200 1x, https:\/\/i0.wp.com\/naillycosmetics.com\/wp-content\/uploads\/2026\/02\/fa70rb025_8-2_result-1.jpg?fit=1200%2C1200&ssl=1&resize=525%2C300 1.5x, https:\/\/i0.wp.com\/naillycosmetics.com\/wp-content\/uploads\/2026\/02\/fa70rb025_8-2_result-1.jpg?fit=1200%2C1200&ssl=1&resize=700%2C400 2x, https:\/\/i0.wp.com\/naillycosmetics.com\/wp-content\/uploads\/2026\/02\/fa70rb025_8-2_result-1.jpg?fit=1200%2C1200&ssl=1&resize=1050%2C600 3x"},"classes":[]},{"id":23483,"url":"https:\/\/naillycosmetics.com\/fr\/produit\/staleks-pro-expert-diamond-nail-drill-bit-duo-cone-blue-green-head-diameter-2-5-mm-working-part-8-mm\/","url_meta":{"origin":28444,"position":1},"title":"Staleks PRO EXPERT Foret diamant\u00e9 pour ongles DUO Cone Bleu et Vert (diam\u00e8tre de la t\u00eate 2.5 mm \/ partie travaillante 8 mm)","author":"Serge Sahakian","date":"mars 14, 2025","format":false,"excerpt":"FA70BG025\/8","rel":"","context":"Article similaire","block_context":{"text":"Article similaire","link":""},"img":{"alt_text":"","src":"https:\/\/i0.wp.com\/naillycosmetics.com\/wp-content\/uploads\/2026\/02\/fa70bg025_8-2_result-1.jpg?fit=1200%2C1200&ssl=1&resize=350%2C200","width":350,"height":200,"srcset":"https:\/\/i0.wp.com\/naillycosmetics.com\/wp-content\/uploads\/2026\/02\/fa70bg025_8-2_result-1.jpg?fit=1200%2C1200&ssl=1&resize=350%2C200 1x, https:\/\/i0.wp.com\/naillycosmetics.com\/wp-content\/uploads\/2026\/02\/fa70bg025_8-2_result-1.jpg?fit=1200%2C1200&ssl=1&resize=525%2C300 1.5x, https:\/\/i0.wp.com\/naillycosmetics.com\/wp-content\/uploads\/2026\/02\/fa70bg025_8-2_result-1.jpg?fit=1200%2C1200&ssl=1&resize=700%2C400 2x, https:\/\/i0.wp.com\/naillycosmetics.com\/wp-content\/uploads\/2026\/02\/fa70bg025_8-2_result-1.jpg?fit=1200%2C1200&ssl=1&resize=1050%2C600 3x"},"classes":[]},{"id":13509,"url":"https:\/\/naillycosmetics.com\/fr\/produit\/staleks-pro-slanted-short-straight-plastic-base\/","url_meta":{"origin":28444,"position":2},"title":"Staleks PRO Base plastique courte et droite pour lime \u00e0 ongles Expert 50 (75mm)","author":"Serge Sahakian","date":"juin 30, 2023","format":false,"excerpt":"Staleks PRO Slanted Short Straight Plastic Base for Nail File Expert 50 - Compatible with Adhesive Refill Pads. Victoria VYNN has Partnered with Staleks in Canada to provide a Full Professional Package of Products to make the Work of the Nail Technician Completely Ideal. Product Specifications: \u00a0 \u00a0 \u00a0 \u00a0\u2026","rel":"","context":"Article similaire","block_context":{"text":"Article similaire","link":""},"img":{"alt_text":"Staleks PRO Slanted Short Straight Plastic Base for Nail File Expert 50","src":"https:\/\/i0.wp.com\/naillycosmetics.com\/wp-content\/uploads\/2026\/02\/staleks-pro-slanted-short-straight-plastic-base-for-nail-file-expert-50-1.webp?fit=750%2C1000&ssl=1&resize=350%2C200","width":350,"height":200,"srcset":"https:\/\/i0.wp.com\/naillycosmetics.com\/wp-content\/uploads\/2026\/02\/staleks-pro-slanted-short-straight-plastic-base-for-nail-file-expert-50-1.webp?fit=750%2C1000&ssl=1&resize=350%2C200 1x, https:\/\/i0.wp.com\/naillycosmetics.com\/wp-content\/uploads\/2026\/02\/staleks-pro-slanted-short-straight-plastic-base-for-nail-file-expert-50-1.webp?fit=750%2C1000&ssl=1&resize=525%2C300 1.5x, https:\/\/i0.wp.com\/naillycosmetics.com\/wp-content\/uploads\/2026\/02\/staleks-pro-slanted-short-straight-plastic-base-for-nail-file-expert-50-1.webp?fit=750%2C1000&ssl=1&resize=700%2C400 2x"},"classes":[]},{"id":22605,"url":"https:\/\/naillycosmetics.com\/fr\/produit\/msmo-pinceau-liner-9-mm-details-traits-precis-msmo\/","url_meta":{"origin":28444,"position":3},"title":"MSMO Pinceau Liner 9 mm - D\u00e9tails &amp; Traits Pr\u00e9cis | MSMO","author":"Serge Sahakian","date":"octobre 9, 2025","format":false,"excerpt":"","rel":"","context":"Article similaire","block_context":{"text":"Article similaire","link":""},"img":{"alt_text":"","src":"https:\/\/i0.wp.com\/naillycosmetics.com\/wp-content\/uploads\/2026\/02\/pinc-9mm.png?fit=1200%2C1200&ssl=1&resize=350%2C200","width":350,"height":200,"srcset":"https:\/\/i0.wp.com\/naillycosmetics.com\/wp-content\/uploads\/2026\/02\/pinc-9mm.png?fit=1200%2C1200&ssl=1&resize=350%2C200 1x, https:\/\/i0.wp.com\/naillycosmetics.com\/wp-content\/uploads\/2026\/02\/pinc-9mm.png?fit=1200%2C1200&ssl=1&resize=525%2C300 1.5x, https:\/\/i0.wp.com\/naillycosmetics.com\/wp-content\/uploads\/2026\/02\/pinc-9mm.png?fit=1200%2C1200&ssl=1&resize=700%2C400 2x, https:\/\/i0.wp.com\/naillycosmetics.com\/wp-content\/uploads\/2026\/02\/pinc-9mm.png?fit=1200%2C1200&ssl=1&resize=1050%2C600 3x"},"classes":[]},{"id":22607,"url":"https:\/\/naillycosmetics.com\/fr\/produit\/pinceau-liner-11-mm-tracage-ultra-fin-details-precis-msmo\/","url_meta":{"origin":28444,"position":4},"title":"Pinceau Liner 11 mm - Tra\u00e7age Ultra Fin &amp; D\u00e9tails Pr\u00e9cis | MSMO","author":"Serge Sahakian","date":"octobre 9, 2025","format":false,"excerpt":"","rel":"","context":"Article similaire","block_context":{"text":"Article similaire","link":""},"img":{"alt_text":"","src":"https:\/\/i0.wp.com\/naillycosmetics.com\/wp-content\/uploads\/2026\/02\/pinc-11mm.png?fit=1200%2C1200&ssl=1&resize=350%2C200","width":350,"height":200,"srcset":"https:\/\/i0.wp.com\/naillycosmetics.com\/wp-content\/uploads\/2026\/02\/pinc-11mm.png?fit=1200%2C1200&ssl=1&resize=350%2C200 1x, https:\/\/i0.wp.com\/naillycosmetics.com\/wp-content\/uploads\/2026\/02\/pinc-11mm.png?fit=1200%2C1200&ssl=1&resize=525%2C300 1.5x, https:\/\/i0.wp.com\/naillycosmetics.com\/wp-content\/uploads\/2026\/02\/pinc-11mm.png?fit=1200%2C1200&ssl=1&resize=700%2C400 2x, https:\/\/i0.wp.com\/naillycosmetics.com\/wp-content\/uploads\/2026\/02\/pinc-11mm.png?fit=1200%2C1200&ssl=1&resize=1050%2C600 3x"},"classes":[]},{"id":23477,"url":"https:\/\/naillycosmetics.com\/fr\/produit\/staleks-pro-expert-perforated-lint-free-wipes-400-pcs\/","url_meta":{"origin":28444,"position":5},"title":"Staleks PRO EXPERT Lingettes perfor\u00e9es sans peluches (400 pcs)","author":"Serge Sahakian","date":"mars 14, 2025","format":false,"excerpt":"WE-400","rel":"","context":"Article similaire","block_context":{"text":"Article similaire","link":""},"img":{"alt_text":"","src":"https:\/\/i0.wp.com\/naillycosmetics.com\/wp-content\/uploads\/2026\/02\/38deb4a03a738642988bd49804bc8e0d_result-1.jpg?fit=1200%2C1200&ssl=1&resize=350%2C200","width":350,"height":200,"srcset":"https:\/\/i0.wp.com\/naillycosmetics.com\/wp-content\/uploads\/2026\/02\/38deb4a03a738642988bd49804bc8e0d_result-1.jpg?fit=1200%2C1200&ssl=1&resize=350%2C200 1x, https:\/\/i0.wp.com\/naillycosmetics.com\/wp-content\/uploads\/2026\/02\/38deb4a03a738642988bd49804bc8e0d_result-1.jpg?fit=1200%2C1200&ssl=1&resize=525%2C300 1.5x, https:\/\/i0.wp.com\/naillycosmetics.com\/wp-content\/uploads\/2026\/02\/38deb4a03a738642988bd49804bc8e0d_result-1.jpg?fit=1200%2C1200&ssl=1&resize=700%2C400 2x, https:\/\/i0.wp.com\/naillycosmetics.com\/wp-content\/uploads\/2026\/02\/38deb4a03a738642988bd49804bc8e0d_result-1.jpg?fit=1200%2C1200&ssl=1&resize=1050%2C600 3x"},"classes":[]}],"jetpack_sharing_enabled":true,"_links":{"self":[{"href":"https:\/\/naillycosmetics.com\/fr\/wp-json\/wp\/v2\/product\/28444","targetHints":{"allow":["GET"]}}],"collection":[{"href":"https:\/\/naillycosmetics.com\/fr\/wp-json\/wp\/v2\/product"}],"about":[{"href":"https:\/\/naillycosmetics.com\/fr\/wp-json\/wp\/v2\/types\/product"}],"replies":[{"embeddable":true,"href":"https:\/\/naillycosmetics.com\/fr\/wp-json\/wp\/v2\/comments?post=28444"}],"wp:featuredmedia":[{"embeddable":true,"href":"https:\/\/naillycosmetics.com\/fr\/wp-json\/wp\/v2\/media\/28443"}],"wp:attachment":[{"href":"https:\/\/naillycosmetics.com\/fr\/wp-json\/wp\/v2\/media?parent=28444"}],"wp:term":[{"taxonomy":"product_brand","embeddable":true,"href":"https:\/\/naillycosmetics.com\/fr\/wp-json\/wp\/v2\/product_brand?post=28444"},{"taxonomy":"product_cat","embeddable":true,"href":"https:\/\/naillycosmetics.com\/fr\/wp-json\/wp\/v2\/product_cat?post=28444"},{"taxonomy":"product_tag","embeddable":true,"href":"https:\/\/naillycosmetics.com\/fr\/wp-json\/wp\/v2\/product_tag?post=28444"}],"curies":[{"name":"wp","href":"https:\/\/api.w.org\/{rel}","templated":true}]}}