{"id":28371,"date":"2026-03-04T19:22:38","date_gmt":"2026-03-05T00:22:38","guid":{"rendered":"https:\/\/naillycosmetics.com\/en\/product\/staleks-apron-staleks-pro\/"},"modified":"2026-03-04T19:22:38","modified_gmt":"2026-03-05T00:22:38","slug":"staleks-apron-staleks-pro","status":"publish","type":"product","link":"https:\/\/naillycosmetics.com\/fr\/produit\/staleks-apron-staleks-pro\/","title":{"rendered":"Tablier Staleks Staleks Pro"},"content":{"rendered":"","protected":false},"excerpt":{"rendered":"<p>ADP-20<\/p>","protected":false},"featured_media":28370,"comment_status":"open","ping_status":"closed","template":"","meta":{"jetpack_post_was_ever_published":false,"jetpack_publicize_message":"","jetpack_publicize_feature_enabled":true,"jetpack_social_post_already_shared":true,"jetpack_social_options":{"image_generator_settings":{"template":"highway","default_image_id":0,"font":"","enabled":false},"version":2}},"product_brand":[931],"product_cat":[962],"product_tag":[],"class_list":{"0":"post-28371","1":"product","2":"type-product","3":"status-publish","4":"has-post-thumbnail","6":"product_brand-staleks","7":"product_cat-staleks-workstation-essentials","9":"first","10":"outofstock","11":"taxable","12":"shipping-taxable","13":"purchasable","14":"product-type-simple"},"jetpack_publicize_connections":[],"jetpack-related-posts":[{"id":13534,"url":"https:\/\/naillycosmetics.com\/fr\/produit\/staleks-pro-metal-straight-base-for-nail-file-expert-20\/","url_meta":{"origin":28371,"position":0},"title":"Staleks PRO Base droite en m\u00e9tal pour lime \u00e0 ongles Expert 20","author":"Serge Sahakian","date":"juin 30, 2023","format":false,"excerpt":"Staleks PRO Metal Straight Base for Nail File Expert 20 - Compatible with Adhesive &amp; papmAm Refill Pads. Victoria VYNN s'est associ\u00e9e \u00e0 Staleks au Canada pour fournir un ensemble complet de produits professionnels afin de rendre le travail de la technicienne en ongles compl\u00e8tement id\u00e9al. Sp\u00e9cifications du produit : \u00a0 \u00a0 \u00a0 \u00a0","rel":"","context":"Article similaire","block_context":{"text":"Article similaire","link":""},"img":{"alt_text":"Staleks PRO Metal Straight Base for Nail File Expert 20","src":"https:\/\/i0.wp.com\/naillycosmetics.com\/wp-content\/uploads\/2023\/06\/staleks-pro-metal-straight-base-for-nail-file-expert-20.webp?fit=750%2C1000&ssl=1&resize=350%2C200","width":350,"height":200,"srcset":"https:\/\/i0.wp.com\/naillycosmetics.com\/wp-content\/uploads\/2023\/06\/staleks-pro-metal-straight-base-for-nail-file-expert-20.webp?fit=750%2C1000&ssl=1&resize=350%2C200 1x, https:\/\/i0.wp.com\/naillycosmetics.com\/wp-content\/uploads\/2023\/06\/staleks-pro-metal-straight-base-for-nail-file-expert-20.webp?fit=750%2C1000&ssl=1&resize=525%2C300 1.5x, https:\/\/i0.wp.com\/naillycosmetics.com\/wp-content\/uploads\/2023\/06\/staleks-pro-metal-straight-base-for-nail-file-expert-20.webp?fit=750%2C1000&ssl=1&resize=700%2C400 2x"},"classes":[]},{"id":18072,"url":"https:\/\/naillycosmetics.com\/fr\/produit\/staleks-pro-professional-cuticle-scissors-asymmetric-uniq-20-type-4\/","url_meta":{"origin":28371,"position":1},"title":"Staleks PRO Ciseaux \u00e0 cuticules professionnels Asym\u00e9triques UNIQ 20 TYPE 4","author":"Serge Sahakian","date":"mai 29, 2024","format":false,"excerpt":"SQ-20\/4","rel":"","context":"Article similaire","block_context":{"text":"Article similaire","link":""},"img":{"alt_text":"","src":"https:\/\/i0.wp.com\/naillycosmetics.com\/wp-content\/uploads\/2026\/02\/sq-20-4-_result-800x800-1.jpg?fit=800%2C800&ssl=1&resize=350%2C200","width":350,"height":200,"srcset":"https:\/\/i0.wp.com\/naillycosmetics.com\/wp-content\/uploads\/2026\/02\/sq-20-4-_result-800x800-1.jpg?fit=800%2C800&ssl=1&resize=350%2C200 1x, https:\/\/i0.wp.com\/naillycosmetics.com\/wp-content\/uploads\/2026\/02\/sq-20-4-_result-800x800-1.jpg?fit=800%2C800&ssl=1&resize=525%2C300 1.5x, https:\/\/i0.wp.com\/naillycosmetics.com\/wp-content\/uploads\/2026\/02\/sq-20-4-_result-800x800-1.jpg?fit=800%2C800&ssl=1&resize=700%2C400 2x"},"classes":[]},{"id":13476,"url":"https:\/\/naillycosmetics.com\/fr\/produit\/staleks-pro-slanted-straight-plastic-base-for-nail-file\/","url_meta":{"origin":28371,"position":2},"title":"Staleks PRO Base plastique droite inclin\u00e9e pour lime \u00e0 ongles Expert 20","author":"Serge Sahakian","date":"juin 30, 2023","format":false,"excerpt":"Staleks PRO Base plastique droite et inclin\u00e9e pour lime \u00e0 ongles Expert 20 - Compatible avec les tampons de recharge adh\u00e9sifs et papmAm. Victoria VYNN s'est associ\u00e9e \u00e0 Staleks au Canada pour fournir un ensemble complet de produits professionnels afin de rendre le travail de la technicienne en ongles compl\u00e8tement id\u00e9al. Sp\u00e9cifications du produit :      ...","rel":"","context":"Article similaire","block_context":{"text":"Article similaire","link":""},"img":{"alt_text":"Staleks PRO Slanted Straight Plastic Base for Nail File Expert 20S & 20 copy","src":"https:\/\/i0.wp.com\/naillycosmetics.com\/wp-content\/uploads\/2023\/06\/staleks-pro-slanted-straight-plastic-base-for-nail-file-expert-20s-20-copy.webp?fit=750%2C1000&ssl=1&resize=350%2C200","width":350,"height":200,"srcset":"https:\/\/i0.wp.com\/naillycosmetics.com\/wp-content\/uploads\/2023\/06\/staleks-pro-slanted-straight-plastic-base-for-nail-file-expert-20s-20-copy.webp?fit=750%2C1000&ssl=1&resize=350%2C200 1x, https:\/\/i0.wp.com\/naillycosmetics.com\/wp-content\/uploads\/2023\/06\/staleks-pro-slanted-straight-plastic-base-for-nail-file-expert-20s-20-copy.webp?fit=750%2C1000&ssl=1&resize=525%2C300 1.5x, https:\/\/i0.wp.com\/naillycosmetics.com\/wp-content\/uploads\/2023\/06\/staleks-pro-slanted-straight-plastic-base-for-nail-file-expert-20s-20-copy.webp?fit=750%2C1000&ssl=1&resize=700%2C400 2x"},"classes":[]},{"id":13553,"url":"https:\/\/naillycosmetics.com\/fr\/produit\/staleks-pro-adhesive-abrasive-files\/","url_meta":{"origin":28371,"position":3},"title":"Limes abrasives adh\u00e9sives Staleks Pro","author":"Serge Sahakian","date":"juin 30, 2023","format":false,"excerpt":"Les limes abrasives adh\u00e9sives populaires Staleks Pro sont parmi les outils les plus efficaces et les plus professionnels que tout technicien de l'ongle puisse avoir !  Une large gamme de tailles, de grains, de types et de couleurs est disponible dans cette cat\u00e9gorie. Victoria VYNN s'est associ\u00e9e \u00e0 Staleks au Canada pour fournir un ensemble professionnel complet de...","rel":"","context":"Article similaire","block_context":{"text":"Article similaire","link":""},"img":{"alt_text":"Staleks Pro Adhesive Abrasive Files NEW","src":"https:\/\/i0.wp.com\/naillycosmetics.com\/wp-content\/uploads\/2023\/06\/staleks-pro-adhesive-abrasive-files-new.webp?fit=750%2C1000&ssl=1&resize=350%2C200","width":350,"height":200,"srcset":"https:\/\/i0.wp.com\/naillycosmetics.com\/wp-content\/uploads\/2023\/06\/staleks-pro-adhesive-abrasive-files-new.webp?fit=750%2C1000&ssl=1&resize=350%2C200 1x, https:\/\/i0.wp.com\/naillycosmetics.com\/wp-content\/uploads\/2023\/06\/staleks-pro-adhesive-abrasive-files-new.webp?fit=750%2C1000&ssl=1&resize=525%2C300 1.5x, https:\/\/i0.wp.com\/naillycosmetics.com\/wp-content\/uploads\/2023\/06\/staleks-pro-adhesive-abrasive-files-new.webp?fit=750%2C1000&ssl=1&resize=700%2C400 2x"},"classes":[]},{"id":18129,"url":"https:\/\/naillycosmetics.com\/fr\/produit\/staleks-pro-cosmetology-double-ended-loop-beauty-care-20-type-1\/","url_meta":{"origin":28371,"position":4},"title":"STALEKS PRO Cosm\u00e9tologie boucle \u00e0 double extr\u00e9mit\u00e9 BEAUTY &amp; CARE 20 TYPE 1","author":"Serge Sahakian","date":"mai 30, 2024","format":false,"excerpt":"ZBC-20\/1","rel":"","context":"Article similaire","block_context":{"text":"Article similaire","link":""},"img":{"alt_text":"","src":"https:\/\/i0.wp.com\/naillycosmetics.com\/wp-content\/uploads\/2026\/02\/d37935d9a947004a9cf0b2e60a2c1019-800x800-1.jpg?fit=800%2C800&ssl=1&resize=350%2C200","width":350,"height":200,"srcset":"https:\/\/i0.wp.com\/naillycosmetics.com\/wp-content\/uploads\/2026\/02\/d37935d9a947004a9cf0b2e60a2c1019-800x800-1.jpg?fit=800%2C800&ssl=1&resize=350%2C200 1x, https:\/\/i0.wp.com\/naillycosmetics.com\/wp-content\/uploads\/2026\/02\/d37935d9a947004a9cf0b2e60a2c1019-800x800-1.jpg?fit=800%2C800&ssl=1&resize=525%2C300 1.5x, https:\/\/i0.wp.com\/naillycosmetics.com\/wp-content\/uploads\/2026\/02\/d37935d9a947004a9cf0b2e60a2c1019-800x800-1.jpg?fit=800%2C800&ssl=1&resize=700%2C400 2x"},"classes":[]},{"id":18119,"url":"https:\/\/naillycosmetics.com\/fr\/produit\/staleks-pro-cosmetology-double-ended-spoon-expert-20-type-1-uno-and-oval-with-15-holes\/","url_meta":{"origin":28371,"position":5},"title":"STALEKS PRO Cuill\u00e8re de cosm\u00e9tologie \u00e0 double extr\u00e9mit\u00e9 EXPERT 20 TYPE 1 (Uno et ovale avec 15 trous)","author":"Serge Sahakian","date":"mai 30, 2024","format":false,"excerpt":"ZE-20\/1","rel":"","context":"Article similaire","block_context":{"text":"Article similaire","link":""},"img":{"alt_text":"","src":"https:\/\/i0.wp.com\/naillycosmetics.com\/wp-content\/uploads\/2026\/02\/b3144fcb3ceb972363fb33d88a6d7c96-800x800-1.jpg?fit=800%2C800&ssl=1&resize=350%2C200","width":350,"height":200,"srcset":"https:\/\/i0.wp.com\/naillycosmetics.com\/wp-content\/uploads\/2026\/02\/b3144fcb3ceb972363fb33d88a6d7c96-800x800-1.jpg?fit=800%2C800&ssl=1&resize=350%2C200 1x, https:\/\/i0.wp.com\/naillycosmetics.com\/wp-content\/uploads\/2026\/02\/b3144fcb3ceb972363fb33d88a6d7c96-800x800-1.jpg?fit=800%2C800&ssl=1&resize=525%2C300 1.5x, https:\/\/i0.wp.com\/naillycosmetics.com\/wp-content\/uploads\/2026\/02\/b3144fcb3ceb972363fb33d88a6d7c96-800x800-1.jpg?fit=800%2C800&ssl=1&resize=700%2C400 2x"},"classes":[]}],"jetpack_sharing_enabled":true,"_links":{"self":[{"href":"https:\/\/naillycosmetics.com\/fr\/wp-json\/wp\/v2\/product\/28371","targetHints":{"allow":["GET"]}}],"collection":[{"href":"https:\/\/naillycosmetics.com\/fr\/wp-json\/wp\/v2\/product"}],"about":[{"href":"https:\/\/naillycosmetics.com\/fr\/wp-json\/wp\/v2\/types\/product"}],"replies":[{"embeddable":true,"href":"https:\/\/naillycosmetics.com\/fr\/wp-json\/wp\/v2\/comments?post=28371"}],"wp:featuredmedia":[{"embeddable":true,"href":"https:\/\/naillycosmetics.com\/fr\/wp-json\/wp\/v2\/media\/28370"}],"wp:attachment":[{"href":"https:\/\/naillycosmetics.com\/fr\/wp-json\/wp\/v2\/media?parent=28371"}],"wp:term":[{"taxonomy":"product_brand","embeddable":true,"href":"https:\/\/naillycosmetics.com\/fr\/wp-json\/wp\/v2\/product_brand?post=28371"},{"taxonomy":"product_cat","embeddable":true,"href":"https:\/\/naillycosmetics.com\/fr\/wp-json\/wp\/v2\/product_cat?post=28371"},{"taxonomy":"product_tag","embeddable":true,"href":"https:\/\/naillycosmetics.com\/fr\/wp-json\/wp\/v2\/product_tag?post=28371"}],"curies":[{"name":"wp","href":"https:\/\/api.w.org\/{rel}","templated":true}]}}