{"id":2788,"date":"2022-08-18T02:45:19","date_gmt":"2022-08-18T06:45:19","guid":{"rendered":"https:\/\/naillycosmetics.com\/index.php\/product\/victoria-vynn-senso-hand-cream-kiss-me\/"},"modified":"2026-04-20T15:02:55","modified_gmt":"2026-04-20T19:02:55","slug":"senso-super-moisturizing-cream-kiss-me","status":"publish","type":"product","link":"https:\/\/naillycosmetics.com\/fr\/produit\/senso-super-moisturizing-cream-kiss-me\/","title":{"rendered":"Victoria VYNN Senso Cr\u00e8me pour les mains Kiss Me"},"content":{"rendered":"<p>Victoria VYNN Senso Kiss Me est une cr\u00e8me super hydratante. Effet complet !<\/p>\n<p>Cr\u00e8me hydratante et nourrissante pour les mains et le corps avec un parfum. Hydrate intens\u00e9ment, r\u00e9g\u00e9n\u00e8re et renforce la barri\u00e8re protectrice naturelle de la peau. P\u00e9n\u00e8tre parfaitement et laisse un film d\u00e9licat et velout\u00e9 sur la peau. Redonne imm\u00e9diatement du confort aux peaux s\u00e8ches.<\/p>\n<p>Recommand\u00e9e \u00e0 la fin d'une manucure et pour le soin quotidien des mains et du corps. Principes actifs contenus dans la cr\u00e8me : beurre de karit\u00e9, jus d'aloe vera, huile de soja, allanto\u00efne.<\/p>","protected":false},"excerpt":{"rendered":"<p>Victoria VYNN Senso Kiss Me est une cr\u00e8me super hydratante. Effet complet !<\/p>\n<p>Cr\u00e8me hydratante et nourrissante pour les mains et le corps avec un parfum. Hydrate intens\u00e9ment, r\u00e9g\u00e9n\u00e8re et renforce la barri\u00e8re protectrice naturelle de la peau. P\u00e9n\u00e8tre parfaitement et laisse un film d\u00e9licat et velout\u00e9 sur la peau. Redonne imm\u00e9diatement du confort aux peaux s\u00e8ches.<\/p>\n<p>Recommand\u00e9e \u00e0 la fin d'une manucure et pour le soin quotidien des mains et du corps. Principes actifs contenus dans la cr\u00e8me : beurre de karit\u00e9, jus d'aloe vera, huile de soja, allanto\u00efne.<\/p>","protected":false},"featured_media":7634,"comment_status":"open","ping_status":"closed","template":"","meta":{"jetpack_post_was_ever_published":false,"jetpack_publicize_message":"","jetpack_publicize_feature_enabled":true,"jetpack_social_post_already_shared":true,"jetpack_social_options":{"image_generator_settings":{"template":"highway","default_image_id":0,"font":"","enabled":false},"version":2}},"product_brand":[932],"product_cat":[45],"product_tag":[76],"class_list":{"0":"post-2788","1":"product","2":"type-product","3":"status-publish","4":"has-post-thumbnail","6":"product_brand-victoria-vynn","7":"product_cat-nail-care","8":"product_tag-nail-care","9":"product_shipping_class-cardboard-box","10":"pa_size-250ml","12":"first","13":"instock","14":"taxable","15":"shipping-taxable","16":"purchasable","17":"product-type-simple"},"jetpack_publicize_connections":[],"jetpack-related-posts":[{"id":10987,"url":"https:\/\/naillycosmetics.com\/fr\/produit\/hand-and-body-balm-for-dry-skin-400ml\/","url_meta":{"origin":2788,"position":0},"title":"Pharm Foot AgSPECIALIST 400ml (Ligne Microsilver)","author":"Serge Sahakian","date":"mars 9, 2023","format":false,"excerpt":"Pharm Foot AgSPECIALIST - SOOTHING BALM FOR BODY AND HAND with microsilver and shea butter is nominated among the best Hand and Body Balm for Dry Skin. AgSPECIALIST soothes irritations and protects against drying and the harmful effects of external factors.For Salon & Home Use - Capacity\u00a0400ml (about 50 treatments\u2026","rel":"","context":"Article similaire","block_context":{"text":"Article similaire","link":""},"img":{"alt_text":"Pharm Foot Best Hand and Body Balm for dry Skin Microsilver Agspecialist","src":"https:\/\/i0.wp.com\/naillycosmetics.com\/wp-content\/uploads\/2026\/02\/pharm-foot-best-hand-and-body-balm-for-dry-skin-microsilver-agspecialist.webp?fit=750%2C1000&ssl=1&resize=350%2C200","width":350,"height":200,"srcset":"https:\/\/i0.wp.com\/naillycosmetics.com\/wp-content\/uploads\/2026\/02\/pharm-foot-best-hand-and-body-balm-for-dry-skin-microsilver-agspecialist.webp?fit=750%2C1000&ssl=1&resize=350%2C200 1x, https:\/\/i0.wp.com\/naillycosmetics.com\/wp-content\/uploads\/2026\/02\/pharm-foot-best-hand-and-body-balm-for-dry-skin-microsilver-agspecialist.webp?fit=750%2C1000&ssl=1&resize=525%2C300 1.5x, https:\/\/i0.wp.com\/naillycosmetics.com\/wp-content\/uploads\/2026\/02\/pharm-foot-best-hand-and-body-balm-for-dry-skin-microsilver-agspecialist.webp?fit=750%2C1000&ssl=1&resize=700%2C400 2x"},"classes":[]},{"id":11350,"url":"https:\/\/naillycosmetics.com\/fr\/produit\/pharm-foot-best-hand-and-body-butter\/","url_meta":{"origin":2788,"position":1},"title":"Pharm Foot Paradise Butter 120ml (SPA Ritual Paradise Touch)","author":"Serge Sahakian","date":"avril 13, 2023","format":false,"excerpt":"SPA Ritual Paradise Touch Butter is the Best Hand and Body Butter which is especially used to keep the skin of the whole body in perfect condition, healthy, radiant and nourished. Enriched with 100% natural ingredients such as apricot, avocado, sweet almond oils, shea butter and beeswax, the SPA Ritual\u2026","rel":"","context":"Article similaire","block_context":{"text":"Article similaire","link":""},"img":{"alt_text":"Victoria VYNN Pharm Foot SPA Ritual Paradise Touch Best Hand and Body butter bergamot & grapefruit","src":"https:\/\/i0.wp.com\/naillycosmetics.com\/wp-content\/uploads\/2026\/02\/victoria-vynn-pharm-foot-spa-ritual-paradise-touch-best-hand-and-body-butter-bergamot-grapefruit-1-1.webp?fit=750%2C1000&ssl=1&resize=350%2C200","width":350,"height":200,"srcset":"https:\/\/i0.wp.com\/naillycosmetics.com\/wp-content\/uploads\/2026\/02\/victoria-vynn-pharm-foot-spa-ritual-paradise-touch-best-hand-and-body-butter-bergamot-grapefruit-1-1.webp?fit=750%2C1000&ssl=1&resize=350%2C200 1x, https:\/\/i0.wp.com\/naillycosmetics.com\/wp-content\/uploads\/2026\/02\/victoria-vynn-pharm-foot-spa-ritual-paradise-touch-best-hand-and-body-butter-bergamot-grapefruit-1-1.webp?fit=750%2C1000&ssl=1&resize=525%2C300 1.5x, https:\/\/i0.wp.com\/naillycosmetics.com\/wp-content\/uploads\/2026\/02\/victoria-vynn-pharm-foot-spa-ritual-paradise-touch-best-hand-and-body-butter-bergamot-grapefruit-1-1.webp?fit=750%2C1000&ssl=1&resize=700%2C400 2x"},"classes":[]},{"id":11352,"url":"https:\/\/naillycosmetics.com\/fr\/produit\/pharm-foot-best-hand-and-body-scrub\/","url_meta":{"origin":2788,"position":2},"title":"Pharm Foot Paradise Scrub 120ml (SPA Ritual Paradise Touch)","author":"Serge Sahakian","date":"avril 13, 2023","format":false,"excerpt":"SPA Ritual Paradise Touch Scrub is the Best Hand and Body Scrub which is especially used for gentle body skin peeling and manual foot massage. Enriched with 100% natural ingredients such as apricot, avocado, sweet almond oils, shea butter and beeswax, the SPA Ritual Scrub leaves the skin wonderfully moisturized,\u2026","rel":"","context":"Article similaire","block_context":{"text":"Article similaire","link":""},"img":{"alt_text":"Victoria VYNN Pharm Foot SPA Ritual Paradise Touch Best Hand and Body Scrub bergamot & grapefruit","src":"https:\/\/i0.wp.com\/naillycosmetics.com\/wp-content\/uploads\/2026\/02\/victoria-vynn-pharm-foot-spa-ritual-paradise-touch-best-hand-and-body-scrub-bergamot-grapefruit-.webp?fit=750%2C1000&ssl=1&resize=350%2C200","width":350,"height":200,"srcset":"https:\/\/i0.wp.com\/naillycosmetics.com\/wp-content\/uploads\/2026\/02\/victoria-vynn-pharm-foot-spa-ritual-paradise-touch-best-hand-and-body-scrub-bergamot-grapefruit-.webp?fit=750%2C1000&ssl=1&resize=350%2C200 1x, https:\/\/i0.wp.com\/naillycosmetics.com\/wp-content\/uploads\/2026\/02\/victoria-vynn-pharm-foot-spa-ritual-paradise-touch-best-hand-and-body-scrub-bergamot-grapefruit-.webp?fit=750%2C1000&ssl=1&resize=525%2C300 1.5x, https:\/\/i0.wp.com\/naillycosmetics.com\/wp-content\/uploads\/2026\/02\/victoria-vynn-pharm-foot-spa-ritual-paradise-touch-best-hand-and-body-scrub-bergamot-grapefruit-.webp?fit=750%2C1000&ssl=1&resize=700%2C400 2x"},"classes":[]},{"id":11348,"url":"https:\/\/naillycosmetics.com\/fr\/produit\/pharm-foot-best-body-scrub-and-body-butter\/","url_meta":{"origin":2788,"position":3},"title":"Pharm Foot Paradise Touch Set (SPA Ritual Paradise Touch)","author":"Serge Sahakian","date":"avril 13, 2023","format":false,"excerpt":"The Set of the Best Body Scrub and Body Butter Consists of: Pharm Foot Paradise Scrub 120ml (SPA Ritual Paradise Touch) Pharm Foot Paradise Butter 120ml (SPA Ritual Paradise Touch) Enriched with 100% natural ingredients such as apricot, avocado, sweet almond oils, shea butter and beeswax, the SPA Ritual Scrub\u2026","rel":"","context":"Article similaire","block_context":{"text":"Article similaire","link":""},"img":{"alt_text":"Victoria VYNN Pharm Foot SPA Ritual Paradise Touch Best body scrub and Body butter bergamot & grapefruit","src":"https:\/\/i0.wp.com\/naillycosmetics.com\/wp-content\/uploads\/2026\/02\/victoria-vynn-pharm-foot-spa-ritual-paradise-touch-best-body-scrub-and-body-butter-bergamot-grapefruit-.webp?fit=750%2C1000&ssl=1&resize=350%2C200","width":350,"height":200,"srcset":"https:\/\/i0.wp.com\/naillycosmetics.com\/wp-content\/uploads\/2026\/02\/victoria-vynn-pharm-foot-spa-ritual-paradise-touch-best-body-scrub-and-body-butter-bergamot-grapefruit-.webp?fit=750%2C1000&ssl=1&resize=350%2C200 1x, https:\/\/i0.wp.com\/naillycosmetics.com\/wp-content\/uploads\/2026\/02\/victoria-vynn-pharm-foot-spa-ritual-paradise-touch-best-body-scrub-and-body-butter-bergamot-grapefruit-.webp?fit=750%2C1000&ssl=1&resize=525%2C300 1.5x, https:\/\/i0.wp.com\/naillycosmetics.com\/wp-content\/uploads\/2026\/02\/victoria-vynn-pharm-foot-spa-ritual-paradise-touch-best-body-scrub-and-body-butter-bergamot-grapefruit-.webp?fit=750%2C1000&ssl=1&resize=700%2C400 2x"},"classes":[]},{"id":4557,"url":"https:\/\/naillycosmetics.com\/fr\/produit\/beige-cream-nail-polish-003\/","url_meta":{"origin":2788,"position":4},"title":"Victoria VYNN iQ Vernis \u00e0 ongles No. 003 Beige Cream","author":"Serge Sahakian","date":"septembre 4, 2022","format":false,"excerpt":"Le vernis \u00e0 ongles cr\u00e8me beige, un beige translucide, est parfait pour les motifs fran\u00e7ais. Il a son \u00e9quivalent dans la collection Gel Polish 006. Avec les couleurs du vernis \u00e0 ongles Victoria VYNN iQ, vous pouvez profiter de l'effet pendant 10 jours, comme apr\u00e8s une visite au salon ! La formule riche en...","rel":"","context":"Article similaire","block_context":{"text":"Article similaire","link":""},"img":{"alt_text":"beige cream nail polish","src":"https:\/\/i0.wp.com\/naillycosmetics.com\/wp-content\/uploads\/2026\/02\/beige-cream-nail-polish.png?fit=750%2C1000&ssl=1&resize=350%2C200","width":350,"height":200,"srcset":"https:\/\/i0.wp.com\/naillycosmetics.com\/wp-content\/uploads\/2026\/02\/beige-cream-nail-polish.png?fit=750%2C1000&ssl=1&resize=350%2C200 1x, https:\/\/i0.wp.com\/naillycosmetics.com\/wp-content\/uploads\/2026\/02\/beige-cream-nail-polish.png?fit=750%2C1000&ssl=1&resize=525%2C300 1.5x, https:\/\/i0.wp.com\/naillycosmetics.com\/wp-content\/uploads\/2026\/02\/beige-cream-nail-polish.png?fit=750%2C1000&ssl=1&resize=700%2C400 2x"},"classes":[]},{"id":20199,"url":"https:\/\/naillycosmetics.com\/fr\/produit\/victoria-vynn-pure-creamy-hybrid-gel-polish-no-263-wasyli-bazyli\/","url_meta":{"origin":2788,"position":5},"title":"Victoria VYNN Pure Creamy Hybrid Gel Polish No. 263 Wasyli Bazyli","author":"Serge Sahakian","date":"f\u00e9vrier 7, 2025","format":false,"excerpt":"Victoria VYNN Hybrid Pure Creamy Gel Polish Wasyli Bazyli No. 263 est similaire \u00e0 la couleur des feuilles de basilic vertes matures. Le syst\u00e8me Pure Creamy Hybrid comprend des vernis hybrides cr\u00e9meux d'une excellente couverture et durabilit\u00e9. Il s'agit d'une formule avec un indice de s\u00e9curit\u00e9 \u00e9lev\u00e9, sans odeur irritante et amovible....","rel":"","context":"Article similaire","block_context":{"text":"Article similaire","link":""},"img":{"alt_text":"Victoria VYNN Pure Creamy Hybrid Pomodoro Collection No. 263 Wasyli Bazyli","src":"https:\/\/i0.wp.com\/naillycosmetics.com\/wp-content\/uploads\/2026\/02\/victoria-vynn-pure-creamy-hybrid-pomodoro-collection-no.-263-wasyli-bazyli-.webp?fit=750%2C1000&ssl=1&resize=350%2C200","width":350,"height":200,"srcset":"https:\/\/i0.wp.com\/naillycosmetics.com\/wp-content\/uploads\/2026\/02\/victoria-vynn-pure-creamy-hybrid-pomodoro-collection-no.-263-wasyli-bazyli-.webp?fit=750%2C1000&ssl=1&resize=350%2C200 1x, https:\/\/i0.wp.com\/naillycosmetics.com\/wp-content\/uploads\/2026\/02\/victoria-vynn-pure-creamy-hybrid-pomodoro-collection-no.-263-wasyli-bazyli-.webp?fit=750%2C1000&ssl=1&resize=525%2C300 1.5x, https:\/\/i0.wp.com\/naillycosmetics.com\/wp-content\/uploads\/2026\/02\/victoria-vynn-pure-creamy-hybrid-pomodoro-collection-no.-263-wasyli-bazyli-.webp?fit=750%2C1000&ssl=1&resize=700%2C400 2x"},"classes":[]}],"jetpack_sharing_enabled":true,"_links":{"self":[{"href":"https:\/\/naillycosmetics.com\/fr\/wp-json\/wp\/v2\/product\/2788","targetHints":{"allow":["GET"]}}],"collection":[{"href":"https:\/\/naillycosmetics.com\/fr\/wp-json\/wp\/v2\/product"}],"about":[{"href":"https:\/\/naillycosmetics.com\/fr\/wp-json\/wp\/v2\/types\/product"}],"replies":[{"embeddable":true,"href":"https:\/\/naillycosmetics.com\/fr\/wp-json\/wp\/v2\/comments?post=2788"}],"wp:featuredmedia":[{"embeddable":true,"href":"https:\/\/naillycosmetics.com\/fr\/wp-json\/wp\/v2\/media\/7634"}],"wp:attachment":[{"href":"https:\/\/naillycosmetics.com\/fr\/wp-json\/wp\/v2\/media?parent=2788"}],"wp:term":[{"taxonomy":"product_brand","embeddable":true,"href":"https:\/\/naillycosmetics.com\/fr\/wp-json\/wp\/v2\/product_brand?post=2788"},{"taxonomy":"product_cat","embeddable":true,"href":"https:\/\/naillycosmetics.com\/fr\/wp-json\/wp\/v2\/product_cat?post=2788"},{"taxonomy":"product_tag","embeddable":true,"href":"https:\/\/naillycosmetics.com\/fr\/wp-json\/wp\/v2\/product_tag?post=2788"}],"curies":[{"name":"wp","href":"https:\/\/api.w.org\/{rel}","templated":true}]}}