{"id":27719,"date":"2020-03-17T20:03:59","date_gmt":"2020-03-18T00:03:59","guid":{"rendered":"https:\/\/naillycosmetics.com\/en\/product\/mega-rubber-base-coat-gel-victoria-vynn\/"},"modified":"2026-04-07T21:03:46","modified_gmt":"2026-04-08T01:03:46","slug":"mega-rubber-base-coat-gel-victoria-vynn","status":"publish","type":"product","link":"https:\/\/naillycosmetics.com\/fr\/produit\/mega-rubber-base-coat-gel-victoria-vynn\/","title":{"rendered":"Victoria VYNN Mega Rubber Base Coat"},"content":{"rendered":"<h2 class=\"wp-block-heading\">D\u00e9couvrez le pouvoir de transformation de la <strong>caoutchouc couche de base gel<\/strong> pour am\u00e9liorer votre exp\u00e9rience de la manucure.<\/h2><p>Les m\u00e9ga <strong>Gel pour couche de base en caoutchouc<\/strong> est une couche de base en caoutchouc multifonctionnelle, flexible et durable. La formule et les propri\u00e9t\u00e9s exceptionnelles de la Mega Base permettent d'\u00e9tendre la plaque de l'ongle jusqu'\u00e0 7 mm et de renforcer la plaque de l'ongle naturel. Gr\u00e2ce \u00e0 sa consistance \u00e9paisse et autonivelante, elle permet de fa\u00e7onner correctement la plaque de l'ongle et de construire l'apex.<\/p><p>L'utilisation d'un <strong>caoutchouc couche de base gel<\/strong> assure une finition durable et renforce la solidit\u00e9 de vos ongles.<\/p><p>Ce produit est parfait pour les d\u00e9butantes et les proth\u00e9sistes ongulaires exp\u00e9riment\u00e9es. Utilis\u00e9 uniquement avec un Hybrid Top, le Mega Rubber Base Coat Gel donne \u00e0 la manucure un aspect sain et naturel. <\/p><h5 class=\"wp-block-heading\">Durci dans une lampe LED ou UV.<\/h5><li>Fournit une base solide lors de l'utilisation du <strong>caoutchouc couche de base gel<\/strong> pour les ongles.<\/li><li>Parfait pour la cr\u00e9ation de nail art avec le <strong>caoutchouc couche de base gel<\/strong> comme base.<\/li><li>Am\u00e9liore la durabilit\u00e9 de votre manucure avec un <strong>caoutchouc couche de base gel<\/strong>.<\/li><li>Id\u00e9al pour les proth\u00e9sistes ongulaires qui souhaitent obtenir des r\u00e9sultats fiables en utilisant des produits de qualit\u00e9. <strong>caoutchouc couche de base gel<\/strong>.<\/li><li>Utilise les avantages de la <strong>caoutchouc couche de base gel<\/strong> pour une sant\u00e9 optimale des ongles.<\/li><li>Le pr\u00e9sent <strong>caoutchouc couche de base gel<\/strong> est id\u00e9al pour obtenir une finition lisse.<\/li><li>Le temps de durcissement rapide permet au <strong>caoutchouc couche de base gel<\/strong> pratique pour les horaires charg\u00e9s.<\/li><li>Disponible dans une vari\u00e9t\u00e9 de couleurs, le <strong>caoutchouc couche de base gel<\/strong> peut s'adapter \u00e0 tous les styles.<\/li><ul class=\"wp-block-list\"><li>Plaque de clou durcie et renforc\u00e9e<\/li>\n\n<li>Extension des plaques d'ongles naturels, m\u00eame jusqu'\u00e0 7 mm<\/li>\n\n<li>Contr\u00f4le total lors de l'application : ne goutte pas et ne coule pas dans les cuticules<\/li>\n\n<li>Cr\u00e9ation d'une courbe C parfaite gr\u00e2ce \u00e0 sa consistance \u00e9paisse<\/li>\n\n<li>Manucure ultra-\u00e9lastique, r\u00e9sistante aux agressions physiques<\/li>\n\n<li>Ne jaunit pas<\/li>\n\n<li>Temps de s\u00e9chage : Lampe LED 48W - 30 secondes Lampe LED 24W - 60 secondes, Lampe UV 36W - 120 secondes<\/li>\n\n<li>16 couleurs - transparent, beige, rose, rose froid, blanc laiteux, rose lys, rose beige et rose vif, rose p\u00eache, citron, menthe, lavande, lilas, p\u00eache scintillante, p\u00eache scintillante, rose scintillant.<\/li><\/ul><p><\/p><h2 class=\"wp-block-heading\">Q&amp;R<\/h2><p><\/p><h3 class=\"wp-block-heading\">\u00c0 quoi sert le gel de caoutchouc ?<\/h3><p><\/p><p><strong>Gel de base en caoutchouc<\/strong> est un type de produit pour les ongles utilis\u00e9 dans les manucures professionnelles, en particulier avec les syst\u00e8mes de gel. Il s'agit d'une couche de base plus \u00e9paisse et plus souple.<\/p><p><\/p><h3 class=\"wp-block-heading\">Quels sont les avantages d'un gel \u00e0 base de caoutchouc ?<\/h3><p><\/p><ul class=\"wp-block-list\"><li><strong>Renforcer les ongles naturels<\/strong><br>Il renforce les ongles faibles, fins ou cassants, les rendant plus forts sans l'encombrement du gel dur ou de l'acrylique.<\/li>\n\n<li><strong>Flexibilit\u00e9 pour un mouvement naturel<\/strong><br>Contrairement aux vernis de base ordinaires, il est flexible - il se plie avec l'ongle naturel, ce qui permet d'\u00e9viter les craquelures ou le d\u00e9collement de l'ongle.<\/li>\n\n<li><strong>Surface lisse de l'ongle<\/strong><br>Il comble les stries et les imperfections pour un r\u00e9sultat impeccable et lisse avant l'application de la couleur.<\/li>\n\n<li><strong>Extensions d'ongles l\u00e9g\u00e8res<\/strong><br>Il peut \u00eatre utilis\u00e9 pour construire l\u00e9g\u00e8rement l'apex ou pour allonger un peu le clou \u00e0 l'aide de formes ou d'embouts.<\/li>\n\n<li><strong>Meilleure adh\u00e9rence<\/strong><br>Il permet au vernis en gel ou au gel de couleur de mieux adh\u00e9rer et de durer plus longtemps sans s'\u00e9cailler.<\/li><\/ul><p><\/p><h3 class=\"wp-block-heading\">Pour qui est-il recommand\u00e9 ?<\/h3><ul class=\"wp-block-list\"><li>Ongles mous, \u00e9caill\u00e9s ou ab\u00eem\u00e9s<\/li>\n\n<li>Les clientes qui souhaitent une manucure plus naturelle mais durable<\/li>\n\n<li>Les techniciens de l'ongle cherchent \u00e0 r\u00e9duire le soul\u00e8vement et \u00e0 am\u00e9liorer la r\u00e9tention<\/li><\/ul><p><\/p><h4 class=\"wp-block-heading\">Base en caoutchouc ou gel de construction ?<\/h4><h5 class=\"wp-block-heading\"><strong>Gel de caoutchouc<\/strong><\/h5><p><strong>Meilleur pour :<\/strong> Renforcement des ongles naturels, lissage de la surface, l\u00e9g\u00e8re construction<br><strong>Texture :<\/strong> \u00c9pais mais flexible<br><strong>La force :<\/strong> Moyen<br><strong>Flexibilit\u00e9 :<\/strong> Haut (se plie avec l'ongle)<br><strong>Utilisez-le pour :<\/strong><\/p><ul class=\"wp-block-list\"><li>Ongles naturels faibles, cassants ou qui s'\u00e9caillent<\/li>\n\n<li>Lissage des cr\u00eates et des imperfections<\/li>\n\n<li>Recouvrements minces<\/li>\n\n<li>Des ongles courts et d'aspect naturel<\/li>\n\n<li>Base pour vernis gel avec tenue suppl\u00e9mentaire<\/li><\/ul><h5 class=\"wp-block-heading\"><strong><a href=\"https:\/\/victoriavynn.ca\/nail-extension-gel\/hard-nail-gel\/\" data-type=\"page\" data-id=\"5645\" target=\"_blank\" rel=\"noopener\">Gel de construction<\/a> (alias Build Gel)<\/strong><\/h5><p><strong>Meilleur pour :<\/strong> Sculpter, \u00e9tendre, cr\u00e9er une structure<br><strong>Texture :<\/strong> Plus \u00e9pais et plus solide que la base en caoutchouc<br><strong>La force :<\/strong> Haut<br><strong>Flexibilit\u00e9 :<\/strong> Faible \u00e0 moyen (plus rigide)<br><strong>Utilisez-le pour :<\/strong><\/p><ul class=\"wp-block-list\"><li>Sommet et structure du b\u00e2timent<\/li>\n\n<li>Extensions moyennes \u00e0 longues<\/li>\n\n<li>Des recouvrements solides<\/li>\n\n<li>Cr\u00e9ation de formes d'ongles comme l'amande, le cercueil, le carr\u00e9<\/li>\n\n<li>Remplacement des acryliques<\/li><\/ul>","protected":false},"excerpt":{"rendered":"<p>La Mega Rubber Base Coat est une couche de base en caoutchouc multifonctionnelle, flexible et durable. La formule et les propri\u00e9t\u00e9s exceptionnelles de la Mega Base Coat permettent d'\u00e9tendre la plaque de l'ongle jusqu'\u00e0 7 mm et de renforcer la plaque de l'ongle naturel. Gr\u00e2ce \u00e0 sa consistance \u00e9paisse et autonivelante, elle permet de fa\u00e7onner correctement la plaque de l'ongle et de construire l'apex. Le produit est parfait pour les d\u00e9butants et les proth\u00e9sistes ongulaires exp\u00e9riment\u00e9s. Lorsqu'il est utilis\u00e9 uniquement avec un\u00a0<a href=\"https:\/\/victoriavynn.ca\/professional-gel-nail-polish\/best-gel-top-coats\/\">Haut hybride<\/a>, La couche de base Mega Rubber donne \u00e0 la manucure un aspect sain et naturel. Durci dans un\u00a0<a href=\"https:\/\/victoriavynn.ca\/?s=LED+lamp&amp;post_type=product&amp;dgwt_wcas=1\">LED \/ lampe UV<\/a>.<\/p>\n<p>Am\u00e9liorez la solidit\u00e9 de vos ongles avec nos couches de base en caoutchouc de qualit\u00e9 sup\u00e9rieure. D\u00e9couvrez les options de base de gel constructeur et de gel de caoutchouc sans HEMA pour une tenue s\u00fbre et durable. Achetez des bases en caoutchouc et des gels constructeurs pour des r\u00e9sultats impeccables.\u00a0 \u00a0\u00a0\u00a0 \u00a0<\/p>\n<p>Sp\u00e9cifications du produit :<\/p>\n<p><img loading=\"lazy\" decoding=\"async\" class=\"alignleft wp-image-8756 size-full\" src=\"https:\/\/victoriavynn.ca\/wp-content\/uploads\/2020\/03\/SELF-LEVELING.webp\" alt=\"rubber base coat\" width=\"125\" height=\"150\" \/> <img loading=\"lazy\" decoding=\"async\" class=\"alignleft wp-image-8757 size-full\" src=\"https:\/\/victoriavynn.ca\/wp-content\/uploads\/2020\/03\/FOR-BUILD-UP-AND-EXTENSION.webp\" alt=\"rubber base coat\" width=\"125\" height=\"150\" \/> <img loading=\"lazy\" decoding=\"async\" class=\"alignleft wp-image-8758 size-full\" src=\"https:\/\/victoriavynn.ca\/wp-content\/uploads\/2020\/03\/FOR-UV-LED-LAMPS.webp\" alt=\"rubber base coat\" width=\"125\" height=\"150\" \/> <img loading=\"lazy\" decoding=\"async\" class=\"alignleft wp-image-8759 size-full\" src=\"https:\/\/victoriavynn.ca\/wp-content\/uploads\/2020\/03\/INCREASED-DURABILITY.webp\" alt=\"rubber base coat\" width=\"125\" height=\"150\" \/><\/p>\n<p>&nbsp;<\/p>\n<p>&nbsp;<\/p>\n<p>&nbsp;<\/p>\n<p>&nbsp;<\/p>\n<p>&nbsp;<\/p>","protected":false},"featured_media":27646,"comment_status":"open","ping_status":"closed","template":"","meta":{"jetpack_post_was_ever_published":false,"jetpack_publicize_message":"","jetpack_publicize_feature_enabled":true,"jetpack_social_post_already_shared":true,"jetpack_social_options":{"image_generator_settings":{"template":"highway","default_image_id":0,"font":"","enabled":false},"version":2}},"product_brand":[],"product_cat":[54,30],"product_tag":[94,908,607],"class_list":{"0":"post-27719","1":"product","2":"type-product","3":"status-publish","4":"has-post-thumbnail","6":"product_cat-best-professional-gel-base-coats","7":"product_cat-rubber-base-gel","8":"product_tag-mega-rubber-base-coat-colors","9":"product_tag-mega-rubber-base-cover-series","10":"product_tag-rubber-base","11":"product_shipping_class-cardboard-box","12":"pa_size-15ml","13":"pa_size-8ml","15":"first","16":"instock","17":"taxable","18":"shipping-taxable","19":"purchasable","20":"product-type-variable","21":"wvs-archive-product-wrapper"},"jetpack_publicize_connections":[],"jetpack-related-posts":[{"id":3607,"url":"https:\/\/naillycosmetics.com\/fr\/?attachment_id=3607","url_meta":{"origin":27719,"position":0},"title":"94","author":"Serge Sahakian","date":"ao\u00fbt 24, 2022","format":false,"excerpt":"","rel":"","context":"Article similaire","block_context":{"text":"Article similaire","link":""},"img":{"alt_text":"","src":"https:\/\/i0.wp.com\/naillycosmetics.com\/wp-content\/uploads\/2020\/02\/94-1.png?fit=400%2C400&ssl=1&resize=350%2C200","width":350,"height":200},"classes":[]},{"id":11306,"url":"https:\/\/naillycosmetics.com\/fr\/produit\/best-selling-lipgloss-nails-gel-just-base\/","url_meta":{"origin":27719,"position":1},"title":"Victoria VYNN Gel Polish Just Base","author":"Serge Sahakian","date":"avril 13, 2023","format":false,"excerpt":"Une manucure r\u00e9alis\u00e9e \u00e0 l'aide d'une simple base et d'un top hybride est une tendance unique cette ann\u00e9e, sous le nom intrigant de \"Lipgloss Nails Gel\". Inspir\u00e9e du gloss, cette manucure est \u00e0 la fois subtile, naturelle et fabuleusement belle. Elle est parfaite pour tout type de manucure et...","rel":"","context":"Article similaire","block_context":{"text":"Article similaire","link":""},"img":{"alt_text":"Victoria VYNN Best Lipgloss Nails Gel Just Base Rubber Base Coat 2023 Rosen","src":"https:\/\/i0.wp.com\/naillycosmetics.com\/wp-content\/uploads\/2023\/04\/Victoria-VYNN-Best-Lipgloss-Nails-Gel-Just-Base-Rubber-Base-Coat-2023-Rosen.webp?fit=750%2C1000&ssl=1&resize=350%2C200","width":350,"height":200,"srcset":"https:\/\/i0.wp.com\/naillycosmetics.com\/wp-content\/uploads\/2023\/04\/Victoria-VYNN-Best-Lipgloss-Nails-Gel-Just-Base-Rubber-Base-Coat-2023-Rosen.webp?fit=750%2C1000&ssl=1&resize=350%2C200 1x, https:\/\/i0.wp.com\/naillycosmetics.com\/wp-content\/uploads\/2023\/04\/Victoria-VYNN-Best-Lipgloss-Nails-Gel-Just-Base-Rubber-Base-Coat-2023-Rosen.webp?fit=750%2C1000&ssl=1&resize=525%2C300 1.5x, https:\/\/i0.wp.com\/naillycosmetics.com\/wp-content\/uploads\/2023\/04\/Victoria-VYNN-Best-Lipgloss-Nails-Gel-Just-Base-Rubber-Base-Coat-2023-Rosen.webp?fit=750%2C1000&ssl=1&resize=700%2C400 2x"},"classes":[]},{"id":11612,"url":"https:\/\/naillycosmetics.com\/fr\/produit\/victoria-vynn-best-gel-polish-starter-kit\/","url_meta":{"origin":27719,"position":2},"title":"Victoria VYNN Salon Gel Polish Starter Kit (Pack de 5)","author":"Serge Sahakian","date":"avril 27, 2023","format":false,"excerpt":"The Best Gel Polish Starter Kit with Premium Salon Quality! The Kit is composed of 5 Best Selling Products in the Salon Gel Polish System: Salon Nail Prep Salon Tape Bond Mega Rubber Base Coat Salon Gel Polish Top Coat No Wipe Gloss Product Specifications: \u00a0 \u00a0 \u00a0 \u00a0 \u00a0\u2026","rel":"","context":"Avec 2 commentaires","block_context":{"text":"Avec 2 commentaires","link":"https:\/\/naillycosmetics.com\/fr\/produit\/victoria-vynn-best-gel-polish-starter-kit\/#comments"},"img":{"alt_text":"Victoria VYNN Best Gel Polish Starter Kit","src":"https:\/\/i0.wp.com\/naillycosmetics.com\/wp-content\/uploads\/2026\/02\/gel-polish-starter-pack.webp?fit=750%2C1000&ssl=1&resize=350%2C200","width":350,"height":200,"srcset":"https:\/\/i0.wp.com\/naillycosmetics.com\/wp-content\/uploads\/2026\/02\/gel-polish-starter-pack.webp?fit=750%2C1000&ssl=1&resize=350%2C200 1x, https:\/\/i0.wp.com\/naillycosmetics.com\/wp-content\/uploads\/2026\/02\/gel-polish-starter-pack.webp?fit=750%2C1000&ssl=1&resize=525%2C300 1.5x, https:\/\/i0.wp.com\/naillycosmetics.com\/wp-content\/uploads\/2026\/02\/gel-polish-starter-pack.webp?fit=750%2C1000&ssl=1&resize=700%2C400 2x"},"classes":[]},{"id":20559,"url":"https:\/\/naillycosmetics.com\/fr\/produit\/victoria-vynn-5-pack-luna-glass-no-408412262-oh-my-gloss-top-coat-8ml-mega-base-milky-white-8ml\/","url_meta":{"origin":27719,"position":3},"title":"Victoria VYNN 5 Pack Luna Glass No. 408,412,262, Oh ! My Gloss Top Coat 8ml &amp; Mega Base Milky White 8ml","author":"Serge Sahakian","date":"avril 25, 2025","format":false,"excerpt":"Laissez-vous inspirer par l'espace et d\u00e9passez les horizons de la Terre. LUNAglass est un voyage au-del\u00e0 de l'atmosph\u00e8re terrestre, o\u00f9 la lumi\u00e8re argent\u00e9e de la lune \u00e9blouit et hypnotise. Pr\u00e9parez-vous \u00e0 une collection qui va intriguer et cr\u00e9er de nouvelles tendances en mati\u00e8re de manucure. La cl\u00e9 de l'effet galactique ?...","rel":"","context":"Article similaire","block_context":{"text":"Article similaire","link":""},"img":{"alt_text":"victoria vynn luna glass pack of 5 with 412","src":"https:\/\/i0.wp.com\/naillycosmetics.com\/wp-content\/uploads\/2026\/02\/victoria-vynn-luna-glass-pack-of-5-with-412.webp?fit=750%2C1000&ssl=1&resize=350%2C200","width":350,"height":200,"srcset":"https:\/\/i0.wp.com\/naillycosmetics.com\/wp-content\/uploads\/2026\/02\/victoria-vynn-luna-glass-pack-of-5-with-412.webp?fit=750%2C1000&ssl=1&resize=350%2C200 1x, https:\/\/i0.wp.com\/naillycosmetics.com\/wp-content\/uploads\/2026\/02\/victoria-vynn-luna-glass-pack-of-5-with-412.webp?fit=750%2C1000&ssl=1&resize=525%2C300 1.5x, https:\/\/i0.wp.com\/naillycosmetics.com\/wp-content\/uploads\/2026\/02\/victoria-vynn-luna-glass-pack-of-5-with-412.webp?fit=750%2C1000&ssl=1&resize=700%2C400 2x"},"classes":[]},{"id":20561,"url":"https:\/\/naillycosmetics.com\/fr\/produit\/victoria-vynn-5-pack-luna-glass-no-408413262-oh-my-gloss-top-coat-8ml-mega-base-milky-white-8ml\/","url_meta":{"origin":27719,"position":4},"title":"Victoria VYNN 5 Pack Luna Glass No. 408,413,262, Oh ! My Gloss Top Coat 8ml &amp; Mega Base Milky White 8ml","author":"Serge Sahakian","date":"avril 25, 2025","format":false,"excerpt":"Laissez-vous inspirer par l'espace et d\u00e9passez les horizons de la Terre. LUNAglass est un voyage au-del\u00e0 de l'atmosph\u00e8re terrestre, o\u00f9 la lumi\u00e8re argent\u00e9e de la lune \u00e9blouit et hypnotise. Pr\u00e9parez-vous \u00e0 une collection qui va intriguer et cr\u00e9er de nouvelles tendances en mati\u00e8re de manucure. La cl\u00e9 de l'effet galactique ?...","rel":"","context":"Article similaire","block_context":{"text":"Article similaire","link":""},"img":{"alt_text":"victoria vynn luna glass pack of 5 new 413","src":"https:\/\/i0.wp.com\/naillycosmetics.com\/wp-content\/uploads\/2026\/02\/victoria-vynn-luna-glass-pack-of-5-new-413.webp?fit=750%2C1000&ssl=1&resize=350%2C200","width":350,"height":200,"srcset":"https:\/\/i0.wp.com\/naillycosmetics.com\/wp-content\/uploads\/2026\/02\/victoria-vynn-luna-glass-pack-of-5-new-413.webp?fit=750%2C1000&ssl=1&resize=350%2C200 1x, https:\/\/i0.wp.com\/naillycosmetics.com\/wp-content\/uploads\/2026\/02\/victoria-vynn-luna-glass-pack-of-5-new-413.webp?fit=750%2C1000&ssl=1&resize=525%2C300 1.5x, https:\/\/i0.wp.com\/naillycosmetics.com\/wp-content\/uploads\/2026\/02\/victoria-vynn-luna-glass-pack-of-5-new-413.webp?fit=750%2C1000&ssl=1&resize=700%2C400 2x"},"classes":[]},{"id":15164,"url":"https:\/\/naillycosmetics.com\/fr\/produit\/victoria-vynn-best-rubber-top-coat-no-wipe\/","url_meta":{"origin":27719,"position":5},"title":"Victoria VYNN Gel Polish Top Secret Top Coat No Wipe 8ml","author":"Serge Sahakian","date":"septembre 9, 2023","format":false,"excerpt":"Victoria VYNN's Best Rubber Top Coat No Wipe ! Semi-transparents et autonivelants, gr\u00e2ce \u00e0 leur d\u00e9licate opacit\u00e9, ils \u00e9galisent magnifiquement les nuances des couleurs utilis\u00e9es, \u00e9liminent toutes les imperfections et s\u00e9curisent parfaitement l'ensemble de la manucure. Sp\u00e9cifications du produit : \u00a0 \u00a0 \u00a0 \u00a0","rel":"","context":"Article similaire","block_context":{"text":"Article similaire","link":""},"img":{"alt_text":"Victoria VYNN Top Secret Best Rubber Top Coat No Wipe Pink","src":"https:\/\/i0.wp.com\/naillycosmetics.com\/wp-content\/uploads\/2023\/09\/victoria-vynn-top-secret-rubber-top-coat-no-wipe-pink-.webp?fit=750%2C1000&ssl=1&resize=350%2C200","width":350,"height":200,"srcset":"https:\/\/i0.wp.com\/naillycosmetics.com\/wp-content\/uploads\/2023\/09\/victoria-vynn-top-secret-rubber-top-coat-no-wipe-pink-.webp?fit=750%2C1000&ssl=1&resize=350%2C200 1x, https:\/\/i0.wp.com\/naillycosmetics.com\/wp-content\/uploads\/2023\/09\/victoria-vynn-top-secret-rubber-top-coat-no-wipe-pink-.webp?fit=750%2C1000&ssl=1&resize=525%2C300 1.5x, https:\/\/i0.wp.com\/naillycosmetics.com\/wp-content\/uploads\/2023\/09\/victoria-vynn-top-secret-rubber-top-coat-no-wipe-pink-.webp?fit=750%2C1000&ssl=1&resize=700%2C400 2x"},"classes":[]}],"jetpack_sharing_enabled":true,"_links":{"self":[{"href":"https:\/\/naillycosmetics.com\/fr\/wp-json\/wp\/v2\/product\/27719","targetHints":{"allow":["GET"]}}],"collection":[{"href":"https:\/\/naillycosmetics.com\/fr\/wp-json\/wp\/v2\/product"}],"about":[{"href":"https:\/\/naillycosmetics.com\/fr\/wp-json\/wp\/v2\/types\/product"}],"replies":[{"embeddable":true,"href":"https:\/\/naillycosmetics.com\/fr\/wp-json\/wp\/v2\/comments?post=27719"}],"wp:featuredmedia":[{"embeddable":true,"href":"https:\/\/naillycosmetics.com\/fr\/wp-json\/wp\/v2\/media\/27646"}],"wp:attachment":[{"href":"https:\/\/naillycosmetics.com\/fr\/wp-json\/wp\/v2\/media?parent=27719"}],"wp:term":[{"taxonomy":"product_brand","embeddable":true,"href":"https:\/\/naillycosmetics.com\/fr\/wp-json\/wp\/v2\/product_brand?post=27719"},{"taxonomy":"product_cat","embeddable":true,"href":"https:\/\/naillycosmetics.com\/fr\/wp-json\/wp\/v2\/product_cat?post=27719"},{"taxonomy":"product_tag","embeddable":true,"href":"https:\/\/naillycosmetics.com\/fr\/wp-json\/wp\/v2\/product_tag?post=27719"}],"curies":[{"name":"wp","href":"https:\/\/api.w.org\/{rel}","templated":true}]}}