{"id":23773,"date":"2026-02-02T13:41:51","date_gmt":"2026-02-02T18:41:51","guid":{"rendered":"https:\/\/naillycosmetics.com\/product\/victoria-vynn-dust-aurora-2-0\/"},"modified":"2026-03-13T19:03:12","modified_gmt":"2026-03-13T23:03:12","slug":"victoria-vynn-aurora-dust-powder","status":"publish","type":"product","link":"https:\/\/naillycosmetics.com\/fr\/produit\/victoria-vynn-aurora-dust-powder\/","title":{"rendered":"Victoria VYNN Dust Aurora 2.0"},"content":{"rendered":"<p><strong>Victoria VYNN Aurora Dust<\/strong> est une poudre \u00e0 ongles ultra-fine con\u00e7ue pour cr\u00e9er un effet de transparence. <strong>effet d'aurore douce et iris\u00e9e<\/strong> avec de d\u00e9licates variations de couleurs refl\u00e9tant la lumi\u00e8re. Inspir\u00e9 par l'\u00e9clat naturel de l'aurore bor\u00e9ale, il procure une sensation de l\u00e9g\u00e8ret\u00e9 et de l\u00e9g\u00e8ret\u00e9. <strong>Brillance subtile et \u00e9l\u00e9gante<\/strong> qui transforme les ongles en un fini raffin\u00e9 et lumineux.<\/p><p>La texture soyeuse microbroy\u00e9e permet de <strong>application sans effort et estompage sans faille<\/strong>, Aurora Dust cr\u00e9e une surface lisse, semblable \u00e0 du verre, sans paillettes agressives. Aurora Dust refl\u00e8te de douces nuances de perle, de lavande, de bleu glac\u00e9 et de rose blush, changeant magnifiquement avec la lumi\u00e8re tout en conservant un aspect propre et moderne.<\/p><p>Parfait pour les artistes professionnels de l'ongle et les clientes \u00e0 la pointe de la mode, Aurora Dust am\u00e9liore \u00e0 la fois la qualit\u00e9 de l'ongle et la qualit\u00e9 de la peau. <strong>teintes claires et fonc\u00e9es du vernis en gel<\/strong>, Il est donc id\u00e9al pour les designs minimalistes, les ongles de mari\u00e9e et les styles sophistiqu\u00e9s de tous les jours. Utilisez-le par-dessus un vernis de finition sans essuyage pour obtenir un r\u00e9sultat parfait. <strong>\u00e9clat iris\u00e9 de longue dur\u00e9e<\/strong> avec un toucher doux et luxueux.<\/p><hr class=\"wp-block-separator has-alpha-channel-opacity\" \/><h3 class=\"wp-block-heading\"><strong>Principaux avantages<\/strong><\/h3><ul class=\"wp-block-list\"><li>Cr\u00e9e un <strong>aurore douce \/ effet iris\u00e9<\/strong><\/li>\n\n<li>Poudre ultra-fine pour une application lisse et uniforme<\/li>\n\n<li>Des changements de couleur subtils sans paillettes imposantes<\/li>\n\n<li>Rehausse toutes les couleurs de vernis en gel<\/li>\n\n<li>Finition moderne, \u00e9l\u00e9gante et tendance<\/li>\n\n<li>R\u00e9sultats professionnels en salon<\/li><\/ul><hr class=\"wp-block-separator has-alpha-channel-opacity\" \/>","protected":false},"excerpt":{"rendered":"<p>Cr\u00e9ez un \u00e9clat lumineux d'aurore avec Victoria VYNN Aurora Dust, une poudre ultra-fine aux doux reflets iris\u00e9s et au fini soyeux et \u00e9l\u00e9gant.<\/p>","protected":false},"featured_media":24524,"comment_status":"open","ping_status":"closed","template":"","meta":{"jetpack_post_was_ever_published":false,"jetpack_publicize_message":"","jetpack_publicize_feature_enabled":true,"jetpack_social_post_already_shared":true,"jetpack_social_options":{"image_generator_settings":{"template":"highway","default_image_id":0,"font":"","enabled":false},"version":2}},"product_brand":[932],"product_cat":[62],"product_tag":[82],"class_list":{"0":"post-23773","1":"product","2":"type-product","3":"status-publish","4":"has-post-thumbnail","6":"product_brand-victoria-vynn","7":"product_cat-chrome-nail-powder","8":"product_tag-nail-powder-dust-colors","9":"pa_size-5g","11":"first","12":"instock","13":"taxable","14":"shipping-taxable","15":"purchasable","16":"product-type-simple"},"jetpack_publicize_connections":[],"jetpack-related-posts":[{"id":17838,"url":"https:\/\/naillycosmetics.com\/fr\/?attachment_id=17838","url_meta":{"origin":23773,"position":0},"title":"victoria vynn easy fiber gel sparkle milky et sparkle pink mobile slider","author":"Serge Sahakian","date":"mai 9, 2024","format":false,"excerpt":"victoria vynn easy fiber gel sparkle milky et sparkle pink mobile slider","rel":"","context":"Article similaire","block_context":{"text":"Article similaire","link":""},"img":{"alt_text":"victoria vynn easy fiber gel sparkle milky and sparkle pink mobile slider","src":"https:\/\/i0.wp.com\/naillycosmetics.com\/wp-content\/uploads\/2024\/05\/victoria-vynn-easy-fiber-gel-sparkle-milky-and-sparkle-pink-mobile-slider.webp?fit=1200%2C1200&ssl=1&resize=350%2C200","width":350,"height":200,"srcset":"https:\/\/i0.wp.com\/naillycosmetics.com\/wp-content\/uploads\/2024\/05\/victoria-vynn-easy-fiber-gel-sparkle-milky-and-sparkle-pink-mobile-slider.webp?fit=1200%2C1200&ssl=1&resize=350%2C200 1x, https:\/\/i0.wp.com\/naillycosmetics.com\/wp-content\/uploads\/2024\/05\/victoria-vynn-easy-fiber-gel-sparkle-milky-and-sparkle-pink-mobile-slider.webp?fit=1200%2C1200&ssl=1&resize=525%2C300 1.5x, https:\/\/i0.wp.com\/naillycosmetics.com\/wp-content\/uploads\/2024\/05\/victoria-vynn-easy-fiber-gel-sparkle-milky-and-sparkle-pink-mobile-slider.webp?fit=1200%2C1200&ssl=1&resize=700%2C400 2x, https:\/\/i0.wp.com\/naillycosmetics.com\/wp-content\/uploads\/2024\/05\/victoria-vynn-easy-fiber-gel-sparkle-milky-and-sparkle-pink-mobile-slider.webp?fit=1200%2C1200&ssl=1&resize=1050%2C600 3x"},"classes":[]},{"id":16583,"url":"https:\/\/naillycosmetics.com\/fr\/produit\/catchy-cat-eye-gel-polish-354-aurora-shine\/","url_meta":{"origin":23773,"position":1},"title":"Victoria VYNN Gel Polish No. 354 Cat Eye Aurora Shine","author":"Serge Sahakian","date":"d\u00e9cembre 11, 2023","format":false,"excerpt":"Amazing Catchy Cat Eye Gel Polish! \u00a0Victoria VYNN Salon Gel Polish No. 354 - Aurora Shine is an ambiguous pink shade.. Canada's Leading Distributor of Professional Nail Supplies. Buy with Confidence! Collection: Christmas Salon Gel Polish Product Specifications: \u00a0 \u00a0 \u00a0 \u00a0 \u00a0","rel":"","context":"Article similaire","block_context":{"text":"Article similaire","link":""},"img":{"alt_text":"best catchy cat eye gel polish victoira vynn gel polish 354 aurora shine","src":"https:\/\/i0.wp.com\/naillycosmetics.com\/wp-content\/uploads\/2026\/02\/best-catchy-cat-eye-gel-polish-victoira-vynn-gel-polish-354-aurora-shine-1.webp?fit=750%2C1000&ssl=1&resize=350%2C200","width":350,"height":200,"srcset":"https:\/\/i0.wp.com\/naillycosmetics.com\/wp-content\/uploads\/2026\/02\/best-catchy-cat-eye-gel-polish-victoira-vynn-gel-polish-354-aurora-shine-1.webp?fit=750%2C1000&ssl=1&resize=350%2C200 1x, https:\/\/i0.wp.com\/naillycosmetics.com\/wp-content\/uploads\/2026\/02\/best-catchy-cat-eye-gel-polish-victoira-vynn-gel-polish-354-aurora-shine-1.webp?fit=750%2C1000&ssl=1&resize=525%2C300 1.5x, https:\/\/i0.wp.com\/naillycosmetics.com\/wp-content\/uploads\/2026\/02\/best-catchy-cat-eye-gel-polish-victoira-vynn-gel-polish-354-aurora-shine-1.webp?fit=750%2C1000&ssl=1&resize=700%2C400 2x"},"classes":[]},{"id":12352,"url":"https:\/\/naillycosmetics.com\/fr\/produit\/nailly-professional-aurora-mermaid-pigments-pack-of-6\/","url_meta":{"origin":23773,"position":2},"title":"Nailly Professional Aurora Mermaid Powder Pigments (Pack de 6)","author":"Serge Sahakian","date":"juin 5, 2023","format":false,"excerpt":"","rel":"","context":"Article similaire","block_context":{"text":"Article similaire","link":""},"img":{"alt_text":"","src":"https:\/\/i0.wp.com\/naillycosmetics.com\/wp-content\/uploads\/2026\/02\/high-pigment-chrome-powders-2-1.png?fit=750%2C1000&ssl=1&resize=350%2C200","width":350,"height":200,"srcset":"https:\/\/i0.wp.com\/naillycosmetics.com\/wp-content\/uploads\/2026\/02\/high-pigment-chrome-powders-2-1.png?fit=750%2C1000&ssl=1&resize=350%2C200 1x, https:\/\/i0.wp.com\/naillycosmetics.com\/wp-content\/uploads\/2026\/02\/high-pigment-chrome-powders-2-1.png?fit=750%2C1000&ssl=1&resize=525%2C300 1.5x, https:\/\/i0.wp.com\/naillycosmetics.com\/wp-content\/uploads\/2026\/02\/high-pigment-chrome-powders-2-1.png?fit=750%2C1000&ssl=1&resize=700%2C400 2x"},"classes":[]},{"id":23771,"url":"https:\/\/naillycosmetics.com\/fr\/produit\/victoria-vynn-donut-glazed-powder-dust\/","url_meta":{"origin":23773,"position":3},"title":"Victoria VYNN Dust Donut Glazed","author":"Serge Sahakian","date":"f\u00e9vrier 2, 2026","format":false,"excerpt":"Victoria VYNN Donut Glazed Powder offre un effet nacr\u00e9 d\u00e9licat avec une brillance douce et laiteuse pour des ongles modernes et \u00e9l\u00e9gants.","rel":"","context":"Article similaire","block_context":{"text":"Article similaire","link":""},"img":{"alt_text":"Victoria VYNN Donut Glazed Jar","src":"https:\/\/i0.wp.com\/naillycosmetics.com\/wp-content\/uploads\/2026\/02\/victoria-vynn-donut-glazed-jar-2.webp?fit=750%2C1000&ssl=1&resize=350%2C200","width":350,"height":200,"srcset":"https:\/\/i0.wp.com\/naillycosmetics.com\/wp-content\/uploads\/2026\/02\/victoria-vynn-donut-glazed-jar-2.webp?fit=750%2C1000&ssl=1&resize=350%2C200 1x, https:\/\/i0.wp.com\/naillycosmetics.com\/wp-content\/uploads\/2026\/02\/victoria-vynn-donut-glazed-jar-2.webp?fit=750%2C1000&ssl=1&resize=525%2C300 1.5x, https:\/\/i0.wp.com\/naillycosmetics.com\/wp-content\/uploads\/2026\/02\/victoria-vynn-donut-glazed-jar-2.webp?fit=750%2C1000&ssl=1&resize=700%2C400 2x"},"classes":[]},{"id":1309,"url":"https:\/\/naillycosmetics.com\/fr\/produit\/nail-powder-dust\/","url_meta":{"origin":23773,"position":4},"title":"Victoria VYNN Poudre \u00e0 ongles Dust","author":"Serge Sahakian","date":"mars 15, 2020","format":false,"excerpt":"Victoria VYNN Nail Powder Dusts, when applied on white polish, give a charming gloss, which makes them ideal for wedding sterilizations. Two methods of the application : sprinkled on an uncured Top or rubbed into the dispersion layer of a light colored hybrid polish. The use of black polish as\u2026","rel":"","context":"Article similaire","block_context":{"text":"Article similaire","link":""},"img":{"alt_text":"Nail Powder Dust","src":"https:\/\/i0.wp.com\/naillycosmetics.com\/wp-content\/uploads\/2020\/03\/Powder-Dust-1.jpg?fit=1000%2C1000&ssl=1&resize=350%2C200","width":350,"height":200,"srcset":"https:\/\/i0.wp.com\/naillycosmetics.com\/wp-content\/uploads\/2020\/03\/Powder-Dust-1.jpg?fit=1000%2C1000&ssl=1&resize=350%2C200 1x, https:\/\/i0.wp.com\/naillycosmetics.com\/wp-content\/uploads\/2020\/03\/Powder-Dust-1.jpg?fit=1000%2C1000&ssl=1&resize=525%2C300 1.5x, https:\/\/i0.wp.com\/naillycosmetics.com\/wp-content\/uploads\/2020\/03\/Powder-Dust-1.jpg?fit=1000%2C1000&ssl=1&resize=700%2C400 2x"},"classes":[]},{"id":1358,"url":"https:\/\/naillycosmetics.com\/fr\/produit\/metallic-nail-powder-dust\/","url_meta":{"origin":23773,"position":5},"title":"Victoria VYNN Poudre \u00e0 ongles m\u00e9tallis\u00e9e Dust","author":"Serge Sahakian","date":"mars 15, 2020","format":false,"excerpt":"Victoria VYNN Metallic Nail Powder Dust collection consists of 8 shiny dusts in beautiful colors that, after applying Top Gloss No Wipe will make your nails look like water, mirror or metal. The application of the Top Matt No Wipe will give your mail designs made with Metallic Dusts the\u2026","rel":"","context":"Article similaire","block_context":{"text":"Article similaire","link":""},"img":{"alt_text":"nail powder dust","src":"https:\/\/i0.wp.com\/naillycosmetics.com\/wp-content\/uploads\/2022\/10\/metallic-powder-dust-1.jpg?fit=1000%2C1000&ssl=1&resize=350%2C200","width":350,"height":200,"srcset":"https:\/\/i0.wp.com\/naillycosmetics.com\/wp-content\/uploads\/2022\/10\/metallic-powder-dust-1.jpg?fit=1000%2C1000&ssl=1&resize=350%2C200 1x, https:\/\/i0.wp.com\/naillycosmetics.com\/wp-content\/uploads\/2022\/10\/metallic-powder-dust-1.jpg?fit=1000%2C1000&ssl=1&resize=525%2C300 1.5x, https:\/\/i0.wp.com\/naillycosmetics.com\/wp-content\/uploads\/2022\/10\/metallic-powder-dust-1.jpg?fit=1000%2C1000&ssl=1&resize=700%2C400 2x"},"classes":[]}],"jetpack_sharing_enabled":true,"_links":{"self":[{"href":"https:\/\/naillycosmetics.com\/fr\/wp-json\/wp\/v2\/product\/23773","targetHints":{"allow":["GET"]}}],"collection":[{"href":"https:\/\/naillycosmetics.com\/fr\/wp-json\/wp\/v2\/product"}],"about":[{"href":"https:\/\/naillycosmetics.com\/fr\/wp-json\/wp\/v2\/types\/product"}],"replies":[{"embeddable":true,"href":"https:\/\/naillycosmetics.com\/fr\/wp-json\/wp\/v2\/comments?post=23773"}],"wp:featuredmedia":[{"embeddable":true,"href":"https:\/\/naillycosmetics.com\/fr\/wp-json\/wp\/v2\/media\/24524"}],"wp:attachment":[{"href":"https:\/\/naillycosmetics.com\/fr\/wp-json\/wp\/v2\/media?parent=23773"}],"wp:term":[{"taxonomy":"product_brand","embeddable":true,"href":"https:\/\/naillycosmetics.com\/fr\/wp-json\/wp\/v2\/product_brand?post=23773"},{"taxonomy":"product_cat","embeddable":true,"href":"https:\/\/naillycosmetics.com\/fr\/wp-json\/wp\/v2\/product_cat?post=23773"},{"taxonomy":"product_tag","embeddable":true,"href":"https:\/\/naillycosmetics.com\/fr\/wp-json\/wp\/v2\/product_tag?post=23773"}],"curies":[{"name":"wp","href":"https:\/\/api.w.org\/{rel}","templated":true}]}}