{"id":23721,"date":"2025-12-10T14:11:33","date_gmt":"2025-12-10T19:11:33","guid":{"rendered":"https:\/\/naillycosmetics.com\/product\/ulka-carbide-nail-drill-bit-corn-green-head-diameter-5-0-mm-working-part-13-mm-c513-c\/"},"modified":"2026-02-17T19:32:39","modified_gmt":"2026-02-18T00:32:39","slug":"ulka-carbide-corn-bit-green-5mm-c513-c","status":"publish","type":"product","link":"https:\/\/naillycosmetics.com\/fr\/produit\/ulka-carbide-corn-bit-green-5mm-c513-c\/","title":{"rendered":"\u00dcLKA M\u00e8che \u00e0 clous en carbure de ma\u00efs t\u00eate verte diam\u00e8tre 5.0 mm \/ partie travaillante 13 mm (C513-C)"},"content":{"rendered":"<p>Le <strong>\u00dcLKA M\u00e8che \u00e0 clous en carbure T\u00eate verte (C513-C)<\/strong> est un <strong>m\u00e8che professionnelle en carbure de haute performance<\/strong> con\u00e7u pour <strong>une \u00e9limination rapide, agressive et efficace<\/strong> de produits pour ongles artificiels. Avec un <strong>gros grains (t\u00eate verte)<\/strong>, a <strong>Diam\u00e8tre de 5,0 mm<\/strong>, et un <strong>13 mm partie active<\/strong>, Cette m\u00e8che est id\u00e9ale pour les proth\u00e9sistes ongulaires exp\u00e9riment\u00e9es qui travaillent avec des mat\u00e9riaux \u00e9pais ou durs.<\/p><hr class=\"wp-block-separator has-alpha-channel-opacity\" \/><h2 class=\"wp-block-heading\">Sp\u00e9cifications des produits<\/h2><ul class=\"wp-block-list\"><li><strong>Marque :<\/strong> DANS L'ENSEMBLE<\/li>\n\n<li><strong>Mod\u00e8le :<\/strong> C513-C<\/li>\n\n<li><strong>Forme :<\/strong> Ma\u00efs<\/li>\n\n<li><strong>Mat\u00e9riau :<\/strong> Carbure de premi\u00e8re qualit\u00e9<\/li>\n\n<li><strong>Le courage :<\/strong> Grossi\u00e8re (t\u00eate verte)<\/li>\n\n<li><strong>Diam\u00e8tre de la t\u00eate :<\/strong> 5,0 mm<\/li>\n\n<li><strong>Longueur de la pi\u00e8ce de travail :<\/strong> 13 mm<\/li>\n\n<li><strong>Niveau d'utilisation :<\/strong> Professionnel \/ Avanc\u00e9<\/li><\/ul><hr class=\"wp-block-separator has-alpha-channel-opacity\" \/><h2 class=\"wp-block-heading\">Performances et avantages<\/h2><h3 class=\"wp-block-heading\">Gros grain - T\u00eate verte<\/h3><p>Le <strong>bande verte gros grains<\/strong> est con\u00e7u pour <strong>puissance d'enl\u00e8vement maximale<\/strong>, Il est donc id\u00e9al pour :<\/p><ul class=\"wp-block-list\"><li>Acrylique \u00e9pais<\/li>\n\n<li>Gel dur<\/li>\n\n<li>Polygel \/ acrygel<\/li>\n\n<li>Accumulation importante de produits<\/li><\/ul><p>Il r\u00e9duit consid\u00e9rablement le temps de service tout en maintenant la stabilit\u00e9 et le contr\u00f4le dans les mains des professionnels.<\/p><h3 class=\"wp-block-heading\">Forme du ma\u00efs pour un d\u00e9sossage efficace<\/h3><p>Le <strong>t\u00eate en forme de ma\u00efs<\/strong> permet une coupe douce et r\u00e9guli\u00e8re sur la surface de l'ongle, aidant les techniciens \u00e0 d\u00e9buller et \u00e0 retirer rapidement de grandes quantit\u00e9s de produit sans obstruction ni saut.<\/p><h3 class=\"wp-block-heading\">Construction en carbure de premi\u00e8re qualit\u00e9<\/h3><p>Fabriqu\u00e9 \u00e0 partir de <strong>carbure de haute qualit\u00e9<\/strong>, Ce foret \u00e0 clous offre :<\/p><ul class=\"wp-block-list\"><li>Durabilit\u00e9 exceptionnelle<\/li>\n\n<li>Un tranchant durable<\/li>\n\n<li>Performances de coupe constantes<\/li>\n\n<li>R\u00e9sistance \u00e0 l'usure et \u00e0 la surchauffe<\/li><\/ul><p>Parfait pour les salons de coiffure tr\u00e8s fr\u00e9quent\u00e9s et pour une utilisation quotidienne r\u00e9p\u00e9t\u00e9e.<\/p><hr class=\"wp-block-separator has-alpha-channel-opacity\" \/><h2 class=\"wp-block-heading\">Utilisations recommand\u00e9es<\/h2><ul class=\"wp-block-list\"><li>Retrait rapide de l'acrylique et du gel dur<\/li>\n\n<li>Am\u00e9lioration des ongles \u00e9pais<\/li>\n\n<li>Services professionnels de recharge et de correction<\/li>\n\n<li>Soins avanc\u00e9s de manucure et de p\u00e9dicure<\/li><\/ul><p>\u26a0\ufe0f <em>Recommand\u00e9 uniquement pour les professionnels de l'ongle. Ne convient pas aux ongles naturels.<\/em><\/p><hr class=\"wp-block-separator has-alpha-channel-opacity\" \/><h2 class=\"wp-block-heading\">Compatibilit\u00e9 et hygi\u00e8ne<\/h2><ul class=\"wp-block-list\"><li>Convient <strong>forets \u00e0 clous professionnels standard \u00e0 l'aide d'une lime \u00e9lectronique<\/strong><\/li>\n\n<li>Peut \u00eatre <strong>nettoy\u00e9, d\u00e9sinfect\u00e9 et st\u00e9rilis\u00e9<\/strong> selon les normes d'hygi\u00e8ne du salon<\/li>\n\n<li>Con\u00e7u pour une utilisation professionnelle \u00e0 long terme<\/li><\/ul><hr class=\"wp-block-separator has-alpha-channel-opacity\" \/><h2 class=\"wp-block-heading\">Pourquoi choisir les m\u00e8ches en carbure \u00dcLKA ?<\/h2><p>\u00dcLKA est reconnue internationalement pour ses \u00e9quipements de clouterie de pr\u00e9cision. Les <strong>M\u00e8che en carbure de ma\u00efs C513-C<\/strong> offre vitesse, puissance et fiabilit\u00e9, ce qui en fait un outil essentiel pour les professionnels de l'ongle de haut niveau.<\/p><figure class=\"wp-block-embed is-type-video is-provider-youtube wp-block-embed-youtube wp-embed-aspect-9-16 wp-has-aspect-ratio\"><div class=\"wp-block-embed__wrapper\">\n<div class=\"video-container\"><iframe loading=\"lazy\" title=\"Top \u00dcLKA Nail Bits You Need in Your Kit | Vid\u00e9o de d\u00e9monstration\" width=\"563\" height=\"1000\" src=\"https:\/\/www.youtube.com\/embed\/mjdyy4IjeF4?feature=oembed\" frameborder=\"0\" allow=\"accelerometer; autoplay; clipboard-write; encrypted-media; gyroscope; picture-in-picture; web-share\" referrerpolicy=\"strict-origin-when-cross-origin\" allowfullscreen><\/iframe><\/div>\n<\/div><\/figure>","protected":false},"excerpt":{"rendered":"<p>L'embout \u00dcLKA en carbure \u201cCorn\u201d avec marquage vert est con\u00e7u pour les travaux lourds. Il permet de travailler facilement avec du vernis gel dense, de l'acrylique et des mat\u00e9riaux de modelage. Parfait lorsque la vitesse et la puissance sont la priorit\u00e9.<\/p>\n<p>Sp\u00e9cifications des produits :<\/p>\n<ul>\n<li>Forme : Ma\u00efs<\/li>\n<li>Grain : Grossier<\/li>\n<li>Diam\u00e8tre de la t\u00eate : 5,0 mm<\/li>\n<li>Longueur de la t\u00eate : 13 mm<\/li>\n<li>Mat\u00e9riau : Carbure de tungst\u00e8ne de haute qualit\u00e9 (HRA 95%)<\/li>\n<li>Couleur du grain : vert<\/li>\n<li>Code produit : C513-C<\/li>\n<\/ul>","protected":false},"featured_media":24563,"comment_status":"open","ping_status":"closed","template":"","meta":{"jetpack_post_was_ever_published":false,"jetpack_publicize_message":"","jetpack_publicize_feature_enabled":true,"jetpack_social_post_already_shared":true,"jetpack_social_options":{"image_generator_settings":{"template":"highway","default_image_id":0,"font":"","enabled":false},"version":2}},"product_brand":[900],"product_cat":[942],"product_tag":[603],"class_list":{"0":"post-23721","1":"product","2":"type-product","3":"status-publish","4":"has-post-thumbnail","6":"product_brand-ulka","7":"product_cat-ulka-drill-bits","8":"product_tag-carbide-drill-bits","10":"first","11":"instock","12":"taxable","13":"shipping-taxable","14":"purchasable","15":"product-type-simple"},"jetpack_publicize_connections":[],"jetpack-related-posts":[{"id":23483,"url":"https:\/\/naillycosmetics.com\/fr\/produit\/staleks-pro-expert-diamond-nail-drill-bit-duo-cone-blue-green-head-diameter-2-5-mm-working-part-8-mm\/","url_meta":{"origin":23721,"position":0},"title":"Staleks PRO EXPERT Foret diamant\u00e9 pour ongles DUO Cone Bleu et Vert (diam\u00e8tre de la t\u00eate 2.5 mm \/ partie travaillante 8 mm)","author":"Serge Sahakian","date":"mars 14, 2025","format":false,"excerpt":"FA70BG025\/8","rel":"","context":"Article similaire","block_context":{"text":"Article similaire","link":""},"img":{"alt_text":"","src":"https:\/\/i0.wp.com\/naillycosmetics.com\/wp-content\/uploads\/2026\/02\/fa70bg025_8-2_result-1.jpg?fit=1200%2C1200&ssl=1&resize=350%2C200","width":350,"height":200,"srcset":"https:\/\/i0.wp.com\/naillycosmetics.com\/wp-content\/uploads\/2026\/02\/fa70bg025_8-2_result-1.jpg?fit=1200%2C1200&ssl=1&resize=350%2C200 1x, https:\/\/i0.wp.com\/naillycosmetics.com\/wp-content\/uploads\/2026\/02\/fa70bg025_8-2_result-1.jpg?fit=1200%2C1200&ssl=1&resize=525%2C300 1.5x, https:\/\/i0.wp.com\/naillycosmetics.com\/wp-content\/uploads\/2026\/02\/fa70bg025_8-2_result-1.jpg?fit=1200%2C1200&ssl=1&resize=700%2C400 2x, https:\/\/i0.wp.com\/naillycosmetics.com\/wp-content\/uploads\/2026\/02\/fa70bg025_8-2_result-1.jpg?fit=1200%2C1200&ssl=1&resize=1050%2C600 3x"},"classes":[]},{"id":23481,"url":"https:\/\/naillycosmetics.com\/fr\/produit\/staleks-pro-expert-diamond-nail-drill-bit-duo-cone-red-blue-head-diameter-2-5-mm-working-part-8-mm\/","url_meta":{"origin":23721,"position":1},"title":"Staleks PRO EXPERT Foret diamant\u00e9 pour ongles DUO Cone Rouge et Bleu (diam\u00e8tre de la t\u00eate 2.5 mm \/ partie travaillante 8 mm)","author":"Serge Sahakian","date":"mars 14, 2025","format":false,"excerpt":"FA70RB025\/8","rel":"","context":"Article similaire","block_context":{"text":"Article similaire","link":""},"img":{"alt_text":"","src":"https:\/\/i0.wp.com\/naillycosmetics.com\/wp-content\/uploads\/2026\/02\/fa70rb025_8-2_result-1.jpg?fit=1200%2C1200&ssl=1&resize=350%2C200","width":350,"height":200,"srcset":"https:\/\/i0.wp.com\/naillycosmetics.com\/wp-content\/uploads\/2026\/02\/fa70rb025_8-2_result-1.jpg?fit=1200%2C1200&ssl=1&resize=350%2C200 1x, https:\/\/i0.wp.com\/naillycosmetics.com\/wp-content\/uploads\/2026\/02\/fa70rb025_8-2_result-1.jpg?fit=1200%2C1200&ssl=1&resize=525%2C300 1.5x, https:\/\/i0.wp.com\/naillycosmetics.com\/wp-content\/uploads\/2026\/02\/fa70rb025_8-2_result-1.jpg?fit=1200%2C1200&ssl=1&resize=700%2C400 2x, https:\/\/i0.wp.com\/naillycosmetics.com\/wp-content\/uploads\/2026\/02\/fa70rb025_8-2_result-1.jpg?fit=1200%2C1200&ssl=1&resize=1050%2C600 3x"},"classes":[]},{"id":12362,"url":"https:\/\/naillycosmetics.com\/fr\/produit\/nailly-professional-ceramic-nail-drill-bit-flame-medium-coarse-3-32-blue\/","url_meta":{"origin":23721,"position":2},"title":"Nailly Professional Ceramic Nail Drill Bit Flame Medium Coarse 3\/32\u2033 Blue","author":"Serge Sahakian","date":"juin 5, 2023","format":false,"excerpt":"","rel":"","context":"Article similaire","block_context":{"text":"Article similaire","link":""},"img":{"alt_text":"","src":"https:\/\/i0.wp.com\/naillycosmetics.com\/wp-content\/uploads\/2026\/02\/ceramic-nail-drill-bit-flame-33222-c-medium-2-1.png?fit=750%2C1000&ssl=1&resize=350%2C200","width":350,"height":200,"srcset":"https:\/\/i0.wp.com\/naillycosmetics.com\/wp-content\/uploads\/2026\/02\/ceramic-nail-drill-bit-flame-33222-c-medium-2-1.png?fit=750%2C1000&ssl=1&resize=350%2C200 1x, https:\/\/i0.wp.com\/naillycosmetics.com\/wp-content\/uploads\/2026\/02\/ceramic-nail-drill-bit-flame-33222-c-medium-2-1.png?fit=750%2C1000&ssl=1&resize=525%2C300 1.5x, https:\/\/i0.wp.com\/naillycosmetics.com\/wp-content\/uploads\/2026\/02\/ceramic-nail-drill-bit-flame-33222-c-medium-2-1.png?fit=750%2C1000&ssl=1&resize=700%2C400 2x"},"classes":[]},{"id":22656,"url":"https:\/\/naillycosmetics.com\/fr\/produit\/msmo-nail-drill-bits-set-of-6-01-2\/","url_meta":{"origin":23721,"position":3},"title":"MSMO Forets pour clous Set de 6 #01","author":"Serge Sahakian","date":"octobre 16, 2025","format":false,"excerpt":"","rel":"","context":"Article similaire","block_context":{"text":"Article similaire","link":""},"img":{"alt_text":"","src":"https:\/\/i0.wp.com\/naillycosmetics.com\/wp-content\/uploads\/2026\/02\/msmo1-3.png?fit=1200%2C1200&ssl=1&resize=350%2C200","width":350,"height":200,"srcset":"https:\/\/i0.wp.com\/naillycosmetics.com\/wp-content\/uploads\/2026\/02\/msmo1-3.png?fit=1200%2C1200&ssl=1&resize=350%2C200 1x, https:\/\/i0.wp.com\/naillycosmetics.com\/wp-content\/uploads\/2026\/02\/msmo1-3.png?fit=1200%2C1200&ssl=1&resize=525%2C300 1.5x, https:\/\/i0.wp.com\/naillycosmetics.com\/wp-content\/uploads\/2026\/02\/msmo1-3.png?fit=1200%2C1200&ssl=1&resize=700%2C400 2x, https:\/\/i0.wp.com\/naillycosmetics.com\/wp-content\/uploads\/2026\/02\/msmo1-3.png?fit=1200%2C1200&ssl=1&resize=1050%2C600 3x"},"classes":[]},{"id":22654,"url":"https:\/\/naillycosmetics.com\/fr\/produit\/msmo-nail-drill-bits-set-of-6-02-2\/","url_meta":{"origin":23721,"position":4},"title":"MSMO Forets pour clous Set de 6 #02","author":"Serge Sahakian","date":"octobre 16, 2025","format":false,"excerpt":"","rel":"","context":"Article similaire","block_context":{"text":"Article similaire","link":""},"img":{"alt_text":"","src":"https:\/\/i0.wp.com\/naillycosmetics.com\/wp-content\/uploads\/2026\/02\/msmo1-2.png?fit=1200%2C1200&ssl=1&resize=350%2C200","width":350,"height":200,"srcset":"https:\/\/i0.wp.com\/naillycosmetics.com\/wp-content\/uploads\/2026\/02\/msmo1-2.png?fit=1200%2C1200&ssl=1&resize=350%2C200 1x, https:\/\/i0.wp.com\/naillycosmetics.com\/wp-content\/uploads\/2026\/02\/msmo1-2.png?fit=1200%2C1200&ssl=1&resize=525%2C300 1.5x, https:\/\/i0.wp.com\/naillycosmetics.com\/wp-content\/uploads\/2026\/02\/msmo1-2.png?fit=1200%2C1200&ssl=1&resize=700%2C400 2x, https:\/\/i0.wp.com\/naillycosmetics.com\/wp-content\/uploads\/2026\/02\/msmo1-2.png?fit=1200%2C1200&ssl=1&resize=1050%2C600 3x"},"classes":[]},{"id":23189,"url":"https:\/\/naillycosmetics.com\/fr\/produit\/ulka-sterilization-pouches-with-indicator-100mmx200mm-100-pcs\/","url_meta":{"origin":23721,"position":5},"title":"\u00dcLKA Sachets de st\u00e9rilisation avec indicateur 100mmx200mm (100 pcs)","author":"Serge Sahakian","date":"d\u00e9cembre 10, 2025","format":false,"excerpt":"Les sachets de st\u00e9rilisation \u00dcLKA avec indicateur (100 mm x 200 mm) permettent un stockage s\u00fbr et st\u00e9rile des outils de grande taille. R\u00e9sistantes aux temp\u00e9ratures \u00e9lev\u00e9es, elles sont parfaites pour les st\u00e9rilisateurs \u00e0 chaleur s\u00e8che. Sp\u00e9cifications du produit : Pochettes de st\u00e9rilisation de 100 mm x 200 mm (100 pi\u00e8ces par paquet) Indicateur de couleur int\u00e9gr\u00e9 confirmant la temp\u00e9rature de st\u00e9rilisation Fermeture auto-scellante pour une protection s\u00fbre et inviolable R\u00e9sistant aux hautes temp\u00e9ratures - id\u00e9al...","rel":"","context":"Article similaire","block_context":{"text":"Article similaire","link":""},"img":{"alt_text":"sterilization pouche 200mmx100mm","src":"https:\/\/i0.wp.com\/naillycosmetics.com\/wp-content\/uploads\/2026\/02\/sterilization-pouche-200mmx100mm-.webp?fit=750%2C1000&ssl=1&resize=350%2C200","width":350,"height":200,"srcset":"https:\/\/i0.wp.com\/naillycosmetics.com\/wp-content\/uploads\/2026\/02\/sterilization-pouche-200mmx100mm-.webp?fit=750%2C1000&ssl=1&resize=350%2C200 1x, https:\/\/i0.wp.com\/naillycosmetics.com\/wp-content\/uploads\/2026\/02\/sterilization-pouche-200mmx100mm-.webp?fit=750%2C1000&ssl=1&resize=525%2C300 1.5x, https:\/\/i0.wp.com\/naillycosmetics.com\/wp-content\/uploads\/2026\/02\/sterilization-pouche-200mmx100mm-.webp?fit=750%2C1000&ssl=1&resize=700%2C400 2x"},"classes":[]}],"jetpack_sharing_enabled":true,"_links":{"self":[{"href":"https:\/\/naillycosmetics.com\/fr\/wp-json\/wp\/v2\/product\/23721","targetHints":{"allow":["GET"]}}],"collection":[{"href":"https:\/\/naillycosmetics.com\/fr\/wp-json\/wp\/v2\/product"}],"about":[{"href":"https:\/\/naillycosmetics.com\/fr\/wp-json\/wp\/v2\/types\/product"}],"replies":[{"embeddable":true,"href":"https:\/\/naillycosmetics.com\/fr\/wp-json\/wp\/v2\/comments?post=23721"}],"wp:featuredmedia":[{"embeddable":true,"href":"https:\/\/naillycosmetics.com\/fr\/wp-json\/wp\/v2\/media\/24563"}],"wp:attachment":[{"href":"https:\/\/naillycosmetics.com\/fr\/wp-json\/wp\/v2\/media?parent=23721"}],"wp:term":[{"taxonomy":"product_brand","embeddable":true,"href":"https:\/\/naillycosmetics.com\/fr\/wp-json\/wp\/v2\/product_brand?post=23721"},{"taxonomy":"product_cat","embeddable":true,"href":"https:\/\/naillycosmetics.com\/fr\/wp-json\/wp\/v2\/product_cat?post=23721"},{"taxonomy":"product_tag","embeddable":true,"href":"https:\/\/naillycosmetics.com\/fr\/wp-json\/wp\/v2\/product_tag?post=23721"}],"curies":[{"name":"wp","href":"https:\/\/api.w.org\/{rel}","templated":true}]}}