{"id":2370,"date":"2022-08-17T17:38:57","date_gmt":"2022-08-17T21:38:57","guid":{"rendered":"https:\/\/naillycosmetics.com\/index.php\/product\/victoria-vynn-bottle-gel-one-phase-15ml\/"},"modified":"2026-03-10T19:00:12","modified_gmt":"2026-03-10T23:00:12","slug":"bottle-gel-builder-one-phase","status":"publish","type":"product","link":"https:\/\/naillycosmetics.com\/fr\/produit\/bottle-gel-builder-one-phase\/","title":{"rendered":"Victoria VYNN Bottle Gel One Phase"},"content":{"rendered":"<p>Voici notre Bottle Gel Builder, qui fonctionne parfaitement avec la plaque naturelle de l'ongle, est durable et r\u00e9sistant, gr\u00e2ce auquel le dessin ne se brise pas et ne se fissure pas. La formule \u00e9paisse et autonivelante permet la m\u00e9thode de conception \"une goutte\", sans limage ! Emballage pratique avec pinceau.<\/p>\n<p>Si vous souhaitez une construction rapide des ongles, Bottle Gel One Phase est fait pour vous !<\/p>\n<p>Plusieurs possibilit\u00e9s dans un seul flacon : transparent, ongles moyens ou longs, sans couleur ou avec couleur. A vous de choisir.<\/p>\n<p>Pour les stylistes de tous niveaux.<\/p>","protected":false},"excerpt":{"rendered":"<p>Voici notre Bottle Gel Builder, qui fonctionne parfaitement avec la plaque naturelle de l'ongle, est durable et r\u00e9sistant, gr\u00e2ce auquel le dessin ne se brise pas et ne se fissure pas. La formule \u00e9paisse et autonivelante permet la m\u00e9thode de conception \"une goutte\", sans limage ! Emballage pratique avec pinceau.<\/p>\n<p>Sp\u00e9cifications du produit :<\/p>\n<p><img loading=\"lazy\" decoding=\"async\" class=\"size-full wp-image-9076 alignleft\" src=\"http:\/\/naillycosmetics.com\/wp-content\/uploads\/2022\/08\/ONE-DROP.webp\" alt=\"\" width=\"125\" height=\"150\" \/> <img loading=\"lazy\" decoding=\"async\" class=\"size-full wp-image-9077 alignleft\" src=\"http:\/\/naillycosmetics.com\/wp-content\/uploads\/2022\/08\/ONE-PHASE.webp\" alt=\"\" width=\"125\" height=\"150\" \/><img loading=\"lazy\" decoding=\"async\" class=\"size-full wp-image-9075 alignleft\" src=\"http:\/\/naillycosmetics.com\/wp-content\/uploads\/2022\/08\/Fast-nail-building.webp\" alt=\"\" width=\"125\" height=\"150\" \/><img loading=\"lazy\" decoding=\"async\" class=\"size-full wp-image-8758 alignleft\" src=\"http:\/\/naillycosmetics.com\/wp-content\/uploads\/2020\/03\/FOR-UV-LED-LAMPS.webp\" alt=\"rubber base coat\" width=\"125\" height=\"150\" \/><\/p>\n<p>&nbsp;<\/p>\n<p>&nbsp;<\/p>\n<p>&nbsp;<\/p>\n<p>&nbsp;<\/p>","protected":false},"featured_media":9074,"comment_status":"open","ping_status":"closed","template":"","meta":{"jetpack_post_was_ever_published":false,"jetpack_publicize_message":"","jetpack_publicize_feature_enabled":true,"jetpack_social_post_already_shared":true,"jetpack_social_options":{"image_generator_settings":{"template":"highway","default_image_id":0,"font":"","enabled":false},"version":2}},"product_brand":[932],"product_cat":[35],"product_tag":[101],"class_list":{"0":"post-2370","1":"product","2":"type-product","3":"status-publish","4":"has-post-thumbnail","6":"product_brand-victoria-vynn","7":"product_cat-builder-in-a-bottle","8":"product_tag-bottle-gel-builder-colors","9":"product_shipping_class-cardboard-box","10":"pa_size-15ml","12":"first","13":"instock","14":"taxable","15":"shipping-taxable","16":"purchasable","17":"product-type-variable","18":"wvs-archive-product-wrapper"},"jetpack_publicize_connections":[],"jetpack-related-posts":[{"id":28697,"url":"https:\/\/naillycosmetics.com\/fr\/produit\/victoria-vynn-insta-gel\/","url_meta":{"origin":2370,"position":0},"title":"Victoria VYNN Insta Gel","author":"Serge Sahakian","date":"mars 23, 2026","format":false,"excerpt":"Victoria VYNN Insta Gel is designed for fast, efficient application, helping nail technicians deliver quick, flawless, and glossy results with reduced service time. Product Specifications: \u00a0 \u00a0 \u00a0 \u00a0 \u00a0 \u00a0","rel":"","context":"Article similaire","block_context":{"text":"Article similaire","link":""},"img":{"alt_text":"","src":"https:\/\/i0.wp.com\/naillycosmetics.com\/wp-content\/uploads\/2026\/03\/victoria-vynn-insta-gel-01.webp?fit=750%2C1000&ssl=1&resize=350%2C200","width":350,"height":200,"srcset":"https:\/\/i0.wp.com\/naillycosmetics.com\/wp-content\/uploads\/2026\/03\/victoria-vynn-insta-gel-01.webp?fit=750%2C1000&ssl=1&resize=350%2C200 1x, https:\/\/i0.wp.com\/naillycosmetics.com\/wp-content\/uploads\/2026\/03\/victoria-vynn-insta-gel-01.webp?fit=750%2C1000&ssl=1&resize=525%2C300 1.5x, https:\/\/i0.wp.com\/naillycosmetics.com\/wp-content\/uploads\/2026\/03\/victoria-vynn-insta-gel-01.webp?fit=750%2C1000&ssl=1&resize=700%2C400 2x"},"classes":[]},{"id":1927,"url":"https:\/\/naillycosmetics.com\/fr\/produit\/mousse-sculpture-gel\/","url_meta":{"origin":2370,"position":1},"title":"Victoria VYNN Mousse Sculpture Gel","author":"Serge Sahakian","date":"mars 7, 2021","format":false,"excerpt":"Victoria VYNN Mousse Sculpture Gel is a product that works perfectly with the brush, it just needs to be gently pushed in the right direction while working. After curing in a UV or LED lamp, it becomes ultra-strong, hard and resistant to damage, but remains easy to work with. It\u2026","rel":"","context":"Article similaire","block_context":{"text":"Article similaire","link":""},"img":{"alt_text":"sculpture gel","src":"https:\/\/i0.wp.com\/naillycosmetics.com\/wp-content\/uploads\/2021\/03\/sculpture-gel.webp?fit=750%2C1000&ssl=1&resize=350%2C200","width":350,"height":200,"srcset":"https:\/\/i0.wp.com\/naillycosmetics.com\/wp-content\/uploads\/2021\/03\/sculpture-gel.webp?fit=750%2C1000&ssl=1&resize=350%2C200 1x, https:\/\/i0.wp.com\/naillycosmetics.com\/wp-content\/uploads\/2021\/03\/sculpture-gel.webp?fit=750%2C1000&ssl=1&resize=525%2C300 1.5x, https:\/\/i0.wp.com\/naillycosmetics.com\/wp-content\/uploads\/2021\/03\/sculpture-gel.webp?fit=750%2C1000&ssl=1&resize=700%2C400 2x"},"classes":[]},{"id":22880,"url":"https:\/\/naillycosmetics.com\/fr\/produit\/victoria-vynn-liquid-polygel-15ml\/","url_meta":{"origin":2370,"position":2},"title":"Victoria VYNN Polygel liquide 15ml","author":"Serge Sahakian","date":"octobre 18, 2025","format":false,"excerpt":"D\u00e9couvrez l'avenir de l'architecture des ongles avec Victoria Vynn Liquid PolyGel - la fusion parfaite de la flexibilit\u00e9 du gel et de la r\u00e9sistance de l'acrylique. Sa texture auto-nivelante d'\u00e9paisseur moyenne glisse sans effort pour des superpositions et des extensions parfaites, offrant des r\u00e9sultats l\u00e9gers mais durables avec une finition naturelle et \u00e9l\u00e9gante....","rel":"","context":"Article similaire","block_context":{"text":"Article similaire","link":""},"img":{"alt_text":"victoria vynn liquid polygel no. 1","src":"https:\/\/i0.wp.com\/naillycosmetics.com\/wp-content\/uploads\/2026\/02\/victoria-vynn-liquid-polygel-no.-1.webp?fit=750%2C1000&ssl=1&resize=350%2C200","width":350,"height":200,"srcset":"https:\/\/i0.wp.com\/naillycosmetics.com\/wp-content\/uploads\/2026\/02\/victoria-vynn-liquid-polygel-no.-1.webp?fit=750%2C1000&ssl=1&resize=350%2C200 1x, https:\/\/i0.wp.com\/naillycosmetics.com\/wp-content\/uploads\/2026\/02\/victoria-vynn-liquid-polygel-no.-1.webp?fit=750%2C1000&ssl=1&resize=525%2C300 1.5x, https:\/\/i0.wp.com\/naillycosmetics.com\/wp-content\/uploads\/2026\/02\/victoria-vynn-liquid-polygel-no.-1.webp?fit=750%2C1000&ssl=1&resize=700%2C400 2x"},"classes":[]},{"id":27719,"url":"https:\/\/naillycosmetics.com\/fr\/produit\/mega-rubber-base-coat-gel-victoria-vynn\/","url_meta":{"origin":2370,"position":3},"title":"Victoria VYNN Mega Rubber Base Coat","author":"Serge Sahakian","date":"mars 17, 2020","format":false,"excerpt":"La Mega Rubber Base Coat est une couche de base en caoutchouc multifonctionnelle, flexible et durable. La formule et les propri\u00e9t\u00e9s exceptionnelles de la Mega Base Coat permettent d'\u00e9tendre la plaque de l'ongle jusqu'\u00e0 7 mm et de renforcer la plaque de l'ongle naturel. Gr\u00e2ce \u00e0 sa consistance \u00e9paisse et autonivelante, elle...","rel":"","context":"Article similaire","block_context":{"text":"Article similaire","link":""},"img":{"alt_text":"mega rubber base coat gel clear","src":"https:\/\/i0.wp.com\/naillycosmetics.com\/wp-content\/uploads\/2026\/02\/mega-rubber-base-gel-clear.webp?fit=750%2C1000&ssl=1&resize=350%2C200","width":350,"height":200,"srcset":"https:\/\/i0.wp.com\/naillycosmetics.com\/wp-content\/uploads\/2026\/02\/mega-rubber-base-gel-clear.webp?fit=750%2C1000&ssl=1&resize=350%2C200 1x, https:\/\/i0.wp.com\/naillycosmetics.com\/wp-content\/uploads\/2026\/02\/mega-rubber-base-gel-clear.webp?fit=750%2C1000&ssl=1&resize=525%2C300 1.5x, https:\/\/i0.wp.com\/naillycosmetics.com\/wp-content\/uploads\/2026\/02\/mega-rubber-base-gel-clear.webp?fit=750%2C1000&ssl=1&resize=700%2C400 2x"},"classes":[]},{"id":11308,"url":"https:\/\/naillycosmetics.com\/fr\/produit\/soft-gel-tips-adhesive-gel-15ml\/","url_meta":{"origin":2370,"position":4},"title":"Victoria VYNN Soft Gel Tips Gel 15ml","author":"Serge Sahakian","date":"avril 13, 2023","format":false,"excerpt":"Victoria VYNN Soft Gel Tips Adhesive Gel Strong foundation, specially formulated, light-cured gel for attaching nail tips. Self-leveling and flexible formula perfectly spreads, creates a perfect bond between the natural nail plate and tips. Step 3 of the Preparation. Product Specifications: \u00a0 \u00a0 \u00a0 \u00a0 \u00a0 \u00a0 \u00a0","rel":"","context":"Article similaire","block_context":{"text":"Article similaire","link":""},"img":{"alt_text":"Soft Gel Tips Gel Strong Foundation","src":"https:\/\/i0.wp.com\/naillycosmetics.com\/wp-content\/uploads\/2026\/02\/soft-gel-tips-gel-strong-foundation.webp?fit=750%2C1000&ssl=1&resize=350%2C200","width":350,"height":200,"srcset":"https:\/\/i0.wp.com\/naillycosmetics.com\/wp-content\/uploads\/2026\/02\/soft-gel-tips-gel-strong-foundation.webp?fit=750%2C1000&ssl=1&resize=350%2C200 1x, https:\/\/i0.wp.com\/naillycosmetics.com\/wp-content\/uploads\/2026\/02\/soft-gel-tips-gel-strong-foundation.webp?fit=750%2C1000&ssl=1&resize=525%2C300 1.5x, https:\/\/i0.wp.com\/naillycosmetics.com\/wp-content\/uploads\/2026\/02\/soft-gel-tips-gel-strong-foundation.webp?fit=750%2C1000&ssl=1&resize=700%2C400 2x"},"classes":[]}],"jetpack_sharing_enabled":true,"_links":{"self":[{"href":"https:\/\/naillycosmetics.com\/fr\/wp-json\/wp\/v2\/product\/2370","targetHints":{"allow":["GET"]}}],"collection":[{"href":"https:\/\/naillycosmetics.com\/fr\/wp-json\/wp\/v2\/product"}],"about":[{"href":"https:\/\/naillycosmetics.com\/fr\/wp-json\/wp\/v2\/types\/product"}],"replies":[{"embeddable":true,"href":"https:\/\/naillycosmetics.com\/fr\/wp-json\/wp\/v2\/comments?post=2370"}],"wp:featuredmedia":[{"embeddable":true,"href":"https:\/\/naillycosmetics.com\/fr\/wp-json\/wp\/v2\/media\/9074"}],"wp:attachment":[{"href":"https:\/\/naillycosmetics.com\/fr\/wp-json\/wp\/v2\/media?parent=2370"}],"wp:term":[{"taxonomy":"product_brand","embeddable":true,"href":"https:\/\/naillycosmetics.com\/fr\/wp-json\/wp\/v2\/product_brand?post=2370"},{"taxonomy":"product_cat","embeddable":true,"href":"https:\/\/naillycosmetics.com\/fr\/wp-json\/wp\/v2\/product_cat?post=2370"},{"taxonomy":"product_tag","embeddable":true,"href":"https:\/\/naillycosmetics.com\/fr\/wp-json\/wp\/v2\/product_tag?post=2370"}],"curies":[{"name":"wp","href":"https:\/\/api.w.org\/{rel}","templated":true}]}}