{"id":23689,"date":"2025-03-14T18:05:49","date_gmt":"2025-03-14T22:05:49","guid":{"rendered":"https:\/\/naillycosmetics.com\/product\/staleks-pro-combo-uniq-16-rounded-narrow-pusher-working-part-of-the-pusher\/"},"modified":"2026-04-07T18:33:16","modified_gmt":"2026-04-07T22:33:16","slug":"staleks-combo-uniq-16-rounded-narrow-pusher-working-part-of-the-pusher","status":"publish","type":"product","link":"https:\/\/naillycosmetics.com\/fr\/produit\/staleks-combo-uniq-16-rounded-narrow-pusher-working-part-of-the-pusher\/","title":{"rendered":"Staleks Combo UNIQ 16 Rounded Narrow Pusher (Partie travaillante du poussoir)"},"content":{"rendered":"","protected":false},"excerpt":{"rendered":"<p>WPPQ-16<\/p>","protected":false},"featured_media":25137,"comment_status":"open","ping_status":"closed","template":"","meta":{"jetpack_post_was_ever_published":false,"jetpack_publicize_message":"","jetpack_publicize_feature_enabled":true,"jetpack_social_post_already_shared":true,"jetpack_social_options":{"image_generator_settings":{"template":"highway","default_image_id":0,"font":"","enabled":false},"version":2}},"product_brand":[931],"product_cat":[362],"product_tag":[606],"class_list":{"0":"post-23689","1":"product","2":"type-product","3":"status-publish","4":"has-post-thumbnail","6":"product_brand-staleks","7":"product_cat-staleks-cuticle-pushers","8":"product_tag-cuticle-pushers","10":"first","11":"outofstock","12":"taxable","13":"shipping-taxable","14":"purchasable","15":"product-type-simple"},"jetpack_publicize_connections":[],"jetpack-related-posts":[{"id":23376,"url":"https:\/\/naillycosmetics.com\/fr\/produit\/staleks-combo-uniq-36-straight-narrow-toenail-file-working-part-of-the-pedicure-pusher\/","url_meta":{"origin":23689,"position":0},"title":"Staleks Combo UNIQ 36 lime droite et \u00e9troite pour ongles d'orteils (partie fonctionnelle du pousseur de p\u00e9dicure)","author":"Serge Sahakian","date":"mars 14, 2025","format":false,"excerpt":"WPPQ-36","rel":"","context":"Article similaire","block_context":{"text":"Article similaire","link":""},"img":{"alt_text":"","src":"https:\/\/i0.wp.com\/naillycosmetics.com\/wp-content\/uploads\/2026\/02\/f6c5ac270088c716b67f94e295f8ebfa-1.jpg?fit=1200%2C1200&ssl=1&resize=350%2C200","width":350,"height":200,"srcset":"https:\/\/i0.wp.com\/naillycosmetics.com\/wp-content\/uploads\/2026\/02\/f6c5ac270088c716b67f94e295f8ebfa-1.jpg?fit=1200%2C1200&ssl=1&resize=350%2C200 1x, https:\/\/i0.wp.com\/naillycosmetics.com\/wp-content\/uploads\/2026\/02\/f6c5ac270088c716b67f94e295f8ebfa-1.jpg?fit=1200%2C1200&ssl=1&resize=525%2C300 1.5x, https:\/\/i0.wp.com\/naillycosmetics.com\/wp-content\/uploads\/2026\/02\/f6c5ac270088c716b67f94e295f8ebfa-1.jpg?fit=1200%2C1200&ssl=1&resize=700%2C400 2x, https:\/\/i0.wp.com\/naillycosmetics.com\/wp-content\/uploads\/2026\/02\/f6c5ac270088c716b67f94e295f8ebfa-1.jpg?fit=1200%2C1200&ssl=1&resize=1050%2C600 3x"},"classes":[]},{"id":23374,"url":"https:\/\/naillycosmetics.com\/fr\/produit\/staleks-combo-uniq-35-narrow-toenail-file-with-a-bent-end-working-part-of-the-pedicure-pusher\/","url_meta":{"origin":23689,"position":1},"title":"Staleks Combo UNIQ 35 lime \u00e9troite pour ongles d'orteils avec une extr\u00e9mit\u00e9 courb\u00e9e (partie fonctionnelle du pousseur de p\u00e9dicure)","author":"Serge Sahakian","date":"mars 14, 2025","format":false,"excerpt":"WPPQ-35","rel":"","context":"Article similaire","block_context":{"text":"Article similaire","link":""},"img":{"alt_text":"","src":"https:\/\/i0.wp.com\/naillycosmetics.com\/wp-content\/uploads\/2026\/02\/d209794dd0da1030510cfc7d6ac36742-1.jpg?fit=1200%2C1200&ssl=1&resize=350%2C200","width":350,"height":200,"srcset":"https:\/\/i0.wp.com\/naillycosmetics.com\/wp-content\/uploads\/2026\/02\/d209794dd0da1030510cfc7d6ac36742-1.jpg?fit=1200%2C1200&ssl=1&resize=350%2C200 1x, https:\/\/i0.wp.com\/naillycosmetics.com\/wp-content\/uploads\/2026\/02\/d209794dd0da1030510cfc7d6ac36742-1.jpg?fit=1200%2C1200&ssl=1&resize=525%2C300 1.5x, https:\/\/i0.wp.com\/naillycosmetics.com\/wp-content\/uploads\/2026\/02\/d209794dd0da1030510cfc7d6ac36742-1.jpg?fit=1200%2C1200&ssl=1&resize=700%2C400 2x, https:\/\/i0.wp.com\/naillycosmetics.com\/wp-content\/uploads\/2026\/02\/d209794dd0da1030510cfc7d6ac36742-1.jpg?fit=1200%2C1200&ssl=1&resize=1050%2C600 3x"},"classes":[]},{"id":23418,"url":"https:\/\/naillycosmetics.com\/fr\/produit\/staleks-combo-uniq-18-rounded-wide-pusher-working-part-of-the-pusher\/","url_meta":{"origin":23689,"position":2},"title":"Staleks Combo UNIQ 18 Rounded Wide Pusher (Partie travaillante du poussoir)","author":"Serge Sahakian","date":"mars 14, 2025","format":false,"excerpt":"WPPQ-18","rel":"","context":"Article similaire","block_context":{"text":"Article similaire","link":""},"img":{"alt_text":"","src":"https:\/\/i0.wp.com\/naillycosmetics.com\/wp-content\/uploads\/2026\/02\/4c509003447f36cfac3532ea651aeb9e-1.jpg?fit=1200%2C1200&ssl=1&resize=350%2C200","width":350,"height":200,"srcset":"https:\/\/i0.wp.com\/naillycosmetics.com\/wp-content\/uploads\/2026\/02\/4c509003447f36cfac3532ea651aeb9e-1.jpg?fit=1200%2C1200&ssl=1&resize=350%2C200 1x, https:\/\/i0.wp.com\/naillycosmetics.com\/wp-content\/uploads\/2026\/02\/4c509003447f36cfac3532ea651aeb9e-1.jpg?fit=1200%2C1200&ssl=1&resize=525%2C300 1.5x, https:\/\/i0.wp.com\/naillycosmetics.com\/wp-content\/uploads\/2026\/02\/4c509003447f36cfac3532ea651aeb9e-1.jpg?fit=1200%2C1200&ssl=1&resize=700%2C400 2x, https:\/\/i0.wp.com\/naillycosmetics.com\/wp-content\/uploads\/2026\/02\/4c509003447f36cfac3532ea651aeb9e-1.jpg?fit=1200%2C1200&ssl=1&resize=1050%2C600 3x"},"classes":[]},{"id":23366,"url":"https:\/\/naillycosmetics.com\/fr\/produit\/staleks-combo-uniq-17-rounded-wide-pusher-working-part-of-the-pusher\/","url_meta":{"origin":23689,"position":3},"title":"Staleks Combo UNIQ 17 Rounded Wide Pusher (Partie travaillante du poussoir)","author":"Serge Sahakian","date":"mars 14, 2025","format":false,"excerpt":"WPPQ-17","rel":"","context":"Article similaire","block_context":{"text":"Article similaire","link":""},"img":{"alt_text":"","src":"https:\/\/i0.wp.com\/naillycosmetics.com\/wp-content\/uploads\/2026\/02\/765a90ae70f5ba03e507795bbcaf78d6-1.jpg?fit=1200%2C1200&ssl=1&resize=350%2C200","width":350,"height":200,"srcset":"https:\/\/i0.wp.com\/naillycosmetics.com\/wp-content\/uploads\/2026\/02\/765a90ae70f5ba03e507795bbcaf78d6-1.jpg?fit=1200%2C1200&ssl=1&resize=350%2C200 1x, https:\/\/i0.wp.com\/naillycosmetics.com\/wp-content\/uploads\/2026\/02\/765a90ae70f5ba03e507795bbcaf78d6-1.jpg?fit=1200%2C1200&ssl=1&resize=525%2C300 1.5x, https:\/\/i0.wp.com\/naillycosmetics.com\/wp-content\/uploads\/2026\/02\/765a90ae70f5ba03e507795bbcaf78d6-1.jpg?fit=1200%2C1200&ssl=1&resize=700%2C400 2x, https:\/\/i0.wp.com\/naillycosmetics.com\/wp-content\/uploads\/2026\/02\/765a90ae70f5ba03e507795bbcaf78d6-1.jpg?fit=1200%2C1200&ssl=1&resize=1050%2C600 3x"},"classes":[]},{"id":23662,"url":"https:\/\/naillycosmetics.com\/fr\/produit\/staleks-combo-uniq-12-beveled-pusher-working-part-of-the-pusher\/","url_meta":{"origin":23689,"position":4},"title":"Staleks Combo UNIQ 12 Beveled Pusher (Partie travaillante du poussoir)","author":"Serge Sahakian","date":"mars 14, 2025","format":false,"excerpt":"WPPQ-12","rel":"","context":"Article similaire","block_context":{"text":"Article similaire","link":""},"img":{"alt_text":"","src":"https:\/\/i0.wp.com\/naillycosmetics.com\/wp-content\/uploads\/2026\/02\/24884b88f16a76e55da6a3c3c7646e09-800x800-1-1.jpg?fit=800%2C800&ssl=1&resize=350%2C200","width":350,"height":200,"srcset":"https:\/\/i0.wp.com\/naillycosmetics.com\/wp-content\/uploads\/2026\/02\/24884b88f16a76e55da6a3c3c7646e09-800x800-1-1.jpg?fit=800%2C800&ssl=1&resize=350%2C200 1x, https:\/\/i0.wp.com\/naillycosmetics.com\/wp-content\/uploads\/2026\/02\/24884b88f16a76e55da6a3c3c7646e09-800x800-1-1.jpg?fit=800%2C800&ssl=1&resize=525%2C300 1.5x, https:\/\/i0.wp.com\/naillycosmetics.com\/wp-content\/uploads\/2026\/02\/24884b88f16a76e55da6a3c3c7646e09-800x800-1-1.jpg?fit=800%2C800&ssl=1&resize=700%2C400 2x"},"classes":[]},{"id":23685,"url":"https:\/\/naillycosmetics.com\/fr\/produit\/staleks-combo-uniq-11-loop-pusher-working-part-of-the-pusher\/","url_meta":{"origin":23689,"position":5},"title":"Staleks Combo UNIQ 11 Loop Pusher (Partie travaillante du pousseur)","author":"Serge Sahakian","date":"mars 14, 2025","format":false,"excerpt":"WPPQ-11","rel":"","context":"Article similaire","block_context":{"text":"Article similaire","link":""},"img":{"alt_text":"","src":"https:\/\/i0.wp.com\/naillycosmetics.com\/wp-content\/uploads\/2026\/02\/aafc25874daab46ff901ef2072276fcd-1.jpg?fit=1200%2C1200&ssl=1&resize=350%2C200","width":350,"height":200,"srcset":"https:\/\/i0.wp.com\/naillycosmetics.com\/wp-content\/uploads\/2026\/02\/aafc25874daab46ff901ef2072276fcd-1.jpg?fit=1200%2C1200&ssl=1&resize=350%2C200 1x, https:\/\/i0.wp.com\/naillycosmetics.com\/wp-content\/uploads\/2026\/02\/aafc25874daab46ff901ef2072276fcd-1.jpg?fit=1200%2C1200&ssl=1&resize=525%2C300 1.5x, https:\/\/i0.wp.com\/naillycosmetics.com\/wp-content\/uploads\/2026\/02\/aafc25874daab46ff901ef2072276fcd-1.jpg?fit=1200%2C1200&ssl=1&resize=700%2C400 2x, https:\/\/i0.wp.com\/naillycosmetics.com\/wp-content\/uploads\/2026\/02\/aafc25874daab46ff901ef2072276fcd-1.jpg?fit=1200%2C1200&ssl=1&resize=1050%2C600 3x"},"classes":[]}],"jetpack_sharing_enabled":true,"_links":{"self":[{"href":"https:\/\/naillycosmetics.com\/fr\/wp-json\/wp\/v2\/product\/23689","targetHints":{"allow":["GET"]}}],"collection":[{"href":"https:\/\/naillycosmetics.com\/fr\/wp-json\/wp\/v2\/product"}],"about":[{"href":"https:\/\/naillycosmetics.com\/fr\/wp-json\/wp\/v2\/types\/product"}],"replies":[{"embeddable":true,"href":"https:\/\/naillycosmetics.com\/fr\/wp-json\/wp\/v2\/comments?post=23689"}],"wp:featuredmedia":[{"embeddable":true,"href":"https:\/\/naillycosmetics.com\/fr\/wp-json\/wp\/v2\/media\/25137"}],"wp:attachment":[{"href":"https:\/\/naillycosmetics.com\/fr\/wp-json\/wp\/v2\/media?parent=23689"}],"wp:term":[{"taxonomy":"product_brand","embeddable":true,"href":"https:\/\/naillycosmetics.com\/fr\/wp-json\/wp\/v2\/product_brand?post=23689"},{"taxonomy":"product_cat","embeddable":true,"href":"https:\/\/naillycosmetics.com\/fr\/wp-json\/wp\/v2\/product_cat?post=23689"},{"taxonomy":"product_tag","embeddable":true,"href":"https:\/\/naillycosmetics.com\/fr\/wp-json\/wp\/v2\/product_tag?post=23689"}],"curies":[{"name":"wp","href":"https:\/\/api.w.org\/{rel}","templated":true}]}}