{"id":2368,"date":"2022-08-17T13:38:56","date_gmt":"2022-08-17T17:38:56","guid":{"rendered":"https:\/\/naillycosmetics.com\/index.php\/product\/victoria-vynn-5-oils-complex-9ml\/"},"modified":"2026-03-14T14:06:27","modified_gmt":"2026-03-14T18:06:27","slug":"5-oils-complex-cuticle-oil-9ml","status":"publish","type":"product","link":"https:\/\/naillycosmetics.com\/fr\/produit\/5-oils-complex-cuticle-oil-9ml\/","title":{"rendered":"Victoria VYNN Complexe 5 huiles 9ml"},"content":{"rendered":"<p>Cuticle Oil pour le soin des cuticules et des ongles est une composition hautement concentr\u00e9e de 5 huiles naturelles, enrichie de vitamines, d'antioxydants et d'acides gras. Gr\u00e2ce \u00e0 ce traitement puissant, les cuticules sont r\u00e9g\u00e9n\u00e9r\u00e9es, nourries, hydrat\u00e9es, et la plaque de l'ongle est durcie, lisse et brillante.<\/p>\n<p>Veillez \u00e0 l'\u00e9tat et au bon niveau d'hydratation des cuticules et des ongles.<\/p>","protected":false},"excerpt":{"rendered":"<p>Cuticle Oil pour le soin des cuticules et des ongles est une composition hautement concentr\u00e9e de 5 huiles naturelles, enrichie de vitamines, d'antioxydants et d'acides gras. Gr\u00e2ce \u00e0 ce traitement puissant, les cuticules sont r\u00e9g\u00e9n\u00e9r\u00e9es, nourries, hydrat\u00e9es, et la plaque de l'ongle est durcie, lisse et brillante.<\/p>\n<p>Veillez \u00e0 l'\u00e9tat et au bon niveau d'hydratation des cuticules et des ongles.<\/p>","protected":false},"featured_media":7645,"comment_status":"open","ping_status":"closed","template":"","meta":{"jetpack_post_was_ever_published":false,"jetpack_publicize_message":"","jetpack_publicize_feature_enabled":true,"jetpack_social_post_already_shared":true,"jetpack_social_options":{"image_generator_settings":{"template":"highway","default_image_id":0,"font":"","enabled":false},"version":2}},"product_brand":[932],"product_cat":[45],"product_tag":[76],"class_list":{"0":"post-2368","1":"product","2":"type-product","3":"status-publish","4":"has-post-thumbnail","6":"product_brand-victoria-vynn","7":"product_cat-nail-care","8":"product_tag-nail-care","9":"product_shipping_class-cardboard-box","10":"pa_size-9ml","12":"first","13":"instock","14":"taxable","15":"shipping-taxable","16":"purchasable","17":"product-type-simple"},"jetpack_publicize_connections":[],"jetpack-related-posts":[{"id":2366,"url":"https:\/\/naillycosmetics.com\/fr\/produit\/5-oils-complex-cuticle-oil-30ml\/","url_meta":{"origin":2368,"position":0},"title":"Victoria VYNN Complexe 5 huiles 30ml","author":"Serge Sahakian","date":"ao\u00fbt 17, 2022","format":false,"excerpt":"Oil for the care of cuticles and nails is a highly concentrated composition of 5 natural oils, enriched with vitamins, antioxidants and fatty acids. Thanks to this powerful treatment, the cuticles are regenerated, nourished, moisturized, and the nail plate is hardened, smooth and shiny. Take care of the condition and\u2026","rel":"","context":"Article similaire","block_context":{"text":"Article similaire","link":""},"img":{"alt_text":"5 Oils Complex Cuticle Oil","src":"https:\/\/i0.wp.com\/naillycosmetics.com\/wp-content\/uploads\/2022\/08\/5-Oils-Complex.png?fit=1000%2C1000&ssl=1&resize=350%2C200","width":350,"height":200,"srcset":"https:\/\/i0.wp.com\/naillycosmetics.com\/wp-content\/uploads\/2022\/08\/5-Oils-Complex.png?fit=1000%2C1000&ssl=1&resize=350%2C200 1x, https:\/\/i0.wp.com\/naillycosmetics.com\/wp-content\/uploads\/2022\/08\/5-Oils-Complex.png?fit=1000%2C1000&ssl=1&resize=525%2C300 1.5x, https:\/\/i0.wp.com\/naillycosmetics.com\/wp-content\/uploads\/2022\/08\/5-Oils-Complex.png?fit=1000%2C1000&ssl=1&resize=700%2C400 2x"},"classes":[]},{"id":20359,"url":"https:\/\/naillycosmetics.com\/fr\/produit\/victoria-vynn-senso-nail-care-oil-follow-me\/","url_meta":{"origin":2368,"position":1},"title":"Victoria VYNN Senso Huile de soin des ongles Follow Me","author":"Serge Sahakian","date":"mars 19, 2025","format":false,"excerpt":"Un rituel luxueux qui changera votre manucure ! Plein d'huiles puissantes et nourrissantes avec des particules illuminatrices pour les cuticules et les ongles. Choisissez votre fragrance pr\u00e9f\u00e9r\u00e9e inspir\u00e9e des parfums de luxe. Gr\u00e2ce \u00e0 des huiles et des vitamines soigneusement s\u00e9lectionn\u00e9es, vos ongles auront l'air en bonne sant\u00e9 et vos cuticules deviendront douces...","rel":"","context":"Article similaire","block_context":{"text":"Article similaire","link":""},"img":{"alt_text":"victoria vynn senso nail care oil follow me","src":"https:\/\/i0.wp.com\/naillycosmetics.com\/wp-content\/uploads\/2026\/02\/victoria-vynn-senso-nail-care-oil-follow-me.webp?fit=750%2C1000&ssl=1&resize=350%2C200","width":350,"height":200,"srcset":"https:\/\/i0.wp.com\/naillycosmetics.com\/wp-content\/uploads\/2026\/02\/victoria-vynn-senso-nail-care-oil-follow-me.webp?fit=750%2C1000&ssl=1&resize=350%2C200 1x, https:\/\/i0.wp.com\/naillycosmetics.com\/wp-content\/uploads\/2026\/02\/victoria-vynn-senso-nail-care-oil-follow-me.webp?fit=750%2C1000&ssl=1&resize=525%2C300 1.5x, https:\/\/i0.wp.com\/naillycosmetics.com\/wp-content\/uploads\/2026\/02\/victoria-vynn-senso-nail-care-oil-follow-me.webp?fit=750%2C1000&ssl=1&resize=700%2C400 2x"},"classes":[]},{"id":20361,"url":"https:\/\/naillycosmetics.com\/fr\/produit\/victoria-vynn-senso-nail-care-oil-kiss-me\/","url_meta":{"origin":2368,"position":2},"title":"Victoria VYNN Senso Huile de soin des ongles Kiss Me","author":"Serge Sahakian","date":"mars 19, 2025","format":false,"excerpt":"Un rituel luxueux qui changera votre manucure ! Plein d'huiles puissantes et nourrissantes avec des particules illuminatrices pour les cuticules et les ongles. Choisissez votre fragrance pr\u00e9f\u00e9r\u00e9e inspir\u00e9e des parfums de luxe. Gr\u00e2ce \u00e0 des huiles et des vitamines soigneusement s\u00e9lectionn\u00e9es, vos ongles auront l'air en bonne sant\u00e9 et vos cuticules deviendront douces...","rel":"","context":"Article similaire","block_context":{"text":"Article similaire","link":""},"img":{"alt_text":"victoria vynn senso nail care oil kiss me","src":"https:\/\/i0.wp.com\/naillycosmetics.com\/wp-content\/uploads\/2026\/02\/victoria-vynn-senso-nail-care-oil-kiss-me.webp?fit=750%2C1000&ssl=1&resize=350%2C200","width":350,"height":200,"srcset":"https:\/\/i0.wp.com\/naillycosmetics.com\/wp-content\/uploads\/2026\/02\/victoria-vynn-senso-nail-care-oil-kiss-me.webp?fit=750%2C1000&ssl=1&resize=350%2C200 1x, https:\/\/i0.wp.com\/naillycosmetics.com\/wp-content\/uploads\/2026\/02\/victoria-vynn-senso-nail-care-oil-kiss-me.webp?fit=750%2C1000&ssl=1&resize=525%2C300 1.5x, https:\/\/i0.wp.com\/naillycosmetics.com\/wp-content\/uploads\/2026\/02\/victoria-vynn-senso-nail-care-oil-kiss-me.webp?fit=750%2C1000&ssl=1&resize=700%2C400 2x"},"classes":[]},{"id":20363,"url":"https:\/\/naillycosmetics.com\/fr\/produit\/victoria-vynn-senso-nail-care-oil-love-me\/","url_meta":{"origin":2368,"position":3},"title":"Victoria VYNN Senso Huile de soin des ongles Love Me","author":"Serge Sahakian","date":"mars 19, 2025","format":false,"excerpt":"Un rituel luxueux qui changera votre manucure ! Plein d'huiles puissantes et nourrissantes avec des particules illuminatrices pour les cuticules et les ongles. Choisissez votre fragrance pr\u00e9f\u00e9r\u00e9e inspir\u00e9e des parfums de luxe. Gr\u00e2ce \u00e0 des huiles et des vitamines soigneusement s\u00e9lectionn\u00e9es, vos ongles auront l'air en bonne sant\u00e9 et vos cuticules deviendront douces...","rel":"","context":"Article similaire","block_context":{"text":"Article similaire","link":""},"img":{"alt_text":"victoria vynn senso nail care oil love me","src":"https:\/\/i0.wp.com\/naillycosmetics.com\/wp-content\/uploads\/2026\/02\/victoria-vynn-senso-nail-care-oil-love-me.webp?fit=750%2C1000&ssl=1&resize=350%2C200","width":350,"height":200,"srcset":"https:\/\/i0.wp.com\/naillycosmetics.com\/wp-content\/uploads\/2026\/02\/victoria-vynn-senso-nail-care-oil-love-me.webp?fit=750%2C1000&ssl=1&resize=350%2C200 1x, https:\/\/i0.wp.com\/naillycosmetics.com\/wp-content\/uploads\/2026\/02\/victoria-vynn-senso-nail-care-oil-love-me.webp?fit=750%2C1000&ssl=1&resize=525%2C300 1.5x, https:\/\/i0.wp.com\/naillycosmetics.com\/wp-content\/uploads\/2026\/02\/victoria-vynn-senso-nail-care-oil-love-me.webp?fit=750%2C1000&ssl=1&resize=700%2C400 2x"},"classes":[]}],"jetpack_sharing_enabled":true,"_links":{"self":[{"href":"https:\/\/naillycosmetics.com\/fr\/wp-json\/wp\/v2\/product\/2368","targetHints":{"allow":["GET"]}}],"collection":[{"href":"https:\/\/naillycosmetics.com\/fr\/wp-json\/wp\/v2\/product"}],"about":[{"href":"https:\/\/naillycosmetics.com\/fr\/wp-json\/wp\/v2\/types\/product"}],"replies":[{"embeddable":true,"href":"https:\/\/naillycosmetics.com\/fr\/wp-json\/wp\/v2\/comments?post=2368"}],"wp:featuredmedia":[{"embeddable":true,"href":"https:\/\/naillycosmetics.com\/fr\/wp-json\/wp\/v2\/media\/7645"}],"wp:attachment":[{"href":"https:\/\/naillycosmetics.com\/fr\/wp-json\/wp\/v2\/media?parent=2368"}],"wp:term":[{"taxonomy":"product_brand","embeddable":true,"href":"https:\/\/naillycosmetics.com\/fr\/wp-json\/wp\/v2\/product_brand?post=2368"},{"taxonomy":"product_cat","embeddable":true,"href":"https:\/\/naillycosmetics.com\/fr\/wp-json\/wp\/v2\/product_cat?post=2368"},{"taxonomy":"product_tag","embeddable":true,"href":"https:\/\/naillycosmetics.com\/fr\/wp-json\/wp\/v2\/product_tag?post=2368"}],"curies":[{"name":"wp","href":"https:\/\/api.w.org\/{rel}","templated":true}]}}