{"id":23653,"date":"2025-11-19T18:06:35","date_gmt":"2025-11-19T23:06:35","guid":{"rendered":"https:\/\/naillycosmetics.com\/product\/victoria-vynn-gel-polish-no-437-hellovynn\/"},"modified":"2026-04-10T15:42:58","modified_gmt":"2026-04-10T19:42:58","slug":"victoria-vynn-gel-polish-no-437-hellovynn","status":"publish","type":"product","link":"https:\/\/naillycosmetics.com\/fr\/produit\/victoria-vynn-gel-polish-no-437-hellovynn\/","title":{"rendered":"Victoria VYNN Gel Polish No. 437 HelloVynn"},"content":{"rendered":"<h2 class=\"wp-block-heading\" id=\"block-47eb8c82-fdb0-4020-98fc-063713f1dee7\">\u2b50 <strong>Collection Fashion Follower - Victoria VYNN<\/strong><\/h2><p id=\"block-8a132713-3741-42bb-9708-22dc7a977290\"><em>Une palette tendance inspir\u00e9e des moments embl\u00e9matiques des d\u00e9fil\u00e9s.<\/em><\/p><p id=\"block-5de9f132-1d82-46c2-b7f8-3d0843c61be6\">Le <strong>Collection de suiveurs de mode<\/strong> by Victoria VYNN transforme les tons les plus \u00e0 la mode de la saison en une ligne de vernis gel hautement pigment\u00e9s et parfaits pour les salons de coiffure. Chaque nuance refl\u00e8te le style, l'humeur et la confiance - cr\u00e9\u00e9e pour les artistes et les clients qui aiment s'exprimer par la couleur.<\/p><p id=\"block-760af9d5-6d93-4c9d-9c43-78259d163405\">Avec une formule cr\u00e9meuse et autonivelante et une brillance longue dur\u00e9e, ces teintes offrent une couverture parfaite et un fini luxueux \u00e0 chaque fois.<\/p><h3 class=\"wp-block-heading\" id=\"block-b11ab486-77c9-4fc6-a34b-ed947b848a00\"><strong>? ??? Teintes incluses dans la collection :<\/strong><\/h3><ul id=\"block-735d6bff-fc66-4e37-bdc0-a387290589df\" class=\"wp-block-list\"><li><strong>430 Cr\u00e8me de Chic<\/strong> - <em>blanc cr\u00e8me<\/em><br>Un blanc doux et cr\u00e9meux qui \u00e9voque le chic minimaliste. Pensez \u00e0 des ongles propres, \u00e9l\u00e9gants et \u201cchers\u201d - parfaits pour des looks tout en couleur, des pointes fran\u00e7aises ou comme base pour le nail art. Un choix intemporel pour l'automne et l'hiver, lorsque vous souhaitez une manucure lumineuse mais raffin\u00e9e.<\/li>\n\n<li><strong>431 Earl Grey-t<\/strong> - <em>gris urbain<\/em><br>Un gris moyen froid inspir\u00e9 par le style urbain \u00e9pur\u00e9. Id\u00e9al pour les ongles professionnels et les manucures d'affaires. Il est subtil mais pas ennuyeux - un neutre polyvalent et moderne qui se porte tous les jours et qui est consid\u00e9r\u00e9 comme une nuance incontournable pour la saison A\/W 2025\/26.<\/li>\n\n<li><strong>432 Dark Couture<\/strong> - <em>graphite presque noir<\/em><br>Un graphite profond qui \u00e9voque la couture et les coulisses de Paris. C'est l'alternative au noir classique : toujours sombre et dramatique, mais plus doux et plus tendance. Parfait pour les manucures du soir, les looks \u201cdark glamour\u201d et pour toutes celles qui aiment les ongles audacieux et minimalistes en automne et en hiver.<\/li>\n\n<li><strong>433 Jeanious<\/strong> - <em>denim bleu marine<\/em><br>Un denim marine qui ressemble \u00e0 votre paire de jeans pr\u00e9f\u00e9r\u00e9e : fiable, d\u00e9contract\u00e9 et toujours \u00e9l\u00e9gant. Cette nuance apporte un caract\u00e8re urbain et d\u00e9contract\u00e9 aux ongles de tous les jours. Elle est id\u00e9ale pour une couleur int\u00e9grale ou combin\u00e9e avec des tons nudes et blancs pour des cr\u00e9ations de style urbain tr\u00e8s tendance.<\/li>\n\n<li><strong>434 Blush Rush<\/strong> - <em>rose-brun nude<\/em><br>Un rose-brun (brun-rose) sensuel qui incarne le \u201cluxe tranquille\u201d. \u00c9l\u00e9gant, doux et tr\u00e8s polyvalent, il est parfait pour les manucures nude raffin\u00e9es, les salons de coiffure accueillants pour les clients et tous ceux qui aiment les couleurs sophistiqu\u00e9es et discr\u00e8tes qui ont toujours l'air de premi\u00e8re qualit\u00e9.<\/li>\n\n<li><strong>435 Berry Hot<\/strong> - <em>rose framboise<\/em><br>Un rose framboise satur\u00e9 d\u00e9bordant d'\u00e9nergie et de fra\u00eecheur. Il ajoute une touche de couleur vive aux d\u00e9cors d'automne et d'hiver, id\u00e9al pour les clients qui ne veulent pas de teintes saisonni\u00e8res ternes. Id\u00e9al pour les clientes qui ne veulent pas de teintes saisonni\u00e8res ternes. Id\u00e9al comme teinte compl\u00e8te ou comme accent pour r\u00e9veiller les dessins neutres.<\/li>\n\n<li><strong>436 Rouge Rebel<\/strong> - <em>rouge classique intense<\/em><br>Un rouge audacieux et sans compromis - comme un manifeste de confiance sur les ongles. Inspir\u00e9 par les looks des d\u00e9fil\u00e9s, il est dynamique, \u00e9nergique et parfait pour les manucures du soir ou les dessins qui sortent de l'ordinaire. Positionn\u00e9 comme l'un des rouges les plus tendance de la saison.<\/li>\n\n<li><strong>437 HelloVynn<\/strong> - <em>orange vif<\/em><br>Un orange vif qui capture l'atmosph\u00e8re d'Halloween et de l'automne, mais qui reste efficace au-del\u00e0 de la saison. Il est con\u00e7u pour les clientes qui aiment les accents \u00e9nergiques et veulent que leurs ongles se d\u00e9marquent - id\u00e9al pour les looks audacieux de l'automne\/hiver et les nail art ludiques et ax\u00e9s sur la mode.<\/li><\/ul><p id=\"block-a57e892d-24f5-4e09-8a37-a2c8332920e1\">Les huit teintes partagent la m\u00eame <strong>formule gel-polish<\/strong>Consistance moyenne-\u00e9paisse, hybride vernis-gel, couche de dispersion et durcissement dans une lampe UV\/LED, con\u00e7u pour une application durable et sans stries dans les manucures professionnelles.<\/p><p id=\"block-fb7bad2b-ff25-49a5-bc74-138620a0483f\">Avec <strong>Suivez la mode<\/strong>, Vous ne vous contentez pas de suivre les tendances, vous les portez.<\/p>","protected":false},"excerpt":{"rendered":"<p>Un rose-brun (brun-rose) sensuel qui incarne le \u201cluxe tranquille\u201d. \u00c9l\u00e9gant, doux et tr\u00e8s polyvalent, il est parfait pour les manucures nude raffin\u00e9es, les salons de coiffure accueillants pour les clients et tous ceux qui aiment les couleurs sophistiqu\u00e9es et discr\u00e8tes qui ont toujours l'air de premi\u00e8re qualit\u00e9.<\/p>\n<p>Collection :\u00a0<a href=\"https:\/\/victoriavynn.ca\/fashion-follower-gel-polish-collection\/\">Suivez la mode<\/a><\/p>\n<p>Sp\u00e9cifications du produit :<\/p>\n<p><img loading=\"lazy\" decoding=\"async\" class=\"size-full wp-image-10680 alignleft\" src=\"http:\/\/victoriavynn.ca\/wp-content\/uploads\/2023\/02\/DIFFERENT-FINISHING-EFFECTS.webp\" alt=\"DIFFERENT FINISHING EFFECTS\" width=\"125\" height=\"150\" srcset=\"https:\/\/i0.wp.com\/naillycosmetics.com\/wp-content\/uploads\/2023\/02\/DIFFERENT-FINISHING-EFFECTS.webp?w=125&amp;ssl=1 125w, https:\/\/i0.wp.com\/naillycosmetics.com\/wp-content\/uploads\/2023\/02\/DIFFERENT-FINISHING-EFFECTS.webp?resize=10%2C12&amp;ssl=1 10w\" sizes=\"auto, (max-width: 125px) 100vw, 125px\" \/><img loading=\"lazy\" decoding=\"async\" class=\"size-full wp-image-22180 alignleft\" src=\"http:\/\/victoriavynn.ca\/wp-content\/uploads\/2025\/06\/professional-flat-classic-brush.webp\" alt=\"PROFESSIONAL FLAT CLASSIC BRUSH\" width=\"125\" height=\"150\" \/><img loading=\"lazy\" decoding=\"async\" class=\"size-full wp-image-8758 alignleft\" src=\"http:\/\/victoriavynn.ca\/wp-content\/uploads\/2020\/03\/FOR-UV-LED-LAMPS.webp\" alt=\"rubber base coat\" width=\"125\" height=\"150\" \/><img loading=\"lazy\" decoding=\"async\" class=\"size-full wp-image-8772 alignleft\" src=\"http:\/\/victoriavynn.ca\/wp-content\/uploads\/2019\/11\/SALON-QUALITY.webp\" alt=\"GEL NAIL BUILDER\" width=\"125\" height=\"150\" \/> \u00a0 \u00a0 \u00a0 \u00a0<\/p>\n<p>&nbsp;<\/p>\n<p>&nbsp;<\/p>\n<p>&nbsp;<\/p>\n<p>&nbsp;<\/p>\n<ul>\n<li>Consistance : moyennement \u00e9pais, avec une finition \"autonivelante\".<\/li>\n<li>Couverture et durcissement : Con\u00e7u pour la durabilit\u00e9, adh\u00e8re bien, durcit sous lampes UV\/LED.<\/li>\n<li>Enl\u00e8vement : il se dissout dans l'ac\u00e9tone et peut \u00e9galement \u00eatre enlev\u00e9 \u00e0 l'aide d'une lime ou d'une perceuse.<\/li>\n<\/ul>","protected":false},"featured_media":24914,"comment_status":"open","ping_status":"closed","template":"","meta":{"jetpack_post_was_ever_published":false,"jetpack_publicize_message":"","jetpack_publicize_feature_enabled":true,"jetpack_social_post_already_shared":true,"jetpack_social_options":{"image_generator_settings":{"template":"highway","default_image_id":0,"font":"","enabled":false},"version":2}},"product_brand":[932],"product_cat":[51],"product_tag":[958,950,69],"class_list":{"0":"post-23653","1":"product","2":"type-product","3":"status-publish","4":"has-post-thumbnail","6":"product_brand-victoria-vynn","7":"product_cat-professional-nail-colours-gel","8":"product_tag-autumn-winter-gp-colors","9":"product_tag-fashion-follower-gel-polish-collection","10":"product_tag-gel-polish-colors","11":"pa_size-8ml","13":"first","14":"instock","15":"taxable","16":"shipping-taxable","17":"purchasable","18":"product-type-simple"},"jetpack_publicize_connections":[],"jetpack-related-posts":[{"id":23709,"url":"https:\/\/naillycosmetics.com\/fr\/produit\/victoria-vynn-gel-polish-no-435-berry-hot\/","url_meta":{"origin":23653,"position":0},"title":"Victoria VYNN Gel Polish No. 435 Berry Hot","author":"Serge Sahakian","date":"novembre 19, 2025","format":false,"excerpt":"A sensual rose-brown (brown-pink) that embodies \u201cquiet luxury.\u201d Elegant, soft and super versatile, it\u2019s perfect for refined nude manicures, client-friendly salon work, and anyone who loves sophisticated, understated color that still looks premium. Collection:\u00a0Fashion Follower Product Specifications: \u00a0 \u00a0 \u00a0 \u00a0 \u00a0 \u00a0 \u00a0 \u00a0 Consistency: medium-thick, with \"self-levelling\" finish.\u2026","rel":"","context":"Article similaire","block_context":{"text":"Article similaire","link":""},"img":{"alt_text":"Victoria vynn gel polish fashion follower no. 435 Berry Hot","src":"https:\/\/i0.wp.com\/naillycosmetics.com\/wp-content\/uploads\/2026\/02\/victoria-vynn-gel-polish-fashion-follower-no.-435-berry-hot-.webp?fit=750%2C1000&ssl=1&resize=350%2C200","width":350,"height":200,"srcset":"https:\/\/i0.wp.com\/naillycosmetics.com\/wp-content\/uploads\/2026\/02\/victoria-vynn-gel-polish-fashion-follower-no.-435-berry-hot-.webp?fit=750%2C1000&ssl=1&resize=350%2C200 1x, https:\/\/i0.wp.com\/naillycosmetics.com\/wp-content\/uploads\/2026\/02\/victoria-vynn-gel-polish-fashion-follower-no.-435-berry-hot-.webp?fit=750%2C1000&ssl=1&resize=525%2C300 1.5x, https:\/\/i0.wp.com\/naillycosmetics.com\/wp-content\/uploads\/2026\/02\/victoria-vynn-gel-polish-fashion-follower-no.-435-berry-hot-.webp?fit=750%2C1000&ssl=1&resize=700%2C400 2x"},"classes":[]},{"id":23707,"url":"https:\/\/naillycosmetics.com\/fr\/produit\/victoria-vynn-gel-polish-no-434-blush-rush\/","url_meta":{"origin":23653,"position":1},"title":"Victoria VYNN Gel Polish No. 434 Blush Rush","author":"Serge Sahakian","date":"novembre 19, 2025","format":false,"excerpt":"A sensual rose-brown (brown-pink) that embodies \u201cquiet luxury.\u201d Elegant, soft and super versatile, it\u2019s perfect for refined nude manicures, client-friendly salon work, and anyone who loves sophisticated, understated color that still looks premium. Collection:\u00a0Fashion Follower Product Specifications: \u00a0 \u00a0 \u00a0 \u00a0 \u00a0 Consistency: medium-thick, with \"self-levelling\" finish. Coverage & Cure:\u2026","rel":"","context":"Article similaire","block_context":{"text":"Article similaire","link":""},"img":{"alt_text":"Victoria vynn gel polish fashion follower no. 434 Blush Rush","src":"https:\/\/i0.wp.com\/naillycosmetics.com\/wp-content\/uploads\/2026\/02\/victoria-vynn-gel-polish-fashion-follower-no.-434-blush-rush.webp?fit=750%2C1000&ssl=1&resize=350%2C200","width":350,"height":200,"srcset":"https:\/\/i0.wp.com\/naillycosmetics.com\/wp-content\/uploads\/2026\/02\/victoria-vynn-gel-polish-fashion-follower-no.-434-blush-rush.webp?fit=750%2C1000&ssl=1&resize=350%2C200 1x, https:\/\/i0.wp.com\/naillycosmetics.com\/wp-content\/uploads\/2026\/02\/victoria-vynn-gel-polish-fashion-follower-no.-434-blush-rush.webp?fit=750%2C1000&ssl=1&resize=525%2C300 1.5x, https:\/\/i0.wp.com\/naillycosmetics.com\/wp-content\/uploads\/2026\/02\/victoria-vynn-gel-polish-fashion-follower-no.-434-blush-rush.webp?fit=750%2C1000&ssl=1&resize=700%2C400 2x"},"classes":[]},{"id":23703,"url":"https:\/\/naillycosmetics.com\/fr\/produit\/victoria-vynn-gel-polish-no-433-jeanious\/","url_meta":{"origin":23653,"position":2},"title":"Victoria VYNN Gel Polish No. 433 Jeanious","author":"Serge Sahakian","date":"novembre 19, 2025","format":false,"excerpt":"A denim navy that feels like your favorite pair of jeans: reliable, relaxed and always stylish. This shade brings casual, urban character to everyday nails and is great for all-over color or combined with nudes and whites for trendy, street-style designs. Collection:\u00a0Fashion Follower Product Specifications: \u00a0 \u00a0 \u00a0 \u00a0 \u00a0\u2026","rel":"","context":"Article similaire","block_context":{"text":"Article similaire","link":""},"img":{"alt_text":"Victoria vynn gel polish fashion follower no. 433 Jeanious","src":"https:\/\/i0.wp.com\/naillycosmetics.com\/wp-content\/uploads\/2026\/02\/victoria-vynn-gel-polish-fashion-follower-no.-433-jeanious.webp?fit=750%2C1000&ssl=1&resize=350%2C200","width":350,"height":200,"srcset":"https:\/\/i0.wp.com\/naillycosmetics.com\/wp-content\/uploads\/2026\/02\/victoria-vynn-gel-polish-fashion-follower-no.-433-jeanious.webp?fit=750%2C1000&ssl=1&resize=350%2C200 1x, https:\/\/i0.wp.com\/naillycosmetics.com\/wp-content\/uploads\/2026\/02\/victoria-vynn-gel-polish-fashion-follower-no.-433-jeanious.webp?fit=750%2C1000&ssl=1&resize=525%2C300 1.5x, https:\/\/i0.wp.com\/naillycosmetics.com\/wp-content\/uploads\/2026\/02\/victoria-vynn-gel-polish-fashion-follower-no.-433-jeanious.webp?fit=750%2C1000&ssl=1&resize=700%2C400 2x"},"classes":[]},{"id":23705,"url":"https:\/\/naillycosmetics.com\/fr\/produit\/victoria-vynn-gel-polish-no-432-dark-couture\/","url_meta":{"origin":23653,"position":3},"title":"Victoria VYNN Gel Polish No. 432 Dark Couture","author":"Serge Sahakian","date":"novembre 19, 2025","format":false,"excerpt":"Deep graphite with a couture, Paris-backstage mood. This is your alternative to classic black: still dark and dramatic, but softer and more fashion-forward. Perfect for evening manicures, \u201cdark glamour\u201d looks, and anyone who loves bold, minimalist nails in autumn and winter. Collection:\u00a0Fashion Follower Product Specifications: \u00a0 \u00a0 \u00a0 \u00a0 \u00a0\u2026","rel":"","context":"Article similaire","block_context":{"text":"Article similaire","link":""},"img":{"alt_text":"","src":"https:\/\/i0.wp.com\/naillycosmetics.com\/wp-content\/uploads\/2026\/02\/victoria-vynn-gel-polish-fashion-follower-no.-432-dark-couture.webp?fit=750%2C1000&ssl=1&resize=350%2C200","width":350,"height":200,"srcset":"https:\/\/i0.wp.com\/naillycosmetics.com\/wp-content\/uploads\/2026\/02\/victoria-vynn-gel-polish-fashion-follower-no.-432-dark-couture.webp?fit=750%2C1000&ssl=1&resize=350%2C200 1x, https:\/\/i0.wp.com\/naillycosmetics.com\/wp-content\/uploads\/2026\/02\/victoria-vynn-gel-polish-fashion-follower-no.-432-dark-couture.webp?fit=750%2C1000&ssl=1&resize=525%2C300 1.5x, https:\/\/i0.wp.com\/naillycosmetics.com\/wp-content\/uploads\/2026\/02\/victoria-vynn-gel-polish-fashion-follower-no.-432-dark-couture.webp?fit=750%2C1000&ssl=1&resize=700%2C400 2x"},"classes":[]},{"id":23695,"url":"https:\/\/naillycosmetics.com\/fr\/produit\/victoria-vynn-gel-polish-no-400-like-a-virgin\/","url_meta":{"origin":23653,"position":4},"title":"Victoria VYNN Gel Polish No. 400 Like a Virgin","author":"Serge Sahakian","date":"mars 19, 2025","format":false,"excerpt":"La collection Forget-Me-Nude Gel Polish de Victoria Vynn se compose de teintes nude semi-transparentes et de couleurs Cat Eye \u00e0 la mode, inspir\u00e9es par le naturel de la nudit\u00e9 et la d\u00e9licatesse sensuelle des fleurs. Que vous souhaitiez cr\u00e9er un look quotidien minimaliste ou que vous recherchiez une manucure unique pour...","rel":"","context":"Article similaire","block_context":{"text":"Article similaire","link":""},"img":{"alt_text":"Victoria VYNN Salon Gel Polish No. 400 Like a Virgin - Forget me nude collection","src":"https:\/\/i0.wp.com\/naillycosmetics.com\/wp-content\/uploads\/2026\/02\/victoria-vynn-salon-gel-polish-no.-400-like-a-virgin-forget-me-nude-collection-.webp?fit=750%2C1000&ssl=1&resize=350%2C200","width":350,"height":200,"srcset":"https:\/\/i0.wp.com\/naillycosmetics.com\/wp-content\/uploads\/2026\/02\/victoria-vynn-salon-gel-polish-no.-400-like-a-virgin-forget-me-nude-collection-.webp?fit=750%2C1000&ssl=1&resize=350%2C200 1x, https:\/\/i0.wp.com\/naillycosmetics.com\/wp-content\/uploads\/2026\/02\/victoria-vynn-salon-gel-polish-no.-400-like-a-virgin-forget-me-nude-collection-.webp?fit=750%2C1000&ssl=1&resize=525%2C300 1.5x, https:\/\/i0.wp.com\/naillycosmetics.com\/wp-content\/uploads\/2026\/02\/victoria-vynn-salon-gel-polish-no.-400-like-a-virgin-forget-me-nude-collection-.webp?fit=750%2C1000&ssl=1&resize=700%2C400 2x"},"classes":[]},{"id":23697,"url":"https:\/\/naillycosmetics.com\/fr\/produit\/victoria-vynn-gel-polish-no-401-nude-york\/","url_meta":{"origin":23653,"position":5},"title":"Victoria VYNN Gel Polish No. 401 Nude York","author":"Serge Sahakian","date":"mars 19, 2025","format":false,"excerpt":"La collection Forget-Me-Nude Gel Polish de Victoria Vynn se compose de teintes nude semi-transparentes et de couleurs Cat Eye \u00e0 la mode, inspir\u00e9es par le naturel de la nudit\u00e9 et la d\u00e9licatesse sensuelle des fleurs. Que vous souhaitiez cr\u00e9er un look quotidien minimaliste ou que vous recherchiez une manucure unique pour...","rel":"","context":"Article similaire","block_context":{"text":"Article similaire","link":""},"img":{"alt_text":"Victoria VYNN Salon Gel Polish No. 401 Nude York - Forget me nude collection","src":"https:\/\/i0.wp.com\/naillycosmetics.com\/wp-content\/uploads\/2026\/02\/victoria-vynn-salon-gel-polish-no.-401-nude-york-forget-me-nude-collection-.webp?fit=750%2C1000&ssl=1&resize=350%2C200","width":350,"height":200,"srcset":"https:\/\/i0.wp.com\/naillycosmetics.com\/wp-content\/uploads\/2026\/02\/victoria-vynn-salon-gel-polish-no.-401-nude-york-forget-me-nude-collection-.webp?fit=750%2C1000&ssl=1&resize=350%2C200 1x, https:\/\/i0.wp.com\/naillycosmetics.com\/wp-content\/uploads\/2026\/02\/victoria-vynn-salon-gel-polish-no.-401-nude-york-forget-me-nude-collection-.webp?fit=750%2C1000&ssl=1&resize=525%2C300 1.5x, https:\/\/i0.wp.com\/naillycosmetics.com\/wp-content\/uploads\/2026\/02\/victoria-vynn-salon-gel-polish-no.-401-nude-york-forget-me-nude-collection-.webp?fit=750%2C1000&ssl=1&resize=700%2C400 2x"},"classes":[]}],"jetpack_sharing_enabled":true,"_links":{"self":[{"href":"https:\/\/naillycosmetics.com\/fr\/wp-json\/wp\/v2\/product\/23653","targetHints":{"allow":["GET"]}}],"collection":[{"href":"https:\/\/naillycosmetics.com\/fr\/wp-json\/wp\/v2\/product"}],"about":[{"href":"https:\/\/naillycosmetics.com\/fr\/wp-json\/wp\/v2\/types\/product"}],"replies":[{"embeddable":true,"href":"https:\/\/naillycosmetics.com\/fr\/wp-json\/wp\/v2\/comments?post=23653"}],"wp:featuredmedia":[{"embeddable":true,"href":"https:\/\/naillycosmetics.com\/fr\/wp-json\/wp\/v2\/media\/24914"}],"wp:attachment":[{"href":"https:\/\/naillycosmetics.com\/fr\/wp-json\/wp\/v2\/media?parent=23653"}],"wp:term":[{"taxonomy":"product_brand","embeddable":true,"href":"https:\/\/naillycosmetics.com\/fr\/wp-json\/wp\/v2\/product_brand?post=23653"},{"taxonomy":"product_cat","embeddable":true,"href":"https:\/\/naillycosmetics.com\/fr\/wp-json\/wp\/v2\/product_cat?post=23653"},{"taxonomy":"product_tag","embeddable":true,"href":"https:\/\/naillycosmetics.com\/fr\/wp-json\/wp\/v2\/product_tag?post=23653"}],"curies":[{"name":"wp","href":"https:\/\/api.w.org\/{rel}","templated":true}]}}