{"id":23593,"date":"2025-12-02T17:02:30","date_gmt":"2025-12-02T22:02:30","guid":{"rendered":"https:\/\/naillycosmetics.com\/product\/staleks-eyebrow-tweezers-beauty-care-11-type-5-point\/"},"modified":"2026-02-18T14:12:07","modified_gmt":"2026-02-18T19:12:07","slug":"staleks-eyebrow-tweezers-beauty-care-11-type-5-point","status":"publish","type":"product","link":"https:\/\/naillycosmetics.com\/fr\/produit\/staleks-eyebrow-tweezers-beauty-care-11-type-5-point\/","title":{"rendered":"Staleks Pince \u00e0 sourcils BEAUTY &amp; CARE 11 TYPE 5 (point)"},"content":{"rendered":"","protected":false},"excerpt":{"rendered":"<p>TBC-11\/5<\/p>","protected":false},"featured_media":24774,"comment_status":"open","ping_status":"closed","template":"","meta":{"jetpack_post_was_ever_published":false,"jetpack_publicize_message":"","jetpack_publicize_feature_enabled":true,"jetpack_social_post_already_shared":true,"jetpack_social_options":{"image_generator_settings":{"template":"highway","default_image_id":0,"font":"","enabled":false},"version":2}},"product_brand":[931],"product_cat":[937],"product_tag":[947],"class_list":{"0":"post-23593","1":"product","2":"type-product","3":"status-publish","4":"has-post-thumbnail","6":"product_brand-staleks","7":"product_cat-staleks-eyebrow-tweezers","8":"product_tag-eyebrow-tweezers","10":"first","11":"instock","12":"taxable","13":"shipping-taxable","14":"purchasable","15":"product-type-simple"},"jetpack_publicize_connections":[],"jetpack-related-posts":[{"id":23513,"url":"https:\/\/naillycosmetics.com\/fr\/produit\/staleks-pro-eyebrow-tweezers-beauty-care-11-type-3-wide-beveled\/","url_meta":{"origin":23593,"position":0},"title":"Staleks PRO Pince \u00e0 sourcils BEAUTY &amp; CARE 11 TYPE 3 (large biseau)","author":"Serge Sahakian","date":"d\u00e9cembre 2, 2025","format":false,"excerpt":"TBC-11\/3","rel":"","context":"Article similaire","block_context":{"text":"Article similaire","link":""},"img":{"alt_text":"Eyebrow tweezers BEAUTY & CARE 11 TYPE 3 (wide beveled)","src":"https:\/\/i0.wp.com\/naillycosmetics.com\/wp-content\/uploads\/2026\/02\/eyebrow-tweezers-beauty-care-11-type-3-wide-beveled.webp?fit=750%2C1000&ssl=1&resize=350%2C200","width":350,"height":200,"srcset":"https:\/\/i0.wp.com\/naillycosmetics.com\/wp-content\/uploads\/2026\/02\/eyebrow-tweezers-beauty-care-11-type-3-wide-beveled.webp?fit=750%2C1000&ssl=1&resize=350%2C200 1x, https:\/\/i0.wp.com\/naillycosmetics.com\/wp-content\/uploads\/2026\/02\/eyebrow-tweezers-beauty-care-11-type-3-wide-beveled.webp?fit=750%2C1000&ssl=1&resize=525%2C300 1.5x, https:\/\/i0.wp.com\/naillycosmetics.com\/wp-content\/uploads\/2026\/02\/eyebrow-tweezers-beauty-care-11-type-3-wide-beveled.webp?fit=750%2C1000&ssl=1&resize=700%2C400 2x"},"classes":[]},{"id":23509,"url":"https:\/\/naillycosmetics.com\/fr\/produit\/staleks-eyebrow-tweezers-beauty-care-10-type-2-narrow-straight\/","url_meta":{"origin":23593,"position":1},"title":"Staleks Pince \u00e0 \u00e9piler pour sourcils BEAUTY &amp; CARE 10 TYPE 2 (\u00e9troite et droite)","author":"Serge Sahakian","date":"d\u00e9cembre 2, 2025","format":false,"excerpt":"TBC-10\/2","rel":"","context":"Article similaire","block_context":{"text":"Article similaire","link":""},"img":{"alt_text":"Staleks Staleks Eyebrow tweezers BEAUTY & CARE 10 TYPE 2 (narrow straight)","src":"https:\/\/i0.wp.com\/naillycosmetics.com\/wp-content\/uploads\/2026\/02\/staleks-staleks-eyebrow-tweezers-beauty-care-10-type-2-narrow-straight.webp?fit=750%2C1000&ssl=1&resize=350%2C200","width":350,"height":200,"srcset":"https:\/\/i0.wp.com\/naillycosmetics.com\/wp-content\/uploads\/2026\/02\/staleks-staleks-eyebrow-tweezers-beauty-care-10-type-2-narrow-straight.webp?fit=750%2C1000&ssl=1&resize=350%2C200 1x, https:\/\/i0.wp.com\/naillycosmetics.com\/wp-content\/uploads\/2026\/02\/staleks-staleks-eyebrow-tweezers-beauty-care-10-type-2-narrow-straight.webp?fit=750%2C1000&ssl=1&resize=525%2C300 1.5x, https:\/\/i0.wp.com\/naillycosmetics.com\/wp-content\/uploads\/2026\/02\/staleks-staleks-eyebrow-tweezers-beauty-care-10-type-2-narrow-straight.webp?fit=750%2C1000&ssl=1&resize=700%2C400 2x"},"classes":[]},{"id":23511,"url":"https:\/\/naillycosmetics.com\/fr\/produit\/staleks-eyebrow-tweezers-beauty-care-10-type-3-wide-beveled\/","url_meta":{"origin":23593,"position":2},"title":"Staleks Pince \u00e0 \u00e9piler pour sourcils BEAUTY &amp; CARE 10 TYPE 3 (large biseau)","author":"Serge Sahakian","date":"d\u00e9cembre 2, 2025","format":false,"excerpt":"TBC-10\/3","rel":"","context":"Article similaire","block_context":{"text":"Article similaire","link":""},"img":{"alt_text":"Eyebrow tweezers BEAUTY & CARE 10 TYPE 3 (wide beveled)","src":"https:\/\/i0.wp.com\/naillycosmetics.com\/wp-content\/uploads\/2026\/02\/eyebrow-tweezers-beauty-care-10-type-3-wide-beveled.webp?fit=750%2C1000&ssl=1&resize=350%2C200","width":350,"height":200,"srcset":"https:\/\/i0.wp.com\/naillycosmetics.com\/wp-content\/uploads\/2026\/02\/eyebrow-tweezers-beauty-care-10-type-3-wide-beveled.webp?fit=750%2C1000&ssl=1&resize=350%2C200 1x, https:\/\/i0.wp.com\/naillycosmetics.com\/wp-content\/uploads\/2026\/02\/eyebrow-tweezers-beauty-care-10-type-3-wide-beveled.webp?fit=750%2C1000&ssl=1&resize=525%2C300 1.5x, https:\/\/i0.wp.com\/naillycosmetics.com\/wp-content\/uploads\/2026\/02\/eyebrow-tweezers-beauty-care-10-type-3-wide-beveled.webp?fit=750%2C1000&ssl=1&resize=700%2C400 2x"},"classes":[]},{"id":23515,"url":"https:\/\/naillycosmetics.com\/fr\/produit\/staleks-eyebrow-tweezers-beauty-care-20-type-4-narrow-beveled\/","url_meta":{"origin":23593,"position":3},"title":"Staleks Pince \u00e0 \u00e9piler pour sourcils BEAUTY &amp; CARE 20 TYPE 4 (biseau \u00e9troit)","author":"Serge Sahakian","date":"d\u00e9cembre 2, 2025","format":false,"excerpt":"TBC-20\/4","rel":"","context":"Article similaire","block_context":{"text":"Article similaire","link":""},"img":{"alt_text":"Eyebrow tweezers BEAUTY & CARE 20 TYPE 4 (narrow beveled)","src":"https:\/\/i0.wp.com\/naillycosmetics.com\/wp-content\/uploads\/2026\/02\/eyebrow-tweezers-beauty-care-20-type-4-narrow-beveled.webp?fit=750%2C1000&ssl=1&resize=350%2C200","width":350,"height":200,"srcset":"https:\/\/i0.wp.com\/naillycosmetics.com\/wp-content\/uploads\/2026\/02\/eyebrow-tweezers-beauty-care-20-type-4-narrow-beveled.webp?fit=750%2C1000&ssl=1&resize=350%2C200 1x, https:\/\/i0.wp.com\/naillycosmetics.com\/wp-content\/uploads\/2026\/02\/eyebrow-tweezers-beauty-care-20-type-4-narrow-beveled.webp?fit=750%2C1000&ssl=1&resize=525%2C300 1.5x, https:\/\/i0.wp.com\/naillycosmetics.com\/wp-content\/uploads\/2026\/02\/eyebrow-tweezers-beauty-care-20-type-4-narrow-beveled.webp?fit=750%2C1000&ssl=1&resize=700%2C400 2x"},"classes":[]},{"id":23517,"url":"https:\/\/naillycosmetics.com\/fr\/produit\/staleks-eyebrow-tweezers-beauty-care-30-type-3-wide-beveled\/","url_meta":{"origin":23593,"position":4},"title":"Staleks Pince \u00e0 \u00e9piler pour sourcils BEAUTY &amp; CARE 30 TYPE 3 (large biseau)","author":"Serge Sahakian","date":"d\u00e9cembre 2, 2025","format":false,"excerpt":"TBC-30\/3","rel":"","context":"Article similaire","block_context":{"text":"Article similaire","link":""},"img":{"alt_text":"Eyebrow tweezers BEAUTY & CARE 30 TYPE 3 (wide beveled)","src":"https:\/\/i0.wp.com\/naillycosmetics.com\/wp-content\/uploads\/2026\/02\/eyebrow-tweezers-beauty-care-30-type-3-wide-beveled.webp?fit=750%2C1000&ssl=1&resize=350%2C200","width":350,"height":200,"srcset":"https:\/\/i0.wp.com\/naillycosmetics.com\/wp-content\/uploads\/2026\/02\/eyebrow-tweezers-beauty-care-30-type-3-wide-beveled.webp?fit=750%2C1000&ssl=1&resize=350%2C200 1x, https:\/\/i0.wp.com\/naillycosmetics.com\/wp-content\/uploads\/2026\/02\/eyebrow-tweezers-beauty-care-30-type-3-wide-beveled.webp?fit=750%2C1000&ssl=1&resize=525%2C300 1.5x, https:\/\/i0.wp.com\/naillycosmetics.com\/wp-content\/uploads\/2026\/02\/eyebrow-tweezers-beauty-care-30-type-3-wide-beveled.webp?fit=750%2C1000&ssl=1&resize=700%2C400 2x"},"classes":[]},{"id":23540,"url":"https:\/\/naillycosmetics.com\/fr\/produit\/staleks-eyebrow-tweezers-black-expert-11-type-5b-point\/","url_meta":{"origin":23593,"position":5},"title":"Staleks Pince \u00e0 sourcils noire EXPERT 11 TYPE 5b (point)","author":"Serge Sahakian","date":"d\u00e9cembre 2, 2025","format":false,"excerpt":"","rel":"","context":"Article similaire","block_context":{"text":"Article similaire","link":""},"img":{"alt_text":"Eyebrow tweezers black EXPERT 11 TYPE 5b (point)","src":"https:\/\/i0.wp.com\/naillycosmetics.com\/wp-content\/uploads\/2026\/02\/eyebrow-tweezers-black-expert-11-type-5b-point.webp?fit=750%2C1000&ssl=1&resize=350%2C200","width":350,"height":200,"srcset":"https:\/\/i0.wp.com\/naillycosmetics.com\/wp-content\/uploads\/2026\/02\/eyebrow-tweezers-black-expert-11-type-5b-point.webp?fit=750%2C1000&ssl=1&resize=350%2C200 1x, https:\/\/i0.wp.com\/naillycosmetics.com\/wp-content\/uploads\/2026\/02\/eyebrow-tweezers-black-expert-11-type-5b-point.webp?fit=750%2C1000&ssl=1&resize=525%2C300 1.5x, https:\/\/i0.wp.com\/naillycosmetics.com\/wp-content\/uploads\/2026\/02\/eyebrow-tweezers-black-expert-11-type-5b-point.webp?fit=750%2C1000&ssl=1&resize=700%2C400 2x"},"classes":[]}],"jetpack_sharing_enabled":true,"_links":{"self":[{"href":"https:\/\/naillycosmetics.com\/fr\/wp-json\/wp\/v2\/product\/23593","targetHints":{"allow":["GET"]}}],"collection":[{"href":"https:\/\/naillycosmetics.com\/fr\/wp-json\/wp\/v2\/product"}],"about":[{"href":"https:\/\/naillycosmetics.com\/fr\/wp-json\/wp\/v2\/types\/product"}],"replies":[{"embeddable":true,"href":"https:\/\/naillycosmetics.com\/fr\/wp-json\/wp\/v2\/comments?post=23593"}],"wp:featuredmedia":[{"embeddable":true,"href":"https:\/\/naillycosmetics.com\/fr\/wp-json\/wp\/v2\/media\/24774"}],"wp:attachment":[{"href":"https:\/\/naillycosmetics.com\/fr\/wp-json\/wp\/v2\/media?parent=23593"}],"wp:term":[{"taxonomy":"product_brand","embeddable":true,"href":"https:\/\/naillycosmetics.com\/fr\/wp-json\/wp\/v2\/product_brand?post=23593"},{"taxonomy":"product_cat","embeddable":true,"href":"https:\/\/naillycosmetics.com\/fr\/wp-json\/wp\/v2\/product_cat?post=23593"},{"taxonomy":"product_tag","embeddable":true,"href":"https:\/\/naillycosmetics.com\/fr\/wp-json\/wp\/v2\/product_tag?post=23593"}],"curies":[{"name":"wp","href":"https:\/\/api.w.org\/{rel}","templated":true}]}}