{"id":23534,"date":"2025-12-02T17:36:36","date_gmt":"2025-12-02T22:36:36","guid":{"rendered":"https:\/\/naillycosmetics.com\/product\/staleks-eyebrow-tweezers-expert-10-type-5-point\/"},"modified":"2026-03-04T20:09:57","modified_gmt":"2026-03-05T01:09:57","slug":"staleks-eyebrow-tweezers-expert-10-type-5-point","status":"publish","type":"product","link":"https:\/\/naillycosmetics.com\/fr\/produit\/staleks-eyebrow-tweezers-expert-10-type-5-point\/","title":{"rendered":"Staleks Pince \u00e0 sourcils EXPERT 10 TYPE 5 (point)"},"content":{"rendered":"","protected":false},"excerpt":{"rendered":"","protected":false},"featured_media":24710,"comment_status":"open","ping_status":"closed","template":"","meta":{"jetpack_post_was_ever_published":false,"jetpack_publicize_message":"","jetpack_publicize_feature_enabled":true,"jetpack_social_post_already_shared":true,"jetpack_social_options":{"image_generator_settings":{"template":"highway","default_image_id":0,"font":"","enabled":false},"version":2}},"product_brand":[931],"product_cat":[937],"product_tag":[947],"class_list":{"0":"post-23534","1":"product","2":"type-product","3":"status-publish","4":"has-post-thumbnail","6":"product_brand-staleks","7":"product_cat-staleks-eyebrow-tweezers","8":"product_tag-eyebrow-tweezers","10":"first","11":"instock","12":"taxable","13":"shipping-taxable","14":"purchasable","15":"product-type-simple"},"jetpack_publicize_connections":[],"jetpack-related-posts":[{"id":28385,"url":"https:\/\/naillycosmetics.com\/fr\/produit\/staleks-eyebrow-tweezers-expert-10-type-7-pointed-slant\/","url_meta":{"origin":23534,"position":0},"title":"Staleks Pince \u00e0 sourcils EXPERT 10 TYPE 7 (pointue et inclin\u00e9e)","author":"Serge Sahakian","date":"mars 4, 2026","format":false,"excerpt":"TE-10\/7","rel":"","context":"Article similaire","block_context":{"text":"Article similaire","link":""},"img":{"alt_text":"","src":"https:\/\/i0.wp.com\/naillycosmetics.com\/wp-content\/uploads\/2026\/03\/6ef7dbe5e9ec0e8670183f526df9284f.jpg?fit=1200%2C1200&ssl=1&resize=350%2C200","width":350,"height":200,"srcset":"https:\/\/i0.wp.com\/naillycosmetics.com\/wp-content\/uploads\/2026\/03\/6ef7dbe5e9ec0e8670183f526df9284f.jpg?fit=1200%2C1200&ssl=1&resize=350%2C200 1x, https:\/\/i0.wp.com\/naillycosmetics.com\/wp-content\/uploads\/2026\/03\/6ef7dbe5e9ec0e8670183f526df9284f.jpg?fit=1200%2C1200&ssl=1&resize=525%2C300 1.5x, https:\/\/i0.wp.com\/naillycosmetics.com\/wp-content\/uploads\/2026\/03\/6ef7dbe5e9ec0e8670183f526df9284f.jpg?fit=1200%2C1200&ssl=1&resize=700%2C400 2x, https:\/\/i0.wp.com\/naillycosmetics.com\/wp-content\/uploads\/2026\/03\/6ef7dbe5e9ec0e8670183f526df9284f.jpg?fit=1200%2C1200&ssl=1&resize=1050%2C600 3x"},"classes":[]},{"id":23540,"url":"https:\/\/naillycosmetics.com\/fr\/produit\/staleks-eyebrow-tweezers-black-expert-11-type-5b-point\/","url_meta":{"origin":23534,"position":1},"title":"Staleks Pince \u00e0 sourcils noire EXPERT 11 TYPE 5b (point)","author":"Serge Sahakian","date":"d\u00e9cembre 2, 2025","format":false,"excerpt":"","rel":"","context":"Article similaire","block_context":{"text":"Article similaire","link":""},"img":{"alt_text":"Eyebrow tweezers black EXPERT 11 TYPE 5b (point)","src":"https:\/\/i0.wp.com\/naillycosmetics.com\/wp-content\/uploads\/2026\/02\/eyebrow-tweezers-black-expert-11-type-5b-point.webp?fit=750%2C1000&ssl=1&resize=350%2C200","width":350,"height":200,"srcset":"https:\/\/i0.wp.com\/naillycosmetics.com\/wp-content\/uploads\/2026\/02\/eyebrow-tweezers-black-expert-11-type-5b-point.webp?fit=750%2C1000&ssl=1&resize=350%2C200 1x, https:\/\/i0.wp.com\/naillycosmetics.com\/wp-content\/uploads\/2026\/02\/eyebrow-tweezers-black-expert-11-type-5b-point.webp?fit=750%2C1000&ssl=1&resize=525%2C300 1.5x, https:\/\/i0.wp.com\/naillycosmetics.com\/wp-content\/uploads\/2026\/02\/eyebrow-tweezers-black-expert-11-type-5b-point.webp?fit=750%2C1000&ssl=1&resize=700%2C400 2x"},"classes":[]},{"id":23096,"url":"https:\/\/naillycosmetics.com\/fr\/produit\/staleks-eyebrow-tweezers-red-expert-11-type-5r-point\/","url_meta":{"origin":23534,"position":2},"title":"Staleks Pince \u00e0 sourcils rouge EXPERT 11 TYPE 5r (point)","author":"Serge Sahakian","date":"d\u00e9cembre 3, 2025","format":false,"excerpt":"TE-11\/5r","rel":"","context":"Article similaire","block_context":{"text":"Article similaire","link":""},"img":{"alt_text":"Eyebrow tweezers red EXPERT 11 TYPE 5r (point)","src":"https:\/\/i0.wp.com\/naillycosmetics.com\/wp-content\/uploads\/2026\/02\/eyebrow-tweezers-red-expert-11-type-5r-point-.webp?fit=750%2C1000&ssl=1&resize=350%2C200","width":350,"height":200,"srcset":"https:\/\/i0.wp.com\/naillycosmetics.com\/wp-content\/uploads\/2026\/02\/eyebrow-tweezers-red-expert-11-type-5r-point-.webp?fit=750%2C1000&ssl=1&resize=350%2C200 1x, https:\/\/i0.wp.com\/naillycosmetics.com\/wp-content\/uploads\/2026\/02\/eyebrow-tweezers-red-expert-11-type-5r-point-.webp?fit=750%2C1000&ssl=1&resize=525%2C300 1.5x, https:\/\/i0.wp.com\/naillycosmetics.com\/wp-content\/uploads\/2026\/02\/eyebrow-tweezers-red-expert-11-type-5r-point-.webp?fit=750%2C1000&ssl=1&resize=700%2C400 2x"},"classes":[]},{"id":23532,"url":"https:\/\/naillycosmetics.com\/fr\/produit\/staleks-eyebrow-tweezers-expert-10-type-3-wide-beveled\/","url_meta":{"origin":23534,"position":3},"title":"Staleks Pince \u00e0 sourcils EXPERT 10 TYPE 3 (large biseau)","author":"Serge Sahakian","date":"d\u00e9cembre 2, 2025","format":false,"excerpt":"","rel":"","context":"Article similaire","block_context":{"text":"Article similaire","link":""},"img":{"alt_text":"Eyebrow tweezers EXPERT 10 TYPE 3 (wide beveled)","src":"https:\/\/i0.wp.com\/naillycosmetics.com\/wp-content\/uploads\/2026\/02\/eyebrow-tweezers-expert-10-type-3-wide-beveled.webp?fit=750%2C1000&ssl=1&resize=350%2C200","width":350,"height":200,"srcset":"https:\/\/i0.wp.com\/naillycosmetics.com\/wp-content\/uploads\/2026\/02\/eyebrow-tweezers-expert-10-type-3-wide-beveled.webp?fit=750%2C1000&ssl=1&resize=350%2C200 1x, https:\/\/i0.wp.com\/naillycosmetics.com\/wp-content\/uploads\/2026\/02\/eyebrow-tweezers-expert-10-type-3-wide-beveled.webp?fit=750%2C1000&ssl=1&resize=525%2C300 1.5x, https:\/\/i0.wp.com\/naillycosmetics.com\/wp-content\/uploads\/2026\/02\/eyebrow-tweezers-expert-10-type-3-wide-beveled.webp?fit=750%2C1000&ssl=1&resize=700%2C400 2x"},"classes":[]},{"id":23528,"url":"https:\/\/naillycosmetics.com\/fr\/produit\/staleks-eyebrow-tweezers-expert-10-type-1-wide-straight\/","url_meta":{"origin":23534,"position":4},"title":"Staleks Pince \u00e0 sourcils EXPERT 10 TYPE 1 (large et droite)","author":"Serge Sahakian","date":"d\u00e9cembre 2, 2025","format":false,"excerpt":"TE-10\/1","rel":"","context":"Article similaire","block_context":{"text":"Article similaire","link":""},"img":{"alt_text":"Eyebrow tweezers EXPERT 10 TYPE 1 (wide straight)","src":"https:\/\/i0.wp.com\/naillycosmetics.com\/wp-content\/uploads\/2026\/02\/eyebrow-tweezers-expert-10-type-1-wide-straight.webp?fit=750%2C1000&ssl=1&resize=350%2C200","width":350,"height":200,"srcset":"https:\/\/i0.wp.com\/naillycosmetics.com\/wp-content\/uploads\/2026\/02\/eyebrow-tweezers-expert-10-type-1-wide-straight.webp?fit=750%2C1000&ssl=1&resize=350%2C200 1x, https:\/\/i0.wp.com\/naillycosmetics.com\/wp-content\/uploads\/2026\/02\/eyebrow-tweezers-expert-10-type-1-wide-straight.webp?fit=750%2C1000&ssl=1&resize=525%2C300 1.5x, https:\/\/i0.wp.com\/naillycosmetics.com\/wp-content\/uploads\/2026\/02\/eyebrow-tweezers-expert-10-type-1-wide-straight.webp?fit=750%2C1000&ssl=1&resize=700%2C400 2x"},"classes":[]},{"id":23530,"url":"https:\/\/naillycosmetics.com\/fr\/produit\/staleks-eyebrow-tweezers-expert-10-type-2-narrow-straight\/","url_meta":{"origin":23534,"position":5},"title":"Staleks Pince \u00e0 sourcils EXPERT 10 TYPE 2 (droite \u00e9troite)","author":"Serge Sahakian","date":"d\u00e9cembre 2, 2025","format":false,"excerpt":"TE-10\/2","rel":"","context":"Article similaire","block_context":{"text":"Article similaire","link":""},"img":{"alt_text":"Eyebrow tweezers EXPERT 10 TYPE 2 (narrow straight)","src":"https:\/\/i0.wp.com\/naillycosmetics.com\/wp-content\/uploads\/2026\/02\/eyebrow-tweezers-expert-10-type-2-narrow-straight.webp?fit=750%2C1000&ssl=1&resize=350%2C200","width":350,"height":200,"srcset":"https:\/\/i0.wp.com\/naillycosmetics.com\/wp-content\/uploads\/2026\/02\/eyebrow-tweezers-expert-10-type-2-narrow-straight.webp?fit=750%2C1000&ssl=1&resize=350%2C200 1x, https:\/\/i0.wp.com\/naillycosmetics.com\/wp-content\/uploads\/2026\/02\/eyebrow-tweezers-expert-10-type-2-narrow-straight.webp?fit=750%2C1000&ssl=1&resize=525%2C300 1.5x, https:\/\/i0.wp.com\/naillycosmetics.com\/wp-content\/uploads\/2026\/02\/eyebrow-tweezers-expert-10-type-2-narrow-straight.webp?fit=750%2C1000&ssl=1&resize=700%2C400 2x"},"classes":[]}],"jetpack_sharing_enabled":true,"_links":{"self":[{"href":"https:\/\/naillycosmetics.com\/fr\/wp-json\/wp\/v2\/product\/23534","targetHints":{"allow":["GET"]}}],"collection":[{"href":"https:\/\/naillycosmetics.com\/fr\/wp-json\/wp\/v2\/product"}],"about":[{"href":"https:\/\/naillycosmetics.com\/fr\/wp-json\/wp\/v2\/types\/product"}],"replies":[{"embeddable":true,"href":"https:\/\/naillycosmetics.com\/fr\/wp-json\/wp\/v2\/comments?post=23534"}],"wp:featuredmedia":[{"embeddable":true,"href":"https:\/\/naillycosmetics.com\/fr\/wp-json\/wp\/v2\/media\/24710"}],"wp:attachment":[{"href":"https:\/\/naillycosmetics.com\/fr\/wp-json\/wp\/v2\/media?parent=23534"}],"wp:term":[{"taxonomy":"product_brand","embeddable":true,"href":"https:\/\/naillycosmetics.com\/fr\/wp-json\/wp\/v2\/product_brand?post=23534"},{"taxonomy":"product_cat","embeddable":true,"href":"https:\/\/naillycosmetics.com\/fr\/wp-json\/wp\/v2\/product_cat?post=23534"},{"taxonomy":"product_tag","embeddable":true,"href":"https:\/\/naillycosmetics.com\/fr\/wp-json\/wp\/v2\/product_tag?post=23534"}],"curies":[{"name":"wp","href":"https:\/\/api.w.org\/{rel}","templated":true}]}}