{"id":23526,"date":"2025-12-02T17:11:48","date_gmt":"2025-12-02T22:11:48","guid":{"rendered":"https:\/\/naillycosmetics.com\/product\/staleks-eyebrow-tweezers-classic-15-type-3-wide-beveled\/"},"modified":"2026-03-04T20:09:57","modified_gmt":"2026-03-05T01:09:57","slug":"staleks-eyebrow-tweezers-classic-15-type-3-wide-beveled","status":"publish","type":"product","link":"https:\/\/naillycosmetics.com\/fr\/produit\/staleks-eyebrow-tweezers-classic-15-type-3-wide-beveled\/","title":{"rendered":"Staleks Pince \u00e0 sourcils CLASSIC 15 TYPE 3 (large biseau)"},"content":{"rendered":"","protected":false},"excerpt":{"rendered":"<p>TC-15\/3<\/p>","protected":false},"featured_media":24729,"comment_status":"open","ping_status":"closed","template":"","meta":{"jetpack_post_was_ever_published":false,"jetpack_publicize_message":"","jetpack_publicize_feature_enabled":true,"jetpack_social_post_already_shared":true,"jetpack_social_options":{"image_generator_settings":{"template":"highway","default_image_id":0,"font":"","enabled":false},"version":2}},"product_brand":[931],"product_cat":[937],"product_tag":[947,363],"class_list":{"0":"post-23526","1":"product","2":"type-product","3":"status-publish","4":"has-post-thumbnail","6":"product_brand-staleks","7":"product_cat-staleks-eyebrow-tweezers","8":"product_tag-eyebrow-tweezers","9":"product_tag-staleks-classic-series","11":"first","12":"instock","13":"taxable","14":"shipping-taxable","15":"purchasable","16":"product-type-simple"},"jetpack_publicize_connections":[],"jetpack-related-posts":[{"id":23520,"url":"https:\/\/naillycosmetics.com\/fr\/produit\/staleks-eyebrow-tweezers-classic-10-type-3-wide-beveled\/","url_meta":{"origin":23526,"position":0},"title":"Staleks Pince \u00e0 \u00e9piler pour sourcils CLASSIC 10 TYPE 3 (large biseau)","author":"Serge Sahakian","date":"d\u00e9cembre 2, 2025","format":false,"excerpt":"TC-10\/3","rel":"","context":"Article similaire","block_context":{"text":"Article similaire","link":""},"img":{"alt_text":"Eyebrow tweezers CLASSIC 10 TYPE 3 (wide beveled)","src":"https:\/\/i0.wp.com\/naillycosmetics.com\/wp-content\/uploads\/2026\/02\/eyebrow-tweezers-classic-10-type-3-wide-beveled.webp?fit=750%2C1000&ssl=1&resize=350%2C200","width":350,"height":200,"srcset":"https:\/\/i0.wp.com\/naillycosmetics.com\/wp-content\/uploads\/2026\/02\/eyebrow-tweezers-classic-10-type-3-wide-beveled.webp?fit=750%2C1000&ssl=1&resize=350%2C200 1x, https:\/\/i0.wp.com\/naillycosmetics.com\/wp-content\/uploads\/2026\/02\/eyebrow-tweezers-classic-10-type-3-wide-beveled.webp?fit=750%2C1000&ssl=1&resize=525%2C300 1.5x, https:\/\/i0.wp.com\/naillycosmetics.com\/wp-content\/uploads\/2026\/02\/eyebrow-tweezers-classic-10-type-3-wide-beveled.webp?fit=750%2C1000&ssl=1&resize=700%2C400 2x"},"classes":[]},{"id":23522,"url":"https:\/\/naillycosmetics.com\/fr\/produit\/staleks-eyebrow-tweezers-classic-12-type-3-wide-beveled\/","url_meta":{"origin":23526,"position":1},"title":"Staleks Pince \u00e0 sourcils CLASSIC 12 TYPE 3 (large biseau)","author":"Serge Sahakian","date":"d\u00e9cembre 2, 2025","format":false,"excerpt":"TC-12\/3","rel":"","context":"Article similaire","block_context":{"text":"Article similaire","link":""},"img":{"alt_text":"Eyebrow tweezers CLASSIC 12 TYPE 3 (wide beveled)","src":"https:\/\/i0.wp.com\/naillycosmetics.com\/wp-content\/uploads\/2026\/02\/eyebrow-tweezers-classic-12-type-3-wide-beveled.webp?fit=750%2C1000&ssl=1&resize=350%2C200","width":350,"height":200,"srcset":"https:\/\/i0.wp.com\/naillycosmetics.com\/wp-content\/uploads\/2026\/02\/eyebrow-tweezers-classic-12-type-3-wide-beveled.webp?fit=750%2C1000&ssl=1&resize=350%2C200 1x, https:\/\/i0.wp.com\/naillycosmetics.com\/wp-content\/uploads\/2026\/02\/eyebrow-tweezers-classic-12-type-3-wide-beveled.webp?fit=750%2C1000&ssl=1&resize=525%2C300 1.5x, https:\/\/i0.wp.com\/naillycosmetics.com\/wp-content\/uploads\/2026\/02\/eyebrow-tweezers-classic-12-type-3-wide-beveled.webp?fit=750%2C1000&ssl=1&resize=700%2C400 2x"},"classes":[]},{"id":23524,"url":"https:\/\/naillycosmetics.com\/fr\/produit\/staleks-eyebrow-tweezers-classic-13-type-3-wide-beveled\/","url_meta":{"origin":23526,"position":2},"title":"Staleks Pince \u00e0 \u00e9piler pour sourcils CLASSIC 13 TYPE 3 (large biseau)","author":"Serge Sahakian","date":"d\u00e9cembre 2, 2025","format":false,"excerpt":"TC-13\/3","rel":"","context":"Article similaire","block_context":{"text":"Article similaire","link":""},"img":{"alt_text":"Eyebrow tweezers CLASSIC 13 TYPE 3 (wide beveled)","src":"https:\/\/i0.wp.com\/naillycosmetics.com\/wp-content\/uploads\/2026\/02\/eyebrow-tweezers-classic-13-type-3-wide-beveled.webp?fit=750%2C1000&ssl=1&resize=350%2C200","width":350,"height":200,"srcset":"https:\/\/i0.wp.com\/naillycosmetics.com\/wp-content\/uploads\/2026\/02\/eyebrow-tweezers-classic-13-type-3-wide-beveled.webp?fit=750%2C1000&ssl=1&resize=350%2C200 1x, https:\/\/i0.wp.com\/naillycosmetics.com\/wp-content\/uploads\/2026\/02\/eyebrow-tweezers-classic-13-type-3-wide-beveled.webp?fit=750%2C1000&ssl=1&resize=525%2C300 1.5x, https:\/\/i0.wp.com\/naillycosmetics.com\/wp-content\/uploads\/2026\/02\/eyebrow-tweezers-classic-13-type-3-wide-beveled.webp?fit=750%2C1000&ssl=1&resize=700%2C400 2x"},"classes":[]},{"id":23532,"url":"https:\/\/naillycosmetics.com\/fr\/produit\/staleks-eyebrow-tweezers-expert-10-type-3-wide-beveled\/","url_meta":{"origin":23526,"position":3},"title":"Staleks Pince \u00e0 sourcils EXPERT 10 TYPE 3 (large biseau)","author":"Serge Sahakian","date":"d\u00e9cembre 2, 2025","format":false,"excerpt":"","rel":"","context":"Article similaire","block_context":{"text":"Article similaire","link":""},"img":{"alt_text":"Eyebrow tweezers EXPERT 10 TYPE 3 (wide beveled)","src":"https:\/\/i0.wp.com\/naillycosmetics.com\/wp-content\/uploads\/2026\/02\/eyebrow-tweezers-expert-10-type-3-wide-beveled.webp?fit=750%2C1000&ssl=1&resize=350%2C200","width":350,"height":200,"srcset":"https:\/\/i0.wp.com\/naillycosmetics.com\/wp-content\/uploads\/2026\/02\/eyebrow-tweezers-expert-10-type-3-wide-beveled.webp?fit=750%2C1000&ssl=1&resize=350%2C200 1x, https:\/\/i0.wp.com\/naillycosmetics.com\/wp-content\/uploads\/2026\/02\/eyebrow-tweezers-expert-10-type-3-wide-beveled.webp?fit=750%2C1000&ssl=1&resize=525%2C300 1.5x, https:\/\/i0.wp.com\/naillycosmetics.com\/wp-content\/uploads\/2026\/02\/eyebrow-tweezers-expert-10-type-3-wide-beveled.webp?fit=750%2C1000&ssl=1&resize=700%2C400 2x"},"classes":[]},{"id":23511,"url":"https:\/\/naillycosmetics.com\/fr\/produit\/staleks-eyebrow-tweezers-beauty-care-10-type-3-wide-beveled\/","url_meta":{"origin":23526,"position":4},"title":"Staleks Pince \u00e0 \u00e9piler pour sourcils BEAUTY &amp; CARE 10 TYPE 3 (large biseau)","author":"Serge Sahakian","date":"d\u00e9cembre 2, 2025","format":false,"excerpt":"TBC-10\/3","rel":"","context":"Article similaire","block_context":{"text":"Article similaire","link":""},"img":{"alt_text":"Eyebrow tweezers BEAUTY & CARE 10 TYPE 3 (wide beveled)","src":"https:\/\/i0.wp.com\/naillycosmetics.com\/wp-content\/uploads\/2026\/02\/eyebrow-tweezers-beauty-care-10-type-3-wide-beveled.webp?fit=750%2C1000&ssl=1&resize=350%2C200","width":350,"height":200,"srcset":"https:\/\/i0.wp.com\/naillycosmetics.com\/wp-content\/uploads\/2026\/02\/eyebrow-tweezers-beauty-care-10-type-3-wide-beveled.webp?fit=750%2C1000&ssl=1&resize=350%2C200 1x, https:\/\/i0.wp.com\/naillycosmetics.com\/wp-content\/uploads\/2026\/02\/eyebrow-tweezers-beauty-care-10-type-3-wide-beveled.webp?fit=750%2C1000&ssl=1&resize=525%2C300 1.5x, https:\/\/i0.wp.com\/naillycosmetics.com\/wp-content\/uploads\/2026\/02\/eyebrow-tweezers-beauty-care-10-type-3-wide-beveled.webp?fit=750%2C1000&ssl=1&resize=700%2C400 2x"},"classes":[]},{"id":23542,"url":"https:\/\/naillycosmetics.com\/fr\/produit\/staleks-eyebrow-tweezers-expert-20-type-3-wide-beveled\/","url_meta":{"origin":23526,"position":5},"title":"Staleks Pince \u00e0 sourcils EXPERT 20 TYPE 3 (large biseau)","author":"Serge Sahakian","date":"d\u00e9cembre 2, 2025","format":false,"excerpt":"TE-20\/3","rel":"","context":"Article similaire","block_context":{"text":"Article similaire","link":""},"img":{"alt_text":"Eyebrow tweezers EXPERT 20 TYPE 3 (wide beveled)","src":"https:\/\/i0.wp.com\/naillycosmetics.com\/wp-content\/uploads\/2026\/02\/eyebrow-tweezers-expert-20-type-3-wide-beveled.webp?fit=750%2C1000&ssl=1&resize=350%2C200","width":350,"height":200,"srcset":"https:\/\/i0.wp.com\/naillycosmetics.com\/wp-content\/uploads\/2026\/02\/eyebrow-tweezers-expert-20-type-3-wide-beveled.webp?fit=750%2C1000&ssl=1&resize=350%2C200 1x, https:\/\/i0.wp.com\/naillycosmetics.com\/wp-content\/uploads\/2026\/02\/eyebrow-tweezers-expert-20-type-3-wide-beveled.webp?fit=750%2C1000&ssl=1&resize=525%2C300 1.5x, https:\/\/i0.wp.com\/naillycosmetics.com\/wp-content\/uploads\/2026\/02\/eyebrow-tweezers-expert-20-type-3-wide-beveled.webp?fit=750%2C1000&ssl=1&resize=700%2C400 2x"},"classes":[]}],"jetpack_sharing_enabled":true,"_links":{"self":[{"href":"https:\/\/naillycosmetics.com\/fr\/wp-json\/wp\/v2\/product\/23526","targetHints":{"allow":["GET"]}}],"collection":[{"href":"https:\/\/naillycosmetics.com\/fr\/wp-json\/wp\/v2\/product"}],"about":[{"href":"https:\/\/naillycosmetics.com\/fr\/wp-json\/wp\/v2\/types\/product"}],"replies":[{"embeddable":true,"href":"https:\/\/naillycosmetics.com\/fr\/wp-json\/wp\/v2\/comments?post=23526"}],"wp:featuredmedia":[{"embeddable":true,"href":"https:\/\/naillycosmetics.com\/fr\/wp-json\/wp\/v2\/media\/24729"}],"wp:attachment":[{"href":"https:\/\/naillycosmetics.com\/fr\/wp-json\/wp\/v2\/media?parent=23526"}],"wp:term":[{"taxonomy":"product_brand","embeddable":true,"href":"https:\/\/naillycosmetics.com\/fr\/wp-json\/wp\/v2\/product_brand?post=23526"},{"taxonomy":"product_cat","embeddable":true,"href":"https:\/\/naillycosmetics.com\/fr\/wp-json\/wp\/v2\/product_cat?post=23526"},{"taxonomy":"product_tag","embeddable":true,"href":"https:\/\/naillycosmetics.com\/fr\/wp-json\/wp\/v2\/product_tag?post=23526"}],"curies":[{"name":"wp","href":"https:\/\/api.w.org\/{rel}","templated":true}]}}