{"id":23479,"date":"2025-03-14T17:45:19","date_gmt":"2025-03-14T21:45:19","guid":{"rendered":"https:\/\/naillycosmetics.com\/product\/staleks-pro-podology-splinter-tweezers-small-podo-11\/"},"modified":"2026-03-04T20:11:00","modified_gmt":"2026-03-05T01:11:00","slug":"staleks-podology-splinter-tweezers-small-podo-11","status":"publish","type":"product","link":"https:\/\/naillycosmetics.com\/fr\/produit\/staleks-podology-splinter-tweezers-small-podo-11\/","title":{"rendered":"Staleks Podology Pince \u00e0 \u00e9piler pour \u00e9chardes Petite PODO 11"},"content":{"rendered":"","protected":false},"excerpt":{"rendered":"<p>TP-11<\/p>","protected":false},"featured_media":28184,"comment_status":"open","ping_status":"closed","template":"","meta":{"jetpack_post_was_ever_published":false,"jetpack_publicize_message":"","jetpack_publicize_feature_enabled":true,"jetpack_social_post_already_shared":true,"jetpack_social_options":{"image_generator_settings":{"template":"highway","default_image_id":0,"font":"","enabled":false},"version":2}},"product_brand":[931],"product_cat":[619],"product_tag":[],"class_list":{"0":"post-23479","1":"product","2":"type-product","3":"status-publish","4":"has-post-thumbnail","6":"product_brand-staleks","7":"product_cat-staleks-podo","9":"first","10":"instock","11":"taxable","12":"shipping-taxable","13":"purchasable","14":"product-type-simple"},"jetpack_publicize_connections":[],"jetpack-related-posts":[{"id":17983,"url":"https:\/\/naillycosmetics.com\/fr\/produit\/staleks-pro-splinter-tweezers-podo-10\/","url_meta":{"origin":23479,"position":0},"title":"Staleks PRO Pince \u00e0 \u00e9piler pour \u00e9chardes PODO 10","author":"Serge Sahakian","date":"mai 28, 2024","format":false,"excerpt":"TP-10","rel":"","context":"Article similaire","block_context":{"text":"Article similaire","link":""},"img":{"alt_text":"victoria vynn gel polish 383","src":"https:\/\/i0.wp.com\/naillycosmetics.com\/wp-content\/uploads\/2024\/08\/victoria-vynn-gel-polish-383-.webp?fit=750%2C1000&ssl=1&resize=350%2C200","width":350,"height":200,"srcset":"https:\/\/i0.wp.com\/naillycosmetics.com\/wp-content\/uploads\/2024\/08\/victoria-vynn-gel-polish-383-.webp?fit=750%2C1000&ssl=1&resize=350%2C200 1x, https:\/\/i0.wp.com\/naillycosmetics.com\/wp-content\/uploads\/2024\/08\/victoria-vynn-gel-polish-383-.webp?fit=750%2C1000&ssl=1&resize=525%2C300 1.5x, https:\/\/i0.wp.com\/naillycosmetics.com\/wp-content\/uploads\/2024\/08\/victoria-vynn-gel-polish-383-.webp?fit=750%2C1000&ssl=1&resize=700%2C400 2x"},"classes":[]},{"id":23552,"url":"https:\/\/naillycosmetics.com\/fr\/produit\/staleks-tweezers-for-disposable-files-removal-expert-10-type-1\/","url_meta":{"origin":23479,"position":1},"title":"Pince \u00e0 \u00e9piler Staleks pour le retrait des dossiers jetables EXPERT 10 TYPE 1","author":"Serge Sahakian","date":"d\u00e9cembre 2, 2025","format":false,"excerpt":"TEDF-10\/1","rel":"","context":"Article similaire","block_context":{"text":"Article similaire","link":""},"img":{"alt_text":"","src":"https:\/\/i0.wp.com\/naillycosmetics.com\/wp-content\/uploads\/2026\/02\/tweezers-for-disposable-files-removal-expert-10-type-1-1.webp?fit=750%2C1000&ssl=1&resize=350%2C200","width":350,"height":200,"srcset":"https:\/\/i0.wp.com\/naillycosmetics.com\/wp-content\/uploads\/2026\/02\/tweezers-for-disposable-files-removal-expert-10-type-1-1.webp?fit=750%2C1000&ssl=1&resize=350%2C200 1x, https:\/\/i0.wp.com\/naillycosmetics.com\/wp-content\/uploads\/2026\/02\/tweezers-for-disposable-files-removal-expert-10-type-1-1.webp?fit=750%2C1000&ssl=1&resize=525%2C300 1.5x, https:\/\/i0.wp.com\/naillycosmetics.com\/wp-content\/uploads\/2026\/02\/tweezers-for-disposable-files-removal-expert-10-type-1-1.webp?fit=750%2C1000&ssl=1&resize=700%2C400 2x"},"classes":[]},{"id":23593,"url":"https:\/\/naillycosmetics.com\/fr\/produit\/staleks-eyebrow-tweezers-beauty-care-11-type-5-point\/","url_meta":{"origin":23479,"position":2},"title":"Staleks Pince \u00e0 sourcils BEAUTY &amp; CARE 11 TYPE 5 (point)","author":"Serge Sahakian","date":"d\u00e9cembre 2, 2025","format":false,"excerpt":"TBC-11\/5","rel":"","context":"Article similaire","block_context":{"text":"Article similaire","link":""},"img":{"alt_text":"Eyebrow tweezers BEAUTY & CARE 11 TYPE 5 (point)","src":"https:\/\/i0.wp.com\/naillycosmetics.com\/wp-content\/uploads\/2026\/02\/eyebrow-tweezers-beauty-care-11-type-5-point.webp?fit=750%2C1000&ssl=1&resize=350%2C200","width":350,"height":200,"srcset":"https:\/\/i0.wp.com\/naillycosmetics.com\/wp-content\/uploads\/2026\/02\/eyebrow-tweezers-beauty-care-11-type-5-point.webp?fit=750%2C1000&ssl=1&resize=350%2C200 1x, https:\/\/i0.wp.com\/naillycosmetics.com\/wp-content\/uploads\/2026\/02\/eyebrow-tweezers-beauty-care-11-type-5-point.webp?fit=750%2C1000&ssl=1&resize=525%2C300 1.5x, https:\/\/i0.wp.com\/naillycosmetics.com\/wp-content\/uploads\/2026\/02\/eyebrow-tweezers-beauty-care-11-type-5-point.webp?fit=750%2C1000&ssl=1&resize=700%2C400 2x"},"classes":[]},{"id":23513,"url":"https:\/\/naillycosmetics.com\/fr\/produit\/staleks-pro-eyebrow-tweezers-beauty-care-11-type-3-wide-beveled\/","url_meta":{"origin":23479,"position":3},"title":"Staleks PRO Pince \u00e0 sourcils BEAUTY &amp; CARE 11 TYPE 3 (large biseau)","author":"Serge Sahakian","date":"d\u00e9cembre 2, 2025","format":false,"excerpt":"TBC-11\/3","rel":"","context":"Article similaire","block_context":{"text":"Article similaire","link":""},"img":{"alt_text":"Eyebrow tweezers BEAUTY & CARE 11 TYPE 3 (wide beveled)","src":"https:\/\/i0.wp.com\/naillycosmetics.com\/wp-content\/uploads\/2026\/02\/eyebrow-tweezers-beauty-care-11-type-3-wide-beveled.webp?fit=750%2C1000&ssl=1&resize=350%2C200","width":350,"height":200,"srcset":"https:\/\/i0.wp.com\/naillycosmetics.com\/wp-content\/uploads\/2026\/02\/eyebrow-tweezers-beauty-care-11-type-3-wide-beveled.webp?fit=750%2C1000&ssl=1&resize=350%2C200 1x, https:\/\/i0.wp.com\/naillycosmetics.com\/wp-content\/uploads\/2026\/02\/eyebrow-tweezers-beauty-care-11-type-3-wide-beveled.webp?fit=750%2C1000&ssl=1&resize=525%2C300 1.5x, https:\/\/i0.wp.com\/naillycosmetics.com\/wp-content\/uploads\/2026\/02\/eyebrow-tweezers-beauty-care-11-type-3-wide-beveled.webp?fit=750%2C1000&ssl=1&resize=700%2C400 2x"},"classes":[]},{"id":23475,"url":"https:\/\/naillycosmetics.com\/fr\/produit\/staleks-eyebrow-tweezers-black-expert-11-type-4b-narrow-beveled\/","url_meta":{"origin":23479,"position":4},"title":"Staleks Pince \u00e0 sourcils noire EXPERT 11 TYPE 4b (biseau \u00e9troit)","author":"Serge Sahakian","date":"d\u00e9cembre 2, 2025","format":false,"excerpt":"TE-11\/4b","rel":"","context":"Article similaire","block_context":{"text":"Article similaire","link":""},"img":{"alt_text":"Eyebrow tweezers black EXPERT 11 TYPE 4b (narrow beveled)","src":"https:\/\/i0.wp.com\/naillycosmetics.com\/wp-content\/uploads\/2026\/02\/eyebrow-tweezers-black-expert-11-type-4b-narrow-beveled.webp?fit=750%2C1000&ssl=1&resize=350%2C200","width":350,"height":200,"srcset":"https:\/\/i0.wp.com\/naillycosmetics.com\/wp-content\/uploads\/2026\/02\/eyebrow-tweezers-black-expert-11-type-4b-narrow-beveled.webp?fit=750%2C1000&ssl=1&resize=350%2C200 1x, https:\/\/i0.wp.com\/naillycosmetics.com\/wp-content\/uploads\/2026\/02\/eyebrow-tweezers-black-expert-11-type-4b-narrow-beveled.webp?fit=750%2C1000&ssl=1&resize=525%2C300 1.5x, https:\/\/i0.wp.com\/naillycosmetics.com\/wp-content\/uploads\/2026\/02\/eyebrow-tweezers-black-expert-11-type-4b-narrow-beveled.webp?fit=750%2C1000&ssl=1&resize=700%2C400 2x"},"classes":[]},{"id":23536,"url":"https:\/\/naillycosmetics.com\/fr\/produit\/staleks-eyebrow-tweezers-black-expert-11-type-3b-wide-beveled\/","url_meta":{"origin":23479,"position":5},"title":"Staleks Pince \u00e0 sourcils noire EXPERT 11 TYPE 3b (large biseau)","author":"Serge Sahakian","date":"d\u00e9cembre 2, 2025","format":false,"excerpt":"TE-11\/3b","rel":"","context":"Article similaire","block_context":{"text":"Article similaire","link":""},"img":{"alt_text":"Eyebrow tweezers black EXPERT 11 TYPE 3b (wide beveled)","src":"https:\/\/i0.wp.com\/naillycosmetics.com\/wp-content\/uploads\/2026\/02\/eyebrow-tweezers-black-expert-11-type-3b-wide-beveled.webp?fit=750%2C1000&ssl=1&resize=350%2C200","width":350,"height":200,"srcset":"https:\/\/i0.wp.com\/naillycosmetics.com\/wp-content\/uploads\/2026\/02\/eyebrow-tweezers-black-expert-11-type-3b-wide-beveled.webp?fit=750%2C1000&ssl=1&resize=350%2C200 1x, https:\/\/i0.wp.com\/naillycosmetics.com\/wp-content\/uploads\/2026\/02\/eyebrow-tweezers-black-expert-11-type-3b-wide-beveled.webp?fit=750%2C1000&ssl=1&resize=525%2C300 1.5x, https:\/\/i0.wp.com\/naillycosmetics.com\/wp-content\/uploads\/2026\/02\/eyebrow-tweezers-black-expert-11-type-3b-wide-beveled.webp?fit=750%2C1000&ssl=1&resize=700%2C400 2x"},"classes":[]}],"jetpack_sharing_enabled":true,"_links":{"self":[{"href":"https:\/\/naillycosmetics.com\/fr\/wp-json\/wp\/v2\/product\/23479","targetHints":{"allow":["GET"]}}],"collection":[{"href":"https:\/\/naillycosmetics.com\/fr\/wp-json\/wp\/v2\/product"}],"about":[{"href":"https:\/\/naillycosmetics.com\/fr\/wp-json\/wp\/v2\/types\/product"}],"replies":[{"embeddable":true,"href":"https:\/\/naillycosmetics.com\/fr\/wp-json\/wp\/v2\/comments?post=23479"}],"wp:featuredmedia":[{"embeddable":true,"href":"https:\/\/naillycosmetics.com\/fr\/wp-json\/wp\/v2\/media\/28184"}],"wp:attachment":[{"href":"https:\/\/naillycosmetics.com\/fr\/wp-json\/wp\/v2\/media?parent=23479"}],"wp:term":[{"taxonomy":"product_brand","embeddable":true,"href":"https:\/\/naillycosmetics.com\/fr\/wp-json\/wp\/v2\/product_brand?post=23479"},{"taxonomy":"product_cat","embeddable":true,"href":"https:\/\/naillycosmetics.com\/fr\/wp-json\/wp\/v2\/product_cat?post=23479"},{"taxonomy":"product_tag","embeddable":true,"href":"https:\/\/naillycosmetics.com\/fr\/wp-json\/wp\/v2\/product_tag?post=23479"}],"curies":[{"name":"wp","href":"https:\/\/api.w.org\/{rel}","templated":true}]}}