{"id":23422,"date":"2025-09-19T11:18:15","date_gmt":"2025-09-19T15:18:15","guid":{"rendered":"https:\/\/naillycosmetics.com\/product\/pharm-foot-manuka-patch-20-pieces\/"},"modified":"2026-03-04T19:54:04","modified_gmt":"2026-03-05T00:54:04","slug":"pharm-foot-manuka-patch-20-pieces","status":"publish","type":"product","link":"https:\/\/naillycosmetics.com\/fr\/produit\/pharm-foot-manuka-patch-20-pieces\/","title":{"rendered":"Pharm Foot Manuka Patch 20 pi\u00e8ces"},"content":{"rendered":"","protected":false},"excerpt":{"rendered":"","protected":false},"featured_media":25301,"comment_status":"open","ping_status":"closed","template":"","meta":{"jetpack_post_was_ever_published":false,"jetpack_publicize_message":"","jetpack_publicize_feature_enabled":true,"jetpack_social_post_already_shared":true,"jetpack_social_options":{"image_generator_settings":{"template":"highway","default_image_id":0,"font":"","enabled":false},"version":2}},"product_brand":[955],"product_cat":[879],"product_tag":[],"class_list":{"0":"post-23422","1":"product","2":"type-product","3":"status-publish","4":"has-post-thumbnail","6":"product_brand-pharm-foot","7":"product_cat-manuka-line","9":"first","10":"instock","11":"sale","12":"taxable","13":"shipping-taxable","14":"purchasable","15":"product-type-simple"},"jetpack_publicize_connections":[],"jetpack-related-posts":[{"id":20373,"url":"https:\/\/naillycosmetics.com\/fr\/produit\/pharm-foot-rich-balm-75g-manuka-line\/","url_meta":{"origin":23422,"position":0},"title":"Pharm Foot RICH BALM 75g (Ligne Manuka)","author":"Serge Sahakian","date":"mars 19, 2025","format":false,"excerpt":"SOOTHING AND REGENERATING OINTMENT with manuka & sea buckthorn","rel":"","context":"Article similaire","block_context":{"text":"Article similaire","link":""},"img":{"alt_text":"","src":"https:\/\/i0.wp.com\/naillycosmetics.com\/wp-content\/uploads\/2026\/02\/rich-balm-75-g.jpeg?fit=1200%2C1200&ssl=1&resize=350%2C200","width":350,"height":200,"srcset":"https:\/\/i0.wp.com\/naillycosmetics.com\/wp-content\/uploads\/2026\/02\/rich-balm-75-g.jpeg?fit=1200%2C1200&ssl=1&resize=350%2C200 1x, https:\/\/i0.wp.com\/naillycosmetics.com\/wp-content\/uploads\/2026\/02\/rich-balm-75-g.jpeg?fit=1200%2C1200&ssl=1&resize=525%2C300 1.5x, https:\/\/i0.wp.com\/naillycosmetics.com\/wp-content\/uploads\/2026\/02\/rich-balm-75-g.jpeg?fit=1200%2C1200&ssl=1&resize=700%2C400 2x, https:\/\/i0.wp.com\/naillycosmetics.com\/wp-content\/uploads\/2026\/02\/rich-balm-75-g.jpeg?fit=1200%2C1200&ssl=1&resize=1050%2C600 3x"},"classes":[]},{"id":20375,"url":"https:\/\/naillycosmetics.com\/fr\/produit\/pharm-foot-renewal-scraper-200g-manuka-line\/","url_meta":{"origin":23422,"position":1},"title":"Pharm Foot reNEWAL Scraper 200g (Ligne Manuka)","author":"Serge Sahakian","date":"mars 19, 2025","format":false,"excerpt":"GOMMAGE REVITALISANT au manuka et \u00e0 la pierre volcanique","rel":"","context":"Article similaire","block_context":{"text":"Article similaire","link":""},"img":{"alt_text":"","src":"https:\/\/i0.wp.com\/naillycosmetics.com\/wp-content\/uploads\/2026\/02\/renewal-scraper-200-g.jpeg?fit=1200%2C1200&ssl=1&resize=350%2C200","width":350,"height":200,"srcset":"https:\/\/i0.wp.com\/naillycosmetics.com\/wp-content\/uploads\/2026\/02\/renewal-scraper-200-g.jpeg?fit=1200%2C1200&ssl=1&resize=350%2C200 1x, https:\/\/i0.wp.com\/naillycosmetics.com\/wp-content\/uploads\/2026\/02\/renewal-scraper-200-g.jpeg?fit=1200%2C1200&ssl=1&resize=525%2C300 1.5x, https:\/\/i0.wp.com\/naillycosmetics.com\/wp-content\/uploads\/2026\/02\/renewal-scraper-200-g.jpeg?fit=1200%2C1200&ssl=1&resize=700%2C400 2x, https:\/\/i0.wp.com\/naillycosmetics.com\/wp-content\/uploads\/2026\/02\/renewal-scraper-200-g.jpeg?fit=1200%2C1200&ssl=1&resize=1050%2C600 3x"},"classes":[]},{"id":20383,"url":"https:\/\/naillycosmetics.com\/fr\/produit\/pharm-foot-rescue-essence-15ml-manuka-line\/","url_meta":{"origin":23422,"position":2},"title":"Pharm Foot reSCUE ESSENCE 15ml (Ligne Manuka)","author":"Serge Sahakian","date":"mars 19, 2025","format":false,"excerpt":"SPRAY CALMANT \u00e0 l'hydrolat de manuka et de camomille","rel":"","context":"Article similaire","block_context":{"text":"Article similaire","link":""},"img":{"alt_text":"","src":"https:\/\/i0.wp.com\/naillycosmetics.com\/wp-content\/uploads\/2026\/02\/rescue-essence-150-ml.jpeg?fit=1200%2C1200&ssl=1&resize=350%2C200","width":350,"height":200,"srcset":"https:\/\/i0.wp.com\/naillycosmetics.com\/wp-content\/uploads\/2026\/02\/rescue-essence-150-ml.jpeg?fit=1200%2C1200&ssl=1&resize=350%2C200 1x, https:\/\/i0.wp.com\/naillycosmetics.com\/wp-content\/uploads\/2026\/02\/rescue-essence-150-ml.jpeg?fit=1200%2C1200&ssl=1&resize=525%2C300 1.5x, https:\/\/i0.wp.com\/naillycosmetics.com\/wp-content\/uploads\/2026\/02\/rescue-essence-150-ml.jpeg?fit=1200%2C1200&ssl=1&resize=700%2C400 2x, https:\/\/i0.wp.com\/naillycosmetics.com\/wp-content\/uploads\/2026\/02\/rescue-essence-150-ml.jpeg?fit=1200%2C1200&ssl=1&resize=1050%2C600 3x"},"classes":[]},{"id":17496,"url":"https:\/\/naillycosmetics.com\/fr\/produit\/pharm-foot-hydro-cream-250ml-urea-line\/","url_meta":{"origin":23422,"position":3},"title":"Pharm Foot Hydro Cream 250ml (Urea Line)","author":"Serge Sahakian","date":"avril 7, 2024","format":false,"excerpt":"Dry Skin Moisturizing Spray with 10% UREA & Humectants Capacity\u00a0150ml Active Ingredients:","rel":"","context":"Article similaire","block_context":{"text":"Article similaire","link":""},"img":{"alt_text":"PHARM FOOT HYDRO CREAM SPRAY","src":"https:\/\/i0.wp.com\/naillycosmetics.com\/wp-content\/uploads\/2026\/02\/pharm-foot-hydro-cream-spray-.webp?fit=750%2C1000&ssl=1&resize=350%2C200","width":350,"height":200,"srcset":"https:\/\/i0.wp.com\/naillycosmetics.com\/wp-content\/uploads\/2026\/02\/pharm-foot-hydro-cream-spray-.webp?fit=750%2C1000&ssl=1&resize=350%2C200 1x, https:\/\/i0.wp.com\/naillycosmetics.com\/wp-content\/uploads\/2026\/02\/pharm-foot-hydro-cream-spray-.webp?fit=750%2C1000&ssl=1&resize=525%2C300 1.5x, https:\/\/i0.wp.com\/naillycosmetics.com\/wp-content\/uploads\/2026\/02\/pharm-foot-hydro-cream-spray-.webp?fit=750%2C1000&ssl=1&resize=700%2C400 2x"},"classes":[]},{"id":10981,"url":"https:\/\/naillycosmetics.com\/fr\/produit\/hand-and-body-serum-for-dry-skin\/","url_meta":{"origin":23422,"position":4},"title":"Pharm Foot bioACTIVATOR 400ml (Ligne Colostrum)","author":"Serge Sahakian","date":"mars 9, 2023","format":false,"excerpt":"Pharm Foot bioACTIVATOR - REGENERATING SERUM FOR BODY AND HAND with colostrum and shea butter is nominated as the best Hand and Body Serum for Dry Skin. bioACTIVATOR soothes irritations and softens and brightens the epidermis. It also strengthens and visibly improves the condition of the skin. For Salon &\u2026","rel":"","context":"Article similaire","block_context":{"text":"Article similaire","link":""},"img":{"alt_text":"Pharm Foot Best Hand and Body Serum for dry Skin Colostrum BioActivator","src":"https:\/\/i0.wp.com\/naillycosmetics.com\/wp-content\/uploads\/2026\/02\/pharm-foot-best-hand-and-body-serum-for-dry-skin-colostrum-bioactivator-.webp?fit=750%2C1000&ssl=1&resize=350%2C200","width":350,"height":200,"srcset":"https:\/\/i0.wp.com\/naillycosmetics.com\/wp-content\/uploads\/2026\/02\/pharm-foot-best-hand-and-body-serum-for-dry-skin-colostrum-bioactivator-.webp?fit=750%2C1000&ssl=1&resize=350%2C200 1x, https:\/\/i0.wp.com\/naillycosmetics.com\/wp-content\/uploads\/2026\/02\/pharm-foot-best-hand-and-body-serum-for-dry-skin-colostrum-bioactivator-.webp?fit=750%2C1000&ssl=1&resize=525%2C300 1.5x, https:\/\/i0.wp.com\/naillycosmetics.com\/wp-content\/uploads\/2026\/02\/pharm-foot-best-hand-and-body-serum-for-dry-skin-colostrum-bioactivator-.webp?fit=750%2C1000&ssl=1&resize=700%2C400 2x"},"classes":[]},{"id":10995,"url":"https:\/\/naillycosmetics.com\/fr\/produit\/pharm-foot-cracked-heel-balm-75ml\/","url_meta":{"origin":23422,"position":5},"title":"Pharm Foot CRACKED HEEL PROTECTOR 75ml (Ozone Oil Line)","author":"Serge Sahakian","date":"mars 9, 2023","format":false,"excerpt":"Pharm Foot CRACKED HEEL PROTECTOR est vraiment la meilleure pommade pour r\u00e9parer les talons crevass\u00e9s. Gr\u00e2ce \u00e0 son puissant effet r\u00e9g\u00e9n\u00e9rant, CRACKED HEEL PROTECTOR soutient les processus de r\u00e9paration de la peau et cr\u00e9e une couche occlusive, emp\u00eachant la perte excessive d'eau. Il apaise, donne \u00e0 la peau \u00e9lasticit\u00e9, douceur et souplesse et assure une protection antimicrobienne....","rel":"","context":"Article similaire","block_context":{"text":"Article similaire","link":""},"img":{"alt_text":"Pharm Foot Best Cracked Heel Balm Ointment Cracked Heel Protector 75ml","src":"https:\/\/i0.wp.com\/naillycosmetics.com\/wp-content\/uploads\/2026\/02\/pharm-foot-best-cracked-heel-repair-ointment-cracked-heel-protector-75ml-.webp?fit=750%2C1000&ssl=1&resize=350%2C200","width":350,"height":200,"srcset":"https:\/\/i0.wp.com\/naillycosmetics.com\/wp-content\/uploads\/2026\/02\/pharm-foot-best-cracked-heel-repair-ointment-cracked-heel-protector-75ml-.webp?fit=750%2C1000&ssl=1&resize=350%2C200 1x, https:\/\/i0.wp.com\/naillycosmetics.com\/wp-content\/uploads\/2026\/02\/pharm-foot-best-cracked-heel-repair-ointment-cracked-heel-protector-75ml-.webp?fit=750%2C1000&ssl=1&resize=525%2C300 1.5x, https:\/\/i0.wp.com\/naillycosmetics.com\/wp-content\/uploads\/2026\/02\/pharm-foot-best-cracked-heel-repair-ointment-cracked-heel-protector-75ml-.webp?fit=750%2C1000&ssl=1&resize=700%2C400 2x"},"classes":[]}],"jetpack_sharing_enabled":true,"_links":{"self":[{"href":"https:\/\/naillycosmetics.com\/fr\/wp-json\/wp\/v2\/product\/23422","targetHints":{"allow":["GET"]}}],"collection":[{"href":"https:\/\/naillycosmetics.com\/fr\/wp-json\/wp\/v2\/product"}],"about":[{"href":"https:\/\/naillycosmetics.com\/fr\/wp-json\/wp\/v2\/types\/product"}],"replies":[{"embeddable":true,"href":"https:\/\/naillycosmetics.com\/fr\/wp-json\/wp\/v2\/comments?post=23422"}],"wp:featuredmedia":[{"embeddable":true,"href":"https:\/\/naillycosmetics.com\/fr\/wp-json\/wp\/v2\/media\/25301"}],"wp:attachment":[{"href":"https:\/\/naillycosmetics.com\/fr\/wp-json\/wp\/v2\/media?parent=23422"}],"wp:term":[{"taxonomy":"product_brand","embeddable":true,"href":"https:\/\/naillycosmetics.com\/fr\/wp-json\/wp\/v2\/product_brand?post=23422"},{"taxonomy":"product_cat","embeddable":true,"href":"https:\/\/naillycosmetics.com\/fr\/wp-json\/wp\/v2\/product_cat?post=23422"},{"taxonomy":"product_tag","embeddable":true,"href":"https:\/\/naillycosmetics.com\/fr\/wp-json\/wp\/v2\/product_tag?post=23422"}],"curies":[{"name":"wp","href":"https:\/\/api.w.org\/{rel}","templated":true}]}}