{"id":23412,"date":"2025-03-14T17:26:41","date_gmt":"2025-03-14T21:26:41","guid":{"rendered":"https:\/\/naillycosmetics.com\/product\/staleks-pro-orange-stick-for-manicure-wooden-150-mm-10-pcs\/"},"modified":"2026-03-04T20:11:00","modified_gmt":"2026-03-05T01:11:00","slug":"staleks-pro-orange-stick-for-manicure-wooden-150-mm-10-pcs","status":"publish","type":"product","link":"https:\/\/naillycosmetics.com\/fr\/produit\/staleks-pro-orange-stick-for-manicure-wooden-150-mm-10-pcs\/","title":{"rendered":"Staleks PRO B\u00e2ton orange pour manucure, en bois 150 mm (10 pcs)"},"content":{"rendered":"","protected":false},"excerpt":{"rendered":"<p>DOS-10\/10<\/p>","protected":false},"featured_media":25180,"comment_status":"open","ping_status":"closed","template":"","meta":{"jetpack_post_was_ever_published":false,"jetpack_publicize_message":"","jetpack_publicize_feature_enabled":true,"jetpack_social_post_already_shared":true,"jetpack_social_options":{"image_generator_settings":{"template":"highway","default_image_id":0,"font":"","enabled":false},"version":2}},"product_brand":[931],"product_cat":[362],"product_tag":[606],"class_list":{"0":"post-23412","1":"product","2":"type-product","3":"status-publish","4":"has-post-thumbnail","6":"product_brand-staleks","7":"product_cat-staleks-cuticle-pushers","8":"product_tag-cuticle-pushers","10":"first","11":"instock","12":"taxable","13":"shipping-taxable","14":"purchasable","15":"product-type-simple"},"jetpack_publicize_connections":[],"jetpack-related-posts":[{"id":28187,"url":"https:\/\/naillycosmetics.com\/fr\/produit\/staleks-pro-wooden-orange-sticks-100pcs-2\/","url_meta":{"origin":23412,"position":0},"title":"Staleks PRO B\u00e2tons en bois orange pour manucure (100 pcs)","author":"Serge Sahakian","date":"f\u00e9vrier 19, 2026","format":false,"excerpt":"Staleks PRO Wooden Orange Sticks - Poussoirs en bois jetables pour manucure. La marque d'outils de manucure et de p\u00e9dicure pr\u00e9f\u00e9r\u00e9e des podologues. Victoria VYNN s'est associ\u00e9e \u00e0 Staleks au Canada pour fournir un ensemble complet de produits professionnels afin de rendre le travail de la technicienne en ongles compl\u00e8tement id\u00e9al. Sp\u00e9cifications du produit :      ...","rel":"","context":"Article similaire","block_context":{"text":"Article similaire","link":""},"img":{"alt_text":"Staleks PRO Orange Wood Sticks DOS-10:100","src":"https:\/\/i0.wp.com\/naillycosmetics.com\/wp-content\/uploads\/2023\/06\/staleks-pro-orange-wood-sticks-dos-10100.webp?fit=750%2C1000&ssl=1&resize=350%2C200","width":350,"height":200,"srcset":"https:\/\/i0.wp.com\/naillycosmetics.com\/wp-content\/uploads\/2023\/06\/staleks-pro-orange-wood-sticks-dos-10100.webp?fit=750%2C1000&ssl=1&resize=350%2C200 1x, https:\/\/i0.wp.com\/naillycosmetics.com\/wp-content\/uploads\/2023\/06\/staleks-pro-orange-wood-sticks-dos-10100.webp?fit=750%2C1000&ssl=1&resize=525%2C300 1.5x, https:\/\/i0.wp.com\/naillycosmetics.com\/wp-content\/uploads\/2023\/06\/staleks-pro-orange-wood-sticks-dos-10100.webp?fit=750%2C1000&ssl=1&resize=700%2C400 2x"},"classes":[]},{"id":18026,"url":"https:\/\/naillycosmetics.com\/fr\/produit\/staleks-pro-wooden-wax-applicator-stick-expert-150x17-mm-100-pcs\/","url_meta":{"origin":23412,"position":1},"title":"Staleks PRO B\u00e2ton applicateur de cire en bois EXPERT 150\u00d717 mm (100 pcs)","author":"Serge Sahakian","date":"mai 29, 2024","format":false,"excerpt":"DSW-10","rel":"","context":"Article similaire","block_context":{"text":"Article similaire","link":""},"img":{"alt_text":"","src":"https:\/\/i0.wp.com\/naillycosmetics.com\/wp-content\/uploads\/2026\/02\/shpatel-dlya-depilyaczii-dsw-10-800x800-1.jpg?fit=800%2C800&ssl=1&resize=350%2C200","width":350,"height":200,"srcset":"https:\/\/i0.wp.com\/naillycosmetics.com\/wp-content\/uploads\/2026\/02\/shpatel-dlya-depilyaczii-dsw-10-800x800-1.jpg?fit=800%2C800&ssl=1&resize=350%2C200 1x, https:\/\/i0.wp.com\/naillycosmetics.com\/wp-content\/uploads\/2026\/02\/shpatel-dlya-depilyaczii-dsw-10-800x800-1.jpg?fit=800%2C800&ssl=1&resize=525%2C300 1.5x, https:\/\/i0.wp.com\/naillycosmetics.com\/wp-content\/uploads\/2026\/02\/shpatel-dlya-depilyaczii-dsw-10-800x800-1.jpg?fit=800%2C800&ssl=1&resize=700%2C400 2x"},"classes":[]},{"id":28387,"url":"https:\/\/naillycosmetics.com\/fr\/produit\/staleks-orange-stick-expert-wooden-75-mm-100-pcs\/","url_meta":{"origin":23412,"position":2},"title":"Staleks B\u00e2ton orange EXPERT en bois 75 mm (100 pcs)","author":"Serge Sahakian","date":"mars 4, 2026","format":false,"excerpt":"DOS-20\/100","rel":"","context":"Article similaire","block_context":{"text":"Article similaire","link":""},"img":{"alt_text":"","src":"https:\/\/i0.wp.com\/naillycosmetics.com\/wp-content\/uploads\/2026\/03\/cfa530527a39735f23611480255e8225.jpg?fit=1200%2C1200&ssl=1&resize=350%2C200","width":350,"height":200,"srcset":"https:\/\/i0.wp.com\/naillycosmetics.com\/wp-content\/uploads\/2026\/03\/cfa530527a39735f23611480255e8225.jpg?fit=1200%2C1200&ssl=1&resize=350%2C200 1x, https:\/\/i0.wp.com\/naillycosmetics.com\/wp-content\/uploads\/2026\/03\/cfa530527a39735f23611480255e8225.jpg?fit=1200%2C1200&ssl=1&resize=525%2C300 1.5x, https:\/\/i0.wp.com\/naillycosmetics.com\/wp-content\/uploads\/2026\/03\/cfa530527a39735f23611480255e8225.jpg?fit=1200%2C1200&ssl=1&resize=700%2C400 2x, https:\/\/i0.wp.com\/naillycosmetics.com\/wp-content\/uploads\/2026\/03\/cfa530527a39735f23611480255e8225.jpg?fit=1200%2C1200&ssl=1&resize=1050%2C600 3x"},"classes":[]},{"id":18024,"url":"https:\/\/naillycosmetics.com\/fr\/produit\/staleks-pro-wooden-wax-applicator-stick-expert-114x10-mm-100-pcs\/","url_meta":{"origin":23412,"position":3},"title":"Staleks PRO B\u00e2ton applicateur de cire en bois EXPERT 114\u00d710 mm (100 pcs)","author":"Serge Sahakian","date":"mai 29, 2024","format":false,"excerpt":"DSW-30","rel":"","context":"Article similaire","block_context":{"text":"Article similaire","link":""},"img":{"alt_text":"","src":"https:\/\/i0.wp.com\/naillycosmetics.com\/wp-content\/uploads\/2026\/02\/dsw-30-fon-osnovnaya-800x800-1.jpg?fit=800%2C800&ssl=1&resize=350%2C200","width":350,"height":200,"srcset":"https:\/\/i0.wp.com\/naillycosmetics.com\/wp-content\/uploads\/2026\/02\/dsw-30-fon-osnovnaya-800x800-1.jpg?fit=800%2C800&ssl=1&resize=350%2C200 1x, https:\/\/i0.wp.com\/naillycosmetics.com\/wp-content\/uploads\/2026\/02\/dsw-30-fon-osnovnaya-800x800-1.jpg?fit=800%2C800&ssl=1&resize=525%2C300 1.5x, https:\/\/i0.wp.com\/naillycosmetics.com\/wp-content\/uploads\/2026\/02\/dsw-30-fon-osnovnaya-800x800-1.jpg?fit=800%2C800&ssl=1&resize=700%2C400 2x"},"classes":[]},{"id":19040,"url":"https:\/\/naillycosmetics.com\/fr\/?attachment_id=19040","url_meta":{"origin":23412,"position":4},"title":"Article sans titre","author":"Serge Sahakian","date":"septembre 25, 2024","format":false,"excerpt":"","rel":"","context":"Article similaire","block_context":{"text":"Article similaire","link":""},"img":{"alt_text":"","src":"https:\/\/i0.wp.com\/naillycosmetics.com\/wp-content\/uploads\/2024\/09\/8_pack_i_am_woman_1200.jpg?fit=1200%2C1200&ssl=1&resize=350%2C200","width":350,"height":200,"srcset":"https:\/\/i0.wp.com\/naillycosmetics.com\/wp-content\/uploads\/2024\/09\/8_pack_i_am_woman_1200.jpg?fit=1200%2C1200&ssl=1&resize=350%2C200 1x, https:\/\/i0.wp.com\/naillycosmetics.com\/wp-content\/uploads\/2024\/09\/8_pack_i_am_woman_1200.jpg?fit=1200%2C1200&ssl=1&resize=525%2C300 1.5x, https:\/\/i0.wp.com\/naillycosmetics.com\/wp-content\/uploads\/2024\/09\/8_pack_i_am_woman_1200.jpg?fit=1200%2C1200&ssl=1&resize=700%2C400 2x, https:\/\/i0.wp.com\/naillycosmetics.com\/wp-content\/uploads\/2024\/09\/8_pack_i_am_woman_1200.jpg?fit=1200%2C1200&ssl=1&resize=1050%2C600 3x"},"classes":[]}],"jetpack_sharing_enabled":true,"_links":{"self":[{"href":"https:\/\/naillycosmetics.com\/fr\/wp-json\/wp\/v2\/product\/23412","targetHints":{"allow":["GET"]}}],"collection":[{"href":"https:\/\/naillycosmetics.com\/fr\/wp-json\/wp\/v2\/product"}],"about":[{"href":"https:\/\/naillycosmetics.com\/fr\/wp-json\/wp\/v2\/types\/product"}],"replies":[{"embeddable":true,"href":"https:\/\/naillycosmetics.com\/fr\/wp-json\/wp\/v2\/comments?post=23412"}],"wp:featuredmedia":[{"embeddable":true,"href":"https:\/\/naillycosmetics.com\/fr\/wp-json\/wp\/v2\/media\/25180"}],"wp:attachment":[{"href":"https:\/\/naillycosmetics.com\/fr\/wp-json\/wp\/v2\/media?parent=23412"}],"wp:term":[{"taxonomy":"product_brand","embeddable":true,"href":"https:\/\/naillycosmetics.com\/fr\/wp-json\/wp\/v2\/product_brand?post=23412"},{"taxonomy":"product_cat","embeddable":true,"href":"https:\/\/naillycosmetics.com\/fr\/wp-json\/wp\/v2\/product_cat?post=23412"},{"taxonomy":"product_tag","embeddable":true,"href":"https:\/\/naillycosmetics.com\/fr\/wp-json\/wp\/v2\/product_tag?post=23412"}],"curies":[{"name":"wp","href":"https:\/\/api.w.org\/{rel}","templated":true}]}}